{"id":5722,"date":"2026-02-26T14:08:45","date_gmt":"2026-02-26T06:08:45","guid":{"rendered":"https:\/\/minghanggroup.com\/?post_type=product&#038;p=5722"},"modified":"2026-03-02T15:46:51","modified_gmt":"2026-03-02T07:46:51","slug":"clear-glass-medical-vials-for-pharmaceutical-use-bulk","status":"publish","type":"product","link":"https:\/\/minghanggroup.com\/pt\/produto\/clear-glass-medical-vials-for-pharmaceutical-use-bulk\/","title":{"rendered":"Frascos de vidro transparente para uso farmac\u00eautico, de 2 ml a 30 ml, em grandes quantidades."},"content":{"rendered":"<p>Seu medicamento \u00e9 acondicionado com precis\u00e3o em nossos frascos farmac\u00eauticos. Os frascos de vidro para uso m\u00e9dico s\u00e3o produzidos com o melhor vidro borossilicato, transparente para visualiza\u00e7\u00e3o de l\u00edquidos delicados e \u00e2mbar para bloquear raios UV (quando necess\u00e1rio). Embalagem farmac\u00eautica que n\u00e3o atrapalha. Tamanho do frasco? De 2 ml a 30 ml (doses de comprimidos do tamanho de um dram). Tampa? Selos de alum\u00ednio seguros. O medicamento permanece protegido entre o laborat\u00f3rio e o paciente.<\/p>\n<h2>Caracter\u00edsticas do produto<\/h2>\n<ol>\n<li><strong>Clareza cristalina para precis\u00e3o:<\/strong> Os medicamentos em frascos de vidro transparente s\u00e3o visualizados. N\u00e3o \u00e9 maravilhoso n\u00e3o precisar mais adivinhar? Chega de erros.<\/li>\n<li><strong>Resist\u00eancia do borosilicato:<\/strong> O vidro resistente ao calor mant\u00e9m sua resist\u00eancia e \u00e9 adequado para autoclavagem. Feche bem os frascos de medicamentos \u2014 n\u00e3o haver\u00e1 rachaduras nem vazamentos.<\/li>\n<li><strong>Ajuste perfeito para cada dose:<\/strong> 2 ml para frascos de comprimidos pequenos (doses m\u00ednimas), 30 ml para fornecimento de vacinas. A gama de tamanhos satisfaz as suas necessidades m\u00e9dicas.<\/li>\n<\/ol>\n<h2>Especifica\u00e7\u00f5es principais<\/h2>\n<table style=\"border-collapse: collapse; width: 80%; margin-left: auto; margin-right: auto;\" border=\"0\" width=\"360\" cellspacing=\"0\" cellpadding=\"0\">\n<tbody>\n<tr style=\"height: 13.50pt;\">\n<td style=\"height: 13.5pt; width: 54pt; text-align: center;\" width=\"72\" height=\"18\">Capacidade (ml)<\/td>\n<td style=\"width: 54pt; text-align: center;\" width=\"72\">Dimens\u00f5es (cm)<\/td>\n<td style=\"width: 54pt; text-align: center;\" width=\"72\">Di\u00e2metros interno e externo<\/td>\n<td style=\"width: 54pt; text-align: center;\" width=\"72\">Cor<\/td>\n<td style=\"width: 54pt; text-align: center;\" width=\"72\">Material<\/td>\n<\/tr>\n<tr style=\"height: 13.50pt;\">\n<td style=\"height: 13.5pt; text-align: center;\" align=\"right\" height=\"18\">2<\/td>\n<td style=\"text-align: center;\">1,58 \u00d7 3,5<\/td>\n<td class=\"et2\" style=\"text-align: center;\" rowspan=\"9\">12,6 \/ 20 mm<\/td>\n<td class=\"et2\" style=\"text-align: center;\" rowspan=\"9\">Claro<\/td>\n<td class=\"et2\" style=\"text-align: center;\" rowspan=\"9\">Vidro borossilicato<\/td>\n<\/tr>\n<tr style=\"height: 13.50pt;\">\n<td style=\"height: 13.5pt; text-align: center;\" align=\"right\" height=\"18\">7<\/td>\n<td style=\"text-align: center;\">2,20 \u00d7 3,97<\/td>\n<\/tr>\n<tr style=\"height: 13.50pt;\">\n<td style=\"height: 13.5pt; text-align: center;\" align=\"right\" height=\"18\">8<\/td>\n<td style=\"text-align: center;\">2,20 \u00d7 4,50<\/td>\n<\/tr>\n<tr style=\"height: 13.50pt;\">\n<td style=\"height: 13.5pt; text-align: center;\" align=\"right\" height=\"18\">10<\/td>\n<td style=\"text-align: center;\">2,40 \u00d7 4,50<\/td>\n<\/tr>\n<tr style=\"height: 13.50pt;\">\n<td style=\"height: 13.5pt; text-align: center;\" align=\"right\" height=\"18\">12<\/td>\n<td style=\"text-align: center;\">2,40 \u00d7 5,30<\/td>\n<\/tr>\n<tr style=\"height: 13.50pt;\">\n<td style=\"height: 13.5pt; text-align: center;\" align=\"right\" height=\"18\">15<\/td>\n<td style=\"text-align: center;\">2,65 \u00d7 5,20<\/td>\n<\/tr>\n<tr style=\"height: 13.50pt;\">\n<td style=\"height: 13.5pt; text-align: center;\" align=\"right\" height=\"18\">20<\/td>\n<td style=\"text-align: center;\">2,76 \u00d7 5,80<\/td>\n<\/tr>\n<tr style=\"height: 13.50pt;\">\n<td style=\"height: 13.5pt; text-align: center;\" align=\"right\" height=\"18\">25<\/td>\n<td style=\"text-align: center;\">2,95 \u00d7 6,00<\/td>\n<\/tr>\n<tr style=\"height: 13.50pt;\">\n<td style=\"height: 13.5pt; text-align: center;\" align=\"right\" height=\"18\">30<\/td>\n<td style=\"text-align: center;\">3,00 \u00d7 6,50<\/td>\n<\/tr>\n<\/tbody>\n<\/table>\n<h2>Caso de sucesso<\/h2>\n<p>Uma empresa farmac\u00eautica de injet\u00e1veis \u200b\u200bem r\u00e1pido crescimento selecionou nossos frascos de vidro transparente de 7 ml para sua nova linha de frascos est\u00e9reis para injet\u00e1veis. Esses frascos possuem gargalos largos e lisos que facilitam a fixa\u00e7\u00e3o segura da rolha de borracha, garantindo uma veda\u00e7\u00e3o perfeita. A empresa tamb\u00e9m personalizou os r\u00f3tulos dos produtos, destacando suas principais caracter\u00edsticas. A rolha de borracha previne vazamentos com efic\u00e1cia.<\/p>\n<p>Ap\u00f3s a ado\u00e7\u00e3o desses frascos personalizados, a empresa observou uma melhoria de 30% na efici\u00eancia do processamento de pedidos e uma redu\u00e7\u00e3o significativa nas reclama\u00e7\u00f5es devido a quebras ou outros motivos.<\/p>\n<h2>Dicas de personaliza\u00e7\u00e3o para voc\u00ea<\/h2>\n<ol>\n<li><strong>Volume e tamanho configur\u00e1veis:<\/strong> Ofere\u00e7a diferentes tamanhos de produtos farmac\u00eauticos, como frascos pequenos contendo medicamentos concentrados ou frascos maiores contendo medicamentos multidose.<\/li>\n<li><strong>Etiqueta que economiza tempo:<\/strong> Adicione r\u00f3tulos de dosagem f\u00e1ceis de entender, que sejam f\u00e1ceis de interpretar pela farm\u00e1cia. Op\u00e7\u00f5es de tamanho personalizado para embalagens farmac\u00eauticas.<\/li>\n<li><strong>Efici\u00eancia em massa:<\/strong> Compre frascos farmac\u00eauticos em grandes quantidades e receba descontos por volume, amostras gr\u00e1tis e atendimento personalizado.<\/li>\n<\/ol>","protected":false},"excerpt":{"rendered":"<p>Nossos frascos para uso m\u00e9dico s\u00e3o ideais para o armazenamento seguro de l\u00edquidos ou p\u00f3s. Disponibilizamos frascos farmac\u00eauticos a granel, direto da f\u00e1brica, com amostras gr\u00e1tis e op\u00e7\u00f5es de personaliza\u00e7\u00e3o.<\/p>","protected":false},"featured_media":5730,"template":"","meta":{"postBodyCss":"","postBodyMargin":[],"postBodyPadding":[],"postBodyBackground":{"backgroundType":"classic","gradient":""}},"product_brand":[],"product_cat":[15,86,16],"product_tag":[101],"class_list":{"0":"post-5722","1":"product","2":"type-product","3":"status-publish","4":"has-post-thumbnail","6":"product_cat-glass-containers","7":"product_cat-glass-medicine-bottles","8":"product_cat-glass-bottles","9":"product_tag-sterile-vials","11":"first","12":"instock","13":"shipping-taxable","14":"product-type-simple"},"jetpack_sharing_enabled":true,"_links":{"self":[{"href":"https:\/\/minghanggroup.com\/pt\/wp-json\/wp\/v2\/product\/5722","targetHints":{"allow":["GET"]}}],"collection":[{"href":"https:\/\/minghanggroup.com\/pt\/wp-json\/wp\/v2\/product"}],"about":[{"href":"https:\/\/minghanggroup.com\/pt\/wp-json\/wp\/v2\/types\/product"}],"wp:featuredmedia":[{"embeddable":true,"href":"https:\/\/minghanggroup.com\/pt\/wp-json\/wp\/v2\/media\/5730"}],"wp:attachment":[{"href":"https:\/\/minghanggroup.com\/pt\/wp-json\/wp\/v2\/media?parent=5722"}],"wp:term":[{"taxonomy":"product_brand","embeddable":true,"href":"https:\/\/minghanggroup.com\/pt\/wp-json\/wp\/v2\/product_brand?post=5722"},{"taxonomy":"product_cat","embeddable":true,"href":"https:\/\/minghanggroup.com\/pt\/wp-json\/wp\/v2\/product_cat?post=5722"},{"taxonomy":"product_tag","embeddable":true,"href":"https:\/\/minghanggroup.com\/pt\/wp-json\/wp\/v2\/product_tag?post=5722"}],"curies":[{"name":"wp","href":"https:\/\/api.w.org\/{rel}","templated":true}]}}