{"id":5720,"date":"2026-02-26T13:18:36","date_gmt":"2026-02-26T05:18:36","guid":{"rendered":"https:\/\/minghanggroup.com\/?post_type=product&#038;p=5720"},"modified":"2026-03-02T15:48:11","modified_gmt":"2026-03-02T07:48:11","slug":"clear-glass-syrup-bottles-for-oral-liquid-bulk","status":"publish","type":"product","link":"https:\/\/minghanggroup.com\/pt\/produto\/clear-glass-syrup-bottles-for-oral-liquid-bulk\/","title":{"rendered":"Frascos de vidro transparente para xarope l\u00edquido oral, de 30 ml a 500 ml (a granel)."},"content":{"rendered":"<p>Essas garrafas de vidro para xarope t\u00eam formato oval, superf\u00edcie lisa e arredondada, com um gargalo estreito rosqueado para evitar derramamentos e manter o conte\u00fado do xarope, medicamentos ou qualquer outra prepara\u00e7\u00e3o l\u00edquida fresco.<\/p>\n<h2>Caracter\u00edsticas do produto<\/h2>\n<ul>\n<li><strong>Transpar\u00eancia de grau farmac\u00eautico:<\/strong> O vidro transparente de alta qualidade torna o produto transparente e de alta qualidade.<\/li>\n<li><strong>Gargalo de despejo preciso:<\/strong> O gargalo rosqueado \u00e9 estreito, o que proporciona controle para um despejo preciso e facilidade no fechamento.<\/li>\n<li><strong>Capacidade total:<\/strong> Sete tamanhos diferentes, de 30ml a 500ml, para atender a praticamente todas as necessidades de embalagem de l\u00edquidos.<\/li>\n<\/ul>\n<h2 style=\"text-align: left;\">Especifica\u00e7\u00f5es principais<\/h2>\n<table class=\"aligncenter\" style=\"border-collapse: collapse; width: 391.52pt;\" border=\"0\" width=\"522\" cellspacing=\"0\" cellpadding=\"0\">\n<tbody>\n<tr style=\"height: 13.50pt;\">\n<td style=\"height: 13.50pt; width: 115.50pt;\" width=\"154\" height=\"18\">Especifica\u00e7\u00e3o<\/td>\n<td style=\"width: 276.00pt;\" width=\"368\">Detalhes<\/td>\n<\/tr>\n<tr style=\"height: 13.50pt;\">\n<td style=\"height: 13.50pt;\" height=\"18\">Capacidade<\/td>\n<td>30ml, 60ml, 90ml, 125ml, 150ml, 200ml, 500ml<\/td>\n<\/tr>\n<tr style=\"height: 13.50pt;\">\n<td style=\"height: 13.50pt;\" height=\"18\">Dimens\u00f5es<\/td>\n<td>3,5\u00d76,7cm a 7,6\u00d717,7cm (Di\u00e2metro \u00d7 Altura)<\/td>\n<\/tr>\n<tr style=\"height: 13.50pt;\">\n<td style=\"height: 13.50pt;\" height=\"18\">Material<\/td>\n<td>Vidro transparente de grau farmac\u00eautico<\/td>\n<\/tr>\n<tr style=\"height: 13.50pt;\">\n<td style=\"height: 13.50pt;\" height=\"18\">Formato de garrafa<\/td>\n<td>Cilindro liso com gargalo estreito e roscado<\/td>\n<\/tr>\n<tr style=\"height: 13.50pt;\">\n<td style=\"height: 13.50pt;\" height=\"18\">Escopo de personaliza\u00e7\u00e3o<\/td>\n<td>Cor, tamanho, serigrafia, tampas<\/td>\n<\/tr>\n<tr style=\"height: 13.50pt;\">\n<td style=\"height: 13.50pt;\" height=\"18\">Artesanato<\/td>\n<td>Sopro de vidro de precis\u00e3o para uniformidade<\/td>\n<\/tr>\n<tr style=\"height: 13.50pt;\">\n<td style=\"height: 13.50pt;\" height=\"18\">Finalidade do produto<\/td>\n<td>Frascos de vidro para xarope, frascos para l\u00edquidos orais<\/td>\n<\/tr>\n<tr style=\"height: 13.50pt;\">\n<td style=\"height: 13.50pt;\" height=\"18\">Ind\u00fastrias adequadas<\/td>\n<td>Empresas farmac\u00eauticas, marcas de nutrac\u00eauticos<\/td>\n<\/tr>\n<\/tbody>\n<\/table>\n<h2>Hist\u00f3ria de sucesso<\/h2>\n<p>Uma das principais empresas nacionais de suplementos fitoter\u00e1picos lan\u00e7ou uma linha de xaropes de sabugueiro e outras ervas. Eles escolheram nossos frascos de vidro de 125 ml e personalizaram o corpo do frasco \u00e2mbar com instru\u00e7\u00f5es de dosagem impressas em serigrafia. O vidro \u00e2mbar \u00e9 transparente e de alta qualidade, protegendo os ingredientes sens\u00edveis da exposi\u00e7\u00e3o \u00e0 luz e aumentando a vida \u00fatil do produto em 30%. Devido \u00e0 \u00f3tima aceita\u00e7\u00e3o do mercado, a empresa encomendou mais 2,5 milh\u00f5es de frascos para atender \u00e0s suas necessidades de distribui\u00e7\u00e3o nos canais de varejo e online nos pr\u00f3ximos dois anos.<\/p>\n<h2>Personaliza\u00e7\u00e3o de garrafas de vidro para xarope<\/h2>\n<ul>\n<li>Cor do vidro: Prote\u00e7\u00e3o UV: o vidro est\u00e1 dispon\u00edvel em transparente, \u00e2mbar, azul cobalto e cores personalizadas; Personaliza\u00e7\u00e3o: O vidro pode ser personalizado em qualquer cor.<\/li>\n<li>Marca\u00e7\u00e3o de capacidade em relevo: Posicione marcas de capacidade em relevo, que permitam sentir o volume (por exemplo, \u201c125 ml\u201d), no ombro da garrafa.<\/li>\n<li>Rosca personalizada para gargalo de garrafa: Altere o formato da rosca para acomodar tampas dispensadoras espec\u00edficas ou tampas de seguran\u00e7a para crian\u00e7as.<\/li>\n<\/ul>","protected":false},"excerpt":{"rendered":"<p>Frascos de vidro resistentes para xarope, com tampa de rosca, dispon\u00edveis em v\u00e1rios tamanhos para embalagens de medicamentos, xaropes e cosm\u00e9ticos. Solicite suas amostras gr\u00e1tis.<\/p>","protected":false},"featured_media":5737,"template":"","meta":{"postBodyCss":"","postBodyMargin":[],"postBodyPadding":[],"postBodyBackground":{"backgroundType":"classic","gradient":""}},"product_brand":[],"product_cat":[15,86,16],"product_tag":[88,102],"class_list":{"0":"post-5720","1":"product","2":"type-product","3":"status-publish","4":"has-post-thumbnail","6":"product_cat-glass-containers","7":"product_cat-glass-medicine-bottles","8":"product_cat-glass-bottles","9":"product_tag-medicine-syrup-bottles","10":"product_tag-pharmaceutical-syrup-bottles","12":"first","13":"instock","14":"shipping-taxable","15":"product-type-simple"},"jetpack_sharing_enabled":true,"_links":{"self":[{"href":"https:\/\/minghanggroup.com\/pt\/wp-json\/wp\/v2\/product\/5720","targetHints":{"allow":["GET"]}}],"collection":[{"href":"https:\/\/minghanggroup.com\/pt\/wp-json\/wp\/v2\/product"}],"about":[{"href":"https:\/\/minghanggroup.com\/pt\/wp-json\/wp\/v2\/types\/product"}],"wp:featuredmedia":[{"embeddable":true,"href":"https:\/\/minghanggroup.com\/pt\/wp-json\/wp\/v2\/media\/5737"}],"wp:attachment":[{"href":"https:\/\/minghanggroup.com\/pt\/wp-json\/wp\/v2\/media?parent=5720"}],"wp:term":[{"taxonomy":"product_brand","embeddable":true,"href":"https:\/\/minghanggroup.com\/pt\/wp-json\/wp\/v2\/product_brand?post=5720"},{"taxonomy":"product_cat","embeddable":true,"href":"https:\/\/minghanggroup.com\/pt\/wp-json\/wp\/v2\/product_cat?post=5720"},{"taxonomy":"product_tag","embeddable":true,"href":"https:\/\/minghanggroup.com\/pt\/wp-json\/wp\/v2\/product_tag?post=5720"}],"curies":[{"name":"wp","href":"https:\/\/api.w.org\/{rel}","templated":true}]}}