{"id":5710,"date":"2026-02-26T13:17:31","date_gmt":"2026-02-26T05:17:31","guid":{"rendered":"https:\/\/minghanggroup.com\/?post_type=product&#038;p=5710"},"modified":"2026-03-02T15:45:54","modified_gmt":"2026-03-02T07:45:54","slug":"sterile-glass-medication-vials-for-packaging-bulk","status":"publish","type":"product","link":"https:\/\/minghanggroup.com\/pt\/produto\/sterile-glass-medication-vials-for-packaging-bulk\/","title":{"rendered":"Frascos de vidro est\u00e9reis para medicamentos, de 7 ml a 100 ml, para embalagem a granel."},"content":{"rendered":"<p>Nossos frascos para medicamentos s\u00e3o projetados com precis\u00e3o. Frascos de vidro \u00e2mbar e transparente protegem f\u00f3rmulas sens\u00edveis contra danos causados \u200b\u200bpela luz. A embalagem farmac\u00eautica de vidro que voc\u00ea procura est\u00e1 aqui: solu\u00e7\u00f5es em frascos para medicamentos que atendem a todas as necessidades de envase de medicamentos. Tamanho do frasco? Temos de 7 ml a 100 ml. Cor? \u00c2mbar para prote\u00e7\u00e3o contra a luz, transparente para visibilidade. Tampa? Selos de alum\u00ednio seguros. Seu medicamento permanece seguro da f\u00e1brica ao paciente.<\/p>\n<h2>Caracter\u00edsticas do produto<\/h2>\n<ul>\n<li><strong>Vidro \u00e2mbar leve e protetor:<\/strong> Frascos de vidro \u00e2mbar bloqueiam os raios UV, uma das principais causas da deteriora\u00e7\u00e3o de medicamentos. As op\u00e7\u00f5es transparentes permitem visualizar o conte\u00fado com clareza. Ambas ajudam a manter os medicamentos seguros e eficazes.<\/li>\n<li><strong>Ajuste preciso para cada dose:<\/strong> Seja um pequeno frasco para comprimidos (7 ml) ou um frasco para l\u00edquidos com capacidade de 100 ml, nossa variedade de tamanhos atender\u00e1 perfeitamente \u00e0s suas necessidades. Chega de adivinha\u00e7\u00f5es.<\/li>\n<li><strong>Lacre que permanece fechado:<\/strong> Tampa padr\u00e3o com lacre de seguran\u00e7a inviol\u00e1vel. Fechamento firme de frascos de medicamentos, sem derramamentos ou vazamentos.<\/li>\n<\/ul>\n<h2>Especifica\u00e7\u00f5es principais<\/h2>\n<table style=\"border-collapse: collapse; width: 80%; margin-left: auto; margin-right: auto;\" border=\"0\" width=\"360\" cellspacing=\"0\" cellpadding=\"0\">\n<tbody>\n<tr style=\"height: 13.50pt;\">\n<td style=\"height: 13.5pt; width: 54pt; text-align: center;\" width=\"72\" height=\"18\">Capacidade (ml)<\/td>\n<td style=\"width: 54pt; text-align: center;\" width=\"72\">Dimens\u00f5es (cm)<\/td>\n<td style=\"width: 54pt; text-align: center;\" width=\"72\">Di\u00e2metros interno e externo<\/td>\n<td style=\"width: 54pt; text-align: center;\" width=\"72\">Cor<\/td>\n<td style=\"width: 54pt; text-align: center;\" width=\"72\">Material<\/td>\n<\/tr>\n<tr style=\"height: 13.50pt;\">\n<td style=\"height: 13.5pt; text-align: center;\" align=\"right\" height=\"18\">7<\/td>\n<td style=\"text-align: center;\">2,21 \u00d7 4,08<\/td>\n<td class=\"et2\" style=\"text-align: center;\" rowspan=\"8\">12,6 \/ 20 mm<\/td>\n<td class=\"et2\" style=\"text-align: center;\" rowspan=\"8\">\u00c2mbar\/Transparente<\/td>\n<td class=\"et2\" style=\"text-align: center;\" rowspan=\"8\">Vidro de s\u00f3dio e c\u00e1lcio<\/td>\n<\/tr>\n<tr style=\"height: 13.50pt;\">\n<td style=\"height: 13.5pt; text-align: center;\" align=\"right\" height=\"18\">8<\/td>\n<td style=\"text-align: center;\">2,30 \u00d7 4,68<\/td>\n<\/tr>\n<tr style=\"height: 13.50pt;\">\n<td style=\"height: 13.5pt; text-align: center;\" align=\"right\" height=\"18\">10<\/td>\n<td style=\"text-align: center;\">2,54 \u00d7 5,35<\/td>\n<\/tr>\n<tr style=\"height: 13.50pt;\">\n<td style=\"height: 13.5pt; text-align: center;\" align=\"right\" height=\"18\">15<\/td>\n<td style=\"text-align: center;\">2,65 \u00d7 5,88<\/td>\n<\/tr>\n<tr style=\"height: 13.50pt;\">\n<td style=\"height: 13.5pt; text-align: center;\" align=\"right\" height=\"18\">20<\/td>\n<td style=\"text-align: center;\">3,2 \u00d7 5,8<\/td>\n<\/tr>\n<tr style=\"height: 13.50pt;\">\n<td style=\"height: 13.5pt; text-align: center;\" align=\"right\" height=\"18\">30<\/td>\n<td style=\"text-align: center;\">3,60 \u00d7 6,28<\/td>\n<\/tr>\n<tr style=\"height: 13.50pt;\">\n<td style=\"height: 13.5pt; text-align: center;\" align=\"right\" height=\"18\">50<\/td>\n<td style=\"text-align: center;\">4,25 \u00d7 7,3<\/td>\n<\/tr>\n<tr style=\"height: 13.50pt;\">\n<td style=\"height: 13.5pt; text-align: center;\" align=\"right\" height=\"18\">100<\/td>\n<td style=\"text-align: center;\">5,16 \u00d7 9,45<\/td>\n<\/tr>\n<\/tbody>\n<\/table>\n<h2>Caso de sucesso<\/h2>\n<p>Uma das empresas de biotecnologia que trabalha com produtos pept\u00eddicos injet\u00e1veis \u200b\u200bdecidiu usar nossos frascos de vidro para medicamentos em sua nova formula\u00e7\u00e3o liofilizada, destinada \u00e0 exporta\u00e7\u00e3o para o Sudeste Asi\u00e1tico. A empresa tamb\u00e9m optou por utilizar uma base de frasco mais espessa para aumentar a toler\u00e2ncia durante o processo de liofiliza\u00e7\u00e3o. O cliente tamb\u00e9m solicitou que os n\u00fameros de lote fossem gravados a laser na base dos frascos.<\/p>\n<p>Desde que passamos a utilizar frascos de vidro para medicamentos, a empresa registrou uma redu\u00e7\u00e3o de 41% na taxa de refugo da produ\u00e7\u00e3o e, nos dois primeiros trimestres, o volume total de remessas anuais aumentou 28%, como resultado da maior confiabilidade das embalagens e da aprova\u00e7\u00e3o regulat\u00f3ria mais \u00e1gil.<\/p>\n<h2>Dicas de personaliza\u00e7\u00e3o para voc\u00ea<\/h2>\n<ol>\n<li><strong>R\u00f3tulo que se destaca:<\/strong> Coloque etiquetas de farm\u00e1cia com instru\u00e7\u00f5es de dosagem nas embalagens. Frascos de comprimidos personalizados e com tamanhos sob medida est\u00e3o dispon\u00edveis.<\/li>\n<li><strong>Esquema de cores:<\/strong> Use frascos \u00e2mbar para medicamentos com receita que contenham subst\u00e2ncias leves e sens\u00edveis. Use frascos transparentes para medicamentos l\u00edquidos, nos quais a visualiza\u00e7\u00e3o do medicamento seja importante.<\/li>\n<li><strong>Economias em compras por atacado:<\/strong> Adquira frascos de medicamentos em grandes quantidades a pre\u00e7os de atacado, com descontos progressivos, amostras gr\u00e1tis e suporte dedicado. Ideal para embalagens farmac\u00eauticas.<\/li>\n<\/ol>","protected":false},"excerpt":{"rendered":"<p>Frascos de vidro de alta qualidade para medicamentos, em diversos tamanhos. Fornecimento direto da f\u00e1brica, com personaliza\u00e7\u00e3o em grande quantidade e envio r\u00e1pido para uso farmac\u00eautico.<\/p>","protected":false},"featured_media":5715,"template":"","meta":{"postBodyCss":"","postBodyMargin":[],"postBodyPadding":[],"postBodyBackground":{"backgroundType":"classic","gradient":""}},"product_brand":[],"product_cat":[15,86,16],"product_tag":[101],"class_list":{"0":"post-5710","1":"product","2":"type-product","3":"status-publish","4":"has-post-thumbnail","6":"product_cat-glass-containers","7":"product_cat-glass-medicine-bottles","8":"product_cat-glass-bottles","9":"product_tag-sterile-vials","11":"first","12":"instock","13":"shipping-taxable","14":"product-type-simple"},"jetpack_sharing_enabled":true,"_links":{"self":[{"href":"https:\/\/minghanggroup.com\/pt\/wp-json\/wp\/v2\/product\/5710","targetHints":{"allow":["GET"]}}],"collection":[{"href":"https:\/\/minghanggroup.com\/pt\/wp-json\/wp\/v2\/product"}],"about":[{"href":"https:\/\/minghanggroup.com\/pt\/wp-json\/wp\/v2\/types\/product"}],"wp:featuredmedia":[{"embeddable":true,"href":"https:\/\/minghanggroup.com\/pt\/wp-json\/wp\/v2\/media\/5715"}],"wp:attachment":[{"href":"https:\/\/minghanggroup.com\/pt\/wp-json\/wp\/v2\/media?parent=5710"}],"wp:term":[{"taxonomy":"product_brand","embeddable":true,"href":"https:\/\/minghanggroup.com\/pt\/wp-json\/wp\/v2\/product_brand?post=5710"},{"taxonomy":"product_cat","embeddable":true,"href":"https:\/\/minghanggroup.com\/pt\/wp-json\/wp\/v2\/product_cat?post=5710"},{"taxonomy":"product_tag","embeddable":true,"href":"https:\/\/minghanggroup.com\/pt\/wp-json\/wp\/v2\/product_tag?post=5710"}],"curies":[{"name":"wp","href":"https:\/\/api.w.org\/{rel}","templated":true}]}}