{"id":5701,"date":"2026-02-25T16:12:05","date_gmt":"2026-02-25T08:12:05","guid":{"rendered":"https:\/\/minghanggroup.com\/?post_type=product&#038;p=5701"},"modified":"2026-02-25T16:58:18","modified_gmt":"2026-02-25T08:58:18","slug":"amber-fancy-wine-bottles-with-corks-bulk","status":"publish","type":"product","link":"https:\/\/minghanggroup.com\/pt\/produto\/amber-fancy-wine-bottles-with-corks-bulk\/","title":{"rendered":"Garrafas de vinho \u00e2mbar de 750ml com rolhas (em grande quantidade)"},"content":{"rendered":"<p>Estas elegantes garrafas de vinho s\u00e3o produzidas com vidro \u00e2mbar, muito eficaz no bloqueio dos raios UV. Seu design foi pensado para encaixar perfeitamente em garrafas de vinho com rolha de corti\u00e7a, sendo, portanto, ideais para vinhos finos e mesas sofisticadas.<\/p>\n<h2>Caracter\u00edsticas do produto<\/h2>\n<ul>\n<li><strong>Vidro marrom de alta transpar\u00eancia:<\/strong> Alta Transpar\u00eancia: o vidro marrom de alta transpar\u00eancia, habilmente fabricado, incorpora propriedades de bloqueio de luz, protegendo a bebida da radia\u00e7\u00e3o UV.<\/li>\n<li><strong>Gargalo de veda\u00e7\u00e3o padr\u00e3o:<\/strong> \u00c9 o formato estreito do gargalo com uma haste bem definida, onde diferentes tipos de rolhas se encaixam, garantindo a veda\u00e7\u00e3o e o frescor da bebida durante o armazenamento.<\/li>\n<li><strong>Base antiderrapante espessa:<\/strong> O fundo ranhurado e espesso proporciona maior estabilidade e facilita a separa\u00e7\u00e3o dos sedimentos, sendo ideal para recipientes de grande volume.<\/li>\n<\/ul>\n<h2 style=\"text-align: left;\">Especifica\u00e7\u00f5es principais<\/h2>\n<table class=\"aligncenter\" style=\"border-collapse: collapse; width: 415.52pt;\" border=\"0\" width=\"554\" cellspacing=\"0\" cellpadding=\"0\">\n<tbody>\n<tr style=\"height: 13.50pt;\">\n<td style=\"height: 13.50pt; width: 118.50pt;\" width=\"158\" height=\"18\">Atributo<\/td>\n<td style=\"width: 297.00pt;\" width=\"396\">Detalhes<\/td>\n<\/tr>\n<tr style=\"height: 13.50pt;\">\n<td style=\"height: 13.50pt;\" height=\"18\">Capacidade<\/td>\n<td>750ml<\/td>\n<\/tr>\n<tr style=\"height: 13.50pt;\">\n<td style=\"height: 13.50pt;\" height=\"18\">Material<\/td>\n<td>Vidro \u00e2mbar escuro (alta prote\u00e7\u00e3o UV)<\/td>\n<\/tr>\n<tr style=\"height: 13.50pt;\">\n<td style=\"height: 13.50pt;\" height=\"18\">Formato de garrafa<\/td>\n<td>Alto, de paredes retas e pesco\u00e7o alongado e esguio.<\/td>\n<\/tr>\n<tr style=\"height: 13.50pt;\">\n<td style=\"height: 13.50pt;\" height=\"18\">Faixa de personaliza\u00e7\u00e3o<\/td>\n<td>Profundidade da cor, relevo, acabamento do bra\u00e7o do bra\u00e7o<\/td>\n<\/tr>\n<tr style=\"height: 13.50pt;\">\n<td style=\"height: 13.50pt;\" height=\"18\">Artesanato<\/td>\n<td>Vidro espesso e uniforme; acabamento superior liso e reto.<\/td>\n<\/tr>\n<tr style=\"height: 13.50pt;\">\n<td style=\"height: 13.50pt;\" height=\"18\">Uso principal<\/td>\n<td>Garrafas de vinho sofisticadas, garrafas de vinho por atacado<\/td>\n<\/tr>\n<tr style=\"height: 13.50pt;\">\n<td style=\"height: 13.50pt;\" height=\"18\">Ind\u00fastrias-alvo<\/td>\n<td>Vin\u00edcolas premium, destilarias artesanais<\/td>\n<\/tr>\n<\/tbody>\n<\/table>\n<h2>Caso de Sucesso: Edi\u00e7\u00e3o Limitada da Destilaria de Whisky Escoc\u00eas<\/h2>\n<p>Uma das mais renomadas destilarias de u\u00edsque escoc\u00eas lan\u00e7ou um u\u00edsque single malt em edi\u00e7\u00e3o limitada. Para isso, escolheram nossa garrafa de vinho \u00e2mbar com rolha e r\u00f3tulo personalizado com impress\u00e3o em folha de ouro. Essa garrafa de vidro \u00e2mbar de alta qualidade retarda em 18% a deteriora\u00e7\u00e3o do vinho durante o armazenamento, e seu formato elegante e alongado aumentou o valor percebido da garrafa em 12% na pesquisa. A destilaria ficou t\u00e3o satisfeita com o produto que, posteriormente, encomendou mais 300.000 garrafas para garantir que todos os seus u\u00edsques de edi\u00e7\u00e3o limitada sejam engarrafados nos pr\u00f3ximos cinco anos.<\/p>\n<h2>Sugest\u00f5es de personaliza\u00e7\u00e3o para garrafas de vinho sofisticadas<\/h2>\n<ul>\n<li>Satura\u00e7\u00e3o da cor: 0 a 1,0. Altera a intensidade da cor \u00e2mbar, de um marrom claro para um marrom escuro, quase opaco.<\/li>\n<li>Gargalo: Para dar um toque mais sofisticado \u00e0 garrafa, adicione um anel sob o gargalo ou um detalhe em relevo abaixo do n\u00edvel do gargalo.<\/li>\n<li>Comprimento da corti\u00e7a personalizado: Insira a dimens\u00e3o interna desejada do gargalo para que o comprimento e o tipo de corti\u00e7a se ajustem perfeitamente ao seu objetivo.<\/li>\n<li>Base personalizada: Um pequeno logotipo ou elemento vintage \u00e9 gravado em relevo na parte interna da base como uma personaliza\u00e7\u00e3o secreta.<\/li>\n<\/ul>","protected":false},"excerpt":{"rendered":"<p>Personalize sua marca de luxo com nossas garrafas de vinho com rolha. Essas garrafas sofisticadas apresentam um gargalo longo e elegante e uma base est\u00e1vel. Suporte OEM profissional.<\/p>","protected":false},"featured_media":5704,"template":"","meta":{"postBodyCss":"","postBodyMargin":[],"postBodyPadding":[],"postBodyBackground":{"backgroundType":"classic","gradient":""}},"product_brand":[],"product_cat":[15,16,84],"product_tag":[],"class_list":{"0":"post-5701","1":"product","2":"type-product","3":"status-publish","4":"has-post-thumbnail","6":"product_cat-glass-containers","7":"product_cat-glass-bottles","8":"product_cat-wine-bottles","10":"first","11":"instock","12":"shipping-taxable","13":"product-type-simple"},"jetpack_sharing_enabled":true,"_links":{"self":[{"href":"https:\/\/minghanggroup.com\/pt\/wp-json\/wp\/v2\/product\/5701","targetHints":{"allow":["GET"]}}],"collection":[{"href":"https:\/\/minghanggroup.com\/pt\/wp-json\/wp\/v2\/product"}],"about":[{"href":"https:\/\/minghanggroup.com\/pt\/wp-json\/wp\/v2\/types\/product"}],"wp:featuredmedia":[{"embeddable":true,"href":"https:\/\/minghanggroup.com\/pt\/wp-json\/wp\/v2\/media\/5704"}],"wp:attachment":[{"href":"https:\/\/minghanggroup.com\/pt\/wp-json\/wp\/v2\/media?parent=5701"}],"wp:term":[{"taxonomy":"product_brand","embeddable":true,"href":"https:\/\/minghanggroup.com\/pt\/wp-json\/wp\/v2\/product_brand?post=5701"},{"taxonomy":"product_cat","embeddable":true,"href":"https:\/\/minghanggroup.com\/pt\/wp-json\/wp\/v2\/product_cat?post=5701"},{"taxonomy":"product_tag","embeddable":true,"href":"https:\/\/minghanggroup.com\/pt\/wp-json\/wp\/v2\/product_tag?post=5701"}],"curies":[{"name":"wp","href":"https:\/\/api.w.org\/{rel}","templated":true}]}}