{"id":5685,"date":"2026-02-25T15:22:49","date_gmt":"2026-02-25T07:22:49","guid":{"rendered":"https:\/\/minghanggroup.com\/?post_type=product&#038;p=5685"},"modified":"2026-02-25T16:41:04","modified_gmt":"2026-02-25T08:41:04","slug":"blue-wine-bottles-for-brands-wholesale","status":"publish","type":"product","link":"https:\/\/minghanggroup.com\/pt\/produto\/blue-wine-bottles-for-brands-wholesale\/","title":{"rendered":"Garrafas de vinho azul de 375ml para marcas no atacado"},"content":{"rendered":"<p>Voc\u00ea quer que seu vinho se destaque \u2014 n\u00e3o apenas na prateleira, mas tamb\u00e9m nas m\u00e3os dos seus clientes. Nossas garrafas de vinho azuis proporcionam um impacto instant\u00e2neo com seu vibrante acabamento em cobalto. Combinadas com o tamanho cl\u00e1ssico de 375 ml, elas s\u00e3o a sua arma secreta para vinhos espumantes, claretes ou amostras de vinhos caseiros. O formato da garrafa de vinho Bordeaux mant\u00e9m-se fiel \u00e0 tradi\u00e7\u00e3o, enquanto as garrafas azuis tornam sua marca imposs\u00edvel de ignorar. Garrafas de vinho vazias se tornam lembran\u00e7as \u2014 seus clientes as guardam por muito tempo ap\u00f3s o \u00faltimo gole.<\/p>\n<h2>Caracter\u00edsticas do produto<\/h2>\n<ul>\n<li><strong>Perfil esguio e alto:<\/strong> O formato longo e estreito faz com que a prateleira pare\u00e7a mais imponente e a garrafa tenha um aspecto sofisticado e moderno.<\/li>\n<li><strong>Diversas op\u00e7\u00f5es de cores para os \u00f3culos:<\/strong> Os \u00f3culos t\u00eam lentes azul cobalto e \u00e2mbar cl\u00e1ssico, deixando a escolha das marcas entre modelos estilosos e modernos e \u00f3culos com cobertura de luz convencional.<\/li>\n<li><strong>Superf\u00edcie de rotulagem uniforme:<\/strong> O formato reto oferece espa\u00e7o suficiente para rotulagem, seja por serigrafia, relevo ou qualquer outro m\u00e9todo de personaliza\u00e7\u00e3o da marca.<\/li>\n<\/ul>\n<h2>Especifica\u00e7\u00f5es principais<\/h2>\n<table style=\"border-collapse: collapse; width: 80%; margin-left: auto; margin-right: auto;\" border=\"0\" width=\"144\" cellspacing=\"0\" cellpadding=\"0\">\n<tbody>\n<tr style=\"height: 13.50pt;\">\n<td style=\"height: 13.5pt; width: 54pt; text-align: center;\" width=\"72\" height=\"18\">Recurso<\/td>\n<td style=\"width: 54pt; text-align: center;\" width=\"72\">Detalhe<\/td>\n<\/tr>\n<tr style=\"height: 13.50pt;\">\n<td style=\"height: 13.5pt; text-align: center;\" height=\"18\">Capacidade<\/td>\n<td style=\"text-align: center;\">375 ml<\/td>\n<\/tr>\n<tr style=\"height: 13.50pt;\">\n<td style=\"height: 13.5pt; text-align: center;\" height=\"18\">Dimens\u00f5es<\/td>\n<td style=\"text-align: center;\">5,5 \u00d7 32,8 cm<\/td>\n<\/tr>\n<tr style=\"height: 13.50pt;\">\n<td style=\"height: 13.5pt; text-align: center;\" height=\"18\">Cores<\/td>\n<td style=\"text-align: center;\">Azul, \u00e2mbar<\/td>\n<\/tr>\n<tr style=\"height: 13.50pt;\">\n<td style=\"height: 13.5pt; text-align: center;\" height=\"18\">Pesco\u00e7o<\/td>\n<td style=\"text-align: center;\">Padr\u00e3o de 18 mm (serve para rolhas e tampas de vinho)<\/td>\n<\/tr>\n<tr style=\"height: 13.50pt;\">\n<td style=\"height: 13.5pt; text-align: center;\" height=\"18\">Encerramento<\/td>\n<td style=\"text-align: center;\">Rolhas de corti\u00e7a natural para vinho, rolha de alto peso molecular, tampa de rosca<\/td>\n<\/tr>\n<tr style=\"height: 13.50pt;\">\n<td style=\"height: 13.5pt; text-align: center;\" height=\"18\">Ideal para<\/td>\n<td style=\"text-align: center;\">Vinho espumante, Claret, Borgonha, Vinho caseiro, Garrafas de bebidas alco\u00f3licas<\/td>\n<\/tr>\n<\/tbody>\n<\/table>\n<h2>Caso de sucesso<\/h2>\n<p>Uma vin\u00edcola do sul da Fran\u00e7a escolheu nossas garrafas de vidro azul de 375 ml para lan\u00e7ar no mercado um vinho de sobremesa de edi\u00e7\u00e3o limitada, dentro de um segmento de vinhos de viagem e presentes exclusivos para o varejo. Para se alinhar ao posicionamento de alta gama, eles redesenharam as garrafas usando um tom mais escuro de cobalto para que pare\u00e7am mais robustas na prateleira, uma base arredondada com formato de bojo alto para uma sensa\u00e7\u00e3o mais luxuosa e impress\u00e3o serigr\u00e1fica prateada met\u00e1lica sobre o cobalto com o emblema do seu ch\u00e2teau. O acabamento do gargalo tamb\u00e9m foi feito de acordo com a prefer\u00eancia deles, com corti\u00e7a natural, e aplicamos um spray fosco na parte inferior da garrafa para criar um leve contraste com o ombro brilhante.<\/p>\n<p>Assim que lan\u00e7amos a nova linha de produtos, houve um crescimento de 32% nas vendas na primeira temporada, em compara\u00e7\u00e3o com as garrafas transparentes comuns que o cliente utilizava anteriormente. Al\u00e9m disso, o cliente fez um novo pedido em menos de quatro meses, com um aumento de 45% no volume da segunda compra, e continuou utilizando o mesmo modelo de garrafa em mais dois lan\u00e7amentos sazonais.<\/p>\n<h2>Dicas de personaliza\u00e7\u00e3o para voc\u00ea<\/h2>\n<ol>\n<li><strong>Estrat\u00e9gia de cores:<\/strong> Garrafas de vinho azuis para marcas modernas; \u00e2mbar para vinhos tintos tradicionais. Experimente o verde champanhe para garrafas de vinho bel\u00edssimas para casamentos.<\/li>\n<li><strong>Op\u00e7\u00e3o de fechamento:<\/strong> Tampas de rosca para amostras de viagem; rolhas de corti\u00e7a para a tradi\u00e7\u00e3o do acabamento em rolha. Carimbe os anos das safras nas rolhas de vinho \u2013 o estouro se torna um ritual.<\/li>\n<li><strong>Vantagem da compra em grande quantidade:<\/strong> Encomende garrafas de vinho de 375 ml e obtenha pre\u00e7os diferenciados, amostras gr\u00e1tis e suporte dedicado. Perfeito para todas as ocasi\u00f5es.<\/li>\n<\/ol>","protected":false},"excerpt":{"rendered":"<p>Garrafas de vinho azuis elegantes, com capacidade de 375 ml, ideais para embalagens sofisticadas. Fornecimento direto da f\u00e1brica, com personaliza\u00e7\u00e3o em grandes quantidades e envio r\u00e1pido.<\/p>","protected":false},"featured_media":5700,"template":"","meta":{"postBodyCss":"","postBodyMargin":[],"postBodyPadding":[],"postBodyBackground":{"backgroundType":"classic","gradient":""}},"product_brand":[],"product_cat":[15,16,84],"product_tag":[],"class_list":{"0":"post-5685","1":"product","2":"type-product","3":"status-publish","4":"has-post-thumbnail","6":"product_cat-glass-containers","7":"product_cat-glass-bottles","8":"product_cat-wine-bottles","10":"first","11":"instock","12":"shipping-taxable","13":"product-type-simple"},"jetpack_sharing_enabled":true,"_links":{"self":[{"href":"https:\/\/minghanggroup.com\/pt\/wp-json\/wp\/v2\/product\/5685","targetHints":{"allow":["GET"]}}],"collection":[{"href":"https:\/\/minghanggroup.com\/pt\/wp-json\/wp\/v2\/product"}],"about":[{"href":"https:\/\/minghanggroup.com\/pt\/wp-json\/wp\/v2\/types\/product"}],"wp:featuredmedia":[{"embeddable":true,"href":"https:\/\/minghanggroup.com\/pt\/wp-json\/wp\/v2\/media\/5700"}],"wp:attachment":[{"href":"https:\/\/minghanggroup.com\/pt\/wp-json\/wp\/v2\/media?parent=5685"}],"wp:term":[{"taxonomy":"product_brand","embeddable":true,"href":"https:\/\/minghanggroup.com\/pt\/wp-json\/wp\/v2\/product_brand?post=5685"},{"taxonomy":"product_cat","embeddable":true,"href":"https:\/\/minghanggroup.com\/pt\/wp-json\/wp\/v2\/product_cat?post=5685"},{"taxonomy":"product_tag","embeddable":true,"href":"https:\/\/minghanggroup.com\/pt\/wp-json\/wp\/v2\/product_tag?post=5685"}],"curies":[{"name":"wp","href":"https:\/\/api.w.org\/{rel}","templated":true}]}}