{"id":5679,"date":"2026-02-25T13:08:00","date_gmt":"2026-02-25T05:08:00","guid":{"rendered":"https:\/\/minghanggroup.com\/?post_type=product&#038;p=5679"},"modified":"2026-02-25T16:13:13","modified_gmt":"2026-02-25T08:13:13","slug":"750ml-bright-green-wine-bottles-in-bulk","status":"publish","type":"product","link":"https:\/\/minghanggroup.com\/pt\/produto\/750ml-bright-green-wine-bottles-in-bulk\/","title":{"rendered":"Garrafas de vinho verde brilhante de 750ml em grandes quantidades"},"content":{"rendered":"<p>Esta garrafa de vinho verde de 750ml \u00e9 produzida com vidro verde de alta qualidade, pr\u00f3prio para alimentos. Seu corpo liso e reto, juntamente com seu gargalo longo e elegante, oferece a prote\u00e7\u00e3o necess\u00e1ria contra os raios UV, preservando o sabor e a qualidade de vinhos brancos, espumantes e vinhos de frutas.<\/p>\n<h2>Caracter\u00edsticas do produto<\/h2>\n<ul>\n<li><strong>Verde brilhante:<\/strong> O vidro verde \u00e9 brilhante e transparente, o que lhe confere um aspeto um pouco mais natural, al\u00e9m de conservar bem os vinhos sens\u00edveis \u00e0 luz.<\/li>\n<li><strong>Bra\u00e7o padr\u00e3o:<\/strong> O design de gargalo reto \u00e9 ideal para acomodar diferentes tipos de rolhas e c\u00e1psulas de vinho.<\/li>\n<li><strong>Design elegante com fundo c\u00f4ncavo:<\/strong> O design c\u00f4ncavo da base melhora a estabilidade da garrafa, auxilia na coleta de sedimentos e confere \u00e0 garrafa uma sensa\u00e7\u00e3o tradicional de produto premium.<\/li>\n<\/ul>\n<h2 style=\"text-align: left;\">Especifica\u00e7\u00f5es principais<\/h2>\n<table class=\"aligncenter\" style=\"border-collapse: collapse; width: 506.27pt;\" border=\"0\" width=\"675\" cellspacing=\"0\" cellpadding=\"0\">\n<tbody>\n<tr style=\"height: 13.50pt;\">\n<td style=\"height: 13.50pt; width: 118.50pt;\" width=\"158\" height=\"18\">Atributo<\/td>\n<td style=\"width: 387.75pt;\" width=\"517\">Detalhes<\/td>\n<\/tr>\n<tr style=\"height: 13.50pt;\">\n<td style=\"height: 13.50pt;\" height=\"18\">Capacidade<\/td>\n<td>750ml<\/td>\n<\/tr>\n<tr style=\"height: 13.50pt;\">\n<td style=\"height: 13.50pt;\" height=\"18\">Material<\/td>\n<td>Vidro verde brilhante<\/td>\n<\/tr>\n<tr style=\"height: 13.50pt;\">\n<td style=\"height: 13.50pt;\" height=\"18\">Formato de garrafa<\/td>\n<td>Base reta e chutada<\/td>\n<\/tr>\n<tr style=\"height: 13.50pt;\">\n<td style=\"height: 13.50pt;\" height=\"18\">Faixa de personaliza\u00e7\u00e3o<\/td>\n<td>Intensidade da cor, relevo, acabamento do pesco\u00e7o<\/td>\n<\/tr>\n<tr style=\"height: 13.50pt;\">\n<td style=\"height: 13.50pt;\" height=\"18\">Artesanato<\/td>\n<td>Distribui\u00e7\u00e3o uniforme de cores, molde preciso, topo reto padr\u00e3o<\/td>\n<\/tr>\n<tr style=\"height: 13.50pt;\">\n<td style=\"height: 13.50pt;\" height=\"18\">Uso principal<\/td>\n<td>Garrafas de vinho verdes, garrafas de vinho a granel<\/td>\n<\/tr>\n<tr style=\"height: 13.50pt;\">\n<td style=\"height: 13.50pt;\" height=\"18\">Ind\u00fastrias-alvo<\/td>\n<td>Vin\u00edcolas, Produtores de Bebidas Artesanais<\/td>\n<\/tr>\n<\/tbody>\n<\/table>\n<h2>Caso de sucesso: Sustentabilidade em uma vin\u00edcola na Calif\u00f3rnia<\/h2>\n<p>Nossa garrafa de vinho verde ser\u00e1 utilizada em uma nova linha de vinhos brancos org\u00e2nicos em uma vin\u00edcola sustent\u00e1vel da Calif\u00f3rnia. O vidro com prote\u00e7\u00e3o UV permitiu reduzir a embalagem secund\u00e1ria e o uso de papel\u00e3o em 15%. A cor verde vibrante impulsionou a comercializa\u00e7\u00e3o da garrafa, resultando em um crescimento de 40% nas vendas durante o primeiro trimestre. A vin\u00edcola ficou extremamente satisfeita com o desempenho da garrafa e repetiu a estrat\u00e9gia para outras tr\u00eas linhas de vinho, encomendando mais 500.000 garrafas.<\/p>\n<h2>Design de garrafas de vinho em grande escala<\/h2>\n<ul>\n<li>Design Extra para a Base: Personalize a base da garrafa, escolhendo a profundidade ou at\u00e9 mesmo imprimindo o logotipo da marca na base.<\/li>\n<li>Logotipo ou padr\u00e3o em relevo: Logotipos em relevo. Um motivo ou padr\u00e3o simples de cacho de uvas \u00e9 gravado diretamente no ombro da garrafa.<\/li>\n<li>Ajuste de tamanho: Ajuste o tamanho mais cl\u00e1ssico at\u00e9 500 ml ou 1 litro, mantendo as mesmas cores e formato ic\u00f4nicos.<\/li>\n<\/ul>","protected":false},"excerpt":{"rendered":"<p>Conjunto de garrafas de vinho verde de alta qualidade, tamanho padr\u00e3o de 750ml. Ideal para vinhos de frutas e bebidas espumantes, estas garrafas de vinho em grande quantidade est\u00e3o dispon\u00edveis para amostras gr\u00e1tis.<\/p>","protected":false},"featured_media":5696,"template":"","meta":{"postBodyCss":"","postBodyMargin":[],"postBodyPadding":[],"postBodyBackground":{"backgroundType":"classic","gradient":""}},"product_brand":[],"product_cat":[15,16,84],"product_tag":[],"class_list":{"0":"post-5679","1":"product","2":"type-product","3":"status-publish","4":"has-post-thumbnail","6":"product_cat-glass-containers","7":"product_cat-glass-bottles","8":"product_cat-wine-bottles","10":"first","11":"instock","12":"shipping-taxable","13":"product-type-simple"},"jetpack_sharing_enabled":true,"_links":{"self":[{"href":"https:\/\/minghanggroup.com\/pt\/wp-json\/wp\/v2\/product\/5679","targetHints":{"allow":["GET"]}}],"collection":[{"href":"https:\/\/minghanggroup.com\/pt\/wp-json\/wp\/v2\/product"}],"about":[{"href":"https:\/\/minghanggroup.com\/pt\/wp-json\/wp\/v2\/types\/product"}],"wp:featuredmedia":[{"embeddable":true,"href":"https:\/\/minghanggroup.com\/pt\/wp-json\/wp\/v2\/media\/5696"}],"wp:attachment":[{"href":"https:\/\/minghanggroup.com\/pt\/wp-json\/wp\/v2\/media?parent=5679"}],"wp:term":[{"taxonomy":"product_brand","embeddable":true,"href":"https:\/\/minghanggroup.com\/pt\/wp-json\/wp\/v2\/product_brand?post=5679"},{"taxonomy":"product_cat","embeddable":true,"href":"https:\/\/minghanggroup.com\/pt\/wp-json\/wp\/v2\/product_cat?post=5679"},{"taxonomy":"product_tag","embeddable":true,"href":"https:\/\/minghanggroup.com\/pt\/wp-json\/wp\/v2\/product_tag?post=5679"}],"curies":[{"name":"wp","href":"https:\/\/api.w.org\/{rel}","templated":true}]}}