{"id":5673,"date":"2026-02-11T13:01:50","date_gmt":"2026-02-11T05:01:50","guid":{"rendered":"https:\/\/minghanggroup.com\/?post_type=product&#038;p=5673"},"modified":"2026-02-11T13:01:52","modified_gmt":"2026-02-11T05:01:52","slug":"custom-wine-bottles-empty-for-branding-bulk","status":"publish","type":"product","link":"https:\/\/minghanggroup.com\/pt\/produto\/custom-wine-bottles-empty-for-branding-bulk\/","title":{"rendered":"Garrafas de vinho personalizadas de 500ml, vazias, para personaliza\u00e7\u00e3o em grandes quantidades."},"content":{"rendered":"<p>Voc\u00ea n\u00e3o est\u00e1 apenas vendendo vinho \u2014 voc\u00ea est\u00e1 vendendo a experi\u00eancia. Nossas garrafas de vinho vazias de 500ml transmitem essa experi\u00eancia com perfei\u00e7\u00e3o. Mais do que uma simples garrafa, ela \u00e9 a embaixadora silenciosa da sua marca. Com o design cl\u00e1ssico de uma garrafa de vinho Bordeaux, ela exibe vinhos tintos como o clarete ou a Borgonha com eleg\u00e2ncia. Escolha o vidro transparente para real\u00e7ar a cor ou o \u00e2mbar para prote\u00e7\u00e3o UV. Combine com rolhas de corti\u00e7a para um toque de charme. Quando seus clientes terminarem o vinho, eles guardar\u00e3o as garrafas vazias como lembran\u00e7as preciosas.<\/p>\n<h2>Caracter\u00edsticas do produto<\/h2>\n<ul>\n<li><strong>Narrativa em duas cores:<\/strong> O copo transparente permite que a cor do seu vinho caseiro seja vista; o \u00e2mbar (que \u00e9 um primo mais elegante do vinho verde bord\u00f4) atua como um escudo para o vinho espumante contra os danos da luz.<\/li>\n<li><strong>Estabilidade da base do chute:<\/strong> Uma base de s\u00edlex refor\u00e7ada garante uma postura s\u00f3lida e firme durante o transporte das garrafas ou quando garrafas de vinho vazias s\u00e3o usadas como organizadores de mesa.<\/li>\n<li><strong>Pronto para reutiliza\u00e7\u00e3o:<\/strong> \u00c9 uma ideia perfeita se voc\u00ea pretende reaproveitar uma garrafa de vinho vazia para transform\u00e1-la em um frasco de perfume, um porta-velas ou at\u00e9 mesmo em lindas lembrancinhas de casamento.<\/li>\n<\/ul>\n<h2>Especifica\u00e7\u00f5es principais<\/h2>\n<table style=\"border-collapse: collapse; width: 80%; margin-left: auto; margin-right: auto;\" border=\"0\" width=\"144\" cellspacing=\"0\" cellpadding=\"0\">\n<tbody>\n<tr style=\"height: 13.50pt;\">\n<td style=\"height: 13.5pt; width: 54pt; text-align: center;\" width=\"72\" height=\"18\">Recurso<\/td>\n<td style=\"width: 54pt; text-align: center;\" width=\"72\">Detalhe<\/td>\n<\/tr>\n<tr style=\"height: 13.50pt;\">\n<td style=\"height: 13.5pt; text-align: center;\" height=\"18\">Capacidade<\/td>\n<td style=\"text-align: center;\">500ml<\/td>\n<\/tr>\n<tr style=\"height: 13.50pt;\">\n<td style=\"height: 13.5pt; text-align: center;\" height=\"18\">Dimens\u00f5es<\/td>\n<td style=\"text-align: center;\">6,1 \u00d7 33 cm<\/td>\n<\/tr>\n<tr style=\"height: 13.50pt;\">\n<td style=\"height: 13.5pt; text-align: center;\" height=\"18\">Cor<\/td>\n<td style=\"text-align: center;\">Vidro transparente, \u00e2mbar<\/td>\n<\/tr>\n<tr style=\"height: 13.50pt;\">\n<td style=\"height: 13.5pt; text-align: center;\" height=\"18\">Pesco\u00e7o<\/td>\n<td style=\"text-align: center;\">1,8 cm<\/td>\n<\/tr>\n<tr style=\"height: 13.50pt;\">\n<td style=\"height: 13.5pt; text-align: center;\" height=\"18\">Encerramento<\/td>\n<td style=\"text-align: center;\">Rolhas de corti\u00e7a natural para vinho, rolha de alto peso molecular<\/td>\n<\/tr>\n<tr style=\"height: 13.50pt;\">\n<td style=\"height: 13.5pt; text-align: center;\" height=\"18\">Ideal para<\/td>\n<td style=\"text-align: center;\">Vinhos tintos, Claret, Borgonha, Vinho espumante, Garrafas de bebidas alco\u00f3licas<\/td>\n<\/tr>\n<\/tbody>\n<\/table>\n<h2>Caso de sucesso<\/h2>\n<p>Uma vin\u00edcola boutique da regi\u00e3o de Rioja, na Espanha, optou por nossa cl\u00e1ssica garrafa de vinho tinto com ombros retos como embalagem principal para sua nova s\u00e9rie de vinhos envelhecidos em barris de carvalho. Inicialmente, o cliente desejava uma atmosfera tradicional de vin\u00edcola, ent\u00e3o optamos por uma base mais espessa (aumentando a profundidade da concavidade para 28 mm) para conferir um toque mais luxuoso, adicionamos um bras\u00e3o personalizado da vin\u00edcola em relevo no ombro e utilizamos um vidro marrom escuro de alta transpar\u00eancia para aumentar a prote\u00e7\u00e3o contra a luz. Al\u00e9m disso, a garrafa recebeu um acabamento parcialmente fosco para facilitar o posicionamento do r\u00f3tulo, garantindo melhor ader\u00eancia e reduzindo a probabilidade de amassamento.<\/p>\n<p>Seis meses ap\u00f3s o lan\u00e7amento, as vendas desta s\u00e9rie em supermercados europeus de alto padr\u00e3o aumentaram 37% em rela\u00e7\u00e3o ao ano anterior, e o crescimento nas vendas online foi superior a 52%.<\/p>\n<h2>Suas op\u00e7\u00f5es de personaliza\u00e7\u00e3o<\/h2>\n<ol>\n<li><strong>Logotipo em relevo no ombro ou no corpo:<\/strong> Aplique o bras\u00e3o da vin\u00edcola, a safra ou um design exclusivo no ombro do r\u00f3tulo para aumentar o reconhecimento da marca e combater a falsifica\u00e7\u00e3o.<\/li>\n<li><strong>Vidro colorido com degrad\u00ea ou personalizado:<\/strong> Al\u00e9m das cores padr\u00e3o transparente, verde-escuro e marrom, tamb\u00e9m est\u00e3o dispon\u00edveis vidros coloridos personalizados com gradiente ou baixa satura\u00e7\u00e3o para refor\u00e7ar visualmente a identidade da s\u00e9rie.<\/li>\n<li><strong>Acabamento parcialmente ou totalmente fosco:<\/strong> Produz diferen\u00e7as t\u00e1teis que, em combina\u00e7\u00e3o com a impress\u00e3o em folha de ouro ou etiquetas UV, conferem um efeito de contraste mais acentuado.<\/li>\n<li><strong>Estrutura do gargalo da garrafa aprimorada:<\/strong> Possui a flexibilidade para suportar diferentes op\u00e7\u00f5es de veda\u00e7\u00e3o, como rolhas de corti\u00e7a, tampas de rosca e rolhas sint\u00e9ticas, para atender \u00e0s variadas necessidades do mercado.<\/li>\n<\/ol>","protected":false},"excerpt":{"rendered":"<p>Garrafas de vinho vazias de alta qualidade para projetos de engarrafamento personalizado. Fornecimento direto da f\u00e1brica com personaliza\u00e7\u00e3o em grande quantidade e envio r\u00e1pido para todo o mundo.<\/p>","protected":false},"featured_media":5674,"template":"","meta":{"postBodyCss":"","postBodyMargin":[],"postBodyPadding":[],"postBodyBackground":{"backgroundType":"classic","gradient":""}},"product_brand":[],"product_cat":[15,16,84],"product_tag":[],"class_list":{"0":"post-5673","1":"product","2":"type-product","3":"status-publish","4":"has-post-thumbnail","6":"product_cat-glass-containers","7":"product_cat-glass-bottles","8":"product_cat-wine-bottles","10":"first","11":"instock","12":"shipping-taxable","13":"product-type-simple"},"jetpack_sharing_enabled":true,"_links":{"self":[{"href":"https:\/\/minghanggroup.com\/pt\/wp-json\/wp\/v2\/product\/5673","targetHints":{"allow":["GET"]}}],"collection":[{"href":"https:\/\/minghanggroup.com\/pt\/wp-json\/wp\/v2\/product"}],"about":[{"href":"https:\/\/minghanggroup.com\/pt\/wp-json\/wp\/v2\/types\/product"}],"wp:featuredmedia":[{"embeddable":true,"href":"https:\/\/minghanggroup.com\/pt\/wp-json\/wp\/v2\/media\/5674"}],"wp:attachment":[{"href":"https:\/\/minghanggroup.com\/pt\/wp-json\/wp\/v2\/media?parent=5673"}],"wp:term":[{"taxonomy":"product_brand","embeddable":true,"href":"https:\/\/minghanggroup.com\/pt\/wp-json\/wp\/v2\/product_brand?post=5673"},{"taxonomy":"product_cat","embeddable":true,"href":"https:\/\/minghanggroup.com\/pt\/wp-json\/wp\/v2\/product_cat?post=5673"},{"taxonomy":"product_tag","embeddable":true,"href":"https:\/\/minghanggroup.com\/pt\/wp-json\/wp\/v2\/product_tag?post=5673"}],"curies":[{"name":"wp","href":"https:\/\/api.w.org\/{rel}","templated":true}]}}