{"id":5664,"date":"2026-02-17T13:36:13","date_gmt":"2026-02-17T05:36:13","guid":{"rendered":"https:\/\/minghanggroup.com\/?post_type=product&#038;p=5664"},"modified":"2026-02-10T15:26:37","modified_gmt":"2026-02-10T07:26:37","slug":"clear-custom-mini-wine-bottles-for-wineries","status":"publish","type":"product","link":"https:\/\/minghanggroup.com\/pt\/produto\/clear-custom-mini-wine-bottles-for-wineries\/","title":{"rendered":"Garrafas de vinho personalizadas em miniatura, transparentes, de 250 ml, para vin\u00edcolas."},"content":{"rendered":"<p>Voc\u00ea precisa de charme em um formato compacto \u2014 e n\u00f3s entregamos. Conhe\u00e7a sua nova arma secreta: mini garrafas de vinho personalizadas no tamanho perfeito de 250ml. Feitas em vidro transparente brilhante com a ess\u00eancia de uma cl\u00e1ssica garrafa de vinho Bordeaux, essas pequenas maravilhas exibem seu clarete, borgonha ou vinho caseiro com eleg\u00e2ncia. A praticidade da tampa de rosca encontra o formato atemporal de uma garrafa de vinho. Encomende mini garrafas de vinho no atacado para casamentos, amostras, presentes ou degusta\u00e7\u00f5es.<\/p>\n<h2>Caracter\u00edsticas do produto<\/h2>\n<ul>\n<li><strong>Silhueta Mini Verdadeira:<\/strong> Uma miniatura literal da garrafa de vinho, com ombros perfeitamente lisos e gargalo esguio. Realmente parece algo familiar.<\/li>\n<li><strong>Vitrine de Clareza Cristalina:<\/strong> O uso de vidro transparente de alta qualidade real\u00e7a todas as nuances dos seus vinhos tintos ou espumantes de forma primorosa. As pessoas tendem a comprar mais produtos que conseguem apreciar claramente.<\/li>\n<li><strong>Parafuso inteligente, versatilidade do bra\u00e7o:<\/strong> A rosca de 20 mm na boca fecha hermeticamente com tampas de rosca, mas tamb\u00e9m pode ser usada com rolhas de corti\u00e7a e rolhas sint\u00e9ticas. Tem a sua ideia de acabamento em corti\u00e7a? N\u00f3s podemos torn\u00e1-la realidade.<\/li>\n<\/ul>\n<h2>Especifica\u00e7\u00f5es principais<\/h2>\n<table style=\"border-collapse: collapse; width: 80%; margin-left: auto; margin-right: auto;\" border=\"0\" width=\"144\" cellspacing=\"0\" cellpadding=\"0\">\n<tbody>\n<tr style=\"height: 13.50pt;\">\n<td style=\"height: 13.5pt; width: 54pt; text-align: center;\" width=\"72\" height=\"18\">Recurso<\/td>\n<td style=\"width: 54pt; text-align: center;\" width=\"72\">Detalhe<\/td>\n<\/tr>\n<tr style=\"height: 13.50pt;\">\n<td style=\"height: 13.5pt; text-align: center;\" height=\"18\">Capacidade<\/td>\n<td style=\"text-align: center;\">250ml<\/td>\n<\/tr>\n<tr style=\"height: 13.50pt;\">\n<td style=\"height: 13.5pt; text-align: center;\" height=\"18\">Dimens\u00f5es<\/td>\n<td style=\"text-align: center;\">4,7 \u00d7 21,2 cm<\/td>\n<\/tr>\n<tr style=\"height: 13.50pt;\">\n<td style=\"height: 13.5pt; text-align: center;\" height=\"18\">Cor<\/td>\n<td style=\"text-align: center;\">Vidro de s\u00edlex transparente<\/td>\n<\/tr>\n<tr style=\"height: 13.50pt;\">\n<td style=\"height: 13.5pt; text-align: center;\" height=\"18\">Pesco\u00e7o<\/td>\n<td style=\"text-align: center;\">2 cm<\/td>\n<\/tr>\n<tr style=\"height: 13.50pt;\">\n<td style=\"height: 13.5pt; text-align: center;\" height=\"18\">Encerramento<\/td>\n<td style=\"text-align: center;\">Tampa de rosca, rolhas de corti\u00e7a natural para vinho, rolha sint\u00e9tica<\/td>\n<\/tr>\n<tr style=\"height: 13.50pt;\">\n<td style=\"height: 13.5pt; text-align: center;\" height=\"18\">Perfeito para<\/td>\n<td style=\"text-align: center;\">Amostras para degusta\u00e7\u00e3o, lembrancinhas de casamento, presentes de vinho caseiro, garrafas de bebidas alco\u00f3licas, mini vinhos espumantes.<\/td>\n<\/tr>\n<\/tbody>\n<\/table>\n<h2>Caso de sucesso<\/h2>\n<p>Uma vin\u00edcola boutique no sul da Europa utilizou nossas mini garrafas de vinho personalizadas para os kits de degusta\u00e7\u00e3o e ofertas para o mercado de viagens. Nossa equipe de design criou uma garrafa com formato esguio em vidro espesso, encurtou o gargalo para um enchimento automatizado mais eficiente e adaptou as tampas de rosca para que fossem compat\u00edveis com as tampas existentes. Al\u00e9m disso, o cliente optou por r\u00f3tulos impressos em serigrafia, relevo volum\u00e9trico preciso na base da garrafa e um vidro cristalino para real\u00e7ar a cor do vinho.<\/p>\n<p>Ap\u00f3s o lan\u00e7amento da nova embalagem, as vendas dos kits de degusta\u00e7\u00e3o aumentaram 38% em 3 meses devido \u00e0 melhor apresenta\u00e7\u00e3o nas prateleiras e \u00e0 log\u00edstica mais eficiente.<\/p>\n<h2>Suas sugest\u00f5es de personaliza\u00e7\u00e3o<\/h2>\n<ol>\n<li><strong>Personaliza\u00e7\u00e3o do design b\u00e1sico:<\/strong> Suporta designs de base de garrafa c\u00f4ncava ou com peso para melhorar a ader\u00eancia e permitir que a base da garrafa seja usada como um visor para informa\u00e7\u00f5es de safra ou volume por meio de relevo.<\/li>\n<li><strong>Sele\u00e7\u00e3o da f\u00f3rmula do vidro:<\/strong> Oferece op\u00e7\u00f5es de vidros altamente transparentes, ultratransparentes, brancos ou levemente foscos para real\u00e7ar as diferen\u00e7as de cor do vinho, sendo ideal para kits de degusta\u00e7\u00e3o e caixas de presente.<\/li>\n<li><strong>T\u00e9cnicas de decora\u00e7\u00e3o:<\/strong> Opte pela serigrafia, pelo acabamento fosco parcial ou por logotipos em relevo elegantes para transmitir uma imagem de marca sofisticada e, ao mesmo tempo, discreta.<\/li>\n<\/ol>","protected":false},"excerpt":{"rendered":"<p>Garrafas de vinho em miniatura personalizadas em grandes quantidades para marcas e vin\u00edcolas. Venda por atacado de garrafas de vinho em miniatura com fornecimento direto da f\u00e1brica e personaliza\u00e7\u00e3o flex\u00edvel de lotes.<\/p>","protected":false},"featured_media":5672,"template":"","meta":{"postBodyCss":"","postBodyMargin":[],"postBodyPadding":[],"postBodyBackground":{"backgroundType":"classic","gradient":""}},"product_brand":[],"product_cat":[15,16,84],"product_tag":[],"class_list":{"0":"post-5664","1":"product","2":"type-product","3":"status-publish","4":"has-post-thumbnail","6":"product_cat-glass-containers","7":"product_cat-glass-bottles","8":"product_cat-wine-bottles","10":"first","11":"instock","12":"shipping-taxable","13":"product-type-simple"},"jetpack_sharing_enabled":true,"_links":{"self":[{"href":"https:\/\/minghanggroup.com\/pt\/wp-json\/wp\/v2\/product\/5664","targetHints":{"allow":["GET"]}}],"collection":[{"href":"https:\/\/minghanggroup.com\/pt\/wp-json\/wp\/v2\/product"}],"about":[{"href":"https:\/\/minghanggroup.com\/pt\/wp-json\/wp\/v2\/types\/product"}],"wp:featuredmedia":[{"embeddable":true,"href":"https:\/\/minghanggroup.com\/pt\/wp-json\/wp\/v2\/media\/5672"}],"wp:attachment":[{"href":"https:\/\/minghanggroup.com\/pt\/wp-json\/wp\/v2\/media?parent=5664"}],"wp:term":[{"taxonomy":"product_brand","embeddable":true,"href":"https:\/\/minghanggroup.com\/pt\/wp-json\/wp\/v2\/product_brand?post=5664"},{"taxonomy":"product_cat","embeddable":true,"href":"https:\/\/minghanggroup.com\/pt\/wp-json\/wp\/v2\/product_cat?post=5664"},{"taxonomy":"product_tag","embeddable":true,"href":"https:\/\/minghanggroup.com\/pt\/wp-json\/wp\/v2\/product_tag?post=5664"}],"curies":[{"name":"wp","href":"https:\/\/api.w.org\/{rel}","templated":true}]}}