{"id":5663,"date":"2026-02-15T12:01:00","date_gmt":"2026-02-15T04:01:00","guid":{"rendered":"https:\/\/minghanggroup.com\/?post_type=product&#038;p=5663"},"modified":"2026-02-10T16:19:04","modified_gmt":"2026-02-10T08:19:04","slug":"clear-empty-good-red-wine-bottles-wholesale","status":"publish","type":"product","link":"https:\/\/minghanggroup.com\/pt\/produto\/clear-empty-good-red-wine-bottles-wholesale\/","title":{"rendered":"Garrafas de vinho tinto de 750ml, transparentes e vazias, para venda por atacado."},"content":{"rendered":"<p>Precisa de uma garrafa de vinho de qualidade e honesta? Esta garrafa de vinho tinto de bom gosto tem um formato largo e c\u00f4nico, que se estreita elegantemente no gargalo. Dispon\u00edvel em duas cores: transparente e verde claro.<\/p>\n<h2>Caracter\u00edsticas do produto<\/h2>\n<ul>\n<li><strong>Duas op\u00e7\u00f5es claras est\u00e3o dispon\u00edveis:<\/strong> S\u00e3o ta\u00e7as de vidro transparente ou verde-claro de alta transpar\u00eancia, que exibem perfeitamente a cor e a limpidez do vinho.<\/li>\n<li><strong>Fundo c\u00f4ncavo cl\u00e1ssico:<\/strong> O fundo c\u00f4ncavo \u00e9 uma caracter\u00edstica do design tradicional das garrafas de vinho, que melhora a estabilidade da garrafa.<\/li>\n<li><strong>Port\u00e1til:<\/strong> Pode ser usado com vinhos brancos, vinhos ros\u00e9 e outras bebidas de cor clara.<\/li>\n<\/ul>\n<h2>Especifica\u00e7\u00f5es principais<\/h2>\n<table class=\"aligncenter\" style=\"border-collapse: collapse; width: 447.77pt;\" border=\"0\" width=\"597\" cellspacing=\"0\" cellpadding=\"0\">\n<tbody>\n<tr style=\"height: 13.50pt;\">\n<td style=\"height: 13.50pt; width: 115.50pt;\" width=\"154\" height=\"18\">Atributo<\/td>\n<td style=\"width: 332.25pt;\" width=\"443\">Detalhes<\/td>\n<\/tr>\n<tr style=\"height: 13.50pt;\">\n<td style=\"height: 13.50pt;\" height=\"18\">Capacidade<\/td>\n<td>750ml<\/td>\n<\/tr>\n<tr style=\"height: 13.50pt;\">\n<td style=\"height: 13.50pt;\" height=\"18\">Dimens\u00f5es<\/td>\n<td>71\/72 mm \u00d7 323 mm<\/td>\n<\/tr>\n<tr style=\"height: 13.50pt;\">\n<td style=\"height: 13.50pt;\" height=\"18\">Material<\/td>\n<td>Vidro transparente, claro ou verde claro<\/td>\n<\/tr>\n<tr style=\"height: 13.50pt;\">\n<td style=\"height: 13.50pt;\" height=\"18\">Formato de garrafa<\/td>\n<td>Ta\u00e7a Bordeaux cl\u00e1ssica (lados retos, base c\u00f4ncava)<\/td>\n<\/tr>\n<tr style=\"height: 13.50pt;\">\n<td style=\"height: 13.50pt;\" height=\"18\">Faixa de personaliza\u00e7\u00e3o<\/td>\n<td>Cor, tamanho, tampas<\/td>\n<\/tr>\n<tr style=\"height: 13.50pt;\">\n<td style=\"height: 13.50pt;\" height=\"18\">Artesanato<\/td>\n<td>Espessura uniforme da parede, acabamento liso, remo tradicional<\/td>\n<\/tr>\n<tr style=\"height: 13.50pt;\">\n<td style=\"height: 13.50pt;\" height=\"18\">Uso principal<\/td>\n<td>Garrafas de vinho para vinhos brancos, ros\u00e9s e vinhos de frutas.<\/td>\n<\/tr>\n<tr style=\"height: 13.50pt;\">\n<td style=\"height: 13.50pt;\" height=\"18\">Ind\u00fastrias-alvo<\/td>\n<td>Vin\u00edcolas, produtores de bebidas especiais, distribuidores<\/td>\n<\/tr>\n<\/tbody>\n<\/table>\n<h2>Hist\u00f3ria de sucesso<\/h2>\n<p>A vin\u00edcola de Nova York escolheu nossas garrafas transparentes de 750 ml para vinho tinto de alta qualidade, que real\u00e7am a cor dourada natural dos vinhos. A transpar\u00eancia da garrafa foi um dos principais atrativos e foi mencionada em 60% das avalia\u00e7\u00f5es positivas. A capacidade de 750 ml \u00e9 ideal para o produto padr\u00e3o da vin\u00edcola. A garrafa \u00e9 extremamente resistente, o que significa que 99,5% das entregas ocorrem sem danos. A vin\u00edcola ficou impressionada e fez um novo pedido de 1,2 milh\u00e3o de garrafas, o suficiente para armazenar todos os seus vinhos brancos nas pr\u00f3ximas tr\u00eas safras.<\/p>\n<h2>Personaliza\u00e7\u00e3o de garrafas de vinho vazias por atacado<\/h2>\n<ul>\n<li>Cor e tonalidade do vidro: Dispon\u00edvel em transparente, extratransparente (baixo teor de ferro) ou em tonalidades claras personalizadas, incluindo azul ou \u00e2mbar.<\/li>\n<li>Compatibilidade com etiquetas: As superf\u00edcies de vidro s\u00e3o otimizadas para se adaptarem a determinados materiais de etiqueta, de modo que a ades\u00e3o n\u00e3o seja perfeita.<\/li>\n<li>Design da garrafa: Desenhos ou assinaturas em relevo: Apresenta designs exclusivos na parte inferior da garrafa.<\/li>\n<\/ul>","protected":false},"excerpt":{"rendered":"<p>Garrafas de vinho tinto de alta qualidade para atacado, em embalagens transparentes de 750ml. Op\u00e7\u00f5es transparentes e verde-claras, ideais para vinho branco, vinho de frutas e bebidas prontas para consumo. Solicite amostras gr\u00e1tis.<\/p>","protected":false},"featured_media":5668,"template":"","meta":{"postBodyCss":"","postBodyMargin":[],"postBodyPadding":[],"postBodyBackground":{"backgroundType":"classic","gradient":""}},"product_brand":[],"product_cat":[15,16,84],"product_tag":[],"class_list":{"0":"post-5663","1":"product","2":"type-product","3":"status-publish","4":"has-post-thumbnail","6":"product_cat-glass-containers","7":"product_cat-glass-bottles","8":"product_cat-wine-bottles","10":"first","11":"instock","12":"shipping-taxable","13":"product-type-simple"},"jetpack_sharing_enabled":true,"_links":{"self":[{"href":"https:\/\/minghanggroup.com\/pt\/wp-json\/wp\/v2\/product\/5663","targetHints":{"allow":["GET"]}}],"collection":[{"href":"https:\/\/minghanggroup.com\/pt\/wp-json\/wp\/v2\/product"}],"about":[{"href":"https:\/\/minghanggroup.com\/pt\/wp-json\/wp\/v2\/types\/product"}],"wp:featuredmedia":[{"embeddable":true,"href":"https:\/\/minghanggroup.com\/pt\/wp-json\/wp\/v2\/media\/5668"}],"wp:attachment":[{"href":"https:\/\/minghanggroup.com\/pt\/wp-json\/wp\/v2\/media?parent=5663"}],"wp:term":[{"taxonomy":"product_brand","embeddable":true,"href":"https:\/\/minghanggroup.com\/pt\/wp-json\/wp\/v2\/product_brand?post=5663"},{"taxonomy":"product_cat","embeddable":true,"href":"https:\/\/minghanggroup.com\/pt\/wp-json\/wp\/v2\/product_cat?post=5663"},{"taxonomy":"product_tag","embeddable":true,"href":"https:\/\/minghanggroup.com\/pt\/wp-json\/wp\/v2\/product_tag?post=5663"}],"curies":[{"name":"wp","href":"https:\/\/api.w.org\/{rel}","templated":true}]}}