{"id":5658,"date":"2026-02-10T11:25:38","date_gmt":"2026-02-10T03:25:38","guid":{"rendered":"https:\/\/minghanggroup.com\/?post_type=product&#038;p=5658"},"modified":"2026-02-10T11:59:18","modified_gmt":"2026-02-10T03:59:18","slug":"750ml-frosted-empty-red-wine-bottles-wholesale","status":"publish","type":"product","link":"https:\/\/minghanggroup.com\/pt\/produto\/750ml-frosted-empty-red-wine-bottles-wholesale\/","title":{"rendered":"Garrafas de vinho tinto vazias foscas de 750ml no atacado"},"content":{"rendered":"<p>Estas garrafas vazias de vinho tinto de 750 ml s\u00e3o feitas de vidro de alta qualidade, com o formato tradicional da Borgonha, mas com um acabamento contempor\u00e2neo fosco. Est\u00e3o dispon\u00edveis em quatro cores: verde-oliva fosco, verde-oliva escuro fosco, preto fosco e branco fosco.<\/p>\n<h2>Caracter\u00edsticas do produto<\/h2>\n<ul>\n<li><strong>Diversas cores e materiais:<\/strong> Existem quatro acabamentos foscos distintos (verde-oliva, verde-escuro, preto e branco) que podem ser usados \u200b\u200bpara representar a personalidade da sua empresa.<\/li>\n<li><strong>Textura fosca:<\/strong> A embalagem possui um acabamento fosco, e essa textura reduz eficazmente as marcas de dedos, conferindo ao produto uma melhor textura e apar\u00eancia.<\/li>\n<li><strong>Capacidade padr\u00e3o de 750 ml:<\/strong> A capacidade de 750ml \u00e9 ideal para venda a retalho, distribui\u00e7\u00e3o e servi\u00e7o de vinho de forma padronizada.<\/li>\n<\/ul>\n<h2 style=\"text-align: left;\">Especifica\u00e7\u00f5es principais<\/h2>\n<table class=\"aligncenter\" style=\"border-collapse: collapse; width: 447.77pt;\" border=\"0\" width=\"597\" cellspacing=\"0\" cellpadding=\"0\">\n<tbody>\n<tr style=\"height: 13.50pt;\">\n<td style=\"height: 13.50pt; width: 115.50pt;\" width=\"154\" height=\"18\">Atributo<\/td>\n<td style=\"width: 332.25pt;\" width=\"443\">Detalhes<\/td>\n<\/tr>\n<tr style=\"height: 13.50pt;\">\n<td style=\"height: 13.50pt;\" height=\"18\">Capacidade<\/td>\n<td>750ml<\/td>\n<\/tr>\n<tr style=\"height: 13.50pt;\">\n<td style=\"height: 13.50pt;\" height=\"18\">Material<\/td>\n<td>Vidro com acabamento fosco<\/td>\n<\/tr>\n<tr style=\"height: 13.50pt;\">\n<td style=\"height: 13.50pt;\" height=\"18\">Formato de garrafa<\/td>\n<td>Borgonha cl\u00e1ssico (corpo largo, pesco\u00e7o fino)<\/td>\n<\/tr>\n<tr style=\"height: 13.50pt;\">\n<td style=\"height: 13.50pt;\" height=\"18\">Faixa de personaliza\u00e7\u00e3o<\/td>\n<td>Cor de acabamento, relevo, design do gargalo<\/td>\n<\/tr>\n<tr style=\"height: 13.50pt;\">\n<td style=\"height: 13.50pt;\" height=\"18\">Artesanato<\/td>\n<td>Espessura uniforme da parede, acabamento fosco\/mate consistente<\/td>\n<\/tr>\n<tr style=\"height: 13.50pt;\">\n<td style=\"height: 13.50pt;\" height=\"18\">Uso principal<\/td>\n<td>Garrafas vazias de vinho tinto, vinho branco e vinho espumante.<\/td>\n<\/tr>\n<tr style=\"height: 13.50pt;\">\n<td style=\"height: 13.50pt;\" height=\"18\">Ind\u00fastrias-alvo<\/td>\n<td>Vin\u00edcolas, distribuidores, produtores de bebidas especiais<\/td>\n<\/tr>\n<\/tbody>\n<\/table>\n<h2>Caso de Sucesso: Revitaliza\u00e7\u00e3o da Marca de uma Vin\u00edcola no Noroeste do Pac\u00edfico<\/h2>\n<p>Nossa garrafa de vinho verde-oliva fosca de 750 ml foi escolhida por uma vin\u00edcola no noroeste do Pac\u00edfico. O novo formato da garrafa agradou aos clientes e resultou em um aumento de 30% nas vendas. O tamanho de 750 ml era o ideal para atender \u00e0s necessidades usuais do produto, e o cliente ficou t\u00e3o impressionado que encomendou mais 300.000 garrafas no trimestre seguinte.<\/p>\n<h2>Garrafas de vinho de 750 ml para venda por atacado com personaliza\u00e7\u00e3o<\/h2>\n<ul>\n<li>Cores foscas personalizadas: Oferecemos cores foscas exclusivas da marca, incluindo tons intensos de vinho, azul escuro ou cinza escuro.<\/li>\n<li>Design do gargalo: \u00c9 poss\u00edvel projetar gargalos que se adaptem a um determinado comprimento de corti\u00e7a ou sistema de tampa de rosca, mantendo ainda um acabamento fosco.<\/li>\n<li>Melhor ader\u00eancia: A superf\u00edcie fosca apresenta uma leve textura para proporcionar uma melhor sensa\u00e7\u00e3o de ader\u00eancia.<\/li>\n<\/ul>","protected":false},"excerpt":{"rendered":"<p>Garrafas de vinho tinto vazias de alta qualidade, tamanho 750ml, prontas para envase. Dispon\u00edveis em estoque e prontas para envio nas cores verde-oliva, preto, branco e fosco. Amostras gr\u00e1tis.<\/p>","protected":false},"featured_media":5660,"template":"","meta":{"postBodyCss":"","postBodyMargin":[],"postBodyPadding":[],"postBodyBackground":{"backgroundType":"classic","gradient":""}},"product_brand":[],"product_cat":[15,16,84],"product_tag":[],"class_list":{"0":"post-5658","1":"product","2":"type-product","3":"status-publish","4":"has-post-thumbnail","6":"product_cat-glass-containers","7":"product_cat-glass-bottles","8":"product_cat-wine-bottles","10":"first","11":"instock","12":"shipping-taxable","13":"product-type-simple"},"jetpack_sharing_enabled":true,"_links":{"self":[{"href":"https:\/\/minghanggroup.com\/pt\/wp-json\/wp\/v2\/product\/5658","targetHints":{"allow":["GET"]}}],"collection":[{"href":"https:\/\/minghanggroup.com\/pt\/wp-json\/wp\/v2\/product"}],"about":[{"href":"https:\/\/minghanggroup.com\/pt\/wp-json\/wp\/v2\/types\/product"}],"wp:featuredmedia":[{"embeddable":true,"href":"https:\/\/minghanggroup.com\/pt\/wp-json\/wp\/v2\/media\/5660"}],"wp:attachment":[{"href":"https:\/\/minghanggroup.com\/pt\/wp-json\/wp\/v2\/media?parent=5658"}],"wp:term":[{"taxonomy":"product_brand","embeddable":true,"href":"https:\/\/minghanggroup.com\/pt\/wp-json\/wp\/v2\/product_brand?post=5658"},{"taxonomy":"product_cat","embeddable":true,"href":"https:\/\/minghanggroup.com\/pt\/wp-json\/wp\/v2\/product_cat?post=5658"},{"taxonomy":"product_tag","embeddable":true,"href":"https:\/\/minghanggroup.com\/pt\/wp-json\/wp\/v2\/product_tag?post=5658"}],"curies":[{"name":"wp","href":"https:\/\/api.w.org\/{rel}","templated":true}]}}