{"id":5648,"date":"2026-02-24T13:19:45","date_gmt":"2026-02-24T05:19:45","guid":{"rendered":"https:\/\/minghanggroup.com\/?post_type=product&#038;p=5648"},"modified":"2026-02-09T14:04:03","modified_gmt":"2026-02-09T06:04:03","slug":"amber-unique-wine-bottles-with-grip-bulk","status":"publish","type":"product","link":"https:\/\/minghanggroup.com\/pt\/produto\/amber-unique-wine-bottles-with-grip-bulk\/","title":{"rendered":"Garrafas de vinho \u00e2mbar exclusivas de 750 ml com al\u00e7a (embalagem a granel)"},"content":{"rendered":"<p>Estas garrafas de vinho \u00fanicas possuem um design excelente, feitas com vidro \u00e2mbar profundo, e al\u00e7as c\u00f4ncavas com design ergon\u00f4mico para se encaixarem perfeitamente nas m\u00e3os. Suas linhas fluidas e elegantes unem o art\u00edstico e o funcional.<\/p>\n<h2>Caracter\u00edsticas do produto<\/h2>\n<ul>\n<li><strong>Vidro \u00e2mbar profundo:<\/strong> O vidro \u00e2mbar escuro \u00e9 \u00fatil para proteger o vinho, bloqueando a a\u00e7\u00e3o dos raios UV que o destroem, al\u00e9m de conferir um aspecto antigo.<\/li>\n<li><strong>Al\u00e7as ergon\u00f4micas duplas:<\/strong> Duas superf\u00edcies com formatos diferentes permitem estilos distintos de despejo e formatos de m\u00e3o.<\/li>\n<li><strong>Design atraente:<\/strong> O formato assim\u00e9trico do design da al\u00e7a \u00e9 imediatamente mais atraente aos olhos e contribuir\u00e1 para uma imagem de marca mais forte.<\/li>\n<\/ul>\n<h2 style=\"text-align: left;\">Especifica\u00e7\u00f5es principais<\/h2>\n<table class=\"aligncenter\" style=\"border-collapse: collapse; width: 345.77pt;\" border=\"0\" width=\"461\" cellspacing=\"0\" cellpadding=\"0\">\n<tbody>\n<tr style=\"height: 13.50pt;\">\n<td style=\"height: 13.50pt; width: 98.25pt;\" width=\"131\" height=\"18\">Especifica\u00e7\u00e3o<\/td>\n<td style=\"width: 247.50pt;\" width=\"330\">Detalhes<\/td>\n<\/tr>\n<tr style=\"height: 13.50pt;\">\n<td style=\"height: 13.50pt;\" height=\"18\">Capacidade<\/td>\n<td>750ml<\/td>\n<\/tr>\n<tr style=\"height: 13.50pt;\">\n<td style=\"height: 13.50pt;\" height=\"18\">Dimens\u00f5es<\/td>\n<td>80\u00d7304mm<\/td>\n<\/tr>\n<tr style=\"height: 13.50pt;\">\n<td style=\"height: 13.50pt;\" height=\"18\">Material<\/td>\n<td>Vidro \u00e2mbar profundo<\/td>\n<\/tr>\n<tr style=\"height: 13.50pt;\">\n<td style=\"height: 13.50pt;\" height=\"18\">Escopo de personaliza\u00e7\u00e3o<\/td>\n<td>Cor, tamanho, tampas, acabamento<\/td>\n<\/tr>\n<tr style=\"height: 13.50pt;\">\n<td style=\"height: 13.50pt;\" height=\"18\">Finalidade do produto<\/td>\n<td>Garrafas de vinho premium, garrafas de presente de luxo<\/td>\n<\/tr>\n<tr style=\"height: 13.50pt;\">\n<td style=\"height: 13.50pt;\" height=\"18\">Ind\u00fastrias adequadas<\/td>\n<td>Vin\u00edcolas, Vinhedos, Restaurantes de Alta Gastronomia<\/td>\n<\/tr>\n<\/tbody>\n<\/table>\n<h2>Caso de Sucesso: Uma Cole\u00e7\u00e3o de Presentes Sofisticados para uma Vin\u00edcola Francesa<\/h2>\n<p>Uma vin\u00edcola francesa escolheu nossas garrafas de vinho de 750 ml, que foram projetadas ergonomicamente, com acabamento fosco e logotipo dourado impresso em serigrafia. O design diferenciado da al\u00e7a foi um dos fatores que impulsionaram um aumento de 40% nas vendas de kits para presente e de 75% no compartilhamento do novo design nas redes sociais. A vin\u00edcola ficou t\u00e3o satisfeita com o sucesso de vendas que encomendou mais 500.000 garrafas para atender \u00e0 demanda por presentes durante as pr\u00f3ximas tr\u00eas temporadas de festas.<\/p>\n<h2>Op\u00e7\u00f5es de personaliza\u00e7\u00e3o exclusiva de garrafas de vinho<\/h2>\n<ul>\n<li>Op\u00e7\u00f5es de cores: Dispon\u00edvel em \u00e2mbar claro, verde ou vidro transparente, para atender a diversas necessidades de bloqueio de luz.<\/li>\n<li>Relevo: Grave qualquer logotipo, padr\u00e3o varietal ou textura na \u00e1rea do cabo.<\/li>\n<li>Textura personalizada do cabo: Altere o padr\u00e3o de m\u00faltiplas ranhuras para criar padr\u00f5es ondulados, em forma de diamante ou outros formatos personalizados.<\/li>\n<\/ul>","protected":false},"excerpt":{"rendered":"<p>Nossas garrafas de vinho de 750ml possuem um vidro \u00e2mbar profundo que protege da luz. Essas garrafas exclusivas oferecem uma al\u00e7a ergon\u00f4mica rebaixada para uma pegada segura. Amostras gr\u00e1tis.<\/p>","protected":false},"featured_media":5650,"template":"","meta":{"postBodyCss":"","postBodyMargin":[],"postBodyPadding":[],"postBodyBackground":{"backgroundType":"classic","gradient":""}},"product_brand":[],"product_cat":[15,16,84],"product_tag":[],"class_list":{"0":"post-5648","1":"product","2":"type-product","3":"status-publish","4":"has-post-thumbnail","6":"product_cat-glass-containers","7":"product_cat-glass-bottles","8":"product_cat-wine-bottles","10":"first","11":"instock","12":"shipping-taxable","13":"product-type-simple"},"jetpack_sharing_enabled":true,"_links":{"self":[{"href":"https:\/\/minghanggroup.com\/pt\/wp-json\/wp\/v2\/product\/5648","targetHints":{"allow":["GET"]}}],"collection":[{"href":"https:\/\/minghanggroup.com\/pt\/wp-json\/wp\/v2\/product"}],"about":[{"href":"https:\/\/minghanggroup.com\/pt\/wp-json\/wp\/v2\/types\/product"}],"wp:featuredmedia":[{"embeddable":true,"href":"https:\/\/minghanggroup.com\/pt\/wp-json\/wp\/v2\/media\/5650"}],"wp:attachment":[{"href":"https:\/\/minghanggroup.com\/pt\/wp-json\/wp\/v2\/media?parent=5648"}],"wp:term":[{"taxonomy":"product_brand","embeddable":true,"href":"https:\/\/minghanggroup.com\/pt\/wp-json\/wp\/v2\/product_brand?post=5648"},{"taxonomy":"product_cat","embeddable":true,"href":"https:\/\/minghanggroup.com\/pt\/wp-json\/wp\/v2\/product_cat?post=5648"},{"taxonomy":"product_tag","embeddable":true,"href":"https:\/\/minghanggroup.com\/pt\/wp-json\/wp\/v2\/product_tag?post=5648"}],"curies":[{"name":"wp","href":"https:\/\/api.w.org\/{rel}","templated":true}]}}