{"id":5641,"date":"2026-02-22T10:19:05","date_gmt":"2026-02-22T02:19:05","guid":{"rendered":"https:\/\/minghanggroup.com\/?post_type=product&#038;p=5641"},"modified":"2026-02-09T11:57:43","modified_gmt":"2026-02-09T03:57:43","slug":"clear-1-liter-wine-bottles-with-slim-neck-wholesale","status":"publish","type":"product","link":"https:\/\/minghanggroup.com\/pt\/produto\/clear-1-liter-wine-bottles-with-slim-neck-wholesale\/","title":{"rendered":"Garrafas de vinho transparentes de 1 litro com gargalo fino para venda por atacado"},"content":{"rendered":"<p>Trata-se de uma garrafa de vinho de 1 litro produzida com o vidro de qualidade alimentar mais transparente, proporcionando um alto grau de clareza, o que a torna perfeita para engarrafar, armazenar e exibir vinhos.<\/p>\n<h2>Caracter\u00edsticas do produto<\/h2>\n<ul>\n<li><strong>Garrafa transparente:<\/strong> Esta garrafa \u00e9 feita de vidro transparente de alta pureza, cristalino, permitindo visualizar facilmente a cor e a textura do vinho.<\/li>\n<li><strong>Design padr\u00e3o de bra\u00e7o plano:<\/strong> O design do gargalo da garrafa \u00e9 o mais eficiente, projetado para ser usado com rolhas de corti\u00e7a padr\u00e3o e, portanto, mais adequado para vinhos antigos.<\/li>\n<li><strong>Capacidade padr\u00e3o de 1000 ml:<\/strong> A garrafa padr\u00e3o de 1000ml atende \u00e0s necessidades de consumo dom\u00e9stico, banquetes e envase comercial.<\/li>\n<\/ul>\n<h2 style=\"text-align: left;\">Especifica\u00e7\u00f5es principais<\/h2>\n<table class=\"aligncenter\" style=\"border-collapse: collapse; width: 325.52pt;\" border=\"0\" width=\"434\" cellspacing=\"0\" cellpadding=\"0\">\n<tbody>\n<tr style=\"height: 13.50pt;\">\n<td style=\"height: 13.50pt; width: 98.25pt;\" width=\"131\" height=\"18\">Especifica\u00e7\u00e3o<\/td>\n<td style=\"width: 227.25pt;\" width=\"303\">Detalhes<\/td>\n<\/tr>\n<tr style=\"height: 13.50pt;\">\n<td style=\"height: 13.50pt;\" height=\"18\">Capacidade<\/td>\n<td>1000ml (1 litro)<\/td>\n<\/tr>\n<tr style=\"height: 13.50pt;\">\n<td style=\"height: 13.50pt;\" height=\"18\">Dimens\u00f5es<\/td>\n<td>85\u00d7325mm<\/td>\n<\/tr>\n<tr style=\"height: 13.50pt;\">\n<td style=\"height: 13.50pt;\" height=\"18\">Material<\/td>\n<td>Vidro transparente<\/td>\n<\/tr>\n<tr style=\"height: 13.50pt;\">\n<td style=\"height: 13.50pt;\" height=\"18\">Formato de garrafa<\/td>\n<td>Cilindro de lados retos<\/td>\n<\/tr>\n<tr style=\"height: 13.50pt;\">\n<td style=\"height: 13.50pt;\" height=\"18\">Escopo de personaliza\u00e7\u00e3o<\/td>\n<td>Cor, tamanho, formato, tampas<\/td>\n<\/tr>\n<tr style=\"height: 13.50pt;\">\n<td style=\"height: 13.50pt;\" height=\"18\">Finalidade do produto<\/td>\n<td>Garrafa de vinho transparente, garrafas de vinho vazias<\/td>\n<\/tr>\n<tr style=\"height: 13.50pt;\">\n<td style=\"height: 13.50pt;\" height=\"18\">Ind\u00fastrias adequadas<\/td>\n<td>Vin\u00edcolas, Cervejarias, Destilarias<\/td>\n<\/tr>\n<\/tbody>\n<\/table>\n<h2>Caso de Sucesso: Vin\u00edcola do Noroeste do Pac\u00edfico - Hist\u00f3ria de Sucesso do Vinho Branco<\/h2>\n<p>Uma vin\u00edcola boutique do estado de Washington decidiu usar nossa garrafa de vinho de 1 litro, que foi gravada \u00e0 m\u00e3o com o nome da variedade da uva. Os resultados foram surpreendentes: a transpar\u00eancia da garrafa tornou-se um grande diferencial de vendas, como mencionado em 60% das avalia\u00e7\u00f5es positivas; as vendas de vinho branco aumentaram 15%; e a desconfian\u00e7a dos clientes em rela\u00e7\u00e3o \u00e0 cor do vinho diminuiu 20%. Diante desse sucesso, eles encomendaram mais 150.000 garrafas.<\/p>\n<h2>Opini\u00f5es sobre a cria\u00e7\u00e3o de garrafas de vinho transparentes<\/h2>\n<ul>\n<li>Cor e tonalidade do vidro: Est\u00e3o dispon\u00edveis em transparente ou extratransparente (baixo teor de ferro), ou em qualquer cor personalizada, como azul claro ou verde.<\/li>\n<li>Acabamento fosco ou mate: Usar um acabamento totalmente fosco ou mate, dependendo do desejo de ter uma apar\u00eancia suave e moderna.<\/li>\n<li>Diferen\u00e7a de capacidade: Capacidade padr\u00e3o de at\u00e9 750ml, capacidade grande de at\u00e9 150ml.<\/li>\n<\/ul>","protected":false},"excerpt":{"rendered":"<p>Garrafa de vinho de 1 litro, direto da f\u00e1brica, em vidro transparente premium. Esta garrafa transparente \u00e9 ideal para vinho branco, saqu\u00ea, coquet\u00e9is prontos para beber e para uma apresenta\u00e7\u00e3o moderna e elegante em prateleiras.<\/p>","protected":false},"featured_media":5644,"template":"","meta":{"postBodyCss":"","postBodyMargin":[],"postBodyPadding":[],"postBodyBackground":{"backgroundType":"classic","gradient":""}},"product_brand":[],"product_cat":[15,16,84],"product_tag":[],"class_list":{"0":"post-5641","1":"product","2":"type-product","3":"status-publish","4":"has-post-thumbnail","6":"product_cat-glass-containers","7":"product_cat-glass-bottles","8":"product_cat-wine-bottles","10":"first","11":"instock","12":"shipping-taxable","13":"product-type-simple"},"jetpack_sharing_enabled":true,"_links":{"self":[{"href":"https:\/\/minghanggroup.com\/pt\/wp-json\/wp\/v2\/product\/5641","targetHints":{"allow":["GET"]}}],"collection":[{"href":"https:\/\/minghanggroup.com\/pt\/wp-json\/wp\/v2\/product"}],"about":[{"href":"https:\/\/minghanggroup.com\/pt\/wp-json\/wp\/v2\/types\/product"}],"wp:featuredmedia":[{"embeddable":true,"href":"https:\/\/minghanggroup.com\/pt\/wp-json\/wp\/v2\/media\/5644"}],"wp:attachment":[{"href":"https:\/\/minghanggroup.com\/pt\/wp-json\/wp\/v2\/media?parent=5641"}],"wp:term":[{"taxonomy":"product_brand","embeddable":true,"href":"https:\/\/minghanggroup.com\/pt\/wp-json\/wp\/v2\/product_brand?post=5641"},{"taxonomy":"product_cat","embeddable":true,"href":"https:\/\/minghanggroup.com\/pt\/wp-json\/wp\/v2\/product_cat?post=5641"},{"taxonomy":"product_tag","embeddable":true,"href":"https:\/\/minghanggroup.com\/pt\/wp-json\/wp\/v2\/product_tag?post=5641"}],"curies":[{"name":"wp","href":"https:\/\/api.w.org\/{rel}","templated":true}]}}