{"id":5630,"date":"2026-02-06T16:17:18","date_gmt":"2026-02-06T08:17:18","guid":{"rendered":"https:\/\/minghanggroup.com\/?post_type=product&#038;p=5630"},"modified":"2026-04-14T09:29:24","modified_gmt":"2026-04-14T01:29:24","slug":"frosted-750ml-volume-wine-bottle-for-packaging-bulk","status":"publish","type":"product","link":"https:\/\/minghanggroup.com\/pt\/produto\/frosted-750ml-volume-wine-bottle-for-packaging-bulk\/","title":{"rendered":"Garrafa de vinho fosca de 750ml para embalagens a granel"},"content":{"rendered":"<p>Voc\u00ea quer que sua marca seja palp\u00e1vel. Nossas garrafas de vinho em grande volume proporcionam exatamente isso: textura fosca suave, zero brilho e zero marcas de dedos. Com o design cl\u00e1ssico da garrafa de vinho Bordeaux, cada garrafa de 750 ml est\u00e1 dispon\u00edvel em vidro transparente fosco ou verde-oliva. Combine com rolhas de corti\u00e7a natural para o charme cl\u00e1ssico da rolha ou com rolhas sint\u00e9ticas para uma produ\u00e7\u00e3o de vinho impec\u00e1vel. Como seu parceiro de confian\u00e7a para pedidos de garrafas de vinho em grande volume, facilitamos a expans\u00e3o da sua produ\u00e7\u00e3o, seja para vinhos tintos, claretes, borgonha ou para o lan\u00e7amento de espumantes. Isso n\u00e3o \u00e9 apenas uma embalagem. \u00c9 uma narrativa sensorial.<\/p>\n<h2>Caracter\u00edsticas do produto<\/h2>\n<ul>\n<li><strong>Toque luxuoso fosco:<\/strong> A superf\u00edcie macia e fosca n\u00e3o s\u00f3 proporciona uma sensa\u00e7\u00e3o luxuosa ao toque, como tamb\u00e9m evita manchas, tornando-a ideal para prateleiras de lojas ou conjuntos de presentes onde garrafas de vinho vazias se transformam em itens preciosos.<\/li>\n<li><strong>Hist\u00f3ria em duas cores:<\/strong> Garrafas transparentes foscas permitem que a cor do seu vinho seja o destaque; o verde-oliva oferece uma leve prote\u00e7\u00e3o contra os raios UV. Voc\u00ea \u00e9 f\u00e3 de verde-champanhe? Tamb\u00e9m podemos fazer nessa cor para voc\u00ea.<\/li>\n<li><strong>Base est\u00e1vel para chute:<\/strong> O fundo refor\u00e7ado e rebaixado foi projetado para proporcionar grande estabilidade durante o transporte, a exposi\u00e7\u00e3o e quando as garrafas de vinho vazias s\u00e3o transformadas em dispensadores de azeite ou vasos de flores.<\/li>\n<\/ul>\n<h2>Especifica\u00e7\u00f5es principais<\/h2>\n<table style=\"border-collapse: collapse; width: 80%; margin-left: auto; margin-right: auto;\" border=\"0\" width=\"144\" cellspacing=\"0\" cellpadding=\"0\">\n<tbody>\n<tr style=\"height: 13.50pt;\">\n<td style=\"height: 13.5pt; width: 54pt; text-align: center;\" width=\"72\" height=\"18\">Recurso<\/td>\n<td style=\"width: 54pt; text-align: center;\" width=\"72\">Detalhe<\/td>\n<\/tr>\n<tr style=\"height: 13.50pt;\">\n<td style=\"height: 13.5pt; text-align: center;\" height=\"18\">Capacidade<\/td>\n<td style=\"text-align: center;\">750ml<\/td>\n<\/tr>\n<tr style=\"height: 13.50pt;\">\n<td style=\"height: 13.5pt; text-align: center;\" height=\"18\">Dimens\u00f5es<\/td>\n<td style=\"text-align: center;\">8,4 \u00d7 29,2 cm<\/td>\n<\/tr>\n<tr style=\"height: 13.50pt;\">\n<td style=\"height: 13.5pt; text-align: center;\" height=\"18\">Terminar<\/td>\n<td style=\"text-align: center;\">Fosco<\/td>\n<\/tr>\n<tr style=\"height: 13.50pt;\">\n<td style=\"height: 13.5pt; text-align: center;\" height=\"18\">Cores<\/td>\n<td style=\"text-align: center;\">Cinza claro fosco, verde oliva fosco<\/td>\n<\/tr>\n<tr style=\"height: 13.50pt;\">\n<td style=\"height: 13.5pt; text-align: center;\" height=\"18\">Pesco\u00e7o<\/td>\n<td style=\"text-align: center;\">1,8 cm<\/td>\n<\/tr>\n<tr style=\"height: 13.50pt;\">\n<td style=\"height: 13.5pt; text-align: center;\" height=\"18\">Encerramento<\/td>\n<td style=\"text-align: center;\">Rolhas de corti\u00e7a natural para vinho, rolha sint\u00e9tica<\/td>\n<\/tr>\n<tr style=\"height: 13.50pt;\">\n<td style=\"height: 13.5pt; text-align: center;\" height=\"18\">Ideal para<\/td>\n<td style=\"text-align: center;\">Vinhos tintos, Claret, Borgonha, Vinho caseiro, Vinho espumante*, Garrafas de bebidas alco\u00f3licas<\/td>\n<\/tr>\n<\/tbody>\n<\/table>\n<h2>Caso de sucesso<\/h2>\n<p>Uma marca de vinhos europeia de luxo decidiu usar nossa garrafa de vinho fosca de 750ml como embalagem principal para o lan\u00e7amento de sua s\u00e9rie \u00fanica. Aplicamos um acabamento fosco suave na superf\u00edcie da garrafa e modificamos ligeiramente suas dimens\u00f5es para se adequarem ao estilo do vinho, conferindo-lhe uma apar\u00eancia mais sofisticada e refinada. Al\u00e9m disso, implementamos um design frontal com base refor\u00e7ada para garantir melhor ader\u00eancia e maior seguran\u00e7a durante o transporte. A garrafa vem com uma tampa padr\u00e3o, sendo totalmente compat\u00edvel com a linha de engarrafamento existente da marca e reduzindo os custos de adapta\u00e7\u00e3o a um m\u00ednimo.<\/p>\n<p>Durante o primeiro trimestre de vendas ap\u00f3s o lan\u00e7amento da nova embalagem, as vendas da linha nos pontos de distribui\u00e7\u00e3o aumentaram cerca de 32% em rela\u00e7\u00e3o ao ano anterior. A pesquisa com os clientes mostrou uma visibilidade significativamente maior nas prateleiras e um aumento na percep\u00e7\u00e3o de valor da marca. Ap\u00f3s tr\u00eas meses, o cliente fez um segundo pedido, resultando em uma parceria s\u00f3lida e de longo prazo.<\/p>\n<h2>Suas op\u00e7\u00f5es de personaliza\u00e7\u00e3o<\/h2>\n<ol>\n<li><strong>Cor do vidro personalizada:<\/strong> Al\u00e9m do verde claro ou escuro padr\u00e3o, tamb\u00e9m oferecemos op\u00e7\u00f5es de cores com baixa satura\u00e7\u00e3o, como o cinza esfuma\u00e7ado claro e o cinza champanhe, que combinam melhor com vinhos de alta gama, sofisticados ou de estilo natural.<\/li>\n<li><strong>Logotipos da marca em relevo ou baixo-relevo:<\/strong> Um logotipo ou data em relevo oculto pode ser colocado no ombro ou no meio da garrafa, contando assim a hist\u00f3ria da marca sem a necessidade de r\u00f3tulos adicionais.<\/li>\n<li><strong>Tratamentos especiais de textura de superf\u00edcie:<\/strong> Al\u00e9m do acabamento fosco padr\u00e3o, podemos fornecer texturas como areia fina, seda ou micropart\u00edculas, que podem aumentar consideravelmente a experi\u00eancia t\u00e1til do cliente ao segurar a garrafa.<\/li>\n<\/ol>","protected":false},"excerpt":{"rendered":"<p>Garrafa de vinho de 750ml com elegante acabamento fosco. Fornecimento direto da f\u00e1brica e envio r\u00e1pido para marcas de vinho. Amostras gr\u00e1tis.<\/p>","protected":false},"featured_media":5634,"template":"","meta":{"postBodyCss":"","postBodyMargin":[],"postBodyPadding":[],"postBodyBackground":{"backgroundType":"classic","gradient":""}},"product_brand":[],"product_cat":[15,16,84],"product_tag":[109],"class_list":{"0":"post-5630","1":"product","2":"type-product","3":"status-publish","4":"has-post-thumbnail","6":"product_cat-glass-containers","7":"product_cat-glass-bottles","8":"product_cat-wine-bottles","9":"product_tag-glass-champagne-bottles","11":"first","12":"instock","13":"shipping-taxable","14":"product-type-simple"},"jetpack_sharing_enabled":true,"_links":{"self":[{"href":"https:\/\/minghanggroup.com\/pt\/wp-json\/wp\/v2\/product\/5630","targetHints":{"allow":["GET"]}}],"collection":[{"href":"https:\/\/minghanggroup.com\/pt\/wp-json\/wp\/v2\/product"}],"about":[{"href":"https:\/\/minghanggroup.com\/pt\/wp-json\/wp\/v2\/types\/product"}],"wp:featuredmedia":[{"embeddable":true,"href":"https:\/\/minghanggroup.com\/pt\/wp-json\/wp\/v2\/media\/5634"}],"wp:attachment":[{"href":"https:\/\/minghanggroup.com\/pt\/wp-json\/wp\/v2\/media?parent=5630"}],"wp:term":[{"taxonomy":"product_brand","embeddable":true,"href":"https:\/\/minghanggroup.com\/pt\/wp-json\/wp\/v2\/product_brand?post=5630"},{"taxonomy":"product_cat","embeddable":true,"href":"https:\/\/minghanggroup.com\/pt\/wp-json\/wp\/v2\/product_cat?post=5630"},{"taxonomy":"product_tag","embeddable":true,"href":"https:\/\/minghanggroup.com\/pt\/wp-json\/wp\/v2\/product_tag?post=5630"}],"curies":[{"name":"wp","href":"https:\/\/api.w.org\/{rel}","templated":true}]}}