{"id":5625,"date":"2026-02-06T15:09:31","date_gmt":"2026-02-06T07:09:31","guid":{"rendered":"https:\/\/minghanggroup.com\/?post_type=product&#038;p=5625"},"modified":"2026-04-14T09:29:41","modified_gmt":"2026-04-14T01:29:41","slug":"bordeaux-shape-wine-bottle-750-ml-for-bulk","status":"publish","type":"product","link":"https:\/\/minghanggroup.com\/pt\/produto\/bordeaux-shape-wine-bottle-750-ml-for-bulk\/","title":{"rendered":"Garrafa de vinho em formato Bordeaux, 750 ml, para compra em grande quantidade."},"content":{"rendered":"<p>Voc\u00ea dedica paix\u00e3o a cada lote \u2014 agora, d\u00ea a ele um lar que o valorize. Nossa garrafa de vinho de 750 ml brilha em vidro cristalino transparente para real\u00e7ar o rubi do seu clarete ou em um tom verde-oliva protetor (um primo elegante do Bordeaux verde) para o envelhecimento do Borgonha. O formato atemporal desta garrafa de vinho Bordeaux se encaixa perfeitamente em adegas, veda com seguran\u00e7a com rolhas de corti\u00e7a ou sint\u00e9ticas e transforma garrafas de vinho vazias em lembran\u00e7as preciosas. Como sua fonte de refer\u00eancia para garrafas de vinho, criamos garrafas de vidro que trabalham tanto quanto voc\u00ea \u2014 seja para engarrafar vinhos tintos, vinhos caseiros ou planejar edi\u00e7\u00f5es de espumantes.<\/p>\n<h2>Caracter\u00edsticas do produto<\/h2>\n<ul>\n<li><strong>Silhueta aut\u00eantica de Bordeaux:<\/strong> As curvas suaves dos ombros, juntamente com um gargalo esguio, conferem \u00e0 garrafa de vinho o formato cl\u00e1ssico que os clientes reconhecer\u00e3o imediatamente: fica bonita nas prateleiras do supermercado e \u00e9 agrad\u00e1vel ao toque.<\/li>\n<li><strong>Clareza ou prote\u00e7\u00e3o:<\/strong> Escolha o vidro transparente se quiser exibir a cor intensa ou opte pelo verde-oliva (o estilo perfeito das garrafas de vinho verde) para prote\u00e7\u00e3o UV. \u00c9 f\u00e3 do verde champanhe? Tamb\u00e9m temos essa cor na nossa gama.<\/li>\n<li><strong>Projeto de base est\u00e1vel para chute:<\/strong> O fundo refor\u00e7ado e profundo garante uma estabilidade s\u00f3lida e firme, n\u00e3o s\u00f3 durante o transporte e a exposi\u00e7\u00e3o, mas tamb\u00e9m caso queira reutilizar as garrafas de vinho vazias como dispensadores de azeite.<\/li>\n<\/ul>\n<h2>Especifica\u00e7\u00f5es principais<\/h2>\n<table style=\"border-collapse: collapse; width: 80%; margin-left: auto; margin-right: auto;\" border=\"0\" width=\"144\" cellspacing=\"0\" cellpadding=\"0\">\n<tbody>\n<tr style=\"height: 13.50pt;\">\n<td style=\"height: 13.5pt; width: 54pt; text-align: center;\" width=\"72\" height=\"18\">Recurso<\/td>\n<td style=\"width: 54pt; text-align: center;\" width=\"72\">Detalhe<\/td>\n<\/tr>\n<tr style=\"height: 13.50pt;\">\n<td style=\"height: 13.5pt; text-align: center;\" height=\"18\">Capacidade<\/td>\n<td style=\"text-align: center;\">750 ml<\/td>\n<\/tr>\n<tr style=\"height: 13.50pt;\">\n<td style=\"height: 13.5pt; text-align: center;\" height=\"18\">Dimens\u00f5es<\/td>\n<td style=\"text-align: center;\">8,4 \u00d7 29,2 cm<\/td>\n<\/tr>\n<tr style=\"height: 13.50pt;\">\n<td style=\"height: 13.5pt; text-align: center;\" height=\"18\">Acabamento do bra\u00e7o<\/td>\n<td style=\"text-align: center;\">1,8 cm<\/td>\n<\/tr>\n<tr style=\"height: 13.50pt;\">\n<td style=\"height: 13.5pt; text-align: center;\" height=\"18\">Cores<\/td>\n<td style=\"text-align: center;\">Vidro transparente, verde-oliva ou personalizado.<\/td>\n<\/tr>\n<tr style=\"height: 13.50pt;\">\n<td style=\"height: 13.5pt; text-align: center;\" height=\"18\">Op\u00e7\u00f5es de fechamento<\/td>\n<td style=\"text-align: center;\">Rolhas de corti\u00e7a natural para vinho, rolha sint\u00e9tica<\/td>\n<\/tr>\n<\/tbody>\n<\/table>\n<h2>Caso de sucesso<\/h2>\n<p>Uma vin\u00edcola boutique europeia escolheu nossa garrafa de vinho estilo Bordeaux de 750ml para o lan\u00e7amento de sua principal linha de vinhos tintos. Para refletir sua imagem de luxo, oferecemos ao cliente as melhores op\u00e7\u00f5es de personaliza\u00e7\u00e3o: a cor da garrafa foi obtida com uma f\u00f3rmula especial em verde-oliva profundo para maximizar a prote\u00e7\u00e3o contra a luz; o emblema da vin\u00edcola foi gravado em relevo no ombro da garrafa; e a base da garrafa foi aprofundada para aprimorar a textura e a estabilidade. Tamb\u00e9m criamos uma tampa sob medida que combina com as cores do r\u00f3tulo.<\/p>\n<p>Ap\u00f3s o lan\u00e7amento, a nova embalagem proporcionou um aumento significativo na visibilidade do produto nas prateleiras dos pontos de venda, e as vendas da linha cresceram cerca de 38% no primeiro trimestre. Diante da receptividade do mercado, a vin\u00edcola fez um segundo pedido de grande volume em seis meses e adotou esse tipo de garrafa como sua solu\u00e7\u00e3o padr\u00e3o de embalagem de longo prazo, consolidando ainda mais a imagem da marca e impulsionando as vendas por meio de seus canais de distribui\u00e7\u00e3o.<\/p>\n<h2>Suas op\u00e7\u00f5es de personaliza\u00e7\u00e3o<\/h2>\n<ol>\n<li><strong>Op\u00e7\u00f5es de acabamento da superf\u00edcie da garrafa:<\/strong> Escolha entre alguns acabamentos, como um jateamento de areia fino ou uma superf\u00edcie lisa e sedosa para tornar a garrafa mais luxuosa ao toque e \u00e0 exposi\u00e7\u00e3o.<\/li>\n<li><strong>Design com detalhes em relevo e baixo-relevo:<\/strong>Utilize o logotipo da vin\u00edcola, as safras dos vinhos ou s\u00edmbolos exclusivos no ombro ou no fundo da garrafa para aumentar o reconhecimento da marca.<\/li>\n<li><strong>Compatibilidade personaliz\u00e1vel com gargalos e tampas de garrafa:<\/strong> Ajuste o di\u00e2metro do gargalo para rolhas de corti\u00e7a natural, rolhas sint\u00e9ticas ou tampas de rosca para atender \u00e0s regulamenta\u00e7\u00f5es e prefer\u00eancias do consumidor nas \u00e1reas de mercado que voc\u00ea est\u00e1 visando.<\/li>\n<\/ol>","protected":false},"excerpt":{"rendered":"<p>Garrafa de vinho de alta qualidade, 750 ml, para vin\u00edcolas e marcas. Direto da f\u00e1brica, com suporte para personaliza\u00e7\u00e3o em grande escala e entrega r\u00e1pida.<\/p>","protected":false},"featured_media":5629,"template":"","meta":{"postBodyCss":"","postBodyMargin":[],"postBodyPadding":[],"postBodyBackground":{"backgroundType":"classic","gradient":""}},"product_brand":[],"product_cat":[15,16,84],"product_tag":[109],"class_list":{"0":"post-5625","1":"product","2":"type-product","3":"status-publish","4":"has-post-thumbnail","6":"product_cat-glass-containers","7":"product_cat-glass-bottles","8":"product_cat-wine-bottles","9":"product_tag-glass-champagne-bottles","11":"first","12":"instock","13":"shipping-taxable","14":"product-type-simple"},"jetpack_sharing_enabled":true,"_links":{"self":[{"href":"https:\/\/minghanggroup.com\/pt\/wp-json\/wp\/v2\/product\/5625","targetHints":{"allow":["GET"]}}],"collection":[{"href":"https:\/\/minghanggroup.com\/pt\/wp-json\/wp\/v2\/product"}],"about":[{"href":"https:\/\/minghanggroup.com\/pt\/wp-json\/wp\/v2\/types\/product"}],"wp:featuredmedia":[{"embeddable":true,"href":"https:\/\/minghanggroup.com\/pt\/wp-json\/wp\/v2\/media\/5629"}],"wp:attachment":[{"href":"https:\/\/minghanggroup.com\/pt\/wp-json\/wp\/v2\/media?parent=5625"}],"wp:term":[{"taxonomy":"product_brand","embeddable":true,"href":"https:\/\/minghanggroup.com\/pt\/wp-json\/wp\/v2\/product_brand?post=5625"},{"taxonomy":"product_cat","embeddable":true,"href":"https:\/\/minghanggroup.com\/pt\/wp-json\/wp\/v2\/product_cat?post=5625"},{"taxonomy":"product_tag","embeddable":true,"href":"https:\/\/minghanggroup.com\/pt\/wp-json\/wp\/v2\/product_tag?post=5625"}],"curies":[{"name":"wp","href":"https:\/\/api.w.org\/{rel}","templated":true}]}}