{"id":5620,"date":"2026-02-19T13:43:05","date_gmt":"2026-02-19T05:43:05","guid":{"rendered":"https:\/\/minghanggroup.com\/?post_type=product&#038;p=5620"},"modified":"2026-02-06T16:36:27","modified_gmt":"2026-02-06T08:36:27","slug":"olive-green-miniature-wine-bottles-wholesale","status":"publish","type":"product","link":"https:\/\/minghanggroup.com\/pt\/produto\/olive-green-miniature-wine-bottles-wholesale\/","title":{"rendered":"Garrafas de vinho em miniatura verde-oliva de 180ml no atacado"},"content":{"rendered":"<p>Estas mini garrafas de vinho s\u00e3o feitas de vidro verde-oliva de alta qualidade, resistente aos raios UV. Seu corpo reto e largo se curva em dire\u00e7\u00e3o a um gargalo rosqueado, ideal tamb\u00e9m para uso em kits de degusta\u00e7\u00e3o, como lembrancinhas de casamento ou para servir uma \u00fanica dose.<\/p>\n<h2>Caracter\u00edsticas do produto<\/h2>\n<ul>\n<li><strong>Prote\u00e7\u00e3o UV:<\/strong> O vidro verde-oliva protege contra a luz prejudicial, garantindo que seu vinho mantenha sempre a alta qualidade e dure por muito tempo.<\/li>\n<li><strong>Design de cilindro reto e barriga larga:<\/strong> Esta mini garrafa de vinho reta e de boca larga ser\u00e1 pr\u00e1tica para armazen\u00e1-las, al\u00e9m de ser um atrativo para kits de degusta\u00e7\u00e3o e embalagens de presente.<\/li>\n<li><strong>Multiuso:<\/strong> \u00c9 pequeno o suficiente para ser usado em degusta\u00e7\u00f5es de vinho, como brinde personalizado e como embalagem de refil.<\/li>\n<\/ul>\n<h2 style=\"text-align: left;\">Especifica\u00e7\u00f5es principais<\/h2>\n<table class=\"aligncenter\" style=\"border-collapse: collapse; width: 345.77pt;\" border=\"0\" width=\"461\" cellspacing=\"0\" cellpadding=\"0\">\n<tbody>\n<tr style=\"height: 13.50pt;\">\n<td style=\"height: 13.50pt; width: 115.50pt;\" width=\"154\" height=\"18\">Especifica\u00e7\u00e3o<\/td>\n<td style=\"width: 230.25pt;\" width=\"307\">Detalhes<\/td>\n<\/tr>\n<tr style=\"height: 13.50pt;\">\n<td style=\"height: 13.50pt;\" height=\"18\">Capacidade<\/td>\n<td>180ml<\/td>\n<\/tr>\n<tr style=\"height: 13.50pt;\">\n<td style=\"height: 13.50pt;\" height=\"18\">Dimens\u00f5es<\/td>\n<td>52\u00d7168mm<\/td>\n<\/tr>\n<tr style=\"height: 13.50pt;\">\n<td style=\"height: 13.50pt;\" height=\"18\">Material<\/td>\n<td>Vidro verde-oliva de alta qualidade<\/td>\n<\/tr>\n<tr style=\"height: 13.50pt;\">\n<td style=\"height: 13.50pt;\" height=\"18\">Escopo de personaliza\u00e7\u00e3o<\/td>\n<td>Tamanho, Cor, Formato, Tampas<\/td>\n<\/tr>\n<tr style=\"height: 13.50pt;\">\n<td style=\"height: 13.50pt;\" height=\"18\">Finalidade do produto<\/td>\n<td>Garrafas de vinho em miniatura, garrafas para degusta\u00e7\u00e3o<\/td>\n<\/tr>\n<tr style=\"height: 13.50pt;\">\n<td style=\"height: 13.50pt;\" height=\"18\">Ind\u00fastrias adequadas<\/td>\n<td>Vin\u00edcolas, Vinhedos, Hot\u00e9is<\/td>\n<\/tr>\n<\/tbody>\n<\/table>\n<h2>Caso de sucesso: Projeto de parceria entre companhia a\u00e9rea e hotel de vin\u00edcola italiana<\/h2>\n<p>Uma vin\u00edcola italiana demonstrou interesse em distribuir seus vinhos de alta qualidade para companhias a\u00e9reas e hot\u00e9is. Para isso, escolheram garrafas de vinho de 180 ml com tampa de rosca dourada personalizada. O vidro verde-oliva com prote\u00e7\u00e3o UV garante a conserva\u00e7\u00e3o do vinho por at\u00e9 24 meses. O tamanho de 180 ml \u00e9 ideal para servir bebidas, o que resultou em um aumento de 60% nas vendas por meio desses canais. Essa parceria abrangente deixou a vin\u00edcola bastante satisfeita, que, por isso, fez um novo pedido de 3 milh\u00f5es de garrafas para seus parceiros internacionais, com um contrato de tr\u00eas anos.<\/p>\n<h2>Personaliza\u00e7\u00e3o de Garrafas de Vinho em Miniatura<\/h2>\n<ul>\n<li>Tons de verde criados artificialmente: O verde-oliva pode ser um tom mais claro, pr\u00f3ximo ao verde-s\u00e1lvia, ou um tom mais escuro, quase verde-floresta.<\/li>\n<li>Marca\u00e7\u00e3o de volume em relevo: Uma pequena marca em relevo de 180 ml no ombro da garrafa.<\/li>\n<li>Grava\u00e7\u00e3o a laser: Grave um pequeno c\u00f3digo de lote, logotipo da marca ou pequeno padr\u00e3o no fundo da garrafa.<\/li>\n<\/ul>","protected":false},"excerpt":{"rendered":"<p>Personalize sua mini garrafa de vinho com logotipo ou cor para kits de degusta\u00e7\u00e3o ou presentes. Garrafas de vinho em miniatura com suporte para servi\u00e7os OEM profissionais. Amostra gr\u00e1tis.<\/p>","protected":false},"featured_media":5621,"template":"","meta":{"postBodyCss":"","postBodyMargin":[],"postBodyPadding":[],"postBodyBackground":{"backgroundType":"classic","gradient":""}},"product_brand":[],"product_cat":[15,16,84],"product_tag":[],"class_list":{"0":"post-5620","1":"product","2":"type-product","3":"status-publish","4":"has-post-thumbnail","6":"product_cat-glass-containers","7":"product_cat-glass-bottles","8":"product_cat-wine-bottles","10":"first","11":"instock","12":"shipping-taxable","13":"product-type-simple"},"jetpack_sharing_enabled":true,"_links":{"self":[{"href":"https:\/\/minghanggroup.com\/pt\/wp-json\/wp\/v2\/product\/5620","targetHints":{"allow":["GET"]}}],"collection":[{"href":"https:\/\/minghanggroup.com\/pt\/wp-json\/wp\/v2\/product"}],"about":[{"href":"https:\/\/minghanggroup.com\/pt\/wp-json\/wp\/v2\/types\/product"}],"wp:featuredmedia":[{"embeddable":true,"href":"https:\/\/minghanggroup.com\/pt\/wp-json\/wp\/v2\/media\/5621"}],"wp:attachment":[{"href":"https:\/\/minghanggroup.com\/pt\/wp-json\/wp\/v2\/media?parent=5620"}],"wp:term":[{"taxonomy":"product_brand","embeddable":true,"href":"https:\/\/minghanggroup.com\/pt\/wp-json\/wp\/v2\/product_brand?post=5620"},{"taxonomy":"product_cat","embeddable":true,"href":"https:\/\/minghanggroup.com\/pt\/wp-json\/wp\/v2\/product_cat?post=5620"},{"taxonomy":"product_tag","embeddable":true,"href":"https:\/\/minghanggroup.com\/pt\/wp-json\/wp\/v2\/product_tag?post=5620"}],"curies":[{"name":"wp","href":"https:\/\/api.w.org\/{rel}","templated":true}]}}