{"id":5615,"date":"2026-02-06T10:42:20","date_gmt":"2026-02-06T02:42:20","guid":{"rendered":"https:\/\/minghanggroup.com\/?post_type=product&#038;p=5615"},"modified":"2026-02-06T16:32:24","modified_gmt":"2026-02-06T08:32:24","slug":"small-red-wine-bottles-for-favors-wholesale","status":"publish","type":"product","link":"https:\/\/minghanggroup.com\/pt\/produto\/small-red-wine-bottles-for-favors-wholesale\/","title":{"rendered":"Garrafas pequenas de vinho tinto de 190ml para lembrancinhas (venda por atacado)"},"content":{"rendered":"<p>\u00c9 uma garrafa de vinho tinto com linhas suaves e elegantes, que se estreitam graciosamente at\u00e9 um gargalo rosqueado. Sua cor \u00e2mbar escura e rica \u00e9 um ponto forte, valorizado por sua excelente prote\u00e7\u00e3o contra os raios UV, que comprovadamente preserva o vinho em seu interior.<\/p>\n<h2>Caracter\u00edsticas do produto<\/h2>\n<ul>\n<li><strong>Material de prote\u00e7\u00e3o contra luz \u00e2mbar profundo:<\/strong> A ta\u00e7a de cor \u00e2mbar escura \u00e9 muito eficaz no bloqueio dos raios UV, garantindo assim que o vinho n\u00e3o oxide e, consequentemente, n\u00e3o perca o seu sabor.<\/li>\n<li><strong>Design de garrafa curva:<\/strong> A garrafa possui uma superf\u00edcie c\u00f4ncava que \u00e9 sinal de sofistica\u00e7\u00e3o e eleg\u00e2ncia, demonstrando alta qualidade.<\/li>\n<li><strong>Encadeamento:<\/strong> O gargalo rosqueado encaixa-se perfeitamente na tampa de veda\u00e7\u00e3o met\u00e1lica, que possui uma veda\u00e7\u00e3o \u00e0 prova de vazamentos, garantindo que o vinho permane\u00e7a hermeticamente fechado e conserve por mais tempo na prateleira.<\/li>\n<\/ul>\n<h2 style=\"text-align: left;\">Especifica\u00e7\u00f5es principais<\/h2>\n<table class=\"aligncenter\" style=\"border-collapse: collapse; width: 494.27pt;\" border=\"0\" width=\"659\" cellspacing=\"0\" cellpadding=\"0\">\n<tbody>\n<tr style=\"height: 13.50pt;\">\n<td style=\"height: 13.50pt; width: 115.50pt;\" width=\"154\" height=\"18\">Especifica\u00e7\u00e3o<\/td>\n<td style=\"width: 378.75pt;\" width=\"505\">Detalhes<\/td>\n<\/tr>\n<tr style=\"height: 13.50pt;\">\n<td style=\"height: 13.50pt;\" height=\"18\">Capacidade<\/td>\n<td>190ml<\/td>\n<\/tr>\n<tr style=\"height: 13.50pt;\">\n<td style=\"height: 13.50pt;\" height=\"18\">Dimens\u00f5es<\/td>\n<td>55\u00d7172mm<\/td>\n<\/tr>\n<tr style=\"height: 13.50pt;\">\n<td style=\"height: 13.50pt;\" height=\"18\">Material<\/td>\n<td>Vidro \u00e2mbar profundo de alta qualidade<\/td>\n<\/tr>\n<tr style=\"height: 13.50pt;\">\n<td style=\"height: 13.50pt;\" height=\"18\">Formato de garrafa<\/td>\n<td>Cintura curva com base arredondada, decote fino e abertura com costura.<\/td>\n<\/tr>\n<tr style=\"height: 13.50pt;\">\n<td style=\"height: 13.50pt;\" height=\"18\">Escopo de personaliza\u00e7\u00e3o<\/td>\n<td>Cor, tamanho, tampas, acabamento<\/td>\n<\/tr>\n<tr style=\"height: 13.50pt;\">\n<td style=\"height: 13.50pt;\" height=\"18\">Finalidade do produto<\/td>\n<td>Garrafas de vinho premium para lembrancinhas, garrafinhas de vinho pequenas para lembrancinhas.<\/td>\n<\/tr>\n<tr style=\"height: 13.50pt;\">\n<td style=\"height: 13.50pt;\" height=\"18\">Ind\u00fastrias adequadas<\/td>\n<td>Vin\u00edcolas, organizadores de eventos, fornecedores para casamentos<\/td>\n<\/tr>\n<\/tbody>\n<\/table>\n<h2>Caso de sucesso: Pacote de lembrancinhas de casamento em uma vin\u00edcola no Texas Hillside.<\/h2>\n<p>Uma vin\u00edcola no Texas criou um pacote de lembrancinhas de casamento sofisticado. Eles escolheram nossas pequenas garrafas de vinho tinto como lembrancinhas e as personalizaram com as iniciais do casal impressas em serigrafia. Essas garrafas de vidro com prote\u00e7\u00e3o UV t\u00eam a capacidade de conservar o vinho por at\u00e9 18 meses. O elegante modelo de 190 ml foi um sucesso e 90% dos casais optaram por ele em vez da mini garrafa tradicional. O projeto foi um sucesso e, como resultado, a vin\u00edcola fez um novo pedido de 750.000 garrafas para serem usadas em casamentos e eventos corporativos dentro de dois anos.<\/p>\n<h2>Personaliza\u00e7\u00e3o de garrafas de vinho tinto<\/h2>\n<ul>\n<li>Tom \u00e2mbar personalizado: Para transformar o \u00e2mbar claro, cor de mel, em um marrom escuro e quase opaco.<\/li>\n<li>Acabamento fosco ou mate: O acabamento fosco \u00e9 suave e luxuoso \u00e0 vista, sendo o difusor de luz ideal.<\/li>\n<li>Design personalizado da base da garrafa: Adicione um design especial em relevo ou uma assinatura \u00e0 base da garrafa.<\/li>\n<\/ul>","protected":false},"excerpt":{"rendered":"<p>Garrafa de vinho tinto premium de 190ml em vidro \u00e2mbar escuro com prote\u00e7\u00e3o UV e um visual refinado. Garrafas de vinho pequenas, perfeitas para lembrancinhas. Amostras gr\u00e1tis mediante solicita\u00e7\u00e3o.<\/p>","protected":false},"featured_media":5618,"template":"","meta":{"postBodyCss":"","postBodyMargin":[],"postBodyPadding":[],"postBodyBackground":{"backgroundType":"classic","gradient":""}},"product_brand":[],"product_cat":[15,16,84],"product_tag":[],"class_list":{"0":"post-5615","1":"product","2":"type-product","3":"status-publish","4":"has-post-thumbnail","6":"product_cat-glass-containers","7":"product_cat-glass-bottles","8":"product_cat-wine-bottles","10":"first","11":"instock","12":"shipping-taxable","13":"product-type-simple"},"jetpack_sharing_enabled":true,"_links":{"self":[{"href":"https:\/\/minghanggroup.com\/pt\/wp-json\/wp\/v2\/product\/5615","targetHints":{"allow":["GET"]}}],"collection":[{"href":"https:\/\/minghanggroup.com\/pt\/wp-json\/wp\/v2\/product"}],"about":[{"href":"https:\/\/minghanggroup.com\/pt\/wp-json\/wp\/v2\/types\/product"}],"wp:featuredmedia":[{"embeddable":true,"href":"https:\/\/minghanggroup.com\/pt\/wp-json\/wp\/v2\/media\/5618"}],"wp:attachment":[{"href":"https:\/\/minghanggroup.com\/pt\/wp-json\/wp\/v2\/media?parent=5615"}],"wp:term":[{"taxonomy":"product_brand","embeddable":true,"href":"https:\/\/minghanggroup.com\/pt\/wp-json\/wp\/v2\/product_brand?post=5615"},{"taxonomy":"product_cat","embeddable":true,"href":"https:\/\/minghanggroup.com\/pt\/wp-json\/wp\/v2\/product_cat?post=5615"},{"taxonomy":"product_tag","embeddable":true,"href":"https:\/\/minghanggroup.com\/pt\/wp-json\/wp\/v2\/product_tag?post=5615"}],"curies":[{"name":"wp","href":"https:\/\/api.w.org\/{rel}","templated":true}]}}