{"id":5598,"date":"2026-02-16T16:20:54","date_gmt":"2026-02-16T08:20:54","guid":{"rendered":"https:\/\/minghanggroup.com\/?post_type=product&#038;p=5598"},"modified":"2026-02-06T16:39:19","modified_gmt":"2026-02-06T08:39:19","slug":"amber-glass-mini-wine-bottles-with-screw-neck-bulk","status":"publish","type":"product","link":"https:\/\/minghanggroup.com\/pt\/produto\/amber-glass-mini-wine-bottles-with-screw-neck-bulk\/","title":{"rendered":"Garrafas de vinho pequenas de vidro \u00e2mbar de 100ml com gargalo de rosca (em grande quantidade)"},"content":{"rendered":"<p>Estas mini garrafas de vinho s\u00e3o fabricadas com vidro \u00e2mbar escuro da melhor qualidade e resistente aos raios UV, o que garante uma prote\u00e7\u00e3o eficaz contra a radia\u00e7\u00e3o ultravioleta. O frasco tem formato cil\u00edndrico e compacto, com rosca no gargalo para um encaixe perfeito em tampas met\u00e1licas comuns.<\/p>\n<h2>Caracter\u00edsticas do produto<\/h2>\n<ul>\n<li><strong>Vidro \u00e2mbar escuro com prote\u00e7\u00e3o UV:<\/strong> A tonalidade \u00e2mbar opulenta oferece melhor prote\u00e7\u00e3o contra a luz, o que \u00e9 essencial para preservar a qualidade dos vinhos de produ\u00e7\u00e3o limitada.<\/li>\n<li><strong>Pesco\u00e7o rosqueado:<\/strong> Este bocal possui uma tampa de veda\u00e7\u00e3o rosqueada que permite que a tampa se encaixe firmemente no bocal, facilitando o transporte e o armazenamento.<\/li>\n<li><strong>Design mini cil\u00edndrico reto:<\/strong> O design mini cil\u00edndrico reto \u00e9 ideal para tamanhos de 100ml, adequado para degusta\u00e7\u00f5es, presentes ou amostras individuais.<\/li>\n<\/ul>\n<h2 style=\"text-align: left;\">Especifica\u00e7\u00f5es principais<\/h2>\n<table class=\"aligncenter\" style=\"border-collapse: collapse; width: 372.02pt;\" border=\"0\" width=\"496\" cellspacing=\"0\" cellpadding=\"0\">\n<tbody>\n<tr style=\"height: 13.50pt;\">\n<td style=\"height: 13.50pt; width: 115.50pt;\" width=\"154\" height=\"18\">Atributo<\/td>\n<td style=\"width: 256.50pt;\" width=\"342\">Detalhes<\/td>\n<\/tr>\n<tr style=\"height: 13.50pt;\">\n<td style=\"height: 13.50pt;\" height=\"18\">Capacidade<\/td>\n<td>100ml<\/td>\n<\/tr>\n<tr style=\"height: 13.50pt;\">\n<td style=\"height: 13.50pt;\" height=\"18\">Material<\/td>\n<td>Vidro \u00e2mbar profundo<\/td>\n<\/tr>\n<tr style=\"height: 13.50pt;\">\n<td style=\"height: 13.50pt;\" height=\"18\">Formato de garrafa<\/td>\n<td>Cilindro compacto com corpo de paredes retas<\/td>\n<\/tr>\n<tr style=\"height: 13.50pt;\">\n<td style=\"height: 13.50pt;\" height=\"18\">Faixa de personaliza\u00e7\u00e3o<\/td>\n<td>Tamanho, Cor, Logotipo, Formato<\/td>\n<\/tr>\n<tr style=\"height: 13.50pt;\">\n<td style=\"height: 13.50pt;\" height=\"18\">Uso principal<\/td>\n<td>Garrafas de vinho em miniatura a granel, amostras de vinho<\/td>\n<\/tr>\n<tr style=\"height: 13.50pt;\">\n<td style=\"height: 13.50pt;\" height=\"18\">Ind\u00fastrias-alvo<\/td>\n<td>Vin\u00edcolas, Distribuidores de Vinho<\/td>\n<\/tr>\n<\/tbody>\n<\/table>\n<h2>Hist\u00f3ria de sucesso<\/h2>\n<p>Uma vin\u00edcola em Sonoma desejava aprimorar a experi\u00eancia de visita\u00e7\u00e3o em sua sala de degusta\u00e7\u00e3o e oferecer amostras para levar. Eles escolheram nossas mini garrafas de vinho de 100ml, que foram personalizadas com a serigrafia do logotipo da vin\u00edcola e uma tampa de rosca dourada. O tamanho de 100ml \u00e9 ideal porque comporta 60ml de degusta\u00e7\u00e3o e, consequentemente, levou a um aumento de 78% nas vendas de amostras, enquanto a ador\u00e1vel embalagem pequena contribuiu para um aumento de 55% no compartilhamento nas redes sociais. Essa solu\u00e7\u00e3o foi um enorme sucesso e, posteriormente, a vin\u00edcola encomendou mais 2 milh\u00f5es de garrafas para atender \u00e0 demanda nas salas de degusta\u00e7\u00e3o e eventos nos dois anos seguintes.<\/p>\n<h2>Solu\u00e7\u00f5es de personaliza\u00e7\u00e3o em grande escala para mini garrafas de vinho<\/h2>\n<ul>\n<li>Cores: podem ser usados \u200b\u200bvidros \u00e2mbar claro ou verde, dependendo da necessidade de bloqueio da luz.<\/li>\n<li>Marca\u00e7\u00e3o de volume: R\u00f3tulos laterais em relevo na lateral da garrafa com &#039;100ml&#039; ou 3,4oz.<\/li>\n<li>Serigrafia: Logotipos de marcas, designs vintage e lisos podem ser impressos diretamente em alta qualidade.<\/li>\n<li>Design do gargalo: Roscas personalizadas podem ser projetadas para se adaptarem a qualquer tipo de tampa, tampa de rosca ou rolha personalizada.<\/li>\n<\/ul>","protected":false},"excerpt":{"rendered":"<p>Miniaturas de garrafas de vinho em vidro \u00e2mbar escuro, com corpo curto e reto e gargalo de rosca. Ideais para degusta\u00e7\u00e3o e kits de teste. Miniaturas de garrafas de vinho a granel direto da f\u00e1brica.<\/p>","protected":false},"featured_media":5602,"template":"","meta":{"postBodyCss":"","postBodyMargin":[],"postBodyPadding":[],"postBodyBackground":{"backgroundType":"classic","gradient":""}},"product_brand":[],"product_cat":[15,16,84],"product_tag":[],"class_list":{"0":"post-5598","1":"product","2":"type-product","3":"status-publish","4":"has-post-thumbnail","6":"product_cat-glass-containers","7":"product_cat-glass-bottles","8":"product_cat-wine-bottles","10":"first","11":"instock","12":"shipping-taxable","13":"product-type-simple"},"jetpack_sharing_enabled":true,"_links":{"self":[{"href":"https:\/\/minghanggroup.com\/pt\/wp-json\/wp\/v2\/product\/5598","targetHints":{"allow":["GET"]}}],"collection":[{"href":"https:\/\/minghanggroup.com\/pt\/wp-json\/wp\/v2\/product"}],"about":[{"href":"https:\/\/minghanggroup.com\/pt\/wp-json\/wp\/v2\/types\/product"}],"wp:featuredmedia":[{"embeddable":true,"href":"https:\/\/minghanggroup.com\/pt\/wp-json\/wp\/v2\/media\/5602"}],"wp:attachment":[{"href":"https:\/\/minghanggroup.com\/pt\/wp-json\/wp\/v2\/media?parent=5598"}],"wp:term":[{"taxonomy":"product_brand","embeddable":true,"href":"https:\/\/minghanggroup.com\/pt\/wp-json\/wp\/v2\/product_brand?post=5598"},{"taxonomy":"product_cat","embeddable":true,"href":"https:\/\/minghanggroup.com\/pt\/wp-json\/wp\/v2\/product_cat?post=5598"},{"taxonomy":"product_tag","embeddable":true,"href":"https:\/\/minghanggroup.com\/pt\/wp-json\/wp\/v2\/product_tag?post=5598"}],"curies":[{"name":"wp","href":"https:\/\/api.w.org\/{rel}","templated":true}]}}