{"id":5588,"date":"2026-02-05T15:08:23","date_gmt":"2026-02-05T07:08:23","guid":{"rendered":"https:\/\/minghanggroup.com\/?post_type=product&#038;p=5588"},"modified":"2026-02-06T16:40:19","modified_gmt":"2026-02-06T08:40:19","slug":"amber-small-wine-bottles-wholesale","status":"publish","type":"product","link":"https:\/\/minghanggroup.com\/pt\/produto\/amber-small-wine-bottles-wholesale\/","title":{"rendered":"Garrafas de vinho \u00e2mbar de 210ml para atacado"},"content":{"rendered":"<p>\u00c9 uma garrafa de vinho compacta de 210 ml, feita de vidro \u00e2mbar escuro de alta qualidade e resistente aos raios UV. Suas bordas lisas e retas e a tonalidade \u00e2mbar profunda oferecem excelente prote\u00e7\u00e3o contra a luz, preservando assim os delicados sabores e aromas do vinho.<\/p>\n<h2>Caracter\u00edsticas do produto<\/h2>\n<ul>\n<li><strong>Melhor prote\u00e7\u00e3o contra a luz:<\/strong> A tonalidade \u00e2mbar profunda oferece melhor prote\u00e7\u00e3o contra a luz, o que \u00e9 essencial na conserva\u00e7\u00e3o de vinhos doces e delicados.<\/li>\n<li><strong>Perfil cl\u00e1ssico e fino:<\/strong> O perfil fino em forma de garrafa \u00e9 leve, sofisticado e elegante, sendo a op\u00e7\u00e3o ideal para vinhos de alta qualidade produzidos em pequenos lotes.<\/li>\n<li><strong>Capacidade de 210ml:<\/strong> Este tamanho \u00e9 ideal para degusta\u00e7\u00f5es generosas de vinhos de sobremesa ou como amostra de presente de alta qualidade.<\/li>\n<\/ul>\n<h2 style=\"text-align: left;\">Especifica\u00e7\u00f5es principais<\/h2>\n<table class=\"aligncenter\" style=\"border-collapse: collapse; width: 398.27pt;\" border=\"0\" width=\"531\" cellspacing=\"0\" cellpadding=\"0\">\n<tbody>\n<tr style=\"height: 13.50pt;\">\n<td style=\"height: 13.50pt; width: 115.50pt;\" width=\"154\" height=\"18\">Atributo<\/td>\n<td style=\"width: 282.75pt;\" width=\"377\">Detalhes<\/td>\n<\/tr>\n<tr style=\"height: 13.50pt;\">\n<td style=\"height: 13.50pt;\" height=\"18\">Capacidade<\/td>\n<td>210ml<\/td>\n<\/tr>\n<tr style=\"height: 13.50pt;\">\n<td style=\"height: 13.50pt;\" height=\"18\">Material<\/td>\n<td>Vidro \u00e2mbar profundo<\/td>\n<\/tr>\n<tr style=\"height: 13.50pt;\">\n<td style=\"height: 13.50pt;\" height=\"18\">Formato de garrafa<\/td>\n<td>Cilindro de corpo reto com gargalo levemente afilado<\/td>\n<\/tr>\n<tr style=\"height: 13.50pt;\">\n<td style=\"height: 13.50pt;\" height=\"18\">Faixa de personaliza\u00e7\u00e3o<\/td>\n<td>Tamanho, Cor, Acabamento, Logotipo<\/td>\n<\/tr>\n<tr style=\"height: 13.50pt;\">\n<td style=\"height: 13.50pt;\" height=\"18\">Uso principal<\/td>\n<td>Garrafas de vinho do gelo, garrafas de vinho pequenas<\/td>\n<\/tr>\n<tr style=\"height: 13.50pt;\">\n<td style=\"height: 13.50pt;\" height=\"18\">Ind\u00fastrias-alvo<\/td>\n<td>Vin\u00edcolas, Produtores de Bebidas Especiais<\/td>\n<\/tr>\n<\/tbody>\n<\/table>\n<h2>Hist\u00f3ria de sucesso<\/h2>\n<p>Nossa garrafa de vinho pequena, alta e de cor \u00e2mbar, foi escolhida por uma vin\u00edcola famosa no Canad\u00e1, que aprimorou o design com um acabamento fosco e a impress\u00e3o do logotipo em folha de ouro na base. O resultado foi impressionante: a capacidade de 210 ml fez dela um produto estrela em seus kits de presentes de fim de ano, e todas as vendas aumentaram 60%. O vidro com prote\u00e7\u00e3o UV preserva os sabores delicados do vinho por um per\u00edodo de 24 meses. A vin\u00edcola ficou bastante satisfeita com a garrafa e encomendou um novo lote de 150.000 unidades.<\/p>\n<h2>Recomenda\u00e7\u00f5es de personaliza\u00e7\u00e3o de garrafas de vinho no atacado<\/h2>\n<ul>\n<li>Op\u00e7\u00f5es de cores: Existem diversas op\u00e7\u00f5es de cores \u00e2mbar para atender a necessidades espec\u00edficas de prote\u00e7\u00e3o contra a luz.<\/li>\n<li>Ajuste de formato: Acentuar o formato c\u00f4nico da garrafa para conferir-lhe uma apar\u00eancia diferenciada.<\/li>\n<li>Design da base: Para aumentar a estabilidade, a base deve ser ligeiramente rebaixada para transmitir a percep\u00e7\u00e3o de alta qualidade do produto.<\/li>\n<\/ul>","protected":false},"excerpt":{"rendered":"<p>Garrafas de vinho para atacado, fabricadas em formato \u00e2mbar escuro, de pequeno porte e com prote\u00e7\u00e3o UV. Oferecemos suporte para personaliza\u00e7\u00e3o de logotipo, acabamento, peso e embalagem (OEM).<\/p>","protected":false},"featured_media":5595,"template":"","meta":{"postBodyCss":"","postBodyMargin":[],"postBodyPadding":[],"postBodyBackground":{"backgroundType":"classic","gradient":""}},"product_brand":[],"product_cat":[15,16,84],"product_tag":[],"class_list":{"0":"post-5588","1":"product","2":"type-product","3":"status-publish","4":"has-post-thumbnail","6":"product_cat-glass-containers","7":"product_cat-glass-bottles","8":"product_cat-wine-bottles","10":"first","11":"instock","12":"shipping-taxable","13":"product-type-simple"},"jetpack_sharing_enabled":true,"_links":{"self":[{"href":"https:\/\/minghanggroup.com\/pt\/wp-json\/wp\/v2\/product\/5588","targetHints":{"allow":["GET"]}}],"collection":[{"href":"https:\/\/minghanggroup.com\/pt\/wp-json\/wp\/v2\/product"}],"about":[{"href":"https:\/\/minghanggroup.com\/pt\/wp-json\/wp\/v2\/types\/product"}],"wp:featuredmedia":[{"embeddable":true,"href":"https:\/\/minghanggroup.com\/pt\/wp-json\/wp\/v2\/media\/5595"}],"wp:attachment":[{"href":"https:\/\/minghanggroup.com\/pt\/wp-json\/wp\/v2\/media?parent=5588"}],"wp:term":[{"taxonomy":"product_brand","embeddable":true,"href":"https:\/\/minghanggroup.com\/pt\/wp-json\/wp\/v2\/product_brand?post=5588"},{"taxonomy":"product_cat","embeddable":true,"href":"https:\/\/minghanggroup.com\/pt\/wp-json\/wp\/v2\/product_cat?post=5588"},{"taxonomy":"product_tag","embeddable":true,"href":"https:\/\/minghanggroup.com\/pt\/wp-json\/wp\/v2\/product_tag?post=5588"}],"curies":[{"name":"wp","href":"https:\/\/api.w.org\/{rel}","templated":true}]}}