{"id":5583,"date":"2026-02-05T15:09:41","date_gmt":"2026-02-05T07:09:41","guid":{"rendered":"https:\/\/minghanggroup.com\/?post_type=product&#038;p=5583"},"modified":"2026-02-05T16:59:18","modified_gmt":"2026-02-05T08:59:18","slug":"clear-glass-bottles-for-wine-wine-bottle-suppliers","status":"publish","type":"product","link":"https:\/\/minghanggroup.com\/pt\/produto\/clear-glass-bottles-for-wine-wine-bottle-suppliers\/","title":{"rendered":"Garrafas de vidro transparente de 750ml para vinho | Fornecedores de garrafas de vinho"},"content":{"rendered":"<p>Voc\u00ea quer que a alma do seu vinho brilhe \u2014 e nossas garrafas de vidro cristalino para vinho tornam isso poss\u00edvel. Veja o brilho rubi do seu clarete, o \u00e2mbar profundo do borgonha, at\u00e9 mesmo o sussurro dourado do vinho caseiro. Como seus fornecedores dedicados de garrafas de vinho, criamos garrafas de vidro vers\u00e1teis que honram a tradi\u00e7\u00e3o e se adaptam ao seu fluxo de trabalho. Seja para engarrafar vinhos tintos, espumantes ou bebidas artesanais, esta \u00e9 a sua tela em branco.<\/p>\n<h2>Caracter\u00edsticas do produto<\/h2>\n<ul>\n<li><strong>Vitrine de Cores Verdadeiras:<\/strong> O uso de vidro totalmente transparente permite que o cliente veja atrav\u00e9s de todas as cores, fazendo com que ele confie exatamente no que v\u00ea antes do primeiro gole.<\/li>\n<li><strong>Silhueta cl\u00e1ssica de Bordeaux:<\/strong> Cria um formato cl\u00e1ssico para garrafas de vinho, com ombros suaves e um gargalo fino. Adapta-se facilmente a adegas padr\u00e3o. Proporciona uma sensa\u00e7\u00e3o de luxo ao toque.<\/li>\n<li><strong>Liberdade de Encerramento, do Seu Jeito:<\/strong> Opte por rolhas de corti\u00e7a natural se voc\u00ea gosta do tradicional estalo, da veda\u00e7\u00e3o manual e da junta de alum\u00ednio com silicone para uma garrafa hermeticamente fechada e \u00e0 prova de vazamentos, rolhas sint\u00e9ticas ou elegantes tampas longas.<\/li>\n<\/ul>\n<h2>Especifica\u00e7\u00f5es principais<\/h2>\n<table style=\"border-collapse: collapse; width: 80%; margin-left: auto; margin-right: auto;\" border=\"0\" width=\"144\" cellspacing=\"0\" cellpadding=\"0\">\n<tbody>\n<tr style=\"height: 13.50pt;\">\n<td style=\"height: 13.5pt; width: 54pt; text-align: center;\" width=\"72\" height=\"18\">Recurso<\/td>\n<td style=\"width: 54pt; text-align: center;\" width=\"72\">Detalhe<\/td>\n<\/tr>\n<tr style=\"height: 13.50pt;\">\n<td style=\"height: 13.5pt; text-align: center;\" height=\"18\">Capacidade<\/td>\n<td style=\"text-align: center;\">750 ml<\/td>\n<\/tr>\n<tr style=\"height: 13.50pt;\">\n<td style=\"height: 13.5pt; text-align: center;\" height=\"18\">Dimens\u00f5es (cm)<\/td>\n<td style=\"text-align: center;\">8,0 \u00d7 29,6<\/td>\n<\/tr>\n<tr style=\"height: 13.50pt;\">\n<td style=\"height: 13.5pt; text-align: center;\" height=\"18\">Acabamento do bra\u00e7o (cm)<\/td>\n<td style=\"text-align: center;\" align=\"right\">1.8<\/td>\n<\/tr>\n<tr style=\"height: 13.50pt;\">\n<td style=\"height: 13.5pt; text-align: center;\" height=\"18\">Cor<\/td>\n<td style=\"text-align: center;\">Vidro de s\u00edlex transparente<\/td>\n<\/tr>\n<tr style=\"height: 13.50pt;\">\n<td style=\"height: 13.5pt; text-align: center;\" height=\"18\">Op\u00e7\u00f5es de fechamento<\/td>\n<td style=\"text-align: center;\">Rolhas de corti\u00e7a natural para vinho, rolha sint\u00e9tica, junta de alum\u00ednio e silicone com rosca manual, tampa longa.<\/td>\n<\/tr>\n<\/tbody>\n<\/table>\n<h2>Caso de sucesso<\/h2>\n<p>Uma vin\u00edcola boutique europeia utilizou nossa garrafa de vinho tinto de 750ml como principal solu\u00e7\u00e3o de embalagem para sua edi\u00e7\u00e3o especial de vinho tinto seco. A garrafa possui diversas caracter\u00edsticas, como vidro branco de alta transpar\u00eancia, que real\u00e7am a beleza da cor do vinho, uma base arqueada que facilita o manuseio e proporciona maior estabilidade durante a exposi\u00e7\u00e3o, e um design exclusivo do ombro que confere uma silhueta ainda mais refinada. Para o acabamento da superf\u00edcie, o cliente optou por jateamento parcial combinado com serigrafia, impress\u00e3o dos emblemas da vin\u00edcola e uma solu\u00e7\u00e3o de veda\u00e7\u00e3o personalizada na paleta de cores do r\u00f3tulo principal do vinho.<\/p>\n<p>No primeiro trimestre de vendas ap\u00f3s o lan\u00e7amento, as vendas desta linha de vinhos tintos cresceram aproximadamente 38% em rela\u00e7\u00e3o ao ano anterior nos principais canais de distribui\u00e7\u00e3o. Com base no feedback positivo do mercado e no desempenho confi\u00e1vel de fornecimento do cliente, foram feitos dois pedidos adicionais no mesmo ano, o que elevou o volume total de recompras em cerca de 60% em rela\u00e7\u00e3o ao pedido inicial.<\/p>\n<h2>Seus caminhos de personaliza\u00e7\u00e3o<\/h2>\n<ol>\n<li><strong>Padr\u00e3o antiderrapante:<\/strong> Para proporcionar melhor ader\u00eancia e evitar que a garrafa escorregue, as partes do corpo da garrafa podem receber texturas finas ou micro-relevos. Este recurso \u00e9 especialmente adequado para ocasi\u00f5es como jantares e degusta\u00e7\u00f5es.<\/li>\n<li><strong>Garrafa personalizada, com c\u00f3digo na base:<\/strong> Isso permite adicionar n\u00fameros de molde, n\u00fameros de lote ou c\u00f3digos de rastreabilidade interna ao fundo das garrafas, o que ajudar\u00e1 a cadeia de suprimentos e o gerenciamento de qualidade das vin\u00edcolas.<\/li>\n<li><strong>Acabamentos de superf\u00edcie aprimorados:<\/strong> Logotipos de marcas ou identificadores de s\u00e9ries podem ser destacados por meio de op\u00e7\u00f5es personaliz\u00e1veis, como serigrafia, aplica\u00e7\u00e3o de decalques, fosqueamento, pintura em spray ou acabamento com brilho seletivo.<\/li>\n<\/ol>","protected":false},"excerpt":{"rendered":"<p>Garrafas de vidro premium para vinho, de fornecedores confi\u00e1veis. Direto da f\u00e1brica, com entrega r\u00e1pida, ideais para vin\u00edcolas e marcas.<\/p>","protected":false},"featured_media":5592,"template":"","meta":{"postBodyCss":"","postBodyMargin":[],"postBodyPadding":[],"postBodyBackground":{"backgroundType":"classic","gradient":""}},"product_brand":[],"product_cat":[15,16,84],"product_tag":[],"class_list":{"0":"post-5583","1":"product","2":"type-product","3":"status-publish","4":"has-post-thumbnail","6":"product_cat-glass-containers","7":"product_cat-glass-bottles","8":"product_cat-wine-bottles","10":"first","11":"instock","12":"shipping-taxable","13":"product-type-simple"},"jetpack_sharing_enabled":true,"_links":{"self":[{"href":"https:\/\/minghanggroup.com\/pt\/wp-json\/wp\/v2\/product\/5583","targetHints":{"allow":["GET"]}}],"collection":[{"href":"https:\/\/minghanggroup.com\/pt\/wp-json\/wp\/v2\/product"}],"about":[{"href":"https:\/\/minghanggroup.com\/pt\/wp-json\/wp\/v2\/types\/product"}],"wp:featuredmedia":[{"embeddable":true,"href":"https:\/\/minghanggroup.com\/pt\/wp-json\/wp\/v2\/media\/5592"}],"wp:attachment":[{"href":"https:\/\/minghanggroup.com\/pt\/wp-json\/wp\/v2\/media?parent=5583"}],"wp:term":[{"taxonomy":"product_brand","embeddable":true,"href":"https:\/\/minghanggroup.com\/pt\/wp-json\/wp\/v2\/product_brand?post=5583"},{"taxonomy":"product_cat","embeddable":true,"href":"https:\/\/minghanggroup.com\/pt\/wp-json\/wp\/v2\/product_cat?post=5583"},{"taxonomy":"product_tag","embeddable":true,"href":"https:\/\/minghanggroup.com\/pt\/wp-json\/wp\/v2\/product_tag?post=5583"}],"curies":[{"name":"wp","href":"https:\/\/api.w.org\/{rel}","templated":true}]}}