{"id":5582,"date":"2026-02-20T14:10:54","date_gmt":"2026-02-20T06:10:54","guid":{"rendered":"https:\/\/minghanggroup.com\/?post_type=product&#038;p=5582"},"modified":"2026-02-05T15:24:31","modified_gmt":"2026-02-05T07:24:31","slug":"500ml-wine-bottles-in-olive-green-bulk","status":"publish","type":"product","link":"https:\/\/minghanggroup.com\/pt\/produto\/500ml-wine-bottles-in-olive-green-bulk\/","title":{"rendered":"Garrafas de vinho de 500ml na cor verde-oliva (em grande quantidade)"},"content":{"rendered":"<p>Nossas garrafas de vinho de 500ml s\u00e3o fabricadas com vidro verde-oliva de alta qualidade e resistente aos raios UV. O corpo amplo afunila-se suavemente at\u00e9 o gargalo rosqueado, e a cor verde profunda preserva com efic\u00e1cia os sabores delicados do vinho.<\/p>\n<h2>Caracter\u00edsticas do produto<\/h2>\n<ul>\n<li><strong>Prote\u00e7\u00e3o contra luz:<\/strong> O copo verde-oliva \u00e9 altamente eficaz em bloquear os raios UV prejudiciais, e seu vinho envelhecer\u00e1 perfeitamente.<\/li>\n<li><strong>Design com rosca:<\/strong> O gargalo roscado \u00e9 compat\u00edvel com todos os tipos de tampas, desde rolhas at\u00e9 tampas de rosca.<\/li>\n<li><strong>Corpo cl\u00e1ssico com barriga larga:<\/strong> Trata-se de um corpo arredondado e largo, compat\u00edvel com a imagem visual das garrafas de vinho cl\u00e1ssicas, que permite um grande volume e facilita a sedimenta\u00e7\u00e3o.<\/li>\n<\/ul>\n<h2 style=\"text-align: left;\">Especifica\u00e7\u00f5es principais<\/h2>\n<table class=\"aligncenter\" style=\"border-collapse: collapse; width: 387.02pt;\" border=\"0\" width=\"516\" cellspacing=\"0\" cellpadding=\"0\">\n<tbody>\n<tr style=\"height: 13.50pt;\">\n<td style=\"height: 13.50pt; width: 115.50pt;\" width=\"154\" height=\"18\">Especifica\u00e7\u00e3o<\/td>\n<td style=\"width: 271.50pt;\" width=\"362\">Detalhes<\/td>\n<\/tr>\n<tr style=\"height: 13.50pt;\">\n<td style=\"height: 13.50pt;\" height=\"18\">Capacidade<\/td>\n<td>500ml<\/td>\n<\/tr>\n<tr style=\"height: 13.50pt;\">\n<td style=\"height: 13.50pt;\" height=\"18\">Dimens\u00f5es<\/td>\n<td>72\u00d7228mm<\/td>\n<\/tr>\n<tr style=\"height: 13.50pt;\">\n<td style=\"height: 13.50pt;\" height=\"18\">Material<\/td>\n<td>Vidro verde-oliva de alta qualidade<\/td>\n<\/tr>\n<tr style=\"height: 13.50pt;\">\n<td style=\"height: 13.50pt;\" height=\"18\">Escopo de personaliza\u00e7\u00e3o<\/td>\n<td>Cor, tamanho, acabamento, formato<\/td>\n<\/tr>\n<tr style=\"height: 13.50pt;\">\n<td style=\"height: 13.50pt;\" height=\"18\">Recurso de Artesanato<\/td>\n<td>Moldagem de vidro de precis\u00e3o<\/td>\n<\/tr>\n<tr style=\"height: 13.50pt;\">\n<td style=\"height: 13.50pt;\" height=\"18\">Finalidade do produto<\/td>\n<td>Garrafas de vinho a granel, garrafas de vinho especiais<\/td>\n<\/tr>\n<tr style=\"height: 13.50pt;\">\n<td style=\"height: 13.50pt;\" height=\"18\">Ind\u00fastrias adequadas<\/td>\n<td>Vin\u00edcolas, Vinhedos, Produtores de Alimentos Especiais<\/td>\n<\/tr>\n<\/tbody>\n<\/table>\n<h2>Hist\u00f3ria de Sucesso: O Sucesso de uma Vin\u00edcola no Noroeste do Pac\u00edfico<\/h2>\n<p>Nossas garrafas de vinho de 500 ml foram escolhidas por uma vin\u00edcola boutique no noroeste do Pac\u00edfico, que personalizou os ombros das garrafas com um relevo exclusivo. Os resultados foram impressionantes: o vidro resistente aos raios UV tornou-se essencial, pois foi capaz de preservar os aromas delicados do vinho por at\u00e9 18 meses, e a satisfa\u00e7\u00e3o do cliente aumentou em 30%. Com base nesse sucesso, eles encomendaram mais um milh\u00e3o de garrafas.<\/p>\n<h2>Personaliza\u00e7\u00e3o de Garrafas de Vinho em Grande Quantidade<\/h2>\n<ul>\n<li>Cor: Oferecemos vidro verde escuro ou \u00e2mbar para maior prote\u00e7\u00e3o contra a luz.<\/li>\n<li>Design do gargalo da garrafa: Uma rosca feita sob medida pode ser confeccionada para acomodar uma rolha de corti\u00e7a ou uma tampa de rosca.<\/li>\n<li>Padr\u00e3o de vinhedo em relevo: Um desenho em relevo de vinhas, folhas ou bras\u00f5es \u00e9 gravado no ombro da garrafa.<\/li>\n<\/ul>","protected":false},"excerpt":{"rendered":"<p>Garrafas de vinho a granel fornecidas em garrafas de 500ml na cor verde-oliva escura para prote\u00e7\u00e3o UV. Oferecemos personaliza\u00e7\u00e3o OEM para acabamento da garrafa, logotipo e embalagem.<\/p>","protected":false},"featured_media":5585,"template":"","meta":{"postBodyCss":"","postBodyMargin":[],"postBodyPadding":[],"postBodyBackground":{"backgroundType":"classic","gradient":""}},"product_brand":[],"product_cat":[15,16,84],"product_tag":[],"class_list":{"0":"post-5582","1":"product","2":"type-product","3":"status-publish","4":"has-post-thumbnail","6":"product_cat-glass-containers","7":"product_cat-glass-bottles","8":"product_cat-wine-bottles","10":"first","11":"instock","12":"shipping-taxable","13":"product-type-simple"},"jetpack_sharing_enabled":true,"_links":{"self":[{"href":"https:\/\/minghanggroup.com\/pt\/wp-json\/wp\/v2\/product\/5582","targetHints":{"allow":["GET"]}}],"collection":[{"href":"https:\/\/minghanggroup.com\/pt\/wp-json\/wp\/v2\/product"}],"about":[{"href":"https:\/\/minghanggroup.com\/pt\/wp-json\/wp\/v2\/types\/product"}],"wp:featuredmedia":[{"embeddable":true,"href":"https:\/\/minghanggroup.com\/pt\/wp-json\/wp\/v2\/media\/5585"}],"wp:attachment":[{"href":"https:\/\/minghanggroup.com\/pt\/wp-json\/wp\/v2\/media?parent=5582"}],"wp:term":[{"taxonomy":"product_brand","embeddable":true,"href":"https:\/\/minghanggroup.com\/pt\/wp-json\/wp\/v2\/product_brand?post=5582"},{"taxonomy":"product_cat","embeddable":true,"href":"https:\/\/minghanggroup.com\/pt\/wp-json\/wp\/v2\/product_cat?post=5582"},{"taxonomy":"product_tag","embeddable":true,"href":"https:\/\/minghanggroup.com\/pt\/wp-json\/wp\/v2\/product_tag?post=5582"}],"curies":[{"name":"wp","href":"https:\/\/api.w.org\/{rel}","templated":true}]}}