{"id":5577,"date":"2026-02-05T13:53:42","date_gmt":"2026-02-05T05:53:42","guid":{"rendered":"https:\/\/minghanggroup.com\/?post_type=product&#038;p=5577"},"modified":"2026-04-14T09:30:40","modified_gmt":"2026-04-14T01:30:40","slug":"clear-glass-customize-wine-bottles-bulk","status":"publish","type":"product","link":"https:\/\/minghanggroup.com\/pt\/produto\/clear-glass-customize-wine-bottles-bulk\/","title":{"rendered":"Garrafas de vinho de vidro transparente de 750ml para personalizar (em grandes quantidades)"},"content":{"rendered":"<p>Nossa garrafa de vidro transparente de 750ml revela a verdadeira ess\u00eancia do seu vinho, uma narrativa visual pura e envolvente. Como seu parceiro direto em garrafas de vidro, facilitamos a compra de garrafas de vinho em grandes quantidades e personalizamos os detalhes da garrafa para combinar com a ess\u00eancia da sua marca. Isso n\u00e3o \u00e9 apenas uma embalagem. \u00c9 a sua arte l\u00edquida, emoldurada.<\/p>\n<h2>Caracter\u00edsticas do produto<\/h2>\n<ul>\n<li><strong>Visor com clareza cristalina:<\/strong> Com \u00e1gua e vidro transparente, cada cor \u00e9 perfeitamente exibida. Os clientes podem confiar facilmente nas qualidades visuais dos seus vinhos tintos ou espumantes engarrafados.<\/li>\n<li><strong>Veda\u00e7\u00e3o de precis\u00e3o com rosca:<\/strong> Gargalo com rosca de 18 mm e inviol\u00e1vel, com tampas invis\u00edveis que vedam hermeticamente a frescura do produto. \u00c9 a solu\u00e7\u00e3o ideal para linhas de produ\u00e7\u00e3o totalmente automatizadas ou para a produ\u00e7\u00e3o de vinho em pequenos lotes.<\/li>\n<li><strong>Chute refor\u00e7ado, parte inferior:<\/strong> O fundo ligeiramente c\u00f4ncavo da garrafa proporciona-lhe uma posi\u00e7\u00e3o firme mesmo na prateleira, numa caixa de vinhos ou quando se trata de um vaso de vinho vazio reutilizado. Um encontro da tradi\u00e7\u00e3o com a f\u00e9.<\/li>\n<\/ul>\n<h2>Especifica\u00e7\u00f5es principais<\/h2>\n<table style=\"border-collapse: collapse; width: 80%; margin-left: auto; margin-right: auto;\" border=\"0\" width=\"144\" cellspacing=\"0\" cellpadding=\"0\">\n<tbody>\n<tr style=\"height: 13.50pt;\">\n<td style=\"height: 13.5pt; width: 54pt; text-align: center;\" width=\"72\" height=\"18\">Recurso<\/td>\n<td style=\"width: 54pt; text-align: center;\" width=\"72\">Detalhe<\/td>\n<\/tr>\n<tr style=\"height: 13.50pt;\">\n<td style=\"height: 13.5pt; text-align: center;\" height=\"18\">Capacidade<\/td>\n<td style=\"text-align: center;\">750 ml<\/td>\n<\/tr>\n<tr style=\"height: 13.50pt;\">\n<td style=\"height: 13.5pt; text-align: center;\" height=\"18\">Dimens\u00f5es (cm)<\/td>\n<td style=\"text-align: center;\">8,1 \u00d7 29,5<\/td>\n<\/tr>\n<tr style=\"height: 13.50pt;\">\n<td style=\"height: 13.5pt; text-align: center;\" height=\"18\">Acabamento do bra\u00e7o (cm)<\/td>\n<td style=\"text-align: center;\" align=\"right\">1.8<\/td>\n<\/tr>\n<tr style=\"height: 13.50pt;\">\n<td style=\"height: 13.5pt; text-align: center;\" height=\"18\">Cor<\/td>\n<td style=\"text-align: center;\">Vidro de s\u00edlex transparente<\/td>\n<\/tr>\n<tr style=\"height: 13.50pt;\">\n<td style=\"height: 13.5pt; text-align: center;\" height=\"18\">Encerramento<\/td>\n<td style=\"text-align: center;\">Tampa de rosca em alum\u00ednio (op\u00e7\u00f5es com acabamento em corti\u00e7a dispon\u00edveis)<\/td>\n<\/tr>\n<\/tbody>\n<\/table>\n<h2>Caso de sucesso<\/h2>\n<p>Uma vin\u00edcola boutique europeia escolheu nossa garrafa de vinho tinto como sua principal solu\u00e7\u00e3o de embalagem. Optaram por uma personaliza\u00e7\u00e3o extensa: o corpo da garrafa \u00e9 feito de vidro branco de alta transpar\u00eancia para real\u00e7ar visualmente a cor do vinho; a base possui uma curvatura mais acentuada para melhor ader\u00eancia e estabilidade na exposi\u00e7\u00e3o; e o ombro da garrafa foi projetado com uma propor\u00e7\u00e3o espec\u00edfica para conferir ao conjunto uma apar\u00eancia mais esbelta. Em rela\u00e7\u00e3o ao acabamento, o cliente escolheu jateamento parcial de areia, juntamente com serigrafia do emblema da vin\u00edcola, e a solu\u00e7\u00e3o foi selada de forma a harmonizar com as cores do r\u00f3tulo do vinho.<\/p>\n<p>As vendas desta linha de vinhos tintos aumentaram cerca de 38% em rela\u00e7\u00e3o ao ano anterior nos principais canais de distribui\u00e7\u00e3o no primeiro trimestre ap\u00f3s o lan\u00e7amento do produto. Encorajado pelo feedback do mercado e pelo desempenho do fornecimento, o cliente fez mais duas compras no mesmo ano.<\/p>\n<h2>Suas op\u00e7\u00f5es de personaliza\u00e7\u00e3o<\/h2>\n<ol>\n<li><strong>Melhorias no acabamento da superf\u00edcie:<\/strong> Nossos aprimoramentos de acabamento de superf\u00edcie podem ser integrados com t\u00e9cnicas de jateamento de areia, serigrafia, estampagem a quente ou r\u00f3tulos em relevo para imprimir o nome da vin\u00edcola e as informa\u00e7\u00f5es da safra diretamente na garrafa.<\/li>\n<li><strong>Estrutura da base da garrafa personaliz\u00e1vel:<\/strong> O design da base c\u00f4ncava, mais profunda ou alargada, n\u00e3o s\u00f3 real\u00e7a a sensa\u00e7\u00e3o de luxo e a estabilidade da pe\u00e7a, como tamb\u00e9m facilita o manuseio.<\/li>\n<li><strong>Sistema de fechamento compat\u00edvel:<\/strong> Especifica\u00e7\u00f5es personaliz\u00e1veis \u200b\u200bpara tampas de rosca ou rolhas de corti\u00e7a, baseadas no posicionamento de mercado, e que podem ser combinadas com cores exclusivas ou tampas com design personalizado.<\/li>\n<\/ol>","protected":false},"excerpt":{"rendered":"<p>Garrafas de vinho personalizadas de alta qualidade para marcas e vin\u00edcolas. Fornecimento em grandes quantidades com envio direto da f\u00e1brica, ideal para necessidades de engarrafamento em larga escala.<\/p>","protected":false},"featured_media":5581,"template":"","meta":{"postBodyCss":"","postBodyMargin":[],"postBodyPadding":[],"postBodyBackground":{"backgroundType":"classic","gradient":""}},"product_brand":[],"product_cat":[15,16,84],"product_tag":[109],"class_list":{"0":"post-5577","1":"product","2":"type-product","3":"status-publish","4":"has-post-thumbnail","6":"product_cat-glass-containers","7":"product_cat-glass-bottles","8":"product_cat-wine-bottles","9":"product_tag-glass-champagne-bottles","11":"first","12":"instock","13":"shipping-taxable","14":"product-type-simple"},"jetpack_sharing_enabled":true,"_links":{"self":[{"href":"https:\/\/minghanggroup.com\/pt\/wp-json\/wp\/v2\/product\/5577","targetHints":{"allow":["GET"]}}],"collection":[{"href":"https:\/\/minghanggroup.com\/pt\/wp-json\/wp\/v2\/product"}],"about":[{"href":"https:\/\/minghanggroup.com\/pt\/wp-json\/wp\/v2\/types\/product"}],"wp:featuredmedia":[{"embeddable":true,"href":"https:\/\/minghanggroup.com\/pt\/wp-json\/wp\/v2\/media\/5581"}],"wp:attachment":[{"href":"https:\/\/minghanggroup.com\/pt\/wp-json\/wp\/v2\/media?parent=5577"}],"wp:term":[{"taxonomy":"product_brand","embeddable":true,"href":"https:\/\/minghanggroup.com\/pt\/wp-json\/wp\/v2\/product_brand?post=5577"},{"taxonomy":"product_cat","embeddable":true,"href":"https:\/\/minghanggroup.com\/pt\/wp-json\/wp\/v2\/product_cat?post=5577"},{"taxonomy":"product_tag","embeddable":true,"href":"https:\/\/minghanggroup.com\/pt\/wp-json\/wp\/v2\/product_tag?post=5577"}],"curies":[{"name":"wp","href":"https:\/\/api.w.org\/{rel}","templated":true}]}}