{"id":5559,"date":"2026-02-05T08:57:37","date_gmt":"2026-02-05T00:57:37","guid":{"rendered":"https:\/\/minghanggroup.com\/?post_type=product&#038;p=5559"},"modified":"2026-03-02T13:35:44","modified_gmt":"2026-03-02T05:35:44","slug":"cylindrical-empty-soda-stream-glass-bottles-bulk","status":"publish","type":"product","link":"https:\/\/minghanggroup.com\/pt\/produto\/cylindrical-empty-soda-stream-glass-bottles-bulk\/","title":{"rendered":"Garrafas de vidro cil\u00edndricas vazias para Soda Stream, de 350 ml, 500 ml e 750 ml (em grande quantidade)"},"content":{"rendered":"<p>Essas garrafas de vidro para SodaStream t\u00eam um formato cil\u00edndrico elegante e suave, com corpo reto, gargalo liso e tampa rosqueada. Est\u00e3o dispon\u00edveis em tr\u00eas tamanhos convenientes.<\/p>\n<h2>Caracter\u00edsticas do produto<\/h2>\n<ul>\n<li><strong>Design simples de cilindro reto:<\/strong> O formato vertical, reto e uniforme das garrafas facilita a limpeza, a rotulagem e o armazenamento, al\u00e9m de otimizar o espa\u00e7o dispon\u00edvel.<\/li>\n<li><strong>Tampa rosqueada segura:<\/strong> A tampa que acompanha o produto oferece uma veda\u00e7\u00e3o herm\u00e9tica e firme, garantindo que o g\u00e1s carb\u00f4nico n\u00e3o escape e mantendo o conte\u00fado fresco.<\/li>\n<li><strong>Consumo de v\u00e1rios tamanhos:<\/strong> Dispon\u00edveis nos tamanhos de 350ml, 500ml e 750ml para atender \u00e0s suas diversas necessidades de bebidas.<\/li>\n<\/ul>\n<h2 style=\"text-align: left;\">Especifica\u00e7\u00f5es principais<\/h2>\n<table class=\"aligncenter\" style=\"border-collapse: collapse; width: 471.02pt;\" border=\"0\" width=\"628\" cellspacing=\"0\" cellpadding=\"0\">\n<tbody>\n<tr style=\"height: 13.50pt;\">\n<td style=\"height: 13.50pt; width: 115.50pt;\" width=\"154\" height=\"18\">Atributo<\/td>\n<td style=\"width: 355.50pt;\" width=\"474\">Detalhes<\/td>\n<\/tr>\n<tr style=\"height: 13.50pt;\">\n<td style=\"height: 13.50pt;\" height=\"18\">Capacidade<\/td>\n<td>350ml, 500ml, 750ml<\/td>\n<\/tr>\n<tr style=\"height: 13.50pt;\">\n<td style=\"height: 13.50pt;\" height=\"18\">Material<\/td>\n<td>Vidro dur\u00e1vel de alta transpar\u00eancia<\/td>\n<\/tr>\n<tr style=\"height: 13.50pt;\">\n<td style=\"height: 13.50pt;\" height=\"18\">Formato de garrafa<\/td>\n<td>Silhueta cil\u00edndrica de paredes retas<\/td>\n<\/tr>\n<tr style=\"height: 13.50pt;\">\n<td style=\"height: 13.50pt;\" height=\"18\">Faixa de personaliza\u00e7\u00e3o<\/td>\n<td>Tamanho, Tampas, Cor, Acabamento<\/td>\n<\/tr>\n<tr style=\"height: 13.50pt;\">\n<td style=\"height: 13.50pt;\" height=\"18\">Uso principal<\/td>\n<td>Garrafas de bebidas carbonatadas, garrafas de vidro vazias para refrigerantes<\/td>\n<\/tr>\n<tr style=\"height: 13.50pt;\">\n<td style=\"height: 13.50pt;\" height=\"18\">Ind\u00fastrias-alvo<\/td>\n<td>Fornecedores Atacadistas de Bebidas, Fabricantes de Bebidas Especiais<\/td>\n<\/tr>\n<\/tbody>\n<\/table>\n<h2>Hist\u00f3ria de Sucesso: Minha Hist\u00f3ria de Sucesso com uma Marca de Bebidas Artesanais do Meio-Oeste<\/h2>\n<p>Nossas garrafas de refrigerante de vidro vazias, com tampas pretas personalizadas, foram selecionadas por uma empresa de bebidas artesanais do Meio-Oeste americano que acabara de lan\u00e7ar uma nova linha de bebidas gaseificadas artesanais como parte de sua nova linha de refrigerantes. O desempenho foi impressionante: a embalagem atraente aumentou o n\u00famero de compartilhamentos nas redes sociais em 45%; a carbonata\u00e7\u00e3o durou 18% mais do que nas vers\u00f5es de pl\u00e1stico; e a taxa de satisfa\u00e7\u00e3o do cliente melhorou em 30%. Com base nesses resultados, eles fizeram um novo pedido de 350.000 garrafas.<\/p>\n<h2>Personaliza\u00e7\u00e3o de garrafas de vidro para bebidas<\/h2>\n<ul>\n<li>Tampas personalizadas: Forne\u00e7a tampas com cores personalizadas ou tampas inviol\u00e1veis \u200b\u200bpara aumentar a seguran\u00e7a do produto.<\/li>\n<li>Serigrafia: Consiste na impress\u00e3o direta de desenhos, logotipos ou unidades de medida com alta qualidade.<\/li>\n<li>Diferen\u00e7as de cor: Vidro verde suave ou \u00e2mbar, que pode ser usado em bebidas efervescentes sens\u00edveis \u00e0 luz.<\/li>\n<\/ul>","protected":false},"excerpt":{"rendered":"<p>Garrafas de vidro para refrigerante SodaStream, projetadas como garrafas de vidro vazias com formatos cil\u00edndricos limpos e tampas, oferecendo op\u00e7\u00f5es de personaliza\u00e7\u00e3o (OEM) para marcas, tampas e tamanhos.<\/p>","protected":false},"featured_media":5560,"template":"","meta":{"postBodyCss":"","postBodyMargin":[],"postBodyPadding":[],"postBodyBackground":{"backgroundType":"classic","gradient":""}},"product_brand":[],"product_cat":[15,16,83],"product_tag":[91],"class_list":{"0":"post-5559","1":"product","2":"type-product","3":"status-publish","4":"has-post-thumbnail","6":"product_cat-glass-containers","7":"product_cat-glass-bottles","8":"product_cat-glass-beverage-bottles","9":"product_tag-glass-soda-bottles","11":"first","12":"instock","13":"shipping-taxable","14":"product-type-simple"},"jetpack_sharing_enabled":true,"_links":{"self":[{"href":"https:\/\/minghanggroup.com\/pt\/wp-json\/wp\/v2\/product\/5559","targetHints":{"allow":["GET"]}}],"collection":[{"href":"https:\/\/minghanggroup.com\/pt\/wp-json\/wp\/v2\/product"}],"about":[{"href":"https:\/\/minghanggroup.com\/pt\/wp-json\/wp\/v2\/types\/product"}],"wp:featuredmedia":[{"embeddable":true,"href":"https:\/\/minghanggroup.com\/pt\/wp-json\/wp\/v2\/media\/5560"}],"wp:attachment":[{"href":"https:\/\/minghanggroup.com\/pt\/wp-json\/wp\/v2\/media?parent=5559"}],"wp:term":[{"taxonomy":"product_brand","embeddable":true,"href":"https:\/\/minghanggroup.com\/pt\/wp-json\/wp\/v2\/product_brand?post=5559"},{"taxonomy":"product_cat","embeddable":true,"href":"https:\/\/minghanggroup.com\/pt\/wp-json\/wp\/v2\/product_cat?post=5559"},{"taxonomy":"product_tag","embeddable":true,"href":"https:\/\/minghanggroup.com\/pt\/wp-json\/wp\/v2\/product_tag?post=5559"}],"curies":[{"name":"wp","href":"https:\/\/api.w.org\/{rel}","templated":true}]}}