{"id":5553,"date":"2026-02-13T15:34:38","date_gmt":"2026-02-13T07:34:38","guid":{"rendered":"https:\/\/minghanggroup.com\/?post_type=product&#038;p=5553"},"modified":"2026-02-04T15:35:12","modified_gmt":"2026-02-04T07:35:12","slug":"custom-small-wine-bottles-bulk","status":"publish","type":"product","link":"https:\/\/minghanggroup.com\/pt\/produto\/custom-small-wine-bottles-bulk\/","title":{"rendered":"Garrafas de vinho personalizadas de 375ml em grandes quantidades"},"content":{"rendered":"<p>Voc\u00ea precisa de embalagens vers\u00e1teis para degusta\u00e7\u00f5es, pequenos presentes ou kits de amostras, e nossas garrafas de vinho de 375ml s\u00e3o perfeitas para isso. Feitas de vidro \u00e2mbar profundo com o formato cl\u00e1ssico de garrafa de vinho Bordeaux, essas pequenas garrafas n\u00e3o s\u00f3 protegem seu vinho tinto, como tamb\u00e9m atraem visualmente seus clientes. N\u00f3s, da Glass Bottles Partner, somos seu parceiro confi\u00e1vel em garrafas de vidro. Simplificamos o processo de encomenda de garrafas de vinho em grandes quantidades, tornando-o sustent\u00e1vel e ideal para sua marca. Se voc\u00ea est\u00e1 embalando um clarete, um borgonha ou at\u00e9 mesmo seu pr\u00f3prio vinho, aqui \u00e9 onde a utilidade e o estilo se encontram.<\/p>\n<h2>Caracter\u00edsticas do produto<\/h2>\n<ul>\n<li><strong>Design compacto e port\u00e1til:<\/strong> O design compacto da garrafa, com sua capacidade reduzida, \u00e9 muito conveniente para uso individual, para viagens ou para distribui\u00e7\u00e3o em eventos; representa um bom equil\u00edbrio entre funcionalidade e est\u00e9tica.<\/li>\n<li><strong>Aplica\u00e7\u00e3o vers\u00e1til:<\/strong> O produto pode ser utilizado para embalar vinhos, licores, vinho do gelo, vinhos para degusta\u00e7\u00e3o e vinhos para presente, atendendo assim \u00e0s necessidades dos setores de varejo, promocional e de presentes personalizados.<\/li>\n<li><strong>Permite diferentes t\u00e9cnicas de decora\u00e7\u00e3o:<\/strong> A garrafa pode ser decorada por meio de diversas t\u00e9cnicas, como serigrafia, estampagem a quente, pulveriza\u00e7\u00e3o, rotulagem e relevo, o que \u00e9 uma \u00f3tima ferramenta para uma apresenta\u00e7\u00e3o diferenciada da marca.<\/li>\n<\/ul>\n<h2>Especifica\u00e7\u00f5es principais<\/h2>\n<table style=\"border-collapse: collapse; width: 80%; margin-left: auto; margin-right: auto;\" border=\"0\" width=\"144\" cellspacing=\"0\" cellpadding=\"0\">\n<tbody>\n<tr style=\"height: 13.50pt;\">\n<td style=\"height: 13.5pt; width: 54pt; text-align: center;\" width=\"72\" height=\"18\">Recurso<\/td>\n<td style=\"width: 54pt; text-align: center;\" width=\"72\">Detalhe<\/td>\n<\/tr>\n<tr style=\"height: 13.50pt;\">\n<td style=\"height: 13.5pt; text-align: center;\" height=\"18\">Capacidade<\/td>\n<td style=\"text-align: center;\">375 ml<\/td>\n<\/tr>\n<tr style=\"height: 13.50pt;\">\n<td style=\"height: 13.5pt; text-align: center;\" height=\"18\">Dimens\u00f5es (cm)<\/td>\n<td style=\"text-align: center;\">7,3 \u00d7 24,5<\/td>\n<\/tr>\n<tr style=\"height: 13.50pt;\">\n<td style=\"height: 13.5pt; text-align: center;\" height=\"18\">Acabamento do bra\u00e7o (cm)<\/td>\n<td style=\"text-align: center;\" align=\"right\">1.8<\/td>\n<\/tr>\n<tr style=\"height: 13.50pt;\">\n<td style=\"height: 13.5pt; text-align: center;\" height=\"18\">Cor<\/td>\n<td style=\"text-align: center;\">\u00c2mbar profundo<\/td>\n<\/tr>\n<tr style=\"height: 13.50pt;\">\n<td style=\"height: 13.5pt; text-align: center;\" height=\"18\">Op\u00e7\u00f5es de fechamento<\/td>\n<td style=\"text-align: center;\">Rolhas de corti\u00e7a natural para vinho, rolha sint\u00e9tica, junta de alum\u00ednio e silicone com rosca manual, tampa longa.<\/td>\n<\/tr>\n<tr style=\"height: 13.50pt;\">\n<td style=\"height: 13.5pt; text-align: center;\" height=\"18\">Ideal para<\/td>\n<td style=\"text-align: center;\">Vinhos tintos, Claret, Borgonha, Vinho caseiro, Garrafas de bebidas alco\u00f3licas, Kits de degusta\u00e7\u00e3o<\/td>\n<\/tr>\n<\/tbody>\n<\/table>\n<h2>Caso de sucesso<\/h2>\n<p>Uma pequena vin\u00edcola especializada na Toscana, It\u00e1lia, que nos contatou para o fornecimento de garrafas de vinho de 375ml, decidiu trabalhar conosco. Refletindo a identidade da sua marca, o cliente decorou as garrafas com o logotipo da vin\u00edcola em relevo e incorporou c\u00f3digos gravados a laser na base da garrafa para rastreabilidade do lote.<\/p>\n<p>Al\u00e9m disso, equipamos as garrafas com tampas de rosca de alum\u00ednio de alta qualidade que atendiam \u00e0s especifica\u00e7\u00f5es do cliente, e tamb\u00e9m oferecemos diversas op\u00e7\u00f5es de acabamento. Por fim, optou-se por um acabamento fosco com uma janela parcialmente transparente para dar ao produto maior destaque nas prateleiras.<\/p>\n<p>Ap\u00f3s o lan\u00e7amento do produto, a linha de produtos de pequena capacidade do cliente registrou um aumento de 42% nas vendas no primeiro trimestre, em compara\u00e7\u00e3o com o mesmo per\u00edodo do ano anterior. Com a resposta positiva do mercado, o cliente fez um novo pedido menos de seis meses ap\u00f3s o pedido inicial, elevando o volume total da compra em 65%.<\/p>\n<h2>Seus caminhos de personaliza\u00e7\u00e3o<\/h2>\n<ol>\n<li><strong>Design de garrafa com relevo\/baixo-relevo:<\/strong> A garrafa pode ser gravada em relevo ou baixo-relevo com o logotipo da vin\u00edcola, o ano da safra ou padr\u00f5es exclusivos para promover o reconhecimento da marca e conferir um aspecto luxuoso. Tal produto \u00e9 perfeito para kits de presente ou edi\u00e7\u00f5es limitadas.<\/li>\n<li><strong>Diversas op\u00e7\u00f5es de gargalo e fechamento de garrafa:<\/strong> A garrafa pode ser selada com uma rolha ou uma tampa de rosca, dependendo da posi\u00e7\u00e3o do produto. Entre outras op\u00e7\u00f5es de personaliza\u00e7\u00e3o, est\u00e3o a cor da tampa de alum\u00ednio, a tampa superior, logotipos estampados e medidas antifalsifica\u00e7\u00e3o.<\/li>\n<li><strong>Etiquetas personalizadas e serigrafia:<\/strong> O produto pode ser personalizado com r\u00f3tulos resistentes \u00e0 \u00e1gua e ao \u00e1lcool, r\u00f3tulos termocolantes ou, no caso do vinho, impressos diretamente em serigrafia. Com as possibilidades de impress\u00e3o em m\u00faltiplas camadas, as marcas podem n\u00e3o s\u00f3 aprimorar sua imagem, como tamb\u00e9m economizar em custos futuros de rotulagem.<\/li>\n<\/ol>","protected":false},"excerpt":{"rendered":"<p>Garrafas de vinho pequenas em grandes quantidades, direto da f\u00e1brica. Oferecemos personaliza\u00e7\u00e3o em grandes quantidades, envio r\u00e1pido e amostras gr\u00e1tis para compradores.<\/p>","protected":false},"featured_media":5557,"template":"","meta":{"postBodyCss":"","postBodyMargin":[],"postBodyPadding":[],"postBodyBackground":{"backgroundType":"classic","gradient":""}},"product_brand":[],"product_cat":[15,16,84],"product_tag":[],"class_list":{"0":"post-5553","1":"product","2":"type-product","3":"status-publish","4":"has-post-thumbnail","6":"product_cat-glass-containers","7":"product_cat-glass-bottles","8":"product_cat-wine-bottles","10":"first","11":"instock","12":"shipping-taxable","13":"product-type-simple"},"jetpack_sharing_enabled":true,"_links":{"self":[{"href":"https:\/\/minghanggroup.com\/pt\/wp-json\/wp\/v2\/product\/5553","targetHints":{"allow":["GET"]}}],"collection":[{"href":"https:\/\/minghanggroup.com\/pt\/wp-json\/wp\/v2\/product"}],"about":[{"href":"https:\/\/minghanggroup.com\/pt\/wp-json\/wp\/v2\/types\/product"}],"wp:featuredmedia":[{"embeddable":true,"href":"https:\/\/minghanggroup.com\/pt\/wp-json\/wp\/v2\/media\/5557"}],"wp:attachment":[{"href":"https:\/\/minghanggroup.com\/pt\/wp-json\/wp\/v2\/media?parent=5553"}],"wp:term":[{"taxonomy":"product_brand","embeddable":true,"href":"https:\/\/minghanggroup.com\/pt\/wp-json\/wp\/v2\/product_brand?post=5553"},{"taxonomy":"product_cat","embeddable":true,"href":"https:\/\/minghanggroup.com\/pt\/wp-json\/wp\/v2\/product_cat?post=5553"},{"taxonomy":"product_tag","embeddable":true,"href":"https:\/\/minghanggroup.com\/pt\/wp-json\/wp\/v2\/product_tag?post=5553"}],"curies":[{"name":"wp","href":"https:\/\/api.w.org\/{rel}","templated":true}]}}