{"id":5546,"date":"2026-02-04T13:07:02","date_gmt":"2026-02-04T05:07:02","guid":{"rendered":"https:\/\/minghanggroup.com\/?post_type=product&#038;p=5546"},"modified":"2026-03-02T13:42:49","modified_gmt":"2026-03-02T05:42:49","slug":"clear-glass-bottles-for-juice-with-slim-neck-bulk","status":"publish","type":"product","link":"https:\/\/minghanggroup.com\/pt\/produto\/clear-glass-bottles-for-juice-with-slim-neck-bulk\/","title":{"rendered":"Garrafas de vidro transparente de 340ml para suco com gargalo fino (embalagem a granel)"},"content":{"rendered":"<p>As garrafas de vidro para suco s\u00e3o embaladas em frascos de vidro c\u00f4nicos, com uma bela curvatura, base larga e gargalo estreito, e uma tampa met\u00e1lica rosqueada para fechar a garrafa.<\/p>\n<h2>Caracter\u00edsticas do produto<\/h2>\n<ul>\n<li><strong>Design elegante e afilado:<\/strong> O design afilado \u00e9 especial, com excelente ergonomia e visualiza\u00e7\u00e3o \u00fanica.<\/li>\n<li><strong>Assento est\u00e1vel:<\/strong> A tampa met\u00e1lica rosqueada proporciona a separa\u00e7\u00e3o do ar, mantendo as bebidas mais frescas e evitando derramamentos.<\/li>\n<li><strong>Usabilidade geral:<\/strong> Pode ser usado em \u00e1gua, suco, bebidas gaseificadas e outras bebidas de alta qualidade.<\/li>\n<\/ul>\n<h2 style=\"text-align: left;\">Especifica\u00e7\u00f5es principais<\/h2>\n<table class=\"aligncenter\" style=\"border-collapse: collapse; width: 447.77pt;\" border=\"0\" width=\"597\" cellspacing=\"0\" cellpadding=\"0\">\n<tbody>\n<tr style=\"height: 13.50pt;\">\n<td style=\"height: 13.50pt; width: 115.50pt;\" width=\"154\" height=\"18\">Atributo<\/td>\n<td style=\"width: 332.25pt;\" width=\"443\">Detalhes<\/td>\n<\/tr>\n<tr style=\"height: 13.50pt;\">\n<td style=\"height: 13.50pt;\" height=\"18\">Capacidade<\/td>\n<td>340ml<\/td>\n<\/tr>\n<tr style=\"height: 13.50pt;\">\n<td style=\"height: 13.50pt;\" height=\"18\">Dimens\u00f5es<\/td>\n<td>55 mm \u00d7 220 mm<\/td>\n<\/tr>\n<tr style=\"height: 13.50pt;\">\n<td style=\"height: 13.50pt;\" height=\"18\">Material<\/td>\n<td>Vidro transparente<\/td>\n<\/tr>\n<tr style=\"height: 13.50pt;\">\n<td style=\"height: 13.50pt;\" height=\"18\">Formato de garrafa<\/td>\n<td>Bra\u00e7o afilado, de base larga a fino<\/td>\n<\/tr>\n<tr style=\"height: 13.50pt;\">\n<td style=\"height: 13.50pt;\" height=\"18\">Faixa de personaliza\u00e7\u00e3o<\/td>\n<td>Tamanho, varia\u00e7\u00f5es de formato, acabamento da tampa, relevo, colora\u00e7\u00e3o<\/td>\n<\/tr>\n<tr style=\"height: 13.50pt;\">\n<td style=\"height: 13.50pt;\" height=\"18\">Artesanato<\/td>\n<td>Acabamento liso, roscas precisas, espessura de parede uniforme<\/td>\n<\/tr>\n<tr style=\"height: 13.50pt;\">\n<td style=\"height: 13.50pt;\" height=\"18\">Uso principal<\/td>\n<td>garrafas de vidro para bebidas, garrafas de \u00e1gua<\/td>\n<\/tr>\n<tr style=\"height: 13.50pt;\">\n<td style=\"height: 13.50pt;\" height=\"18\">Ind\u00fastrias-alvo<\/td>\n<td>Atacado de bebidas, marcas premium<\/td>\n<\/tr>\n<\/tbody>\n<\/table>\n<h2>Caso de Sucesso: Reabastecimento da Marca na Am\u00e9rica do Norte<\/h2>\n<p>Uma das marcas de bebidas norte-americanas escolheu nossas garrafas de vidro c\u00f4nicas para suco e tampas de metal escovado personalizadas. Os resultados foram impressionantes: as vendas no varejo aumentaram 12%, a satisfa\u00e7\u00e3o do cliente subiu 25% e o n\u00famero de consultas de atacado feitas por boutiques cresceu 10%, tudo gra\u00e7as \u00e0 apar\u00eancia sofisticada das garrafas. Com base nisso, eles encomendaram mais 250.000 garrafas no segundo trimestre.<\/p>\n<h2>Personaliza\u00e7\u00e3o de garrafas de vidro para bebidas<\/h2>\n<ul>\n<li>Altere o formato do cone: Desenhe uma curva mais marcante ou mais suave para se adequar \u00e0 imagem da sua marca.<\/li>\n<li>Acabamentos personalizados para as tampas: Selecione entre acabamento cromado polido, lat\u00e3o escovado ou metal colorido.<\/li>\n<li>Adicione relevo: Coloque seu logotipo ou imagem no vidro para obter uma apar\u00eancia sofisticada e sem r\u00f3tulos.<\/li>\n<\/ul>","protected":false},"excerpt":{"rendered":"<p>Garrafas de vidro para suco, projetadas como garrafas de vidro para bebidas, com formato c\u00f4nico e tampa de rosca met\u00e1lica, ideais para \u00e1gua, refrigerante e suco, fornecidas diretamente da f\u00e1brica.<\/p>","protected":false},"featured_media":5545,"template":"","meta":{"postBodyCss":"","postBodyMargin":[],"postBodyPadding":[],"postBodyBackground":{"backgroundType":"classic","gradient":""}},"product_brand":[],"product_cat":[15,16,83],"product_tag":[93],"class_list":{"0":"post-5546","1":"product","2":"type-product","3":"status-publish","4":"has-post-thumbnail","6":"product_cat-glass-containers","7":"product_cat-glass-bottles","8":"product_cat-glass-beverage-bottles","9":"product_tag-glass-gatorade-bottles","11":"first","12":"instock","13":"shipping-taxable","14":"product-type-simple"},"jetpack_sharing_enabled":true,"_links":{"self":[{"href":"https:\/\/minghanggroup.com\/pt\/wp-json\/wp\/v2\/product\/5546","targetHints":{"allow":["GET"]}}],"collection":[{"href":"https:\/\/minghanggroup.com\/pt\/wp-json\/wp\/v2\/product"}],"about":[{"href":"https:\/\/minghanggroup.com\/pt\/wp-json\/wp\/v2\/types\/product"}],"wp:featuredmedia":[{"embeddable":true,"href":"https:\/\/minghanggroup.com\/pt\/wp-json\/wp\/v2\/media\/5545"}],"wp:attachment":[{"href":"https:\/\/minghanggroup.com\/pt\/wp-json\/wp\/v2\/media?parent=5546"}],"wp:term":[{"taxonomy":"product_brand","embeddable":true,"href":"https:\/\/minghanggroup.com\/pt\/wp-json\/wp\/v2\/product_brand?post=5546"},{"taxonomy":"product_cat","embeddable":true,"href":"https:\/\/minghanggroup.com\/pt\/wp-json\/wp\/v2\/product_cat?post=5546"},{"taxonomy":"product_tag","embeddable":true,"href":"https:\/\/minghanggroup.com\/pt\/wp-json\/wp\/v2\/product_tag?post=5546"}],"curies":[{"name":"wp","href":"https:\/\/api.w.org\/{rel}","templated":true}]}}