{"id":5542,"date":"2026-02-18T11:50:31","date_gmt":"2026-02-18T03:50:31","guid":{"rendered":"https:\/\/minghanggroup.com\/?post_type=product&#038;p=5542"},"modified":"2026-02-04T14:33:26","modified_gmt":"2026-02-04T06:33:26","slug":"16-oz-clear-glass-bottles-for-juices-with-lids-bulk","status":"publish","type":"product","link":"https:\/\/minghanggroup.com\/pt\/produto\/16-oz-clear-glass-bottles-for-juices-with-lids-bulk\/","title":{"rendered":"Garrafas de vidro transparente de 473 ml (16 oz) para sucos com tampas - Pacote com v\u00e1rias unidades"},"content":{"rendered":"<p>Estas s\u00e3o garrafas de vidro para sucos, com um design cil\u00edndrico fino e reto, f\u00e1ceis de segurar e armazenar. As tampas de rosca garantem uma veda\u00e7\u00e3o herm\u00e9tica.<\/p>\n<h2>Caracter\u00edsticas do produto<\/h2>\n<ul>\n<li><strong>Design esguio, reto e cil\u00edndrico:<\/strong> O design cil\u00edndrico \u00e9 verticalmente esguio, garantindo o m\u00e1ximo aproveitamento do espa\u00e7o, al\u00e9m de ser empilh\u00e1vel e compat\u00edvel com a maioria dos porta-copos e sacolas.<\/li>\n<li><strong>Material transparente e liso:<\/strong> O material do copo \u00e9 perfeito e transparente, permitindo que voc\u00ea veja a bebida dentro dele.<\/li>\n<li><strong>Tampa de rosca segura:<\/strong> A tampa de rosca inclu\u00edda serve para garantir um encaixe perfeito e um toque de eleg\u00e2ncia.<\/li>\n<\/ul>\n<h2 style=\"text-align: left;\">Especifica\u00e7\u00f5es principais<\/h2>\n<table class=\"aligncenter\" style=\"border-collapse: collapse; width: 408.77pt;\" border=\"0\" width=\"545\" cellspacing=\"0\" cellpadding=\"0\">\n<tbody>\n<tr style=\"height: 13.50pt;\">\n<td style=\"height: 13.50pt; width: 115.50pt;\" width=\"154\" height=\"18\">Atributo<\/td>\n<td style=\"width: 293.25pt;\" width=\"391\">Detalhes<\/td>\n<\/tr>\n<tr style=\"height: 13.50pt;\">\n<td style=\"height: 13.50pt;\" height=\"18\">Capacidade<\/td>\n<td>500ml (16 oz)<\/td>\n<\/tr>\n<tr style=\"height: 13.50pt;\">\n<td style=\"height: 13.50pt;\" height=\"18\">Dimens\u00f5es<\/td>\n<td>65 mm de di\u00e2metro \u00d7 150 mm de altura<\/td>\n<\/tr>\n<tr style=\"height: 13.50pt;\">\n<td style=\"height: 13.50pt;\" height=\"18\">Material<\/td>\n<td>Vidro de borosilicato de alta qualidade<\/td>\n<\/tr>\n<tr style=\"height: 13.50pt;\">\n<td style=\"height: 13.50pt;\" height=\"18\">Formato de garrafa<\/td>\n<td>De paredes retas, estilo lata<\/td>\n<\/tr>\n<tr style=\"height: 13.50pt;\">\n<td style=\"height: 13.50pt;\" height=\"18\">Faixa de personaliza\u00e7\u00e3o<\/td>\n<td>Formato, tamanho, cor, acabamento, tipo de tampa, acess\u00f3rios<\/td>\n<\/tr>\n<tr style=\"height: 13.50pt;\">\n<td style=\"height: 13.50pt;\" height=\"18\">Artesanato<\/td>\n<td>Vidro liso e sem emendas com base refor\u00e7ada.<\/td>\n<\/tr>\n<tr style=\"height: 13.50pt;\">\n<td style=\"height: 13.50pt;\" height=\"18\">Uso principal<\/td>\n<td>Garrafas de vidro para suco, garrafas para bebidas geladas<\/td>\n<\/tr>\n<tr style=\"height: 13.50pt;\">\n<td style=\"height: 13.50pt;\" height=\"18\">Ind\u00fastrias-alvo<\/td>\n<td>Atacado de bebidas, bebidas especiais<\/td>\n<\/tr>\n<\/tbody>\n<\/table>\n<h2>Caso de sucesso: uma rede de sucos e smoothies da Fl\u00f3rida<\/h2>\n<p>As garrafas de vidro de 473 ml (16 oz) para bebidas foram escolhidas por uma grande rede nacional de lojas de produtos naturais e personalizadas com um acabamento fosco e informa\u00e7\u00f5es nutricionais impressas em serigrafia. A apar\u00eancia uniforme e elegante das garrafas as destacou nas prateleiras, resultando em um aumento impressionante de 57% nas vendas. O tamanho de 500 ml foi o preferido dos clientes, e a satisfa\u00e7\u00e3o do consumidor aumentou em 25%. O sucesso foi tamanho que a empresa encomendou um novo lote de 3 milh\u00f5es de garrafas para garantir o abastecimento de suas lojas nos pr\u00f3ximos dois anos. Garrafas de vidro personalizadas para sucos.<\/p>\n<h2>Garrafas de vidro para personaliza\u00e7\u00e3o de sucos<\/h2>\n<ul>\n<li>Coordena\u00e7\u00e3o de cores: Sirva bebidas fotossens\u00edveis em copos de cor \u00e2mbar suave ou verde.<\/li>\n<li>Designs de bon\u00e9s personalizados: Podem ser de v\u00e1rias cores (preto, verde, transparente) ou podem ter a marca estampada.<\/li>\n<li>Serigrafia: Impress\u00e3o direta de gr\u00e1ficos de alta qualidade, informa\u00e7\u00f5es nutricionais ou gr\u00e1ficos com cobertura total.<\/li>\n<\/ul>","protected":false},"excerpt":{"rendered":"<p>Garrafas de vidro para sucos, fabricadas em vidro transparente de 473 ml (16 oz) com tampas herm\u00e9ticas. Essas garrafas para bebidas oferecem um perfil vertical fino. Amostras gr\u00e1tis.<\/p>","protected":false},"featured_media":5552,"template":"","meta":{"postBodyCss":"","postBodyMargin":[],"postBodyPadding":[],"postBodyBackground":{"backgroundType":"classic","gradient":""}},"product_brand":[],"product_cat":[15,16,83],"product_tag":[],"class_list":{"0":"post-5542","1":"product","2":"type-product","3":"status-publish","4":"has-post-thumbnail","6":"product_cat-glass-containers","7":"product_cat-glass-bottles","8":"product_cat-glass-beverage-bottles","10":"first","11":"instock","12":"shipping-taxable","13":"product-type-simple"},"jetpack_sharing_enabled":true,"_links":{"self":[{"href":"https:\/\/minghanggroup.com\/pt\/wp-json\/wp\/v2\/product\/5542","targetHints":{"allow":["GET"]}}],"collection":[{"href":"https:\/\/minghanggroup.com\/pt\/wp-json\/wp\/v2\/product"}],"about":[{"href":"https:\/\/minghanggroup.com\/pt\/wp-json\/wp\/v2\/types\/product"}],"wp:featuredmedia":[{"embeddable":true,"href":"https:\/\/minghanggroup.com\/pt\/wp-json\/wp\/v2\/media\/5552"}],"wp:attachment":[{"href":"https:\/\/minghanggroup.com\/pt\/wp-json\/wp\/v2\/media?parent=5542"}],"wp:term":[{"taxonomy":"product_brand","embeddable":true,"href":"https:\/\/minghanggroup.com\/pt\/wp-json\/wp\/v2\/product_brand?post=5542"},{"taxonomy":"product_cat","embeddable":true,"href":"https:\/\/minghanggroup.com\/pt\/wp-json\/wp\/v2\/product_cat?post=5542"},{"taxonomy":"product_tag","embeddable":true,"href":"https:\/\/minghanggroup.com\/pt\/wp-json\/wp\/v2\/product_tag?post=5542"}],"curies":[{"name":"wp","href":"https:\/\/api.w.org\/{rel}","templated":true}]}}