{"id":5530,"date":"2026-02-04T11:22:31","date_gmt":"2026-02-04T03:22:31","guid":{"rendered":"https:\/\/minghanggroup.com\/?post_type=product&#038;p=5530"},"modified":"2026-02-04T11:22:33","modified_gmt":"2026-02-04T03:22:33","slug":"750ml-wine-bottles-with-screw-top-wholesale","status":"publish","type":"product","link":"https:\/\/minghanggroup.com\/pt\/produto\/750ml-wine-bottles-with-screw-top-wholesale\/","title":{"rendered":"Garrafas de vinho de 750ml com tampa de rosca para venda por atacado"},"content":{"rendered":"<p>Voc\u00ea precisa de uma garrafa de vinho de 750 ml que se adapte ao seu fluxo de trabalho, e n\u00e3o o contr\u00e1rio. Nossa garrafa verde-oliva com rosca combina a silhueta tradicional da garrafa de vinho Bordeaux com a tecnologia moderna de veda\u00e7\u00e3o. O vidro verde-escuro protege seus vinhos tintos da luz, enquanto a rosca de precis\u00e3o garante um fechamento herm\u00e9tico sempre. Como seu parceiro direto em garrafas de vidro, facilitamos o fornecimento de lotes de garrafas de vinho vazias, tornando-o sustent\u00e1vel e pronto para as prateleiras. Isso n\u00e3o \u00e9 apenas embalagem. \u00c9 a sua vantagem discreta.<\/p>\n<h2>Caracter\u00edsticas do produto<\/h2>\n<ul>\n<li><strong>Luz verde-oliva, frasco bloqueador: <\/strong>O vidro verde-oliva escuro reduz significativamente a penetra\u00e7\u00e3o dos raios UV, oferecendo uma prote\u00e7\u00e3o mais eficaz para os preciosos vinhos de Bordeaux e Borgonha do que o vidro transparente. Desfrutar do vinho da adega \u00e0 mesa ser\u00e1 uma experi\u00eancia sem preocupa\u00e7\u00f5es.<\/li>\n<li><strong>Veda\u00e7\u00e3o roscada de precis\u00e3o:<\/strong> O gargalo roscado de 18 mm da garrafa encaixa perfeitamente na tampa de alum\u00ednio inviol\u00e1vel, garantindo uma veda\u00e7\u00e3o segura e \u00e0 prova de vazamentos.<\/li>\n<li><strong>Design de base c\u00f4ncava est\u00e1vel:<\/strong> A base ligeiramente c\u00f4ncava ajuda a garrafa a permanecer est\u00e1vel e segura tanto em caixas de vinho quanto em prateleiras, evitando que ela balance.<\/li>\n<\/ul>\n<h2>Especifica\u00e7\u00f5es principais<\/h2>\n<table style=\"border-collapse: collapse; width: 80%; margin-left: auto; margin-right: auto;\" border=\"0\" width=\"144\" cellspacing=\"0\" cellpadding=\"0\">\n<tbody>\n<tr style=\"height: 13.50pt;\">\n<td style=\"height: 13.5pt; width: 54pt; text-align: center;\" width=\"72\" height=\"18\">Recurso<\/td>\n<td style=\"width: 54pt; text-align: center;\" width=\"72\">Detalhe<\/td>\n<\/tr>\n<tr style=\"height: 13.50pt;\">\n<td style=\"height: 13.5pt; text-align: center;\" height=\"18\">Capacidade (ml)<\/td>\n<td style=\"text-align: center;\" align=\"right\">750<\/td>\n<\/tr>\n<tr style=\"height: 13.50pt;\">\n<td style=\"height: 13.5pt; text-align: center;\" height=\"18\">Dimens\u00f5es (cm)<\/td>\n<td style=\"text-align: center;\">7,6 \u00d7 33<\/td>\n<\/tr>\n<tr style=\"height: 13.50pt;\">\n<td style=\"height: 13.5pt; text-align: center;\" height=\"18\">Acabamento do bra\u00e7o (cm)<\/td>\n<td style=\"text-align: center;\" align=\"right\">1.8<\/td>\n<\/tr>\n<tr style=\"height: 13.50pt;\">\n<td style=\"height: 13.5pt; text-align: center;\" height=\"18\">Cor<\/td>\n<td style=\"text-align: center;\">Verde Oliva<\/td>\n<\/tr>\n<tr style=\"height: 13.50pt;\">\n<td style=\"height: 13.5pt; text-align: center;\" height=\"18\">Tipo de pesco\u00e7o<\/td>\n<td style=\"text-align: center;\">Pesco\u00e7o Rosqueado<\/td>\n<\/tr>\n<\/tbody>\n<\/table>\n<h2>Caso de sucesso<\/h2>\n<p>Uma vin\u00edcola europeia rec\u00e9m-criada, ao lan\u00e7ar sua linha de vinhos de gama m\u00e9dia a alta, escolheu garrafas de vinho de 750ml com tampa de rosca, fabricadas por n\u00f3s. Optaram pelo vidro verde-oliva escuro para garantir prote\u00e7\u00e3o contra a luz, e as garrafas contavam com \u00e1reas para serigrafia e relevo, permitindo que as marcas e as safras permanecessem vis\u00edveis por muito tempo. Al\u00e9m disso, o design de alta precis\u00e3o da tampa de rosca, combinado com a tampa de alum\u00ednio personalizada anti-oxida\u00e7\u00e3o, reduziu consideravelmente o n\u00famero de problemas na abertura das garrafas e reclama\u00e7\u00f5es de vazamento.<\/p>\n<p>A primeira temporada de vendas ap\u00f3s o lan\u00e7amento da s\u00e9rie mostrou que os pedidos do canal aumentaram cerca de 35% em rela\u00e7\u00e3o ao ano anterior, e as taxas de recompra no canal de alimenta\u00e7\u00e3o tamb\u00e9m melhoraram bastante; o cliente fez dois pedidos repetidos em seis meses.<\/p>\n<h2>Seus caminhos de personaliza\u00e7\u00e3o<\/h2>\n<ol>\n<li><strong>Personaliza\u00e7\u00e3o da cor da garrafa:<\/strong> Al\u00e9m da op\u00e7\u00e3o de verde-oliva escuro, verde escuro ou \u00e2mbar, voc\u00ea tamb\u00e9m pode escolher um copo colorido escuro personalizado para aumentar a prote\u00e7\u00e3o contra a luz e diferenciar as diversas categorias de vinho.<\/li>\n<li><strong>Op\u00e7\u00f5es de tampa de rosca e fecho:<\/strong> Suporta tampas de rosca de diferentes tamanhos e \u00e9 compat\u00edvel com tampas de rosca de alum\u00ednio, anti-oxida\u00e7\u00e3o ou de alta barreira. Voc\u00ea tamb\u00e9m pode personalizar as cores e texturas das tampas.<\/li>\n<li><strong>Processamento do corpo da garrafa:<\/strong> Utilizando serigrafia, estampagem a quente, fosqueamento parcial ou um logotipo em relevo, \u00e9 poss\u00edvel integrar visualmente as informa\u00e7\u00f5es da marca \u00e0 garrafa de vidro.<\/li>\n<\/ol>","protected":false},"excerpt":{"rendered":"<p>Garrafa de vinho de 750ml na cor verde-oliva, formato bord\u00f4. Rosca no gargalo para veda\u00e7\u00e3o segura. Compre garrafas de vinho vazias no atacado. Amostras gr\u00e1tis e entrega r\u00e1pida.<\/p>","protected":false},"featured_media":5535,"template":"","meta":{"postBodyCss":"","postBodyMargin":[],"postBodyPadding":[],"postBodyBackground":{"backgroundType":"classic","gradient":""}},"product_brand":[],"product_cat":[15,16,84],"product_tag":[],"class_list":{"0":"post-5530","1":"product","2":"type-product","3":"status-publish","4":"has-post-thumbnail","6":"product_cat-glass-containers","7":"product_cat-glass-bottles","8":"product_cat-wine-bottles","10":"first","11":"instock","12":"shipping-taxable","13":"product-type-simple"},"jetpack_sharing_enabled":true,"_links":{"self":[{"href":"https:\/\/minghanggroup.com\/pt\/wp-json\/wp\/v2\/product\/5530","targetHints":{"allow":["GET"]}}],"collection":[{"href":"https:\/\/minghanggroup.com\/pt\/wp-json\/wp\/v2\/product"}],"about":[{"href":"https:\/\/minghanggroup.com\/pt\/wp-json\/wp\/v2\/types\/product"}],"wp:featuredmedia":[{"embeddable":true,"href":"https:\/\/minghanggroup.com\/pt\/wp-json\/wp\/v2\/media\/5535"}],"wp:attachment":[{"href":"https:\/\/minghanggroup.com\/pt\/wp-json\/wp\/v2\/media?parent=5530"}],"wp:term":[{"taxonomy":"product_brand","embeddable":true,"href":"https:\/\/minghanggroup.com\/pt\/wp-json\/wp\/v2\/product_brand?post=5530"},{"taxonomy":"product_cat","embeddable":true,"href":"https:\/\/minghanggroup.com\/pt\/wp-json\/wp\/v2\/product_cat?post=5530"},{"taxonomy":"product_tag","embeddable":true,"href":"https:\/\/minghanggroup.com\/pt\/wp-json\/wp\/v2\/product_tag?post=5530"}],"curies":[{"name":"wp","href":"https:\/\/api.w.org\/{rel}","templated":true}]}}