{"id":5516,"date":"2026-02-03T16:18:25","date_gmt":"2026-02-03T08:18:25","guid":{"rendered":"https:\/\/minghanggroup.com\/?post_type=product&#038;p=5516"},"modified":"2026-04-14T09:42:22","modified_gmt":"2026-04-14T01:42:22","slug":"16-oz-juice-glass-bottles-with-wooden-lids-bulk","status":"publish","type":"product","link":"https:\/\/minghanggroup.com\/pt\/produto\/16-oz-juice-glass-bottles-with-wooden-lids-bulk\/","title":{"rendered":"Garrafas de vidro para suco de 473 ml (16 oz) com tampas de madeira - Pacote com v\u00e1rias unidades"},"content":{"rendered":"<p>Nossas garrafas de vidro de 473 ml (16 oz) para suco, com apar\u00eancia de latas de alum\u00ednio, s\u00e3o feitas de vidro cristalino de qualidade alimentar, com tampa de bambu natural e suporte para canudo em a\u00e7o inoxid\u00e1vel que se encaixa facilmente, preservando o frescor e evitando vazamentos.<\/p>\n<h2>Caracter\u00edsticas do produto<\/h2>\n<ul>\n<li><strong>Design cil\u00edndrico reto em formato de lata:<\/strong> O design vertical da lata \u00e9 \u00fanico e pr\u00e1tico, pois se encaixa bem em diferentes porta-copos e pode ser empilhado facilmente.<\/li>\n<li><strong>Vidro transparente:<\/strong> O copo transparente permitir\u00e1 que voc\u00ea veja exatamente o que est\u00e1 bebendo, real\u00e7ando sua apar\u00eancia fresca e atraente.<\/li>\n<li><strong>Tampa de veda\u00e7\u00e3o de madeira + canudo de metal:<\/strong> Esta \u00e9 uma tampa de madeira com um orif\u00edcio para beber e um canudo met\u00e1lico flex\u00edvel embutido, o que a torna pr\u00e1tica para transportar e levar sua bebida para qualquer lugar e a qualquer hora, evitando derramamentos.<\/li>\n<\/ul>\n<h2 style=\"text-align: left;\">Especifica\u00e7\u00f5es principais<\/h2>\n<table class=\"aligncenter\" style=\"border-collapse: collapse; width: 408.77pt;\" border=\"0\" width=\"545\" cellspacing=\"0\" cellpadding=\"0\">\n<tbody>\n<tr style=\"height: 13.50pt;\">\n<td style=\"height: 13.50pt; width: 115.50pt;\" width=\"154\" height=\"18\">Atributo<\/td>\n<td style=\"width: 293.25pt;\" width=\"391\">Detalhes<\/td>\n<\/tr>\n<tr style=\"height: 13.50pt;\">\n<td style=\"height: 13.50pt;\" height=\"18\">Capacidade<\/td>\n<td>500ml (16 oz)<\/td>\n<\/tr>\n<tr style=\"height: 13.50pt;\">\n<td style=\"height: 13.50pt;\" height=\"18\">Dimens\u00f5es<\/td>\n<td>65 mm de di\u00e2metro \u00d7 150 mm de altura<\/td>\n<\/tr>\n<tr style=\"height: 13.50pt;\">\n<td style=\"height: 13.50pt;\" height=\"18\">Material<\/td>\n<td>Vidro de borosilicato de alta qualidade<\/td>\n<\/tr>\n<tr style=\"height: 13.50pt;\">\n<td style=\"height: 13.50pt;\" height=\"18\">Formato de garrafa<\/td>\n<td>De paredes retas, estilo lata<\/td>\n<\/tr>\n<tr style=\"height: 13.50pt;\">\n<td style=\"height: 13.50pt;\" height=\"18\">Faixa de personaliza\u00e7\u00e3o<\/td>\n<td>Formato, tamanho, cor, acabamento, tipo de tampa, acess\u00f3rios<\/td>\n<\/tr>\n<tr style=\"height: 13.50pt;\">\n<td style=\"height: 13.50pt;\" height=\"18\">Artesanato<\/td>\n<td>Vidro liso e sem emendas com base refor\u00e7ada.<\/td>\n<\/tr>\n<tr style=\"height: 13.50pt;\">\n<td style=\"height: 13.50pt;\" height=\"18\">Uso principal<\/td>\n<td>Garrafas de vidro para suco, garrafas para bebidas geladas<\/td>\n<\/tr>\n<tr style=\"height: 13.50pt;\">\n<td style=\"height: 13.50pt;\" height=\"18\">Ind\u00fastrias-alvo<\/td>\n<td>Atacado de bebidas, bebidas especiais<\/td>\n<\/tr>\n<\/tbody>\n<\/table>\n<h2>Caso de sucesso: uma rede de sucos e smoothies da Fl\u00f3rida<\/h2>\n<p>Uma das redes de sucos e smoothies da Fl\u00f3rida escolheu nossas garrafas de vidro de 473 ml (16 oz) e diferenciou a cor da tampa de madeira. Toda a linha de produtos (garrafa, tampa e canudo) foi um sucesso, e 80% dos clientes a preferiram aos copos descart\u00e1veis. A capacidade de 500 ml \u00e9 ideal para o consumo normal dos clientes. O vidro \u00e9 muito dur\u00e1vel e permite 95% de reabastecimento. A iniciativa provou ser um grande sucesso e, posteriormente, a rede encomendou mais 500.000 garrafas para atender \u00e0 demanda de suas 25 lojas ao longo do ano.<\/p>\n<h2>Personaliza\u00e7\u00e3o de garrafas de vidro para suco<\/h2>\n<ul>\n<li>Cor do vidro: Dispon\u00edvel em transparente, fum\u00ea, \u00e2mbar ou em cores personalizadas, como verde claro ou azul.<\/li>\n<li>Grava\u00e7\u00e3o a laser: Um laser pode ser usado para gravar um c\u00f3digo, um logotipo ou um desenho ornamental na superf\u00edcie do vidro.<\/li>\n<li>Designs personalizados para tampas e canudos: As tampas e os canudos podem ser feitos em diferentes estilos (bambu, nogueira), e as cores dos canudos tamb\u00e9m podem ser diferentes (dourado, preto).<\/li>\n<\/ul>","protected":false},"excerpt":{"rendered":"<p>Estas garrafas de vidro de 473 ml (16 oz) para suco apresentam um design transparente em formato de jarra, com tampa de madeira e canudo. Ideais para sucos, caf\u00e9 e bebidas geladas, direto da f\u00e1brica.<\/p>","protected":false},"featured_media":5521,"template":"","meta":{"postBodyCss":"","postBodyMargin":[],"postBodyPadding":[],"postBodyBackground":{"backgroundType":"classic","gradient":""}},"product_brand":[],"product_cat":[15,83,16],"product_tag":[95,91],"class_list":{"0":"post-5516","1":"product","2":"type-product","3":"status-publish","4":"has-post-thumbnail","6":"product_cat-glass-containers","7":"product_cat-glass-beverage-bottles","8":"product_cat-glass-bottles","9":"product_tag-coffee-tumblers","10":"product_tag-glass-soda-bottles","12":"first","13":"instock","14":"shipping-taxable","15":"product-type-simple"},"jetpack_sharing_enabled":true,"_links":{"self":[{"href":"https:\/\/minghanggroup.com\/pt\/wp-json\/wp\/v2\/product\/5516","targetHints":{"allow":["GET"]}}],"collection":[{"href":"https:\/\/minghanggroup.com\/pt\/wp-json\/wp\/v2\/product"}],"about":[{"href":"https:\/\/minghanggroup.com\/pt\/wp-json\/wp\/v2\/types\/product"}],"wp:featuredmedia":[{"embeddable":true,"href":"https:\/\/minghanggroup.com\/pt\/wp-json\/wp\/v2\/media\/5521"}],"wp:attachment":[{"href":"https:\/\/minghanggroup.com\/pt\/wp-json\/wp\/v2\/media?parent=5516"}],"wp:term":[{"taxonomy":"product_brand","embeddable":true,"href":"https:\/\/minghanggroup.com\/pt\/wp-json\/wp\/v2\/product_brand?post=5516"},{"taxonomy":"product_cat","embeddable":true,"href":"https:\/\/minghanggroup.com\/pt\/wp-json\/wp\/v2\/product_cat?post=5516"},{"taxonomy":"product_tag","embeddable":true,"href":"https:\/\/minghanggroup.com\/pt\/wp-json\/wp\/v2\/product_tag?post=5516"}],"curies":[{"name":"wp","href":"https:\/\/api.w.org\/{rel}","templated":true}]}}