{"id":5502,"date":"2026-02-03T13:51:21","date_gmt":"2026-02-03T05:51:21","guid":{"rendered":"https:\/\/minghanggroup.com\/?post_type=product&#038;p=5502"},"modified":"2026-04-22T15:49:14","modified_gmt":"2026-04-22T07:49:14","slug":"empty-flat-glass-soda-bottles-with-lids-bulk","status":"publish","type":"product","link":"https:\/\/minghanggroup.com\/pt\/produto\/empty-flat-glass-soda-bottles-with-lids-bulk\/","title":{"rendered":"Garrafas Vazias de Vidro Plano de 250ml para Refrigerante com Tampas no Atacado"},"content":{"rendered":"<p>Esta \u00e9 uma garrafa de vidro SodaStream de formato curvo, retangular, com uma tampa met\u00e1lica rosqueada que proporciona uma excelente veda\u00e7\u00e3o, retendo as bolhas.<\/p>\n<h2>Caracter\u00edsticas do produto<\/h2>\n<ul>\n<li><strong>Formato de Garrafa Retr\u00f4, Arredondada e Plana:<\/strong> A garrafa tem um topo plano e arredondado que facilita o transporte e o armazenamento de todos os seus elementos de design retr\u00f4.<\/li>\n<li><strong>Vidro de Grau Aliment\u00edcio de Alta Transpar\u00eancia:<\/strong> O produto \u00e9 constru\u00eddo em vidro de grau aliment\u00edcio sem chumbo, que proporciona alta transpar\u00eancia e manuseio seguro, pois pode ser facilmente limpo sem deixar vest\u00edgios de res\u00edduo.<\/li>\n<li><strong>Veda\u00e7\u00e3o com Tampa de Rosca Met\u00e1lica:<\/strong> O produto utiliza uma tampa de rosca met\u00e1lica que oferece fortes capacidades de veda\u00e7\u00e3o para evitar vazamentos e derramamentos.<\/li>\n<\/ul>\n<h2 style=\"text-align: left;\">Especifica\u00e7\u00f5es principais<\/h2>\n<table class=\"aligncenter\" style=\"border-collapse: collapse; width: 491.27pt;\" border=\"0\" width=\"655\" cellspacing=\"0\" cellpadding=\"0\">\n<tbody>\n<tr style=\"height: 13.50pt;\">\n<td style=\"height: 13.50pt; width: 122.25pt;\" width=\"163\" height=\"18\">Especifica\u00e7\u00e3o<\/td>\n<td style=\"width: 369.00pt;\" width=\"492\">Detalhes<\/td>\n<\/tr>\n<tr style=\"height: 13.50pt;\">\n<td style=\"height: 13.50pt;\" height=\"18\">Capacidade<\/td>\n<td>250ml<\/td>\n<\/tr>\n<tr style=\"height: 13.50pt;\">\n<td style=\"height: 13.50pt;\" height=\"18\">Dimens\u00f5es<\/td>\n<td>83\u00d7145mm<\/td>\n<\/tr>\n<tr style=\"height: 13.50pt;\">\n<td style=\"height: 13.50pt;\" height=\"18\">Material<\/td>\n<td>Vidro transparente, tampa de metal<\/td>\n<\/tr>\n<tr style=\"height: 13.50pt;\">\n<td style=\"height: 13.50pt;\" height=\"18\">Formato de garrafa<\/td>\n<td>Perfil retangular plano e curvo<\/td>\n<\/tr>\n<tr style=\"height: 13.50pt;\">\n<td style=\"height: 13.50pt;\" height=\"18\">Escopo de personaliza\u00e7\u00e3o<\/td>\n<td>Cor, tamanho, tampas, formato<\/td>\n<\/tr>\n<tr style=\"height: 13.50pt;\">\n<td style=\"height: 13.50pt;\" height=\"18\">Artesanato<\/td>\n<td>Conforma\u00e7\u00e3o de vidro de precis\u00e3o para formatos planos curvos, corte de roscas<\/td>\n<\/tr>\n<tr style=\"height: 13.50pt;\">\n<td style=\"height: 13.50pt;\" height=\"18\">Finalidade do produto<\/td>\n<td>Garrafas de vidro para refrigerante, Garrafas de \u00e1gua com g\u00e1s<\/td>\n<\/tr>\n<tr style=\"height: 13.50pt;\">\n<td style=\"height: 13.50pt;\" height=\"18\">Ind\u00fastrias adequadas<\/td>\n<td>Marcas de bebidas, varejistas de alimentos saud\u00e1veis<\/td>\n<\/tr>\n<\/tbody>\n<\/table>\n<h2>Hist\u00f3ria de Sucesso: Um Pedido Personalizado de uma Empresa de Cold Brew Coffee do Brooklyn<\/h2>\n<p>Uma empresa de cold brew coffee no Brooklyn, Nova York, selecionou nossa garrafa de refrigerante de vidro de 12 on\u00e7as e personalizou uma tampa preta fosca e um design serigrafado. O produto personalizado gerou resultados not\u00e1veis: o design fino e plano da garrafa aumentou seu uso do espa\u00e7o da prateleira da geladeira em 40%, o design leve reduziu seus custos de envio por garrafa em 15% e a apar\u00eancia \u00fanica aumentou as men\u00e7\u00f5es nas redes sociais em 250%. A empresa encomendou 520.000 garrafas adicionais para apoiar o lan\u00e7amento de seus produtos de cold brew infundido com nitrog\u00eanio em lata ap\u00f3s o sucesso de seu primeiro pedido.<\/p>\n<h2>Personaliza\u00e7\u00e3o de garrafas de vidro SodaStream<\/h2>\n<ul>\n<li>Ajuste do formato da garrafa: Altere o formato da garrafa, seja ele curvo ou retangular, ou modifique-o para se adequar a tarefas espec\u00edficas de embalagem.<\/li>\n<li>Serigrafia: Aplica\u00e7\u00e3o indireta de gr\u00e1ficos, logotipos ou designs de alta qualidade com cobertura total em uma tela.<\/li>\n<li>Designs de bon\u00e9s personalizados: Dispon\u00edveis em cores s\u00f3lidas (preto, dourado, prateado) ou com estampas da marca.<\/li>\n<\/ul>","protected":false},"excerpt":{"rendered":"<p>Garrafa dur\u00e1vel para soda stream de vidro com corpo transparente, tampa de metal e veda\u00e7\u00e3o herm\u00e9tica. Garrafa de soda de vidro perfeita para fornecimento a granel. Envio r\u00e1pido para todo o mundo dispon\u00edvel.<\/p>","protected":false},"featured_media":5510,"template":"","meta":{"postBodyCss":"","postBodyMargin":[],"postBodyPadding":[],"postBodyBackground":{"backgroundType":"classic","gradient":""}},"product_brand":[],"product_cat":[83,16,15],"product_tag":[92],"class_list":{"0":"post-5502","1":"product","2":"type-product","3":"status-publish","4":"has-post-thumbnail","6":"product_cat-glass-beverage-bottles","7":"product_cat-glass-bottles","8":"product_cat-glass-containers","9":"product_tag-glass-liquor-bottles","11":"first","12":"instock","13":"shipping-taxable","14":"product-type-simple"},"jetpack_sharing_enabled":true,"_links":{"self":[{"href":"https:\/\/minghanggroup.com\/pt\/wp-json\/wp\/v2\/product\/5502","targetHints":{"allow":["GET"]}}],"collection":[{"href":"https:\/\/minghanggroup.com\/pt\/wp-json\/wp\/v2\/product"}],"about":[{"href":"https:\/\/minghanggroup.com\/pt\/wp-json\/wp\/v2\/types\/product"}],"wp:featuredmedia":[{"embeddable":true,"href":"https:\/\/minghanggroup.com\/pt\/wp-json\/wp\/v2\/media\/5510"}],"wp:attachment":[{"href":"https:\/\/minghanggroup.com\/pt\/wp-json\/wp\/v2\/media?parent=5502"}],"wp:term":[{"taxonomy":"product_brand","embeddable":true,"href":"https:\/\/minghanggroup.com\/pt\/wp-json\/wp\/v2\/product_brand?post=5502"},{"taxonomy":"product_cat","embeddable":true,"href":"https:\/\/minghanggroup.com\/pt\/wp-json\/wp\/v2\/product_cat?post=5502"},{"taxonomy":"product_tag","embeddable":true,"href":"https:\/\/minghanggroup.com\/pt\/wp-json\/wp\/v2\/product_tag?post=5502"}],"curies":[{"name":"wp","href":"https:\/\/api.w.org\/{rel}","templated":true}]}}