{"id":5500,"date":"2026-02-03T15:51:04","date_gmt":"2026-02-03T07:51:04","guid":{"rendered":"https:\/\/minghanggroup.com\/?post_type=product&#038;p=5500"},"modified":"2026-02-03T16:43:30","modified_gmt":"2026-02-03T08:43:30","slug":"sleek-dark-wine-glass-bottles-for-branding-bulk","status":"publish","type":"product","link":"https:\/\/minghanggroup.com\/pt\/produto\/sleek-dark-wine-glass-bottles-for-branding-bulk\/","title":{"rendered":"Garrafas de vinho de vidro escuro elegantes de 500 ml para personaliza\u00e7\u00e3o em grandes quantidades"},"content":{"rendered":"<p>Voc\u00ea cria vinhos com paix\u00e3o \u2014 agora, d\u00ea a ele um recipiente que honre cada gota. Nossas garrafas de vinho de 500ml combinam a eleg\u00e2ncia atemporal das garrafas de Bordeaux com a prote\u00e7\u00e3o de um tom \u00e2mbar profundo. Ombros suaves, gargalo fino e aquela silhueta inconfund\u00edvel? Pura confian\u00e7a nas prateleiras. Como seu parceiro direto em garrafas de vidro, transformamos garrafas de vinho vazias em um legado para sua marca \u2014 perfeitas para vinhos tintos, claretes, borgonhas ou para sua pr\u00f3xima aventura com vinhos caseiros. Isso n\u00e3o \u00e9 apenas uma embalagem. \u00c9 a sua hist\u00f3ria em vidro.<\/p>\n<h2>Caracter\u00edsticas do produto<\/h2>\n<ul>\n<li><strong>Verdadeira heran\u00e7a de Bord\u00e9us:<\/strong> O formato tradicional da garrafa de vinho, com ombros suavemente inclinados e um gargalo elegante, encaixa-se facilmente em adegas e proporciona uma sensa\u00e7\u00e3o premium ao toque.<\/li>\n<li><strong>Escudo de luz \u00e2mbar:<\/strong> O vidro \u00e2mbar profundo e de grande intensidade filtra a luz UV com muito mais efic\u00e1cia do que as garrafas transparentes, protegendo assim o aroma delicado do vinho tinto ou o car\u00e1ter marcante da Borgonha.<\/li>\n<li><strong>Base est\u00e1vel para chute:<\/strong> O pequeno recesso na parte inferior proporciona uma base firme para a garrafa, esteja ela dentro de uma caixa, embrulhada para presente ou simplesmente sobre a mesa.<\/li>\n<\/ul>\n<h2>Especifica\u00e7\u00f5es principais<\/h2>\n<table style=\"border-collapse: collapse; width: 80%; margin-left: auto; margin-right: auto;\" border=\"0\" width=\"144\" cellspacing=\"0\" cellpadding=\"0\">\n<tbody>\n<tr style=\"height: 13.50pt;\">\n<td style=\"height: 13.5pt; width: 54pt; text-align: center;\" width=\"72\" height=\"18\">Recurso<\/td>\n<td style=\"width: 54pt; text-align: center;\" width=\"72\">Detalhe<\/td>\n<\/tr>\n<tr style=\"height: 13.50pt;\">\n<td style=\"height: 13.5pt; text-align: center;\" height=\"18\">Capacidade (ml)<\/td>\n<td style=\"text-align: center;\" align=\"right\">500<\/td>\n<\/tr>\n<tr style=\"height: 13.50pt;\">\n<td style=\"height: 13.5pt; text-align: center;\" height=\"18\">Dimens\u00f5es (cm)<\/td>\n<td style=\"text-align: center;\">6,8 \u00d7 33,0<\/td>\n<\/tr>\n<tr style=\"height: 13.50pt;\">\n<td style=\"height: 13.5pt; text-align: center;\" height=\"18\">Acabamento do bra\u00e7o (cm)<\/td>\n<td style=\"text-align: center;\" align=\"right\">1.8<\/td>\n<\/tr>\n<tr style=\"height: 13.50pt;\">\n<td style=\"height: 13.5pt; text-align: center;\" height=\"18\">Cor<\/td>\n<td style=\"text-align: center;\">\u00c2mbar profundo<\/td>\n<\/tr>\n<tr style=\"height: 13.50pt;\">\n<td style=\"height: 13.5pt; text-align: center;\" height=\"18\">Op\u00e7\u00f5es de fechamento<\/td>\n<td style=\"text-align: center;\">Rolhas de corti\u00e7a natural, alum\u00ednio torcido \u00e0 m\u00e3o, tampa de madeira, tampa longa.<\/td>\n<\/tr>\n<\/tbody>\n<\/table>\n<h2>Caso de sucesso<\/h2>\n<p>Uma vin\u00edcola boutique na Europa decidiu adotar a garrafa de vinho de 500ml que nossa empresa oferece como embalagem padr\u00e3o para sua nova linha de produtos. Para manter sua imagem premium, alteramos o contorno do ombro da garrafa, conferindo-lhe um perfil mais esguio. Al\u00e9m disso, engrossamos a base e a personalizamos com um logotipo exclusivo, n\u00e3o apenas para fortalecer o reconhecimento da marca, mas tamb\u00e9m para oferecer recursos antifalsifica\u00e7\u00e3o. Ademais, a vin\u00edcola modificou as especifica\u00e7\u00f5es do gargalo da garrafa para garantir total compatibilidade com sua linha de envase automatizada e rolhas de alta qualidade.<\/p>\n<p>As vendas da nova s\u00e9rie aumentaram cerca de 32% em rela\u00e7\u00e3o ao ano anterior nos canais de varejo, apenas no primeiro trimestre ap\u00f3s o lan\u00e7amento. Encorajado por essa rea\u00e7\u00e3o positiva do mercado, o cliente chegou a fazer dois novos pedidos em seis meses.<\/p>\n<h2>Seus caminhos de personaliza\u00e7\u00e3o<\/h2>\n<ol>\n<li><strong>Personaliza\u00e7\u00e3o da cor da garrafa:<\/strong> Para prote\u00e7\u00e3o contra a luz, voc\u00ea pode escolher a cor da garrafa em verde-oliva, marrom escuro, cinza fum\u00ea ou vidro degrad\u00ea; a diferencia\u00e7\u00e3o da linha de produtos e a identidade da marca tamb\u00e9m ser\u00e3o refor\u00e7adas.<\/li>\n<li><strong>Marca\u00e7\u00f5es na base e no corpo da garrafa:<\/strong> Logotipos da marca, anos ou s\u00edmbolos antifalsifica\u00e7\u00e3o podem ser gravados em relevo na base ou no corpo da garrafa em uma \u00e1rea espec\u00edfica para aumentar o reconhecimento da marca e a rastreabilidade.<\/li>\n<li><strong>Especifica\u00e7\u00f5es do gargalo da garrafa e solu\u00e7\u00f5es de veda\u00e7\u00e3o:<\/strong> Os tamanhos personaliz\u00e1veis \u200b\u200bdo gargalo da garrafa permitem o uso de rolhas de corti\u00e7a natural, rolhas sint\u00e9ticas ou tampas de rosca, atendendo simultaneamente aos diferentes requisitos da linha de envase.<\/li>\n<\/ol>","protected":false},"excerpt":{"rendered":"<p>Garrafas de vidro para vinho de alta qualidade para marcas. Envio direto da f\u00e1brica, garrafas de vidro para vinho com op\u00e7\u00e3o de personaliza\u00e7\u00e3o em grande escala, ideais para solu\u00e7\u00f5es de embalagem.<\/p>","protected":false},"featured_media":5506,"template":"","meta":{"postBodyCss":"","postBodyMargin":[],"postBodyPadding":[],"postBodyBackground":{"backgroundType":"classic","gradient":""}},"product_brand":[],"product_cat":[15,16,84],"product_tag":[],"class_list":{"0":"post-5500","1":"product","2":"type-product","3":"status-publish","4":"has-post-thumbnail","6":"product_cat-glass-containers","7":"product_cat-glass-bottles","8":"product_cat-wine-bottles","10":"first","11":"instock","12":"shipping-taxable","13":"product-type-simple"},"jetpack_sharing_enabled":true,"_links":{"self":[{"href":"https:\/\/minghanggroup.com\/pt\/wp-json\/wp\/v2\/product\/5500","targetHints":{"allow":["GET"]}}],"collection":[{"href":"https:\/\/minghanggroup.com\/pt\/wp-json\/wp\/v2\/product"}],"about":[{"href":"https:\/\/minghanggroup.com\/pt\/wp-json\/wp\/v2\/types\/product"}],"wp:featuredmedia":[{"embeddable":true,"href":"https:\/\/minghanggroup.com\/pt\/wp-json\/wp\/v2\/media\/5506"}],"wp:attachment":[{"href":"https:\/\/minghanggroup.com\/pt\/wp-json\/wp\/v2\/media?parent=5500"}],"wp:term":[{"taxonomy":"product_brand","embeddable":true,"href":"https:\/\/minghanggroup.com\/pt\/wp-json\/wp\/v2\/product_brand?post=5500"},{"taxonomy":"product_cat","embeddable":true,"href":"https:\/\/minghanggroup.com\/pt\/wp-json\/wp\/v2\/product_cat?post=5500"},{"taxonomy":"product_tag","embeddable":true,"href":"https:\/\/minghanggroup.com\/pt\/wp-json\/wp\/v2\/product_tag?post=5500"}],"curies":[{"name":"wp","href":"https:\/\/api.w.org\/{rel}","templated":true}]}}