{"id":5495,"date":"2026-02-03T11:56:50","date_gmt":"2026-02-03T03:56:50","guid":{"rendered":"https:\/\/minghanggroup.com\/?post_type=product&#038;p=5495"},"modified":"2026-03-02T13:34:21","modified_gmt":"2026-03-02T05:34:21","slug":"flat-square-juice-glass-bottles-for-juicing-bulk","status":"publish","type":"product","link":"https:\/\/minghanggroup.com\/pt\/produto\/flat-square-juice-glass-bottles-for-juicing-bulk\/","title":{"rendered":"Garrafas de vidro quadradas e planas de 200ml e 280ml para sucos a granel."},"content":{"rendered":"<p>Essas superf\u00edcies planas e retangulares\u00a0<span class=\"text-[#00CEC8]\">cub\u00f3ide,<\/span> garrafas de vidro moldadas para suco s\u00e3o\u00a0<span class=\"text-[#00CEC8]\">oferecido<\/span>\u00a0em dois tamanhos e pode ser\u00a0<span class=\"text-[#00CEC8]\">equipado<\/span>\u00a0com tampas de rosca met\u00e1licas ou rolhas de corti\u00e7a,\u00a0<span class=\"text-[#00CEC8]\">combinando assim a funcionalidade<\/span>\u00a0e\u00a0<span class=\"text-[#00CEC8]\">moda.<\/span><\/p>\n<h2>Caracter\u00edsticas do produto<\/h2>\n<ul>\n<li><strong>Retangular plano:<\/strong> S\u00e3o planas e retangulares e n\u00e3o ocupam muito espa\u00e7o para armazenamento, podendo ser transportadas em sacolas de compras ou expostas em prateleiras.<\/li>\n<li><strong>Material transparente e liso:<\/strong> O vidro transparente permite visualizar muito bem a cor e a textura do l\u00edquido no interior, al\u00e9m de facilitar a aplica\u00e7\u00e3o de etiquetas ou a impress\u00e3o de logotipos da marca.<\/li>\n<li><strong>Dois tamanhos pr\u00e1ticos:<\/strong> Est\u00e1 dispon\u00edvel com tampas de 200ml e 280ml, pr\u00e1ticas para armazenar suco ou outras bebidas.<\/li>\n<\/ul>\n<h2 style=\"text-align: left;\">Especifica\u00e7\u00f5es principais<\/h2>\n<table class=\"aligncenter\" style=\"border-collapse: collapse; width: 458.27pt;\" border=\"0\" width=\"611\" cellspacing=\"0\" cellpadding=\"0\">\n<tbody>\n<tr style=\"height: 13.50pt;\">\n<td style=\"height: 13.50pt; width: 122.25pt;\" width=\"163\" height=\"18\">Especifica\u00e7\u00e3o<\/td>\n<td style=\"width: 336.00pt;\" width=\"448\">Detalhes<\/td>\n<\/tr>\n<tr style=\"height: 13.50pt;\">\n<td style=\"height: 13.50pt;\" height=\"18\">Capacidade<\/td>\n<td>200ml \/ 280ml<\/td>\n<\/tr>\n<tr style=\"height: 13.50pt;\">\n<td style=\"height: 13.50pt;\" height=\"18\">Dimens\u00f5es<\/td>\n<td>72\u00d750\u00d7116mm \/ 80\u00d750\u00d7145mm<\/td>\n<\/tr>\n<tr style=\"height: 13.50pt;\">\n<td style=\"height: 13.50pt;\" height=\"18\">Material<\/td>\n<td>Tampa de vidro transparente, metal ou madeira<\/td>\n<\/tr>\n<tr style=\"height: 13.50pt;\">\n<td style=\"height: 13.50pt;\" height=\"18\">Formato de garrafa<\/td>\n<td>Perfil quadrado, ligeiramente achatado<\/td>\n<\/tr>\n<tr style=\"height: 13.50pt;\">\n<td style=\"height: 13.50pt;\" height=\"18\">Escopo de personaliza\u00e7\u00e3o<\/td>\n<td>Cor, formato, tamanho, tampas<\/td>\n<\/tr>\n<tr style=\"height: 13.50pt;\">\n<td style=\"height: 13.50pt;\" height=\"18\">Artesanato<\/td>\n<td>Conforma\u00e7\u00e3o de vidro de precis\u00e3o para formato quadrado, corte de rosca<\/td>\n<\/tr>\n<tr style=\"height: 13.50pt;\">\n<td style=\"height: 13.50pt;\" height=\"18\">Finalidade do produto<\/td>\n<td>Garrafas de vidro para sucos, garrafas para \u00e1gua aromatizada<\/td>\n<\/tr>\n<tr style=\"height: 13.50pt;\">\n<td style=\"height: 13.50pt;\" height=\"18\">Ind\u00fastrias adequadas<\/td>\n<td>Marcas de sucos, fornecedores de alimentos gourmet<\/td>\n<\/tr>\n<\/tbody>\n<\/table>\n<h2>Hist\u00f3ria de sucesso<\/h2>\n<p>Nossas garrafas de vidro retangulares e planas de 280 ml com tampas de rosca met\u00e1licas foram escolhidas para um bar de sucos em Londres. A rotulagem foi r\u00e1pida e f\u00e1cil, gra\u00e7as ao formato plano, e teve 100% de sucesso. O design moderno e reutiliz\u00e1vel agradou muito aos clientes, com 60% deles retornando para comprar o produto novamente devido \u00e0 apar\u00eancia limpa. O bar de sucos provou ser um enorme sucesso e, posteriormente, encomendaram mais garrafas, totalizando 250.000, expandindo o projeto para tr\u00eas novas lojas.<\/p>\n<h2>Garrafas de vidro para suco, para personaliza\u00e7\u00e3o.<\/h2>\n<ul>\n<li>Logotipo\/Capacidade Impressos: Aplique uma pequena inscri\u00e7\u00e3o em relevo, indicando a capacidade ou o logotipo, na lateral plana da garrafa.<\/li>\n<li>Designs personalizados em corti\u00e7a: Podem ser compostos de outros materiais (bambu, carvalho) ou ter a marca impressa.<\/li>\n<li>Al\u00e7a texturizada: Uma leve textura em relevo na lateral mais fina da garrafa facilita o manuseio.<\/li>\n<\/ul>","protected":false},"excerpt":{"rendered":"<p>Garrafa de vidro quadrada para suco, com perfil plano, combinada com tampas de metal ou madeira. Amostras gr\u00e1tis de garrafas de vidro para suco dispon\u00edveis para testes de produto.<\/p>","protected":false},"featured_media":5498,"template":"","meta":{"postBodyCss":"","postBodyMargin":[],"postBodyPadding":[],"postBodyBackground":{"backgroundType":"classic","gradient":""}},"product_brand":[],"product_cat":[15,83,16],"product_tag":[92],"class_list":{"0":"post-5495","1":"product","2":"type-product","3":"status-publish","4":"has-post-thumbnail","6":"product_cat-glass-containers","7":"product_cat-glass-beverage-bottles","8":"product_cat-glass-bottles","9":"product_tag-glass-liquor-bottles","11":"first","12":"instock","13":"shipping-taxable","14":"product-type-simple"},"jetpack_sharing_enabled":true,"_links":{"self":[{"href":"https:\/\/minghanggroup.com\/pt\/wp-json\/wp\/v2\/product\/5495","targetHints":{"allow":["GET"]}}],"collection":[{"href":"https:\/\/minghanggroup.com\/pt\/wp-json\/wp\/v2\/product"}],"about":[{"href":"https:\/\/minghanggroup.com\/pt\/wp-json\/wp\/v2\/types\/product"}],"wp:featuredmedia":[{"embeddable":true,"href":"https:\/\/minghanggroup.com\/pt\/wp-json\/wp\/v2\/media\/5498"}],"wp:attachment":[{"href":"https:\/\/minghanggroup.com\/pt\/wp-json\/wp\/v2\/media?parent=5495"}],"wp:term":[{"taxonomy":"product_brand","embeddable":true,"href":"https:\/\/minghanggroup.com\/pt\/wp-json\/wp\/v2\/product_brand?post=5495"},{"taxonomy":"product_cat","embeddable":true,"href":"https:\/\/minghanggroup.com\/pt\/wp-json\/wp\/v2\/product_cat?post=5495"},{"taxonomy":"product_tag","embeddable":true,"href":"https:\/\/minghanggroup.com\/pt\/wp-json\/wp\/v2\/product_tag?post=5495"}],"curies":[{"name":"wp","href":"https:\/\/api.w.org\/{rel}","templated":true}]}}