{"id":5490,"date":"2026-02-03T11:47:26","date_gmt":"2026-02-03T03:47:26","guid":{"rendered":"https:\/\/minghanggroup.com\/?post_type=product&#038;p=5490"},"modified":"2026-02-03T11:47:30","modified_gmt":"2026-02-03T03:47:30","slug":"empty-red-wine-bottles-for-sale-wholesale","status":"publish","type":"product","link":"https:\/\/minghanggroup.com\/pt\/produto\/empty-red-wine-bottles-for-sale-wholesale\/","title":{"rendered":"Garrafas de vinho tinto vazias de 500ml para venda por atacado"},"content":{"rendered":"<p>Voc\u00ea dedica paix\u00e3o a cada safra \u2014 agora, d\u00ea a ela um recipiente que honre sua arte e crie uma conex\u00e3o com seus clientes. Nossas garrafas de vinho tinto verde-oliva de 500ml combinam a eleg\u00e2ncia atemporal das garrafas de vinho de Bordeaux com prote\u00e7\u00e3o UV inteligente. Ombros suaves, gargalo fino e aquela inclina\u00e7\u00e3o caracter\u00edstica? Puro apelo visual. Como seu parceiro direto em garrafas de vidro, fazemos com que as garrafas de vinho vazias \u00e0 venda pare\u00e7am significativas \u2014 n\u00e3o apenas estoque. Seja para engarrafar clarete, borgonha ou vinho caseiro, aqui a tradi\u00e7\u00e3o encontra a sua hist\u00f3ria.<\/p>\n<h2>Caracter\u00edsticas do produto<\/h2>\n<ul>\n<li><strong>Design da garrafa:<\/strong> O design fino e alongado da garrafa melhora a exposi\u00e7\u00e3o nas prateleiras e demonstra o design sofisticado e elegante do vinho.<\/li>\n<li><strong>Superf\u00edcie da garrafa:<\/strong> Esta \u00e9 uma garrafa lisa, sem decora\u00e7\u00f5es, o que facilita a aplica\u00e7\u00e3o de r\u00f3tulos, serigrafia ou outras formas de personaliza\u00e7\u00e3o.<\/li>\n<li><strong>Tampa de rosca:<\/strong> O gargalo regular e a tampa de rosca s\u00e3o compat\u00edveis com rolhas ou tampas de rosca padr\u00e3o, garantindo uma excelente veda\u00e7\u00e3o.<\/li>\n<\/ul>\n<h2>Especifica\u00e7\u00f5es principais<\/h2>\n<table style=\"border-collapse: collapse; width: 80%; margin-left: auto; margin-right: auto;\" border=\"0\" width=\"144\" cellspacing=\"0\" cellpadding=\"0\">\n<tbody>\n<tr style=\"height: 13.50pt;\">\n<td style=\"height: 13.5pt; width: 54pt; text-align: center;\" width=\"72\" height=\"18\">Recurso<\/td>\n<td style=\"width: 54pt; text-align: center;\" width=\"72\">Detalhe<\/td>\n<\/tr>\n<tr style=\"height: 13.50pt;\">\n<td style=\"height: 13.5pt; text-align: center;\" height=\"18\">Capacidade (ml)<\/td>\n<td style=\"text-align: center;\" align=\"right\">500<\/td>\n<\/tr>\n<tr style=\"height: 13.50pt;\">\n<td style=\"height: 13.5pt; text-align: center;\" height=\"18\">Dimens\u00f5es (cm)<\/td>\n<td style=\"text-align: center;\">6,7 \u00d7 30<\/td>\n<\/tr>\n<tr style=\"height: 13.50pt;\">\n<td style=\"height: 13.5pt; text-align: center;\" height=\"18\">Acabamento do bra\u00e7o (cm)<\/td>\n<td style=\"text-align: center;\" align=\"right\">1.8<\/td>\n<\/tr>\n<tr style=\"height: 13.50pt;\">\n<td style=\"height: 13.5pt; text-align: center;\" height=\"18\">Cor<\/td>\n<td style=\"text-align: center;\">Verde Oliva (tamb\u00e9m conhecido como: Verde Bord\u00f4, Verde Flint, Verde Champagne)<\/td>\n<\/tr>\n<tr style=\"height: 13.50pt;\">\n<td style=\"height: 13.5pt; text-align: center;\" height=\"18\">Op\u00e7\u00f5es de fechamento<\/td>\n<td style=\"text-align: center;\">Tampa de rosca<\/td>\n<\/tr>\n<\/tbody>\n<\/table>\n<h2>Caso de sucesso<\/h2>\n<p>Uma pequena vin\u00edcola boutique, cujo foco principal \u00e9 a produ\u00e7\u00e3o de vinhos tintos em pequenos lotes, optou por usar nossas garrafas de vidro verde-oliva de 500ml (Ovidian) para o lan\u00e7amento de sua nova safra. Eles personalizaram as garrafas, acentuando a base c\u00f4ncava, alongando o gargalo e gravando o logotipo da marca no ombro para maior visibilidade. A cor do vidro foi clareada para maximizar a prote\u00e7\u00e3o contra a luz, e um design impresso com serigrafia minimalista foi utilizado em vez dos r\u00f3tulos de papel convencionais, criando uma apar\u00eancia mais sofisticada e elegante.<\/p>\n<p>Ap\u00f3s o lan\u00e7amento do produto, a vin\u00edcola aumentou suas vendas no varejo em 35% e obteve uma resposta favor\u00e1vel na distribui\u00e7\u00e3o, o que a levou a tornar a garrafa personalizada sua principal linha de produtos e a fazer pedidos frequentes das turmas de produ\u00e7\u00e3o subsequentes.<\/p>\n<h2>Caminhos de personaliza\u00e7\u00e3o inteligentes<\/h2>\n<ol>\n<li><strong>Cores de vidro personalizadas:<\/strong> Selecione a cor das ta\u00e7as para otimizar a prote\u00e7\u00e3o contra a luz e combinar com o estilo e a marca do vinho; por exemplo, a cor das ta\u00e7as pode ser verde-oliva, verde-antigo, \u00e2mbar ou cinza-escuro.<\/li>\n<li><strong>Impress\u00e3o em serigrafia:<\/strong> Adicione menos texto, placas indicativas da vin\u00edcola ou detalhes do lote diretamente no copo para eliminar quaisquer r\u00f3tulos.<\/li>\n<li><strong>Acabamento Acabamentos:<\/strong> Escolha entre acabamentos lisos, foscos ou acetinados para diferenciar entre edi\u00e7\u00f5es limitadas ou cole\u00e7\u00f5es de reserva.<\/li>\n<\/ol>","protected":false},"excerpt":{"rendered":"<p>Garrafas de vinho tinto de alta qualidade, com formato cl\u00e1ssico e vidro espesso. Fornecimento direto da f\u00e1brica, amostras gr\u00e1tis, garrafas de vinho vazias para venda de marcas globais.<\/p>","protected":false},"featured_media":5494,"template":"","meta":{"postBodyCss":"","postBodyMargin":[],"postBodyPadding":[],"postBodyBackground":{"backgroundType":"classic","gradient":""}},"product_brand":[],"product_cat":[15,16,84],"product_tag":[],"class_list":{"0":"post-5490","1":"product","2":"type-product","3":"status-publish","4":"has-post-thumbnail","6":"product_cat-glass-containers","7":"product_cat-glass-bottles","8":"product_cat-wine-bottles","10":"first","11":"instock","12":"shipping-taxable","13":"product-type-simple"},"jetpack_sharing_enabled":true,"_links":{"self":[{"href":"https:\/\/minghanggroup.com\/pt\/wp-json\/wp\/v2\/product\/5490","targetHints":{"allow":["GET"]}}],"collection":[{"href":"https:\/\/minghanggroup.com\/pt\/wp-json\/wp\/v2\/product"}],"about":[{"href":"https:\/\/minghanggroup.com\/pt\/wp-json\/wp\/v2\/types\/product"}],"wp:featuredmedia":[{"embeddable":true,"href":"https:\/\/minghanggroup.com\/pt\/wp-json\/wp\/v2\/media\/5494"}],"wp:attachment":[{"href":"https:\/\/minghanggroup.com\/pt\/wp-json\/wp\/v2\/media?parent=5490"}],"wp:term":[{"taxonomy":"product_brand","embeddable":true,"href":"https:\/\/minghanggroup.com\/pt\/wp-json\/wp\/v2\/product_brand?post=5490"},{"taxonomy":"product_cat","embeddable":true,"href":"https:\/\/minghanggroup.com\/pt\/wp-json\/wp\/v2\/product_cat?post=5490"},{"taxonomy":"product_tag","embeddable":true,"href":"https:\/\/minghanggroup.com\/pt\/wp-json\/wp\/v2\/product_tag?post=5490"}],"curies":[{"name":"wp","href":"https:\/\/api.w.org\/{rel}","templated":true}]}}