{"id":5481,"date":"2026-02-12T10:09:29","date_gmt":"2026-02-12T02:09:29","guid":{"rendered":"https:\/\/minghanggroup.com\/?post_type=product&#038;p=5481"},"modified":"2026-02-03T16:41:40","modified_gmt":"2026-02-03T08:41:40","slug":"dark-glass-customized-wine-bottles-for-sale-bulk","status":"publish","type":"product","link":"https:\/\/minghanggroup.com\/pt\/produto\/dark-glass-customized-wine-bottles-for-sale-bulk\/","title":{"rendered":"Garrafas de vinho personalizadas de vidro escuro de 500ml para venda em grandes quantidades."},"content":{"rendered":"<p>Voc\u00ea cria vinhos com paix\u00e3o \u2014 agora, d\u00ea a ele um recipiente que fale por si s\u00f3 antes do primeiro gole. Nossas garrafas de vinho verde-oliva de 500ml homenageiam a eleg\u00e2ncia cl\u00e1ssica das garrafas de Bordeaux, adaptando-se perfeitamente ao estilo de vida moderno. Seja para engarrafar clarete, borgonha ou vinho caseiro, estas garrafas de vidro protegem o sabor e elevam a sua hist\u00f3ria. Como seu parceiro direto em garrafas de vidro, criamos garrafas de vinho que transmitem personalidade, significado e est\u00e3o prontas para receber o seu r\u00f3tulo.<\/p>\n<h2>Caracter\u00edsticas do produto<\/h2>\n<ul>\n<li><strong>Silhueta aut\u00eantica de Bordeaux:<\/strong> Uma garrafa com ombros suavemente inclinados e um gargalo fino tem aquele formato cl\u00e1ssico de garrafa de vinho que os clientes sempre associam \u00e0 confian\u00e7a.<\/li>\n<li><strong>Guardi\u00e3o Verde Oliva:<\/strong> Sabe-se que um copo de cor verde-oliva escura bloqueia os raios UV em maior medida do que uma garrafa transparente e, portanto, ajuda a preservar as notas delicadas de um vinho tinto desde o momento em que \u00e9 armazenado na adega at\u00e9 chegar \u00e0 prateleira.<\/li>\n<li><strong>Base est\u00e1vel para chute:<\/strong> A base da garrafa de vinho possui uma leve reentr\u00e2ncia que permite que ela seja colocada com firmeza at\u00e9 mesmo em uma caixa de madeira, caixa de presente ou sobre uma mesa de jantar, sem risco de cair.<\/li>\n<\/ul>\n<h2>Especifica\u00e7\u00f5es principais<\/h2>\n<table style=\"border-collapse: collapse; width: 80%; margin-left: auto; margin-right: auto;\" border=\"0\" width=\"144\" cellspacing=\"0\" cellpadding=\"0\">\n<tbody>\n<tr style=\"height: 13.50pt;\">\n<td style=\"height: 13.5pt; width: 54pt; text-align: center;\" width=\"72\" height=\"18\">Recurso<\/td>\n<td style=\"width: 54pt; text-align: center;\" width=\"72\">Detalhe<\/td>\n<\/tr>\n<tr style=\"height: 13.50pt;\">\n<td style=\"height: 13.5pt; text-align: center;\" height=\"18\">Capacidade (ml)<\/td>\n<td style=\"text-align: center;\" align=\"right\">500<\/td>\n<\/tr>\n<tr style=\"height: 13.50pt;\">\n<td style=\"height: 13.5pt; text-align: center;\" height=\"18\">Dimens\u00f5es (cm)<\/td>\n<td style=\"text-align: center;\">7,1 \u00d7 26,7<\/td>\n<\/tr>\n<tr style=\"height: 13.50pt;\">\n<td style=\"height: 13.5pt; text-align: center;\" height=\"18\">Acabamento do bra\u00e7o (cm)<\/td>\n<td style=\"text-align: center;\" align=\"right\">1.8<\/td>\n<\/tr>\n<tr style=\"height: 13.50pt;\">\n<td style=\"height: 13.5pt; text-align: center;\" height=\"18\">Cor<\/td>\n<td style=\"text-align: center;\">Verde Oliva<\/td>\n<\/tr>\n<tr style=\"height: 13.50pt;\">\n<td style=\"height: 13.5pt; text-align: center;\" height=\"18\">Encerramento<\/td>\n<td style=\"text-align: center;\">Tampa de rosca (rolhas de corti\u00e7a natural dispon\u00edveis mediante pedido)<\/td>\n<\/tr>\n<tr style=\"height: 13.50pt;\">\n<td style=\"height: 13.5pt; text-align: center;\" height=\"18\">Ideal para<\/td>\n<td style=\"text-align: center;\">Vinhos tintos, Claret, Vinho caseiro, Garrafas de bebidas alco\u00f3licas<\/td>\n<\/tr>\n<\/tbody>\n<\/table>\n<h2>Caso de sucesso<\/h2>\n<p>Uma pequena vin\u00edcola que produzia principalmente vinhos tintos artesanais em pequenos lotes precisava de uma garrafa que contasse imediatamente a hist\u00f3ria da arte e o posicionamento premium do produto na prateleira. Para a sua nova safra, escolheram nossas garrafas de vinho de vidro escuro de 500ml, produzidas em um tom verde-oliva profundo para melhor prote\u00e7\u00e3o contra raios UV, com um logotipo em relevo no ombro e uma serigrafia em seda muito leve, em vez dos tradicionais r\u00f3tulos de papel. A base mais pesada e o acabamento mais elegante do gargalo tornaram a experi\u00eancia de servir mais prazerosa e, ao mesmo tempo, refor\u00e7aram a imagem de qualidade da marca.<\/p>\n<p>O feedback dos clientes ap\u00f3s o lan\u00e7amento do produto destacou o fato de que o apelo visual nas prateleiras e o valor percebido foram significativamente aprimorados, o que levou a um aumento de 35% nos pedidos repetidos.<\/p>\n<h2>Suas op\u00e7\u00f5es de personaliza\u00e7\u00e3o<\/h2>\n<ol>\n<li><strong>Logotipos em relevo ou baixo-relevo:<\/strong> Considere um logotipo em relevo ou rebaixado no ombro ou na parte inferior da garrafa para criar uma presen\u00e7a de marca duradoura e sem r\u00f3tulo.<\/li>\n<li><strong>Detalhes em serigrafia:<\/strong> Imprima algumas palavras, pictogramas ou padr\u00f5es geom\u00e9tricos diretamente na superf\u00edcie da garrafa como uma alternativa elegante e moderna aos r\u00f3tulos de papel.<\/li>\n<li><strong>Varia\u00e7\u00f5es de bra\u00e7o e acabamento:<\/strong> Ajuste o gargalo para tampa de rosca ou rolhas sint\u00e9ticas, de acordo com os diferentes estilos de vinho e mercados.<\/li>\n<\/ol>","protected":false},"excerpt":{"rendered":"<p>Garrafas de vinho de vidro escuro premium \u00e0 venda, com formato elegante e base est\u00e1vel. Garrafas de vinho personalizadas diretamente da f\u00e1brica, com amostras gr\u00e1tis dispon\u00edveis.<\/p>","protected":false},"featured_media":5485,"template":"","meta":{"postBodyCss":"","postBodyMargin":[],"postBodyPadding":[],"postBodyBackground":{"backgroundType":"classic","gradient":""}},"product_brand":[],"product_cat":[15,16,84],"product_tag":[],"class_list":{"0":"post-5481","1":"product","2":"type-product","3":"status-publish","4":"has-post-thumbnail","6":"product_cat-glass-containers","7":"product_cat-glass-bottles","8":"product_cat-wine-bottles","10":"first","11":"instock","12":"shipping-taxable","13":"product-type-simple"},"jetpack_sharing_enabled":true,"_links":{"self":[{"href":"https:\/\/minghanggroup.com\/pt\/wp-json\/wp\/v2\/product\/5481","targetHints":{"allow":["GET"]}}],"collection":[{"href":"https:\/\/minghanggroup.com\/pt\/wp-json\/wp\/v2\/product"}],"about":[{"href":"https:\/\/minghanggroup.com\/pt\/wp-json\/wp\/v2\/types\/product"}],"wp:featuredmedia":[{"embeddable":true,"href":"https:\/\/minghanggroup.com\/pt\/wp-json\/wp\/v2\/media\/5485"}],"wp:attachment":[{"href":"https:\/\/minghanggroup.com\/pt\/wp-json\/wp\/v2\/media?parent=5481"}],"wp:term":[{"taxonomy":"product_brand","embeddable":true,"href":"https:\/\/minghanggroup.com\/pt\/wp-json\/wp\/v2\/product_brand?post=5481"},{"taxonomy":"product_cat","embeddable":true,"href":"https:\/\/minghanggroup.com\/pt\/wp-json\/wp\/v2\/product_cat?post=5481"},{"taxonomy":"product_tag","embeddable":true,"href":"https:\/\/minghanggroup.com\/pt\/wp-json\/wp\/v2\/product_tag?post=5481"}],"curies":[{"name":"wp","href":"https:\/\/api.w.org\/{rel}","templated":true}]}}