{"id":5480,"date":"2026-02-03T08:58:52","date_gmt":"2026-02-03T00:58:52","guid":{"rendered":"https:\/\/minghanggroup.com\/?post_type=product&#038;p=5480"},"modified":"2026-03-02T13:34:52","modified_gmt":"2026-03-02T05:34:52","slug":"clear-glass-beverage-bottles-with-metal-lids-wholesale","status":"publish","type":"product","link":"https:\/\/minghanggroup.com\/pt\/produto\/clear-glass-beverage-bottles-with-metal-lids-wholesale\/","title":{"rendered":"Garrafas de vidro transparente para bebidas, de 210 ml a 1000 ml, com tampas met\u00e1licas - Venda por atacado"},"content":{"rendered":"<p>Essas garrafas de vidro para bebidas s\u00e3o feitas de vidro transparente, mas em formato vertical, com corpo de vidro transparente e uma tampa de metal resistente com rosca, e est\u00e3o dispon\u00edveis em v\u00e1rios tamanhos convenientes.<\/p>\n<h2>Caracter\u00edsticas do produto<\/h2>\n<ul>\n<li><strong>Design cl\u00e1ssico e vertical:<\/strong> Este design facilita a etiquetagem e o empilhamento, al\u00e9m de ser limpo e moderno.<\/li>\n<li><strong>Tamanhos multiuso:<\/strong> Existem diversos tamanhos pr\u00e1ticos que podem ser utilizados de acordo com as necessidades, como dispensar pequenas por\u00e7\u00f5es, armazenar em casa e expor em estabelecimentos comerciais.<\/li>\n<li><strong>Tampa met\u00e1lica de rosca segura:<\/strong> A tampa met\u00e1lica inclu\u00edda garante um encaixe perfeito, mantendo os produtos frescos e evitando vazamentos.<\/li>\n<\/ul>\n<h2 style=\"text-align: left;\">Especifica\u00e7\u00f5es principais<\/h2>\n<table class=\"aligncenter\" style=\"border-collapse: collapse; width: 401.27pt;\" border=\"0\" width=\"535\" cellspacing=\"0\" cellpadding=\"0\">\n<tbody>\n<tr style=\"height: 13.50pt;\">\n<td style=\"height: 13.50pt; width: 122.25pt;\" width=\"163\" height=\"18\">Especifica\u00e7\u00e3o<\/td>\n<td style=\"width: 279.00pt;\" width=\"372\">Detalhes<\/td>\n<\/tr>\n<tr style=\"height: 13.50pt;\">\n<td style=\"height: 13.50pt;\" height=\"18\">Capacidade<\/td>\n<td>210ml, 250ml, 330ml, 500ml, 650ml, 1000ml<\/td>\n<\/tr>\n<tr style=\"height: 13.50pt;\">\n<td style=\"height: 13.50pt;\" height=\"18\">Material<\/td>\n<td>High Borosilicate Glass, Metal Lid<\/td>\n<\/tr>\n<tr style=\"height: 13.50pt;\">\n<td style=\"height: 13.50pt;\" height=\"18\">Formato de garrafa<\/td>\n<td>Cilindro de lados retos com abertura roscada<\/td>\n<\/tr>\n<tr style=\"height: 13.50pt;\">\n<td style=\"height: 13.50pt;\" height=\"18\">Escopo de personaliza\u00e7\u00e3o<\/td>\n<td>Cor, Tampas, Tamanho, Acabamento<\/td>\n<\/tr>\n<tr style=\"height: 13.50pt;\">\n<td style=\"height: 13.50pt;\" height=\"18\">Artesanato<\/td>\n<td>Moldagem de vidro de precis\u00e3o, corte de rosca<\/td>\n<\/tr>\n<tr style=\"height: 13.50pt;\">\n<td style=\"height: 13.50pt;\" height=\"18\">Finalidade do produto<\/td>\n<td>Garrafas de vidro para bebidas no atacado, garrafas para sucos<\/td>\n<\/tr>\n<tr style=\"height: 13.50pt;\">\n<td style=\"height: 13.50pt;\" height=\"18\">Ind\u00fastrias adequadas<\/td>\n<td>Marcas de bebidas, fornecedores de alimentos gourmet, caf\u00e9s<\/td>\n<\/tr>\n<\/tbody>\n<\/table>\n<h2>Hist\u00f3ria de sucesso<\/h2>\n<p>Nossas garrafas de vidro para bebidas foram escolhidas por uma empresa americana de caf\u00e9 que fez altera\u00e7\u00f5es no fundo e nos r\u00f3tulos de suas garrafas cinza-escuras por meio de serigrafia. O design elegante e a transpar\u00eancia das garrafas aumentaram a visibilidade nas prateleiras em 51 pontos percentuais, com uma economia de 30% em custos de rotulagem e maior efici\u00eancia no armazenamento. A empresa obteve um enorme sucesso e, posteriormente, fez um novo pedido de 800.000 garrafas para seus novos canais de distribui\u00e7\u00e3o nacionais.<\/p>\n<h2>Personaliza\u00e7\u00e3o de garrafas de vidro para bebidas no atacado<\/h2>\n<ul>\n<li>Cores do vidro: Voc\u00ea pode optar por vidro transparente, cinza fum\u00ea, \u00e2mbar ou uma tonalidade personalizada que combine com a est\u00e9tica da sua marca.<\/li>\n<li>Acabamentos foscos ou mate: O acabamento totalmente fosco ou mate proporciona uma sensa\u00e7\u00e3o suave e sofisticada.<\/li>\n<li>Serigrafia: Impress\u00e3o direta de gr\u00e1ficos de alta qualidade, informa\u00e7\u00f5es nutricionais ou design completo da garrafa.<\/li>\n<li>Bon\u00e9s personalizados: Os bon\u00e9s personalizados podem ser de v\u00e1rias cores (preto, dourado, prateado) ou podem ter a sua marca impressa.<\/li>\n<\/ul>","protected":false},"excerpt":{"rendered":"<p>Garrafas de vidro para bebidas no atacado, em diversos tamanhos. Essas garrafas transparentes de lados retos possuem tampas de metal para armazenamento herm\u00e9tico. Pre\u00e7os direto da f\u00e1brica.<\/p>","protected":false},"featured_media":5488,"template":"","meta":{"postBodyCss":"","postBodyMargin":[],"postBodyPadding":[],"postBodyBackground":{"backgroundType":"classic","gradient":""}},"product_brand":[],"product_cat":[15,83,16],"product_tag":[91],"class_list":{"0":"post-5480","1":"product","2":"type-product","3":"status-publish","4":"has-post-thumbnail","6":"product_cat-glass-containers","7":"product_cat-glass-beverage-bottles","8":"product_cat-glass-bottles","9":"product_tag-glass-soda-bottles","11":"first","12":"instock","13":"shipping-taxable","14":"product-type-simple"},"jetpack_sharing_enabled":true,"_links":{"self":[{"href":"https:\/\/minghanggroup.com\/pt\/wp-json\/wp\/v2\/product\/5480","targetHints":{"allow":["GET"]}}],"collection":[{"href":"https:\/\/minghanggroup.com\/pt\/wp-json\/wp\/v2\/product"}],"about":[{"href":"https:\/\/minghanggroup.com\/pt\/wp-json\/wp\/v2\/types\/product"}],"wp:featuredmedia":[{"embeddable":true,"href":"https:\/\/minghanggroup.com\/pt\/wp-json\/wp\/v2\/media\/5488"}],"wp:attachment":[{"href":"https:\/\/minghanggroup.com\/pt\/wp-json\/wp\/v2\/media?parent=5480"}],"wp:term":[{"taxonomy":"product_brand","embeddable":true,"href":"https:\/\/minghanggroup.com\/pt\/wp-json\/wp\/v2\/product_brand?post=5480"},{"taxonomy":"product_cat","embeddable":true,"href":"https:\/\/minghanggroup.com\/pt\/wp-json\/wp\/v2\/product_cat?post=5480"},{"taxonomy":"product_tag","embeddable":true,"href":"https:\/\/minghanggroup.com\/pt\/wp-json\/wp\/v2\/product_tag?post=5480"}],"curies":[{"name":"wp","href":"https:\/\/api.w.org\/{rel}","templated":true}]}}