{"id":5468,"date":"2026-02-02T16:26:31","date_gmt":"2026-02-02T08:26:31","guid":{"rendered":"https:\/\/minghanggroup.com\/?post_type=product&#038;p=5468"},"modified":"2026-03-02T13:33:16","modified_gmt":"2026-03-02T05:33:16","slug":"glass-juice-bottles-with-slim-neck-design-wholesale","status":"publish","type":"product","link":"https:\/\/minghanggroup.com\/pt\/produto\/glass-juice-bottles-with-slim-neck-design-wholesale\/","title":{"rendered":"Garrafas de vidro para suco de 125ml a 1000ml com design de gargalo fino - Atacado"},"content":{"rendered":"<p>A garrafa de suco ser\u00e1 de vidro transparente, com corpo largo e arredondado e gargalo estreito e fluido. Estar\u00e1 dispon\u00edvel em diferentes tamanhos, desde o tamanho de amostra de 125 ml at\u00e9 as enormes garrafas de 700 ml.<\/p>\n<h2>Caracter\u00edsticas do produto<\/h2>\n<ul>\n<li><strong>Corpo largo e design com pesco\u00e7o fino:<\/strong> O corpo robusto, com seus contornos arredondados e completos, oferece capacidade adequada, enquanto o gargalo fino facilita o manuseio e o despejo, conferindo-lhe um visual pr\u00e1tico e est\u00e9tico.<\/li>\n<li><strong>V\u00e1rios tamanhos:<\/strong> Est\u00e1 dispon\u00edvel em 10 tamanhos, desde por\u00e7\u00f5es individuais para degusta\u00e7\u00e3o at\u00e9 embalagens familiares.<\/li>\n<li><strong>Tampa met\u00e1lica de seguran\u00e7a com rosca:<\/strong> A tampa met\u00e1lica inclu\u00edda proporciona uma veda\u00e7\u00e3o segura, conhecida por preservar o sabor e o frescor da sua bebida.<\/li>\n<\/ul>\n<h2 style=\"text-align: left;\">Especifica\u00e7\u00f5es principais<\/h2>\n<table class=\"aligncenter\" style=\"border-collapse: collapse; width: 492.02pt;\" border=\"0\" width=\"656\" cellspacing=\"0\" cellpadding=\"0\">\n<tbody>\n<tr style=\"height: 13.50pt;\">\n<td style=\"height: 13.50pt; width: 121.50pt;\" width=\"162\" height=\"18\">Especifica\u00e7\u00e3o<\/td>\n<td style=\"width: 370.50pt;\" width=\"494\">Detalhes<\/td>\n<\/tr>\n<tr style=\"height: 13.50pt;\">\n<td style=\"height: 13.50pt;\" height=\"18\">Capacidade<\/td>\n<td>125ml, 200ml, 250ml, 300ml, 330ml, 350ml, 380ml, 500ml, 700ml, 1000ml<\/td>\n<\/tr>\n<tr style=\"height: 13.50pt;\">\n<td style=\"height: 13.50pt;\" height=\"18\">Dimens\u00f5es<\/td>\n<td>56\u00d7135mm a 94\u00d7300mm<\/td>\n<\/tr>\n<tr style=\"height: 13.50pt;\">\n<td style=\"height: 13.50pt;\" height=\"18\">Material<\/td>\n<td>Vidro transparente, tampa de metal<\/td>\n<\/tr>\n<tr style=\"height: 13.50pt;\">\n<td style=\"height: 13.50pt;\" height=\"18\">Formato de garrafa<\/td>\n<td>Barriga larga e arredondada que se afunila em um pesco\u00e7o esguio.<\/td>\n<\/tr>\n<tr style=\"height: 13.50pt;\">\n<td style=\"height: 13.50pt;\" height=\"18\">Escopo de personaliza\u00e7\u00e3o<\/td>\n<td>Cor, Tampas, Tamanho, Formato<\/td>\n<\/tr>\n<tr style=\"height: 13.50pt;\">\n<td style=\"height: 13.50pt;\" height=\"18\">Artesanato<\/td>\n<td>Conforma\u00e7\u00e3o de vidro de precis\u00e3o para curvas consistentes, corte de roscas<\/td>\n<\/tr>\n<tr style=\"height: 13.50pt;\">\n<td style=\"height: 13.50pt;\" height=\"18\">Finalidade do produto<\/td>\n<td>Garrafas de suco premium, garrafas de vidro para suco no atacado<\/td>\n<\/tr>\n<tr style=\"height: 13.50pt;\">\n<td style=\"height: 13.50pt;\" height=\"18\">Ind\u00fastrias adequadas<\/td>\n<td>Marcas de sucos, fornecedores de alimentos gourmet, caf\u00e9s<\/td>\n<\/tr>\n<\/tbody>\n<\/table>\n<h2>Hist\u00f3ria de sucesso<\/h2>\n<p>Nossa garrafa de vidro para suco foi escolhida por uma rede de lojas de sucos no norte da Europa, que personalizou uma vers\u00e3o fosca. O design sofisticado da garrafa a destaca nas prateleiras dos supermercados, aumentando a percep\u00e7\u00e3o do produto e elevando o pre\u00e7o de venda em 22%. A tampa herm\u00e9tica geralmente reduz o desperd\u00edcio em 20%. A rede fez um novo pedido de 1,2 milh\u00e3o de garrafas durante o segundo trimestre para atender \u00e0 crescente demanda do canal de distribui\u00e7\u00e3o.<\/p>\n<h2>Garrafas de vidro para suco com personaliza\u00e7\u00e3o por atacado<\/h2>\n<ul>\n<li>Ajuste do formato da garrafa: Adicionar ou remover curvatura ao corpo da garrafa, alongar o gargalo ou adapt\u00e1-la a um tipo espec\u00edfico de bebida.<\/li>\n<li>Ajuste de espessura: A espessura do vidro pode ser ajustada para obter maior durabilidade em aplica\u00e7\u00f5es com grande volume ou para reduzir o peso.<\/li>\n<li>Bon\u00e9s personalizados: Ser\u00e3o oferecidos em diversas cores (preto, dourado, prateado) ou com logotipos da marca.<\/li>\n<\/ul>","protected":false},"excerpt":{"rendered":"<p>Garrafa de vidro para suco com corpo arredondado e gargalo estreito, ideal para diversas bebidas. Oferecemos servi\u00e7o de atacado de garrafas de vidro para suco com personaliza\u00e7\u00e3o OEM em rela\u00e7\u00e3o a tamanho, logotipo e tampas.<\/p>","protected":false},"featured_media":5469,"template":"","meta":{"postBodyCss":"","postBodyMargin":[],"postBodyPadding":[],"postBodyBackground":{"backgroundType":"classic","gradient":""}},"product_brand":[],"product_cat":[15,83,16],"product_tag":[92,91],"class_list":{"0":"post-5468","1":"product","2":"type-product","3":"status-publish","4":"has-post-thumbnail","6":"product_cat-glass-containers","7":"product_cat-glass-beverage-bottles","8":"product_cat-glass-bottles","9":"product_tag-glass-liquor-bottles","10":"product_tag-glass-soda-bottles","12":"first","13":"instock","14":"shipping-taxable","15":"product-type-simple"},"jetpack_sharing_enabled":true,"_links":{"self":[{"href":"https:\/\/minghanggroup.com\/pt\/wp-json\/wp\/v2\/product\/5468","targetHints":{"allow":["GET"]}}],"collection":[{"href":"https:\/\/minghanggroup.com\/pt\/wp-json\/wp\/v2\/product"}],"about":[{"href":"https:\/\/minghanggroup.com\/pt\/wp-json\/wp\/v2\/types\/product"}],"wp:featuredmedia":[{"embeddable":true,"href":"https:\/\/minghanggroup.com\/pt\/wp-json\/wp\/v2\/media\/5469"}],"wp:attachment":[{"href":"https:\/\/minghanggroup.com\/pt\/wp-json\/wp\/v2\/media?parent=5468"}],"wp:term":[{"taxonomy":"product_brand","embeddable":true,"href":"https:\/\/minghanggroup.com\/pt\/wp-json\/wp\/v2\/product_brand?post=5468"},{"taxonomy":"product_cat","embeddable":true,"href":"https:\/\/minghanggroup.com\/pt\/wp-json\/wp\/v2\/product_cat?post=5468"},{"taxonomy":"product_tag","embeddable":true,"href":"https:\/\/minghanggroup.com\/pt\/wp-json\/wp\/v2\/product_tag?post=5468"}],"curies":[{"name":"wp","href":"https:\/\/api.w.org\/{rel}","templated":true}]}}