{"id":5463,"date":"2026-02-02T15:32:04","date_gmt":"2026-02-02T07:32:04","guid":{"rendered":"https:\/\/minghanggroup.com\/?post_type=product&#038;p=5463"},"modified":"2026-04-14T09:42:46","modified_gmt":"2026-04-14T01:42:46","slug":"conical-clear-glass-soda-bottles-wholesale","status":"publish","type":"product","link":"https:\/\/minghanggroup.com\/pt\/produto\/conical-clear-glass-soda-bottles-wholesale\/","title":{"rendered":"Garrafas de refrigerante de vidro transparente c\u00f4nico de 250ml e 330ml no atacado"},"content":{"rendered":"<p>Estas garrafas de refrigerante de vidro t\u00eam formato c\u00f4nico, s\u00e3o feitas de vidro liso e possuem um perfil c\u00f4nico impressionante. S\u00e3o s\u00f3lidas e largas na base, afinando-se em um gargalo estreito, e equipadas com uma tampa met\u00e1lica rosqueada resistente que veda as bolhas e conserva a bebida.<\/p>\n<h2>Caracter\u00edsticas do produto<\/h2>\n<ul>\n<li><strong>Corpo c\u00f4nico:<\/strong> O design c\u00f4nico \u00e9 est\u00e9tico e funcional, com uma base larga e um gargalo estreito, o que confere estabilidade ao produto, facilitando o manuseio e o despejo.<\/li>\n<li><strong>Tampa roscada selada:<\/strong> A tampa met\u00e1lica rosqueada proporciona um bom mecanismo de veda\u00e7\u00e3o do produto, o que, consequentemente, evita vazamentos, al\u00e9m de aumentar a vida \u00fatil da bebida.<\/li>\n<li><strong>Dois tamanhos pr\u00e1ticos:<\/strong> O produto est\u00e1 dispon\u00edvel em dois tamanhos pr\u00e1ticos: 250ml e 330ml, ideais para consumo pessoal e para por\u00e7\u00f5es individuais.<\/li>\n<\/ul>\n<h2 style=\"text-align: left;\">Especifica\u00e7\u00f5es principais<\/h2>\n<table class=\"aligncenter\" style=\"border-collapse: collapse; width: 464.27pt;\" border=\"0\" width=\"619\" cellspacing=\"0\" cellpadding=\"0\">\n<tbody>\n<tr style=\"height: 13.50pt;\">\n<td style=\"height: 13.50pt; width: 121.50pt;\" width=\"162\" height=\"18\">Especifica\u00e7\u00e3o<\/td>\n<td style=\"width: 342.75pt;\" width=\"457\">Detalhes<\/td>\n<\/tr>\n<tr style=\"height: 13.50pt;\">\n<td style=\"height: 13.50pt;\" height=\"18\">Capacidade<\/td>\n<td>250ml \/ 330ml<\/td>\n<\/tr>\n<tr style=\"height: 13.50pt;\">\n<td style=\"height: 13.50pt;\" height=\"18\">Dimens\u00f5es<\/td>\n<td>62\u00d7220\u00d728mm \/ 70\u00d7240\u00d728mm<\/td>\n<\/tr>\n<tr style=\"height: 13.50pt;\">\n<td style=\"height: 13.50pt;\" height=\"18\">Material<\/td>\n<td>Vidro transparente, tampa de metal<\/td>\n<\/tr>\n<tr style=\"height: 13.50pt;\">\n<td style=\"height: 13.50pt;\" height=\"18\">Formato de garrafa<\/td>\n<td>Cilindro c\u00f4nico<\/td>\n<\/tr>\n<tr style=\"height: 13.50pt;\">\n<td style=\"height: 13.50pt;\" height=\"18\">Escopo de personaliza\u00e7\u00e3o<\/td>\n<td>Cor, tamanho, tampas, acabamento<\/td>\n<\/tr>\n<tr style=\"height: 13.50pt;\">\n<td style=\"height: 13.50pt;\" height=\"18\">Artesanato<\/td>\n<td>Conforma\u00e7\u00e3o de vidro de precis\u00e3o para formatos c\u00f4nicos, corte de roscas<\/td>\n<\/tr>\n<tr style=\"height: 13.50pt;\">\n<td style=\"height: 13.50pt;\" height=\"18\">Finalidade do produto<\/td>\n<td>Garrafas de vidro para SodaStream, garrafas de \u00e1gua com g\u00e1s<\/td>\n<\/tr>\n<tr style=\"height: 13.50pt;\">\n<td style=\"height: 13.50pt;\" height=\"18\">Ind\u00fastrias adequadas<\/td>\n<td>Marcas de bebidas, Caf\u00e9s<\/td>\n<\/tr>\n<\/tbody>\n<\/table>\n<h2>Caso de Sucesso: Linha Signature de uma Empresa de Refrigerantes Artesanais da Nova Inglaterra<\/h2>\n<p>Nossa garrafa de vidro c\u00f4nica de 330 ml foi escolhida por uma empresa de refrigerantes artesanais da Nova Inglaterra e personalizada com um corpo fosco e um r\u00f3tulo com apar\u00eancia envelhecida impresso em serigrafia. A sofisticada estrutura da garrafa tornou-se um cl\u00e1ssico, o que resultou em um aumento de 60% nas vendas em compara\u00e7\u00e3o com o modelo anterior. A possibilidade de reutiliza\u00e7\u00e3o das garrafas \u00e9 um diferencial importante, com 70% dos clientes optando por reutiliz\u00e1-las. Isso agradou muito a empresa, que, por isso, encomendou mais 400.000 garrafas para atender \u00e0 crescente rede de distribuidores.<\/p>\n<h2>Personaliza\u00e7\u00e3o de garrafas de vidro Soda Stream<\/h2>\n<ul>\n<li>Cores e tonalidades do vidro: Pode ser transparente ou com tons de cinza fum\u00ea, \u00e2mbar ou cores personalizadas como azul claro ou verde.<\/li>\n<li>Acabamento fosco ou mate: Dispon\u00edvel com acabamento totalmente fosco ou mate, proporcionando um toque suave e de alta qualidade.<\/li>\n<li>Marca\u00e7\u00e3o de volume em relevo: Possui pequenas marca\u00e7\u00f5es em relevo na parte inferior da garrafa indicando o volume de 250ml ou 330ml.<\/li>\n<li>Design personalizado de bon\u00e9s: Voc\u00ea pode escolher bon\u00e9s coloridos (preto, dourado, prateado) ou com o logotipo da sua empresa.<\/li>\n<\/ul>","protected":false},"excerpt":{"rendered":"<p>Garrafas de vidro resistentes para refrigerantes, com formato c\u00f4nico elegante e tampas seguras. Oferecemos entrega r\u00e1pida para pedidos de embalagens de bebidas em grande quantidade.<\/p>","protected":false},"featured_media":5467,"template":"","meta":{"postBodyCss":"","postBodyMargin":[],"postBodyPadding":[],"postBodyBackground":{"backgroundType":"classic","gradient":""}},"product_brand":[],"product_cat":[15,83,16],"product_tag":[93,91],"class_list":{"0":"post-5463","1":"product","2":"type-product","3":"status-publish","4":"has-post-thumbnail","6":"product_cat-glass-containers","7":"product_cat-glass-beverage-bottles","8":"product_cat-glass-bottles","9":"product_tag-glass-gatorade-bottles","10":"product_tag-glass-soda-bottles","12":"first","13":"instock","14":"shipping-taxable","15":"product-type-simple"},"jetpack_sharing_enabled":true,"_links":{"self":[{"href":"https:\/\/minghanggroup.com\/pt\/wp-json\/wp\/v2\/product\/5463","targetHints":{"allow":["GET"]}}],"collection":[{"href":"https:\/\/minghanggroup.com\/pt\/wp-json\/wp\/v2\/product"}],"about":[{"href":"https:\/\/minghanggroup.com\/pt\/wp-json\/wp\/v2\/types\/product"}],"wp:featuredmedia":[{"embeddable":true,"href":"https:\/\/minghanggroup.com\/pt\/wp-json\/wp\/v2\/media\/5467"}],"wp:attachment":[{"href":"https:\/\/minghanggroup.com\/pt\/wp-json\/wp\/v2\/media?parent=5463"}],"wp:term":[{"taxonomy":"product_brand","embeddable":true,"href":"https:\/\/minghanggroup.com\/pt\/wp-json\/wp\/v2\/product_brand?post=5463"},{"taxonomy":"product_cat","embeddable":true,"href":"https:\/\/minghanggroup.com\/pt\/wp-json\/wp\/v2\/product_cat?post=5463"},{"taxonomy":"product_tag","embeddable":true,"href":"https:\/\/minghanggroup.com\/pt\/wp-json\/wp\/v2\/product_tag?post=5463"}],"curies":[{"name":"wp","href":"https:\/\/api.w.org\/{rel}","templated":true}]}}