{"id":5462,"date":"2026-02-03T13:49:04","date_gmt":"2026-02-03T05:49:04","guid":{"rendered":"https:\/\/minghanggroup.com\/?post_type=product&#038;p=5462"},"modified":"2026-04-14T09:31:24","modified_gmt":"2026-04-14T01:31:24","slug":"custom-small-wine-bottles-for-branding-bulk","status":"publish","type":"product","link":"https:\/\/minghanggroup.com\/pt\/produto\/custom-small-wine-bottles-for-branding-bulk\/","title":{"rendered":"Garrafas de vinho personalizadas de 375 ml para embalagem em grande quantidade."},"content":{"rendered":"<p>Voc\u00ea precisa de garrafas de vinho pequenas que sejam um destaque, n\u00e3o um mero detalhe. Nossas garrafas de vinho de 375 ml representam a eleg\u00e2ncia das cl\u00e1ssicas garrafas de vinho de Bordeaux em uma vers\u00e3o reduzida, ideal para amostras, degusta\u00e7\u00f5es ou pequenos presentes personalizados. Fabricadas em vidro verde-oliva protetor e com op\u00e7\u00f5es vers\u00e1teis de fechamento, essas garrafas de vidro n\u00e3o apenas protegem seu vinho artesanal, como tamb\u00e9m tornam sua marca memor\u00e1vel. Como seu parceiro direto em garrafas de vidro, transformamos garrafas de vinho vazias em momentos preciosos.<\/p>\n<h2>Caracter\u00edsticas do produto<\/h2>\n<ul>\n<li><strong>Heran\u00e7a em tamanho reduzido:<\/strong> Garrafa de vinho aut\u00eantica com formato perfeitamente dimensionado para 375ml. Compartilhe seu vinho tinto, borgonha ou espumante sem compromisso \u2014 ideal para degusta\u00e7\u00e3o ou para presentear.<\/li>\n<li><strong>Guardi\u00e3o de Vidro Oliva:<\/strong> A tonalidade verde-oliva escura bloqueia os raios UV melhor do que garrafas transparentes. Protege as notas delicadas dos vinhos tintos durante o armazenamento, transporte ou prazo de validade.<\/li>\n<li><strong>Liberdade de Encerramento:<\/strong> Rolhas de corti\u00e7a natural para um charme tradicional ou tampas de rosca de alum\u00ednio para maior praticidade moderna. Sua garrafa de vinho de 375 ml veda exatamente como voc\u00ea imaginou.<\/li>\n<li><strong>Base est\u00e1vel para chute:<\/strong> A base ligeiramente rebaixada garante estabilidade vertical em caixas de presente ou bandejas de degusta\u00e7\u00e3o. Sem oscila\u00e7\u00f5es, apenas seguran\u00e7a.<\/li>\n<\/ul>\n<h2>Especifica\u00e7\u00f5es principais<\/h2>\n<table style=\"border-collapse: collapse; width: 80%; margin-left: auto; margin-right: auto;\" border=\"0\" width=\"144\" cellspacing=\"0\" cellpadding=\"0\">\n<tbody>\n<tr style=\"height: 13.50pt;\">\n<td style=\"height: 13.5pt; width: 54pt; text-align: center;\" width=\"72\" height=\"18\">Recurso<\/td>\n<td style=\"width: 54pt; text-align: center;\" width=\"72\">Detalhe<\/td>\n<\/tr>\n<tr style=\"height: 13.50pt;\">\n<td style=\"height: 13.5pt; text-align: center;\" height=\"18\">Capacidade (ml)<\/td>\n<td style=\"text-align: center;\" align=\"right\">375<\/td>\n<\/tr>\n<tr style=\"height: 13.50pt;\">\n<td style=\"height: 13.5pt; text-align: center;\" height=\"18\">Dimens\u00f5es (cm)<\/td>\n<td style=\"text-align: center;\">6,5 \u00d7 24,2<\/td>\n<\/tr>\n<tr style=\"height: 13.50pt;\">\n<td style=\"height: 13.5pt; text-align: center;\" height=\"18\">Acabamento do bra\u00e7o (cm)<\/td>\n<td style=\"text-align: center;\">1.8<\/td>\n<\/tr>\n<tr style=\"height: 13.50pt;\">\n<td style=\"height: 13.5pt; text-align: center;\" height=\"18\">Cor<\/td>\n<td style=\"text-align: center;\">Verde Oliva<\/td>\n<\/tr>\n<tr style=\"height: 13.50pt;\">\n<td style=\"height: 13.5pt; text-align: center;\" height=\"18\">Op\u00e7\u00f5es de fechamento<\/td>\n<td style=\"text-align: center;\">Rolhas de corti\u00e7a natural para vinho, tampa de rosca de alum\u00ednio<\/td>\n<\/tr>\n<tr style=\"height: 13.50pt;\">\n<td style=\"height: 13.5pt; text-align: center;\" height=\"18\">Ideal para<\/td>\n<td style=\"text-align: center;\">Amostras de vinho, kits para presente, degusta\u00e7\u00f5es, garrafas de bebidas alco\u00f3licas<\/td>\n<\/tr>\n<\/tbody>\n<\/table>\n<h2>Caso de sucesso<\/h2>\n<p>As garrafas de vinho de 375 ml foram descobertas por uma pequena vin\u00edcola em Portland. Eles tamb\u00e9m se empenharam bastante para que cada componente fosse individualizado: tampas de corti\u00e7a gravadas a laser com belos padr\u00f5es de vinhas e a data da colheita; r\u00f3tulos foscos com um leve acabamento em relevo; e uma fita prateada amarrada no gargalo de cada garrafa.<\/p>\n<p>Foram vendidas apenas 2.850 unidades em cinco semanas, o que \u00e9 inacredit\u00e1vel, 78% mais r\u00e1pido do que antes. O que \u00e9 ainda mais surpreendente \u00e9 que a vin\u00edcola vem fazendo pedidos frequentes de garrafas vazias a cada trimestre, sem qualquer reserva.<\/p>\n<h2>Dicas de personaliza\u00e7\u00e3o<\/h2>\n<ol>\n<li><strong>Garrafas de vidro com efeito degrad\u00ea:<\/strong> A superf\u00edcie da garrafa adquire uma colora\u00e7\u00e3o gradual, subindo de um verde-oliva profundo at\u00e9 um tom transparente de s\u00edlex na parte inferior, conferindo ao vinho um toque de exposi\u00e7\u00e3o, um brilho dos raios solares, mas principalmente o verde-oliva, que oferece a melhor prote\u00e7\u00e3o contra os efeitos nocivos do sol.<\/li>\n<li><strong>Etiqueta da hist\u00f3ria:<\/strong> Com o laser, voc\u00ea pode gravar seu logotipo ou a hist\u00f3ria da sua marca na garrafa e, instantaneamente, os consumidores associar\u00e3o a marca ao estilo, o que reflete a alta qualidade da marca.<\/li>\n<li><strong>Combina\u00e7\u00e3o do sistema de fechamento:<\/strong> Com rela\u00e7\u00e3o ao posicionamento, voc\u00ea poder\u00e1 escolher entre rolha de corti\u00e7a natural, rolha sint\u00e9tica ou tampa de rosca, e poder\u00e1 personalizar a cor da tampa, o material utilizado e a textura da superf\u00edcie.<\/li>\n<\/ol>","protected":false},"excerpt":{"rendered":"<p>Garrafas de vinho pequenas, de 375 ml, ideais para degusta\u00e7\u00e3o e kits de presente. Fornecimento direto da f\u00e1brica, com personaliza\u00e7\u00e3o em grande quantidade e entrega r\u00e1pida para os compradores.<\/p>","protected":false},"featured_media":5477,"template":"","meta":{"postBodyCss":"","postBodyMargin":[],"postBodyPadding":[],"postBodyBackground":{"backgroundType":"classic","gradient":""}},"product_brand":[],"product_cat":[15,16,84],"product_tag":[109],"class_list":{"0":"post-5462","1":"product","2":"type-product","3":"status-publish","4":"has-post-thumbnail","6":"product_cat-glass-containers","7":"product_cat-glass-bottles","8":"product_cat-wine-bottles","9":"product_tag-glass-champagne-bottles","11":"first","12":"instock","13":"shipping-taxable","14":"product-type-simple"},"jetpack_sharing_enabled":true,"_links":{"self":[{"href":"https:\/\/minghanggroup.com\/pt\/wp-json\/wp\/v2\/product\/5462","targetHints":{"allow":["GET"]}}],"collection":[{"href":"https:\/\/minghanggroup.com\/pt\/wp-json\/wp\/v2\/product"}],"about":[{"href":"https:\/\/minghanggroup.com\/pt\/wp-json\/wp\/v2\/types\/product"}],"wp:featuredmedia":[{"embeddable":true,"href":"https:\/\/minghanggroup.com\/pt\/wp-json\/wp\/v2\/media\/5477"}],"wp:attachment":[{"href":"https:\/\/minghanggroup.com\/pt\/wp-json\/wp\/v2\/media?parent=5462"}],"wp:term":[{"taxonomy":"product_brand","embeddable":true,"href":"https:\/\/minghanggroup.com\/pt\/wp-json\/wp\/v2\/product_brand?post=5462"},{"taxonomy":"product_cat","embeddable":true,"href":"https:\/\/minghanggroup.com\/pt\/wp-json\/wp\/v2\/product_cat?post=5462"},{"taxonomy":"product_tag","embeddable":true,"href":"https:\/\/minghanggroup.com\/pt\/wp-json\/wp\/v2\/product_tag?post=5462"}],"curies":[{"name":"wp","href":"https:\/\/api.w.org\/{rel}","templated":true}]}}