{"id":5453,"date":"2026-02-02T15:30:16","date_gmt":"2026-02-02T07:30:16","guid":{"rendered":"https:\/\/minghanggroup.com\/?post_type=product&#038;p=5453"},"modified":"2026-02-02T15:30:18","modified_gmt":"2026-02-02T07:30:18","slug":"personalized-wine-bottles-for-packaging-bulk","status":"publish","type":"product","link":"https:\/\/minghanggroup.com\/pt\/produto\/personalized-wine-bottles-for-packaging-bulk\/","title":{"rendered":"Garrafas de vinho personalizadas de 750 ml para embalagens a granel"},"content":{"rendered":"<p>Voc\u00ea cria vinhos com alma \u2014 agora, d\u00ea a ele um recipiente que honre cada gota. Nossa garrafa de vinho de 750 ml combina a eleg\u00e2ncia cl\u00e1ssica das garrafas de Bordeaux com a prote\u00e7\u00e3o do vidro verde-oliva. Dispon\u00edvel com op\u00e7\u00f5es de garrafas e rolhas premium, ela est\u00e1 pronta para sua jornada com vinhos tintos, claretes ou vinhos caseiros. Sem complica\u00e7\u00f5es. Apenas confian\u00e7a da adega \u00e0 prateleira.<\/p>\n<h2>Caracter\u00edsticas do produto<\/h2>\n<ul>\n<li><strong>Estoque genu\u00edno de Bordeaux:<\/strong> Aquela ligeira inclina\u00e7\u00e3o nos ombros? Puro cl\u00e1ssico. Tem espa\u00e7o para uma rolha de vinho padr\u00e3o e, mesmo antes do primeiro gole, j\u00e1 transmite a suave sensa\u00e7\u00e3o de &#034;feito com carinho&#034;.<\/li>\n<li><strong>Base est\u00e1vel, sem oscila\u00e7\u00f5es:<\/strong> A base pesada mant\u00e9m a garrafa est\u00e1vel, independentemente de estar em prateleiras, caixas ou embalagens de presente.<\/li>\n<li><strong>Liberdade de Encerramento, do Seu Jeito:<\/strong> Uma capa de corti\u00e7a para um toque de eleg\u00e2ncia ou uma tampa de alum\u00ednio para um toque contempor\u00e2neo.<\/li>\n<\/ul>\n<h2>Especifica\u00e7\u00f5es principais<\/h2>\n<table style=\"border-collapse: collapse; width: 80%; margin-left: auto; margin-right: auto;\" border=\"0\" width=\"144\" cellspacing=\"0\" cellpadding=\"0\">\n<tbody>\n<tr style=\"height: 13.50pt;\">\n<td style=\"height: 13.5pt; width: 54pt; text-align: center;\" width=\"72\" height=\"18\">Recurso<\/td>\n<td style=\"width: 54pt; text-align: center;\" width=\"72\">Detalhe<\/td>\n<\/tr>\n<tr style=\"height: 13.50pt;\">\n<td style=\"height: 13.5pt; text-align: center;\" height=\"18\">Capacidade (ml)<\/td>\n<td style=\"text-align: center;\" align=\"right\">750<\/td>\n<\/tr>\n<tr style=\"height: 13.50pt;\">\n<td style=\"height: 13.5pt; text-align: center;\" height=\"18\">Dimens\u00f5es (ml)<\/td>\n<td style=\"text-align: center;\">8,5 \u00d7 31,0<\/td>\n<\/tr>\n<tr style=\"height: 13.50pt;\">\n<td style=\"height: 13.5pt; text-align: center;\" height=\"18\">Abertura do pesco\u00e7o (cm)<\/td>\n<td style=\"text-align: center;\" align=\"right\">1.8<\/td>\n<\/tr>\n<tr style=\"height: 13.50pt;\">\n<td style=\"height: 13.5pt; text-align: center;\" height=\"18\">Cor<\/td>\n<td style=\"text-align: center;\">\u00c2mbar profundo<\/td>\n<\/tr>\n<tr style=\"height: 13.50pt;\">\n<td style=\"height: 13.5pt; text-align: center;\" height=\"18\">Ideal para<\/td>\n<td style=\"text-align: center;\">Vinhos tintos, Claret, lotes caseiros, garrafas de bebidas alco\u00f3licas<\/td>\n<\/tr>\n<\/tbody>\n<\/table>\n<h2>Caso de sucesso<\/h2>\n<p>Uma vin\u00edcola boutique europeia decidiu que nossas garrafas de vinho personalizadas de 750 ml seriam a principal solu\u00e7\u00e3o de embalagem para sua nova linha de produtos. Como o foco era o posicionamento da marca, o cliente e n\u00f3s personalizamos garrafas de vidro escuro, resistente a raios UV, com o logotipo exclusivo da vin\u00edcola e o c\u00f3digo da safra impressos na base. As garrafas foram complementadas com rolhas de corti\u00e7a natural personalizadas e tampas prateadas foscas, criando uma est\u00e9tica unificada e colecion\u00e1vel.<\/p>\n<p>Em apenas tr\u00eas meses ap\u00f3s o lan\u00e7amento do novo produto, as vendas da s\u00e9rie aumentaram aproximadamente 32% nos canais existentes. Devido \u00e0 resposta do mercado ter sido muito melhor do que o esperado, o cliente fez um segundo pedido quatro meses ap\u00f3s a entrega inicial, com a quantidade recomprada sendo 45% maior do que a do primeiro pedido.<\/p>\n<h2>Dicas de personaliza\u00e7\u00e3o<\/h2>\n<ol>\n<li><strong>Detalhes do design da garrafa:<\/strong> Isso permite que logotipos de vin\u00edcolas, safras ou elementos regionais sejam literalmente de vidro, decorados por meio de relevo, baixo-relevo ou acabamento fosco no corpo da garrafa.<\/li>\n<li><strong>Op\u00e7\u00f5es de sistema de fechamento:<\/strong> Isso possibilita a substitui\u00e7\u00e3o de rolhas de corti\u00e7a natural, rolhas sint\u00e9ticas ou tampas de rosca, de acordo com o posicionamento de mercado, al\u00e9m da personaliza\u00e7\u00e3o das cores, materiais e texturas da superf\u00edcie das tampas.<\/li>\n<li><strong>Personaliza\u00e7\u00e3o completa de embalagens:<\/strong> Sugere tamanhos de r\u00f3tulos e fornece solu\u00e7\u00f5es para embalagens externas que harmonizam com o estilo da garrafa, garantindo assim coer\u00eancia visual desde a garrafa at\u00e9 a caixa de presente.<\/li>\n<\/ol>","protected":false},"excerpt":{"rendered":"<p>Essas garrafas de vinho personalizadas s\u00e3o ideais para pedidos em grande quantidade de vin\u00edcolas. As garrafas de vinho de 750 ml s\u00e3o fornecidas diretamente da f\u00e1brica, permitindo personaliza\u00e7\u00e3o em larga escala.<\/p>","protected":false},"featured_media":5461,"template":"","meta":{"postBodyCss":"","postBodyMargin":[],"postBodyPadding":[],"postBodyBackground":{"backgroundType":"classic","gradient":""}},"product_brand":[],"product_cat":[15,16,84],"product_tag":[],"class_list":{"0":"post-5453","1":"product","2":"type-product","3":"status-publish","4":"has-post-thumbnail","6":"product_cat-glass-containers","7":"product_cat-glass-bottles","8":"product_cat-wine-bottles","10":"first","11":"instock","12":"shipping-taxable","13":"product-type-simple"},"jetpack_sharing_enabled":true,"_links":{"self":[{"href":"https:\/\/minghanggroup.com\/pt\/wp-json\/wp\/v2\/product\/5453","targetHints":{"allow":["GET"]}}],"collection":[{"href":"https:\/\/minghanggroup.com\/pt\/wp-json\/wp\/v2\/product"}],"about":[{"href":"https:\/\/minghanggroup.com\/pt\/wp-json\/wp\/v2\/types\/product"}],"wp:featuredmedia":[{"embeddable":true,"href":"https:\/\/minghanggroup.com\/pt\/wp-json\/wp\/v2\/media\/5461"}],"wp:attachment":[{"href":"https:\/\/minghanggroup.com\/pt\/wp-json\/wp\/v2\/media?parent=5453"}],"wp:term":[{"taxonomy":"product_brand","embeddable":true,"href":"https:\/\/minghanggroup.com\/pt\/wp-json\/wp\/v2\/product_brand?post=5453"},{"taxonomy":"product_cat","embeddable":true,"href":"https:\/\/minghanggroup.com\/pt\/wp-json\/wp\/v2\/product_cat?post=5453"},{"taxonomy":"product_tag","embeddable":true,"href":"https:\/\/minghanggroup.com\/pt\/wp-json\/wp\/v2\/product_tag?post=5453"}],"curies":[{"name":"wp","href":"https:\/\/api.w.org\/{rel}","templated":true}]}}