{"id":5452,"date":"2026-02-02T13:41:49","date_gmt":"2026-02-02T05:41:49","guid":{"rendered":"https:\/\/minghanggroup.com\/?post_type=product&#038;p=5452"},"modified":"2026-03-02T13:52:10","modified_gmt":"2026-03-02T05:52:10","slug":"cactus-shaped-glass-juice-bottles-with-lids-wholesale","status":"publish","type":"product","link":"https:\/\/minghanggroup.com\/pt\/produto\/cactus-shaped-glass-juice-bottles-with-lids-wholesale\/","title":{"rendered":"Garrafas de vidro em formato de cacto de 450ml com tampas para suco (venda por atacado)"},"content":{"rendered":"<p>Estas ador\u00e1veis \u200b\u200bgarrafas de suco de vidro em formato de cacto t\u00eam um corpo transparente com nervuras verticais e uma textura pontilhada fina, e as laterais possuem sali\u00eancias em forma de p\u00e1 que oferecem uma pegada equilibrada.<\/p>\n<h2>Caracter\u00edsticas do produto<\/h2>\n<ul>\n<li><strong>Design inspirado em cactos:<\/strong> A al\u00e7a em formato de palma e a textura pontilhada da garrafa imitam fielmente a forma de um cacto, tornando-as facilmente reconhec\u00edveis e adicionando um toque divertido ao consumo.<\/li>\n<li><strong>Design \u00e0 prova de vazamentos:<\/strong> A tampa met\u00e1lica rosqueada proporciona uma veda\u00e7\u00e3o herm\u00e9tica ao produto, e o design do orif\u00edcio para o canudo evita vazamentos, mas ainda permite a inser\u00e7\u00e3o f\u00e1cil do canudo.<\/li>\n<li><strong>Design multifuncional e pr\u00e1tico:<\/strong> Essas garrafas tamb\u00e9m podem servir como pe\u00e7as decorativas de mesa, sendo ideais para piqueniques, festas, uso dom\u00e9stico e outras ocasi\u00f5es.<\/li>\n<\/ul>\n<h2 style=\"text-align: left;\">Especifica\u00e7\u00f5es principais<\/h2>\n<table class=\"aligncenter\" style=\"border-collapse: collapse; width: 430.52pt;\" border=\"0\" width=\"574\" cellspacing=\"0\" cellpadding=\"0\">\n<tbody>\n<tr style=\"height: 13.50pt;\">\n<td style=\"height: 13.50pt; width: 131.25pt;\" width=\"175\" height=\"18\">Especifica\u00e7\u00e3o<\/td>\n<td style=\"width: 299.25pt;\" width=\"399\">Detalhes<\/td>\n<\/tr>\n<tr style=\"height: 13.50pt;\">\n<td style=\"height: 13.50pt;\" height=\"18\">Capacidade<\/td>\n<td>450ml<\/td>\n<\/tr>\n<tr style=\"height: 13.50pt;\">\n<td style=\"height: 13.50pt;\" height=\"18\">Dimens\u00f5es da embalagem<\/td>\n<td>100\u00d7100\u00d7150mm<\/td>\n<\/tr>\n<tr style=\"height: 13.50pt;\">\n<td style=\"height: 13.50pt;\" height=\"18\">Material<\/td>\n<td>Vidro transparente<\/td>\n<\/tr>\n<tr style=\"height: 13.50pt;\">\n<td style=\"height: 13.50pt;\" height=\"18\">Formato de garrafa<\/td>\n<td>Inspirado em cactos<\/td>\n<\/tr>\n<tr style=\"height: 13.50pt;\">\n<td style=\"height: 13.50pt;\" height=\"18\">Escopo de personaliza\u00e7\u00e3o<\/td>\n<td>Cor, textura, padr\u00e3o, formato, tampas, canudo<\/td>\n<\/tr>\n<tr style=\"height: 13.50pt;\">\n<td style=\"height: 13.50pt;\" height=\"18\">Finalidade do produto<\/td>\n<td>Garrafas de vidro para suco com tampas, garrafas de vidro para refrigerante.<\/td>\n<\/tr>\n<tr style=\"height: 13.50pt;\">\n<td style=\"height: 13.50pt;\" height=\"18\">Ind\u00fastrias adequadas<\/td>\n<td>Marcas de sucos, caf\u00e9s, marcas de bebidas<\/td>\n<\/tr>\n<\/tbody>\n<\/table>\n<h2>Caso de sucesso: Promo\u00e7\u00e3o de ver\u00e3o de uma rede de lojas de sucos na Costa Oeste<\/h2>\n<p>Uma das redes de sucos da costa oeste decidiu usar nossas garrafas de vidro em formato de cacto com tampa e criou um corpo de garrafa verde claro, com o logotipo da marca impresso uniformemente nos bra\u00e7os do cacto. Esse design diferenciado foi um enorme sucesso; os clientes podem carreg\u00e1-las com facilidade gra\u00e7as \u00e0 al\u00e7a embutida e o n\u00famero de reclama\u00e7\u00f5es sobre derramamentos diminuiu em 90%. O design era t\u00e3o original que gerou grande repercuss\u00e3o nas redes sociais, com mais de 10.000 publica\u00e7\u00f5es sobre ele. O enorme sucesso dessa rede garantiu um novo pedido de 500.000 garrafas para seu card\u00e1pio fixo e para novas promo\u00e7\u00f5es sazonais.<\/p>\n<h2>Personaliza\u00e7\u00e3o de Garrafas de Vidro para Suco<\/h2>\n<ul>\n<li>Cores e tonalidades do copo: Dispon\u00edvel em transparente, verde ou outras cores, dependendo do tema das bebidas.<\/li>\n<li>Texturas e padr\u00f5es individuais: Modifique a textura ou insira padr\u00f5es alternativos, como flores ou padr\u00f5es geom\u00e9tricos.<\/li>\n<li>Varia\u00e7\u00f5es no formato do cabo: Altere o formato do cabo da p\u00e1 de cacto para que seja mais arredondado, mais comprido ou tenha qualquer outro formato.<\/li>\n<li>Op\u00e7\u00f5es de cores para a tampa e o canudo: As tampas e os canudos est\u00e3o dispon\u00edveis em diversas cores (por exemplo, rosa, amarelo, prata).<\/li>\n<\/ul>","protected":false},"excerpt":{"rendered":"<p>Garrafas de vidro transparente para suco com al\u00e7as divertidas em formato de cacto e tampas de rosca de metal. As garrafas de vidro para suco com tampas podem ser personalizadas via OEM para atender \u00e0s necessidades de marca ou capacidade.<\/p>","protected":false},"featured_media":5457,"template":"","meta":{"postBodyCss":"","postBodyMargin":[],"postBodyPadding":[],"postBodyBackground":{"backgroundType":"classic","gradient":""}},"product_brand":[],"product_cat":[15,83,16],"product_tag":[95],"class_list":{"0":"post-5452","1":"product","2":"type-product","3":"status-publish","4":"has-post-thumbnail","6":"product_cat-glass-containers","7":"product_cat-glass-beverage-bottles","8":"product_cat-glass-bottles","9":"product_tag-coffee-tumblers","11":"first","12":"instock","13":"shipping-taxable","14":"product-type-simple"},"jetpack_sharing_enabled":true,"_links":{"self":[{"href":"https:\/\/minghanggroup.com\/pt\/wp-json\/wp\/v2\/product\/5452","targetHints":{"allow":["GET"]}}],"collection":[{"href":"https:\/\/minghanggroup.com\/pt\/wp-json\/wp\/v2\/product"}],"about":[{"href":"https:\/\/minghanggroup.com\/pt\/wp-json\/wp\/v2\/types\/product"}],"wp:featuredmedia":[{"embeddable":true,"href":"https:\/\/minghanggroup.com\/pt\/wp-json\/wp\/v2\/media\/5457"}],"wp:attachment":[{"href":"https:\/\/minghanggroup.com\/pt\/wp-json\/wp\/v2\/media?parent=5452"}],"wp:term":[{"taxonomy":"product_brand","embeddable":true,"href":"https:\/\/minghanggroup.com\/pt\/wp-json\/wp\/v2\/product_brand?post=5452"},{"taxonomy":"product_cat","embeddable":true,"href":"https:\/\/minghanggroup.com\/pt\/wp-json\/wp\/v2\/product_cat?post=5452"},{"taxonomy":"product_tag","embeddable":true,"href":"https:\/\/minghanggroup.com\/pt\/wp-json\/wp\/v2\/product_tag?post=5452"}],"curies":[{"name":"wp","href":"https:\/\/api.w.org\/{rel}","templated":true}]}}