{"id":5447,"date":"2026-02-02T16:48:08","date_gmt":"2026-02-02T08:48:08","guid":{"rendered":"https:\/\/minghanggroup.com\/?post_type=product&#038;p=5447"},"modified":"2026-02-02T17:00:51","modified_gmt":"2026-02-02T09:00:51","slug":"dark-glass-wine-bottles-and-corks-wholesale","status":"publish","type":"product","link":"https:\/\/minghanggroup.com\/pt\/produto\/dark-glass-wine-bottles-and-corks-wholesale\/","title":{"rendered":"Garrafas de vinho de vidro escuro de 750ml e rolhas por atacado"},"content":{"rendered":"<p>Voc\u00ea cria vinhos com alma \u2014 agora, d\u00ea a ele um recipiente que honre cada gota. Nossa garrafa de vinho de 750 ml combina a eleg\u00e2ncia cl\u00e1ssica das garrafas de Bordeaux com a prote\u00e7\u00e3o do vidro verde-oliva. Dispon\u00edvel com op\u00e7\u00f5es de garrafas e rolhas premium, ela est\u00e1 pronta para sua jornada com vinhos tintos, claretes ou vinhos caseiros. Sem complica\u00e7\u00f5es. Apenas confian\u00e7a da adega \u00e0 prateleira.<\/p>\n<h2>Caracter\u00edsticas do produto<\/h2>\n<ul>\n<li><strong>Heran\u00e7a aut\u00eantica de Bord\u00e9us:<\/strong> Aquelas curvas suaves nos ombros da garrafa? S\u00e3o uma marca registrada do trabalho artesanal tradicional. A garrafa \u00e9 feita sob medida para rolhas de vinho comuns, dando assim um toque de &#034;vinho feito com esmero&#034; mesmo antes do primeiro gole.<\/li>\n<li><strong>Garrafa de vidro marrom escuro:<\/strong> Al\u00e9m de o vidro marrom escuro bloquear eficazmente os raios UV, ele se sai muito melhor do que o vidro transparente no caso de vinhos da Borgonha ou de Bordeaux, cujos taninos ficam ligeiramente expostos ao oxig\u00eanio durante o envelhecimento ou transporte e, portanto, precisam de mais prote\u00e7\u00e3o.<\/li>\n<li><strong>Base est\u00e1vel, sem oscila\u00e7\u00f5es:<\/strong> A base refor\u00e7ada foi projetada de forma que a garrafa fique em p\u00e9 sem problemas em diversas superf\u00edcies, como prateleiras, caixas de vinho ou caixas de presente. A estabilidade da sua garrafa de vinho de 750 ml \u00e9 garantida e ela permanecer\u00e1 na posi\u00e7\u00e3o vertical onde for mais necess\u00e1ria.<\/li>\n<\/ul>\n<h2>Especifica\u00e7\u00f5es principais<\/h2>\n<table style=\"border-collapse: collapse; width: 80%; margin-left: auto; margin-right: auto;\" border=\"0\" width=\"144\" cellspacing=\"0\" cellpadding=\"0\">\n<tbody>\n<tr style=\"height: 13.50pt;\">\n<td style=\"height: 13.5pt; width: 54pt; text-align: center;\" width=\"72\" height=\"18\">Recurso<\/td>\n<td style=\"width: 54pt; text-align: center;\" width=\"72\">Detalhe<\/td>\n<\/tr>\n<tr style=\"height: 13.50pt;\">\n<td style=\"height: 13.5pt; text-align: center;\" height=\"18\">Capacidade (ml)<\/td>\n<td style=\"text-align: center;\" align=\"right\">750<\/td>\n<\/tr>\n<tr style=\"height: 13.50pt;\">\n<td style=\"height: 13.5pt; text-align: center;\" height=\"18\">Dimens\u00f5es (cm)<\/td>\n<td style=\"text-align: center;\">8,5 \u00d7 31<\/td>\n<\/tr>\n<tr style=\"height: 13.50pt;\">\n<td style=\"height: 13.5pt; text-align: center;\" height=\"18\">Abertura do pesco\u00e7o (cm)<\/td>\n<td style=\"text-align: center;\" align=\"right\">1.8<\/td>\n<\/tr>\n<tr style=\"height: 13.50pt;\">\n<td style=\"height: 13.5pt; text-align: center;\" height=\"18\">Cor<\/td>\n<td style=\"text-align: center;\">Profundo B<span class=\"HwtZe\" lang=\"en\"><span class=\"jCAhz ChMk0b\"><span class=\"ryNqvb\">n\u00f3s viemos<\/span><\/span><\/span><\/td>\n<\/tr>\n<tr style=\"height: 13.50pt;\">\n<td style=\"height: 13.5pt; text-align: center;\" height=\"18\">Op\u00e7\u00f5es de fechamento<\/td>\n<td style=\"text-align: center;\">Rolhas de corti\u00e7a natural, tampa de rosca de alum\u00ednio, topo de madeira<\/td>\n<\/tr>\n<tr style=\"height: 13.50pt;\">\n<td style=\"height: 13.5pt; text-align: center;\" height=\"18\">Ideal para<\/td>\n<td style=\"text-align: center;\">Vinhos tintos, Claret, lotes caseiros, garrafas de bebidas alco\u00f3licas<\/td>\n<\/tr>\n<\/tbody>\n<\/table>\n<h2>Caso de sucesso<\/h2>\n<p>Uma pequena vin\u00edcola no sul da Europa escolheu nossas garrafas de vidro escuro de 750 ml como embalagem principal para sua nova linha de vinhos tintos de gama m\u00e9dia. Optaram por uma diferencia\u00e7\u00e3o \u00fanica do produto, com um design em relevo e detalhes dourados nas garrafas, em contraste com as garrafas comuns, para destacar a alt\u00edssima qualidade do vinho. O gargalo da garrafa foi perfeitamente ajustado \u00e0 rolha de corti\u00e7a natural, garantindo uma veda\u00e7\u00e3o herm\u00e9tica e armazenamento seguro a longo prazo.<\/p>\n<p>Apenas tr\u00eas meses ap\u00f3s o lan\u00e7amento, as vendas deste vinho, atrav\u00e9s de pontos de venda locais, aumentaram cerca de 32% em rela\u00e7\u00e3o ao ano anterior, e os clientes chegaram a fazer duas novas compras em um per\u00edodo de seis meses ap\u00f3s a primeira aquisi\u00e7\u00e3o.<\/p>\n<h2>Dicas de personaliza\u00e7\u00e3o<\/h2>\n<ol>\n<li><strong>Op\u00e7\u00f5es de tampas de garrafa:<\/strong> A abertura da garrafa e a rolha de corti\u00e7a podem ser feitas sob medida para combinar e, assim, serem fechadas hermeticamente com corti\u00e7a natural ou composta, reduzindo vazamentos e proporcionando maior estabilidade durante o armazenamento prolongado.<\/li>\n<li><strong>Decora\u00e7\u00e3o em relevo:<\/strong> \u00c9 poss\u00edvel personalizar a grava\u00e7\u00e3o em relevo ou baixo-relevo em uma \u00e1rea espec\u00edfica do corpo da garrafa, exibindo, por exemplo, o logotipo da vin\u00edcola, s\u00edmbolos da safra ou linhas decorativas. Essa impress\u00e3o da marca \u00e9 t\u00e3o impactante que dispensa o uso de um r\u00f3tulo adicional, sendo perfeita para produtos sofisticados, de alta qualidade ou de edi\u00e7\u00e3o limitada.<\/li>\n<li><strong>Tratamento de superf\u00edcie:<\/strong> Existe uma sele\u00e7\u00e3o de acabamentos de alto brilho, fosco ou levemente acetinado, o que proporciona ao usu\u00e1rio varia\u00e7\u00f5es estil\u00edsticas sem alterar o molde da garrafa, permitindo assim que os clientes reconhe\u00e7am facilmente as diferentes linhas de produtos.<\/li>\n<\/ol>","protected":false},"excerpt":{"rendered":"<p>Garrafas de vinho e rolhas premium, incluindo a cl\u00e1ssica garrafa de 750 ml. Fornecimento direto da f\u00e1brica, qualidade est\u00e1vel, suporte para personaliza\u00e7\u00e3o em grande quantidade e entrega r\u00e1pida.<\/p>","protected":false},"featured_media":5451,"template":"","meta":{"postBodyCss":"","postBodyMargin":[],"postBodyPadding":[],"postBodyBackground":{"backgroundType":"classic","gradient":""}},"product_brand":[],"product_cat":[15,16,84],"product_tag":[],"class_list":{"0":"post-5447","1":"product","2":"type-product","3":"status-publish","4":"has-post-thumbnail","6":"product_cat-glass-containers","7":"product_cat-glass-bottles","8":"product_cat-wine-bottles","10":"first","11":"instock","12":"shipping-taxable","13":"product-type-simple"},"jetpack_sharing_enabled":true,"_links":{"self":[{"href":"https:\/\/minghanggroup.com\/pt\/wp-json\/wp\/v2\/product\/5447","targetHints":{"allow":["GET"]}}],"collection":[{"href":"https:\/\/minghanggroup.com\/pt\/wp-json\/wp\/v2\/product"}],"about":[{"href":"https:\/\/minghanggroup.com\/pt\/wp-json\/wp\/v2\/types\/product"}],"wp:featuredmedia":[{"embeddable":true,"href":"https:\/\/minghanggroup.com\/pt\/wp-json\/wp\/v2\/media\/5451"}],"wp:attachment":[{"href":"https:\/\/minghanggroup.com\/pt\/wp-json\/wp\/v2\/media?parent=5447"}],"wp:term":[{"taxonomy":"product_brand","embeddable":true,"href":"https:\/\/minghanggroup.com\/pt\/wp-json\/wp\/v2\/product_brand?post=5447"},{"taxonomy":"product_cat","embeddable":true,"href":"https:\/\/minghanggroup.com\/pt\/wp-json\/wp\/v2\/product_cat?post=5447"},{"taxonomy":"product_tag","embeddable":true,"href":"https:\/\/minghanggroup.com\/pt\/wp-json\/wp\/v2\/product_tag?post=5447"}],"curies":[{"name":"wp","href":"https:\/\/api.w.org\/{rel}","templated":true}]}}