{"id":5442,"date":"2026-02-02T16:48:12","date_gmt":"2026-02-02T08:48:12","guid":{"rendered":"https:\/\/minghanggroup.com\/?post_type=product&#038;p=5442"},"modified":"2026-02-02T16:59:23","modified_gmt":"2026-02-02T08:59:23","slug":"glass-custom-wine-bottles-for-brands-wholesale","status":"publish","type":"product","link":"https:\/\/minghanggroup.com\/pt\/produto\/glass-custom-wine-bottles-for-brands-wholesale\/","title":{"rendered":"Garrafas de vidro personalizadas para vinho de 750ml para marcas (venda por atacado)."},"content":{"rendered":"<p>Voc\u00ea cria algo especial \u2014 suas garrafas de vinho personalizadas merecem um recipiente que fale por si s\u00f3 antes do primeiro gole. Conhe\u00e7a nossa cl\u00e1ssica garrafa de vinho Bordeaux: vidro \u00e2mbar profundo, ombros elegantemente inclinados e gargalo preciso para uma rolha perfeita. Como seu parceiro direto em garrafas de vidro, transformamos garrafas de vinho personalizadas em um legado para sua marca \u2014 seja para vinhos tintos, borgonha ou vinhos artesanais.<\/p>\n<h2>Caracter\u00edsticas do produto<\/h2>\n<ul>\n<li><strong>Silhueta aut\u00eantica de Bordeaux:<\/strong> Aquela elegante curva no ombro? Pura tradi\u00e7\u00e3o. Acomoda perfeitamente rolhas de vinho padr\u00e3o e transmite um ar de sofistica\u00e7\u00e3o em qualquer prateleira.<\/li>\n<li><strong>Armadura de \u00e2mbar para dar sabor:<\/strong> O vidro \u00e2mbar escuro bloqueia 95% dos raios UV, protegendo as nuances delicadas dos vinhos tintos muito melhor do que as garrafas transparentes. Seu vinho permanece aut\u00eantico, gole ap\u00f3s gole.<\/li>\n<li><strong>Tela lisa para sua arte:<\/strong> Superf\u00edcie impec\u00e1vel \u2013 ader\u00eancia perfeita da etiqueta. Sem bolhas, sem rugas \u2013 apenas a sua hist\u00f3ria em destaque.<\/li>\n<\/ul>\n<h2>Especifica\u00e7\u00f5es principais<\/h2>\n<table style=\"border-collapse: collapse; width: 80%; margin-left: auto; margin-right: auto;\" border=\"0\" width=\"144\" cellspacing=\"0\" cellpadding=\"0\">\n<tbody>\n<tr style=\"height: 13.50pt;\">\n<td style=\"height: 13.5pt; width: 54pt; text-align: center;\" width=\"72\" height=\"18\">Recurso<\/td>\n<td style=\"width: 54pt; text-align: center;\" width=\"72\">Detalhe<\/td>\n<\/tr>\n<tr style=\"height: 13.50pt;\">\n<td style=\"height: 13.5pt; text-align: center;\" height=\"18\">Capacidade (ml)<\/td>\n<td style=\"text-align: center;\" align=\"right\">750<\/td>\n<\/tr>\n<tr style=\"height: 13.50pt;\">\n<td style=\"height: 13.5pt; text-align: center;\" height=\"18\">Dimens\u00f5es (cm)<\/td>\n<td style=\"text-align: center;\">8,0 \u00d7 30,3<\/td>\n<\/tr>\n<tr style=\"height: 13.50pt;\">\n<td style=\"height: 13.5pt; text-align: center;\" height=\"18\">Abertura do pesco\u00e7o (cm)<\/td>\n<td style=\"text-align: center;\" align=\"right\">1.8<\/td>\n<\/tr>\n<tr style=\"height: 13.50pt;\">\n<td style=\"height: 13.5pt; text-align: center;\" height=\"18\">Cor<\/td>\n<td style=\"text-align: center;\">\u00c2mbar profundo (tamb\u00e9m conhecido como: Bord\u00f4 Verde, Cristal Incolor, Verde Champagne)<\/td>\n<\/tr>\n<tr style=\"height: 13.50pt;\">\n<td style=\"height: 13.5pt; text-align: center;\" height=\"18\">Encerramento<\/td>\n<td style=\"text-align: center;\">Corti\u00e7a natural, tampa de rosca de alum\u00ednio, tampo de madeira<\/td>\n<\/tr>\n<tr style=\"height: 13.50pt;\">\n<td style=\"height: 13.5pt; text-align: center;\" height=\"18\">Ideal para<\/td>\n<td style=\"text-align: center;\">Vinhos tintos, clarete, lotes caseiros, bebidas destiladas artesanais<\/td>\n<\/tr>\n<\/tbody>\n<\/table>\n<h2>Caso de sucesso<\/h2>\n<p>Uma vin\u00edcola de pequeno porte, produtora de vinho tinto, desejava embalar seu vinho em um recipiente que representasse seu trabalho artesanal e preservasse as qualidades durante o envelhecimento e a distribui\u00e7\u00e3o. Para o lan\u00e7amento de sua nova safra, escolheram nossas garrafas de vidro escuro personalizadas, com logotipo em relevo no ombro, base profunda do furo e paredes um pouco mais espessas, conferindo um toque mais sofisticado. A garrafa foi projetada em um tom verde-escuro antigo para maior prote\u00e7\u00e3o contra raios UV, e os r\u00f3tulos de papel foram substitu\u00eddos por r\u00f3tulos com serigrafia discreta, criando uma apar\u00eancia moderna e elegante.<\/p>\n<p>Isso resultou em um aumento de 35% nos pedidos repetidos feitos pelos distribuidores, o que os levou a padronizar esse design de garrafa em uma variedade de produtos e a fazer novos pedidos nas safras subsequentes.<\/p>\n<h2>Dicas de personaliza\u00e7\u00e3o<\/h2>\n<ol>\n<li><strong>Relevo na borda do ombro:<\/strong> Desenhe o ano de origem da sua vinha ou uma pequena imagem de uma videira diretamente no formato do ombro. A luz captura essa imagem com carinho.<\/li>\n<li><strong>Golas de pesco\u00e7o em cores sazonais:<\/strong> Noz no outono, quando a colheita est\u00e1 feita; papel com sementes na primavera, quando \u00e9 primavera para casar. Troca sem mofo recente \u2013 bom onde h\u00e1 cole\u00e7\u00f5es limitadas de garrafas de vinho bel\u00edssimas.<\/li>\n<li><strong>Zonas de ader\u00eancia perfeitas para servir:<\/strong> Micro-ranhuras dispostas verticalmente na parte inferior. Os dedos se posicionam inconscientemente. Sem deslizes. Um derramamento clandestino, apenas murm\u00farios confiantes de que foi feito com esmero.<\/li>\n<\/ol>","protected":false},"excerpt":{"rendered":"<p>Garrafas de vinho personalizadas de alta qualidade, com formato elegante e vidro escuro. Amostras gr\u00e1tis e personaliza\u00e7\u00e3o em grande quantidade para garrafas de 750ml, ideais para uso em vin\u00edcolas profissionais.<\/p>","protected":false},"featured_media":5446,"template":"","meta":{"postBodyCss":"","postBodyMargin":[],"postBodyPadding":[],"postBodyBackground":{"backgroundType":"classic","gradient":""}},"product_brand":[],"product_cat":[15,16,84],"product_tag":[],"class_list":{"0":"post-5442","1":"product","2":"type-product","3":"status-publish","4":"has-post-thumbnail","6":"product_cat-glass-containers","7":"product_cat-glass-bottles","8":"product_cat-wine-bottles","10":"first","11":"instock","12":"shipping-taxable","13":"product-type-simple"},"jetpack_sharing_enabled":true,"_links":{"self":[{"href":"https:\/\/minghanggroup.com\/pt\/wp-json\/wp\/v2\/product\/5442","targetHints":{"allow":["GET"]}}],"collection":[{"href":"https:\/\/minghanggroup.com\/pt\/wp-json\/wp\/v2\/product"}],"about":[{"href":"https:\/\/minghanggroup.com\/pt\/wp-json\/wp\/v2\/types\/product"}],"wp:featuredmedia":[{"embeddable":true,"href":"https:\/\/minghanggroup.com\/pt\/wp-json\/wp\/v2\/media\/5446"}],"wp:attachment":[{"href":"https:\/\/minghanggroup.com\/pt\/wp-json\/wp\/v2\/media?parent=5442"}],"wp:term":[{"taxonomy":"product_brand","embeddable":true,"href":"https:\/\/minghanggroup.com\/pt\/wp-json\/wp\/v2\/product_brand?post=5442"},{"taxonomy":"product_cat","embeddable":true,"href":"https:\/\/minghanggroup.com\/pt\/wp-json\/wp\/v2\/product_cat?post=5442"},{"taxonomy":"product_tag","embeddable":true,"href":"https:\/\/minghanggroup.com\/pt\/wp-json\/wp\/v2\/product_tag?post=5442"}],"curies":[{"name":"wp","href":"https:\/\/api.w.org\/{rel}","templated":true}]}}