{"id":5437,"date":"2026-02-02T11:03:54","date_gmt":"2026-02-02T03:03:54","guid":{"rendered":"https:\/\/minghanggroup.com\/?post_type=product&#038;p=5437"},"modified":"2026-04-27T14:51:36","modified_gmt":"2026-04-27T06:51:36","slug":"amber-glass-empty-wine-bottles-for-packaging-bulk","status":"publish","type":"product","link":"https:\/\/minghanggroup.com\/pt\/produto\/amber-glass-empty-wine-bottles-for-packaging-bulk\/","title":{"rendered":"Garrafas de vinho vazias de vidro \u00e2mbar de 750 ml para embalagem a granel"},"content":{"rendered":"<p>As garrafas de vinho vazias exibem seu design tradicional de Bordeaux, feitas de vidro verde-oliva escuro para proteger o vinho da radia\u00e7\u00e3o ultravioleta. O sistema de armazenamento de vinho funciona de forma eficaz gra\u00e7as ao seu design, que combina um corpo fino e reto com um gargalo estreito e uma base c\u00f4ncava profunda.<\/p>\n<h2>Caracter\u00edsticas do produto<\/h2>\n<ul>\n<li><strong>Design tradicional de Bord\u00e9us:<\/strong> O formato caracter\u00edstico da garrafa de Bordeaux, com seus ombros altos, \u00e9 imediatamente reconhec\u00edvel e sin\u00f4nimo de qualidade e tradi\u00e7\u00e3o.<\/li>\n<li><strong>Prote\u00e7\u00e3o UV natural:<\/strong> O copo verde escuro protege o vinho dos danos causados \u200b\u200bpela luz e preserva seus sabores sutis.<\/li>\n<li><strong>Resist\u00eancia estrutural:<\/strong> Suas paredes espessas, ombros altos e base c\u00f4ncava profunda aumentam consideravelmente a resist\u00eancia, oferecendo prote\u00e7\u00e3o eficaz para o transporte e armazenamento do vinho na adega.<\/li>\n<\/ul>\n<h2>Especifica\u00e7\u00f5es principais<\/h2>\n<table style=\"border-collapse: collapse; width: 80%; margin-left: auto; margin-right: auto;\" border=\"0\" width=\"144\" cellspacing=\"0\" cellpadding=\"0\">\n<tbody>\n<tr style=\"height: 13.50pt;\">\n<td style=\"height: 13.5pt; width: 54pt; text-align: center;\" width=\"72\" height=\"18\">Recurso<\/td>\n<td style=\"width: 54pt; text-align: center;\" width=\"72\">Detalhe<\/td>\n<\/tr>\n<tr style=\"height: 13.50pt;\">\n<td style=\"height: 13.5pt; text-align: center;\" height=\"18\">Capacidade (ml)<\/td>\n<td style=\"text-align: center;\" align=\"right\">750<\/td>\n<\/tr>\n<tr style=\"height: 13.50pt;\">\n<td style=\"height: 13.5pt; text-align: center;\" height=\"18\">Dimens\u00f5es (cm)<\/td>\n<td style=\"text-align: center;\">7,9 \u00d7 29,8<\/td>\n<\/tr>\n<tr style=\"height: 13.50pt;\">\n<td style=\"height: 13.5pt; text-align: center;\" height=\"18\">Abertura do pesco\u00e7o (cm)<\/td>\n<td style=\"text-align: center;\">1.8<\/td>\n<\/tr>\n<tr style=\"height: 13.50pt;\">\n<td style=\"height: 13.5pt; text-align: center;\" height=\"18\">Cores<\/td>\n<td style=\"text-align: center;\">\u00c2mbar, Bord\u00f4 Verde, Cristal Incolor, Verde Champagne<\/td>\n<\/tr>\n<tr style=\"height: 13.50pt;\">\n<td style=\"height: 13.5pt; text-align: center;\" height=\"18\">Encerramento<\/td>\n<td style=\"text-align: center;\">Corti\u00e7a natural, tampa de rosca de alum\u00ednio<\/td>\n<\/tr>\n<tr style=\"height: 13.50pt;\">\n<td style=\"height: 13.5pt; text-align: center;\" height=\"18\">Ideal para<\/td>\n<td style=\"text-align: center;\">Vinhos tintos, Claret, lotes caseiros, conjuntos para presente<\/td>\n<\/tr>\n<\/tbody>\n<\/table>\n<h2>Caso de sucesso: Encomendas personalizadas de uma vin\u00edcola boutique da Calif\u00f3rnia<\/h2>\n<p>Um jovem produtor californiano de Pinot Noir escolheu a Bottle for Wine para criar garrafas com base mais profunda e ombros serigrafados. As garrafas vazias personalizadas tornaram-se parte da identidade da marca; o vidro mais escuro ajudou a evitar danos causados \u200b\u200bpela luz (em 15%) e o formato tradicional da garrafa conferiu ao vinho uma apar\u00eancia mais valiosa, aumentando assim o pre\u00e7o m\u00e9dio em 20%. Ap\u00f3s o grande sucesso com o Pinot Noir, fizeram um novo pedido de 300.000 garrafas para seus vinhos de nova safra.<\/p>\n<h2>Sugest\u00f5es para garrafas de vinho vazias personalizadas<\/h2>\n<ul>\n<li>Grava\u00e7\u00e3o personalizada: Oferecemos grava\u00e7\u00e3o em relevo no ombro ou na base do copo, com um logotipo, design vintage ou decorativo para criar uma marca t\u00e1til &#034;de luxo&#034;.<\/li>\n<li>Profundidade e design do fundo: Ofere\u00e7a diferentes tamanhos de fundo (padr\u00e3o, mais profundo) ou outros formatos de fundo (estrela, her\u00e1ldico) como elemento de marca.<\/li>\n<li>Tratamento personalizado do gargalo: Oferecemos tratamentos de gargalo diferentes dos tratamentos padr\u00e3o para rolhas de corti\u00e7a, como roscas para tampas de rosca ou tamanhos espec\u00edficos para rolhas em formato de T.<\/li>\n<\/ul>","protected":false},"excerpt":{"rendered":"<p>Garrafas de vinho vazias de alta qualidade, com silhueta cl\u00e1ssica e base espessa. Fornecimento direto da f\u00e1brica, amostras gr\u00e1tis, garrafas confi\u00e1veis \u200b\u200bpara marcas de vinho.<\/p>","protected":false},"featured_media":5441,"template":"","meta":{"postBodyCss":"","postBodyMargin":[],"postBodyPadding":[],"postBodyBackground":{"backgroundType":"classic","gradient":""}},"product_brand":[],"product_cat":[15,16,84],"product_tag":[],"class_list":{"0":"post-5437","1":"product","2":"type-product","3":"status-publish","4":"has-post-thumbnail","6":"product_cat-glass-containers","7":"product_cat-glass-bottles","8":"product_cat-wine-bottles","10":"first","11":"instock","12":"shipping-taxable","13":"product-type-simple"},"jetpack_sharing_enabled":true,"_links":{"self":[{"href":"https:\/\/minghanggroup.com\/pt\/wp-json\/wp\/v2\/product\/5437","targetHints":{"allow":["GET"]}}],"collection":[{"href":"https:\/\/minghanggroup.com\/pt\/wp-json\/wp\/v2\/product"}],"about":[{"href":"https:\/\/minghanggroup.com\/pt\/wp-json\/wp\/v2\/types\/product"}],"wp:featuredmedia":[{"embeddable":true,"href":"https:\/\/minghanggroup.com\/pt\/wp-json\/wp\/v2\/media\/5441"}],"wp:attachment":[{"href":"https:\/\/minghanggroup.com\/pt\/wp-json\/wp\/v2\/media?parent=5437"}],"wp:term":[{"taxonomy":"product_brand","embeddable":true,"href":"https:\/\/minghanggroup.com\/pt\/wp-json\/wp\/v2\/product_brand?post=5437"},{"taxonomy":"product_cat","embeddable":true,"href":"https:\/\/minghanggroup.com\/pt\/wp-json\/wp\/v2\/product_cat?post=5437"},{"taxonomy":"product_tag","embeddable":true,"href":"https:\/\/minghanggroup.com\/pt\/wp-json\/wp\/v2\/product_tag?post=5437"}],"curies":[{"name":"wp","href":"https:\/\/api.w.org\/{rel}","templated":true}]}}