{"id":5422,"date":"2026-01-29T14:56:19","date_gmt":"2026-01-29T06:56:19","guid":{"rendered":"https:\/\/minghanggroup.com\/?post_type=product&#038;p=5422"},"modified":"2026-01-29T15:13:08","modified_gmt":"2026-01-29T07:13:08","slug":"small-star-shaped-luxury-candle-vessels-wholesale","status":"publish","type":"product","link":"https:\/\/minghanggroup.com\/pt\/produto\/small-star-shaped-luxury-candle-vessels-wholesale\/","title":{"rendered":"Recipientes de luxo em formato de estrela, pequenos, de 80ml, para velas (venda por atacado)"},"content":{"rendered":"<p>Esses luxuosos casti\u00e7ais tamb\u00e9m apresentam uma forma tridimensional de estrela de cinco pontas, com bordas angulares e um formato extremamente n\u00edtido. Toda a superf\u00edcie recebe um acabamento com uma textura vertical delicada que brilha \u00e0 luz.<\/p>\n<h2>Caracter\u00edsticas do produto<\/h2>\n<ul>\n<li><strong>Design tridimensional de estrela de cinco pontas:<\/strong> O formato de estrela com contornos n\u00edtidos \u00e9 muito memor\u00e1vel e usado como um detalhe decorativo em eventos festivos ou tem\u00e1ticos.<\/li>\n<li><strong>Textura vertical delicada:<\/strong> A bela textura da superf\u00edcie real\u00e7a os magn\u00edficos efeitos de luz e sombra, e um brilho reluzente confere-lhe um aspeto luxuoso.<\/li>\n<li><strong>Impacto decorativo multifuncional:<\/strong> O formato especial de estrela pode ser usado em qualquer tipo de decora\u00e7\u00e3o: festiva, divertida ou de luxo discreto.<\/li>\n<\/ul>\n<h2 style=\"text-align: left;\">Especifica\u00e7\u00f5es principais<\/h2>\n<table class=\"aligncenter\" style=\"border-collapse: collapse; width: 432.77pt;\" border=\"0\" width=\"577\" cellspacing=\"0\" cellpadding=\"0\">\n<tbody>\n<tr style=\"height: 13.50pt;\">\n<td style=\"height: 13.50pt; width: 120.75pt;\" width=\"161\" height=\"18\">Especifica\u00e7\u00e3o<\/td>\n<td style=\"width: 312.00pt;\" width=\"416\">Detalhes<\/td>\n<\/tr>\n<tr style=\"height: 13.50pt;\">\n<td style=\"height: 13.50pt;\" height=\"18\">Capacidade<\/td>\n<td>80ml<\/td>\n<\/tr>\n<tr style=\"height: 13.50pt;\">\n<td style=\"height: 13.50pt;\" height=\"18\">Dimens\u00f5es<\/td>\n<td>85\u00d780\u00d740mm<\/td>\n<\/tr>\n<tr style=\"height: 13.50pt;\">\n<td style=\"height: 13.50pt;\" height=\"18\">Material<\/td>\n<td>Vidro transparente<\/td>\n<\/tr>\n<tr style=\"height: 13.50pt;\">\n<td style=\"height: 13.50pt;\" height=\"18\">Formato de jarro<\/td>\n<td>Estrela de cinco pontas em 3D<\/td>\n<\/tr>\n<tr style=\"height: 13.50pt;\">\n<td style=\"height: 13.50pt;\" height=\"18\">Escopo de personaliza\u00e7\u00e3o<\/td>\n<td>Cor, formato, tamanho, acabamento<\/td>\n<\/tr>\n<tr style=\"height: 13.50pt;\">\n<td style=\"height: 13.50pt;\" height=\"18\">Artesanato<\/td>\n<td>Moldagem de vidro prensado de precis\u00e3o para formas 3D complexas<\/td>\n<\/tr>\n<tr style=\"height: 13.50pt;\">\n<td style=\"height: 13.50pt;\" height=\"18\">Finalidade do produto<\/td>\n<td>Potes a granel para velas, artigos de decora\u00e7\u00e3o premium para casa.<\/td>\n<\/tr>\n<tr style=\"height: 13.50pt;\">\n<td style=\"height: 13.50pt;\" height=\"18\">Ind\u00fastrias adequadas<\/td>\n<td>Marcas de velas de luxo, decora\u00e7\u00e3o sofisticada<\/td>\n<\/tr>\n<\/tbody>\n<\/table>\n<h2>Caso de sucesso: Cole\u00e7\u00e3o de f\u00e9rias em um grupo hoteleiro de luxo<\/h2>\n<p>Um dos grupos hoteleiros internacionais europeus encomendou nossos luxuosos casti\u00e7ais em formato de estrela para serem usados \u200b\u200bnos quartos e no lobby. Inicialmente, foram encomendadas 25.000 pe\u00e7as, com banho de ouro 24 quilates personalizado nos cantos dos casti\u00e7ais. Sua singularidade tornou-se um elemento central do design do hotel, como pode ser visto em mais de 15.000 publica\u00e7\u00f5es de h\u00f3spedes nas redes sociais. A beleza dos casti\u00e7ais resultou na duplica\u00e7\u00e3o das vendas dos kits de presente do spa do hotel. O grupo ficou muito satisfeito e, posteriormente, fez um novo pedido de 500.000 potes de vela, suficiente para cinco anos de fornecimento, com planos de lan\u00e7ar uma linha para venda no varejo.<\/p>\n<h2>Potes a granel para personaliza\u00e7\u00e3o de velas<\/h2>\n<ul>\n<li>Revestimento Arco-\u00cdris ou Aurora: A pel\u00edcula \u00e9 aplicada no vidro e muda de cor, criando o efeito m\u00e1gico do arco-\u00edris.<\/li>\n<li>Revestimento\/Glac\u00ea com Pontos de Ouro: As pontas da estrela s\u00e3o as \u00fanicas \u00e1reas cobertas com ouro ou glac\u00ea para dar o efeito de luz das estrelas.<\/li>\n<li>Padr\u00e3o de constela\u00e7\u00e3o em relevo: A estrela possui pequenos padr\u00f5es de constela\u00e7\u00f5es em relevo em um de seus lados.<\/li>\n<\/ul>","protected":false},"excerpt":{"rendered":"<p>Potes em formato de estrela para velas, com textura refinada em nervuras verticais. Recipientes de luxo para velas, com op\u00e7\u00e3o de personaliza\u00e7\u00e3o OEM em termos de tamanho, embalagem e marcas pr\u00f3prias.<\/p>","protected":false},"featured_media":5423,"template":"","meta":{"postBodyCss":"","postBodyMargin":[],"postBodyPadding":[],"postBodyBackground":{"backgroundType":"classic","gradient":""}},"product_brand":[],"product_cat":[15,82,17],"product_tag":[],"class_list":{"0":"post-5422","1":"product","2":"type-product","3":"status-publish","4":"has-post-thumbnail","6":"product_cat-glass-containers","7":"product_cat-candle-jars","8":"product_cat-glass-jars","10":"first","11":"instock","12":"shipping-taxable","13":"product-type-simple"},"jetpack_sharing_enabled":true,"_links":{"self":[{"href":"https:\/\/minghanggroup.com\/pt\/wp-json\/wp\/v2\/product\/5422","targetHints":{"allow":["GET"]}}],"collection":[{"href":"https:\/\/minghanggroup.com\/pt\/wp-json\/wp\/v2\/product"}],"about":[{"href":"https:\/\/minghanggroup.com\/pt\/wp-json\/wp\/v2\/types\/product"}],"wp:featuredmedia":[{"embeddable":true,"href":"https:\/\/minghanggroup.com\/pt\/wp-json\/wp\/v2\/media\/5423"}],"wp:attachment":[{"href":"https:\/\/minghanggroup.com\/pt\/wp-json\/wp\/v2\/media?parent=5422"}],"wp:term":[{"taxonomy":"product_brand","embeddable":true,"href":"https:\/\/minghanggroup.com\/pt\/wp-json\/wp\/v2\/product_brand?post=5422"},{"taxonomy":"product_cat","embeddable":true,"href":"https:\/\/minghanggroup.com\/pt\/wp-json\/wp\/v2\/product_cat?post=5422"},{"taxonomy":"product_tag","embeddable":true,"href":"https:\/\/minghanggroup.com\/pt\/wp-json\/wp\/v2\/product_tag?post=5422"}],"curies":[{"name":"wp","href":"https:\/\/api.w.org\/{rel}","templated":true}]}}