{"id":5411,"date":"2026-01-29T13:10:17","date_gmt":"2026-01-29T05:10:17","guid":{"rendered":"https:\/\/minghanggroup.com\/?post_type=product&#038;p=5411"},"modified":"2026-03-02T13:57:46","modified_gmt":"2026-03-02T05:57:46","slug":"glass-candle-vessels-for-tealights-wholesale","status":"publish","type":"product","link":"https:\/\/minghanggroup.com\/pt\/produto\/glass-candle-vessels-for-tealights-wholesale\/","title":{"rendered":"Recipientes de vidro para velas de ch\u00e1 de 50ml, 210ml e 220ml (venda por atacado)"},"content":{"rendered":"<p>Um recipiente de vidro liso, baixo e largo, com formato cil\u00edndrico, bordas arredondadas e fundo est\u00e1vel, oferece um espa\u00e7o amplo e adequado para colocar velas pequenas ou velas de ch\u00e1.<\/p>\n<h2>Caracter\u00edsticas do produto<\/h2>\n<ul>\n<li><strong>Base:<\/strong> A base \u00e9 \u00fanica e refor\u00e7ada para oferecer excelente estabilidade, al\u00e9m de um toque de alta qualidade e requinte.<\/li>\n<li><strong>Formato cil\u00edndrico baixo e largo:<\/strong> O formato cil\u00edndrico baixo e largo n\u00e3o s\u00f3 proporciona um alto n\u00edvel de estabilidade, como tamb\u00e9m economiza espa\u00e7o e tem grande capacidade para armazenar uma grande quantidade de cera.<\/li>\n<li><strong>Tr\u00eas tamanhos pr\u00e1ticos:<\/strong> Tamanhos para atender a diversas necessidades, desde pequenas velas de ch\u00e1\/presentes at\u00e9 grandes velas para sala de estar.<\/li>\n<\/ul>\n<h2 style=\"text-align: left;\">Especifica\u00e7\u00f5es principais<\/h2>\n<table class=\"aligncenter\" style=\"border-collapse: collapse; width: 419.27pt;\" border=\"0\" width=\"559\" cellspacing=\"0\" cellpadding=\"0\">\n<tbody>\n<tr style=\"height: 13.50pt;\">\n<td style=\"height: 13.50pt; width: 120.75pt;\" width=\"161\" height=\"18\">Especifica\u00e7\u00e3o<\/td>\n<td style=\"width: 298.50pt;\" width=\"398\">Detalhes<\/td>\n<\/tr>\n<tr style=\"height: 13.50pt;\">\n<td style=\"height: 13.50pt;\" height=\"18\">Capacidade<\/td>\n<td>50ml \/ 210ml \/ 220ml<\/td>\n<\/tr>\n<tr style=\"height: 13.50pt;\">\n<td style=\"height: 13.50pt;\" height=\"18\">Dimens\u00f5es<\/td>\n<td>54\u00d750\u00d752mm \/ 73\u00d767\u00d780mm \/ 70\u00d765\u00d780mm<\/td>\n<\/tr>\n<tr style=\"height: 13.50pt;\">\n<td style=\"height: 13.50pt;\" height=\"18\">Material<\/td>\n<td>Vidro transparente<\/td>\n<\/tr>\n<tr style=\"height: 13.50pt;\">\n<td style=\"height: 13.50pt;\" height=\"18\">Formato de jarro<\/td>\n<td>Cilindro curto e largo<\/td>\n<\/tr>\n<tr style=\"height: 13.50pt;\">\n<td style=\"height: 13.50pt;\" height=\"18\">Escopo de personaliza\u00e7\u00e3o<\/td>\n<td>Cor, Tamanho, Tampas, Alto<\/td>\n<\/tr>\n<tr style=\"height: 13.50pt;\">\n<td style=\"height: 13.50pt;\" height=\"18\">Artesanato<\/td>\n<td>Moldagem de vidro de precis\u00e3o<\/td>\n<\/tr>\n<tr style=\"height: 13.50pt;\">\n<td style=\"height: 13.50pt;\" height=\"18\">Finalidade do produto<\/td>\n<td>Recipientes dur\u00e1veis \u200b\u200bpara velas, recipientes para velas no atacado.<\/td>\n<\/tr>\n<tr style=\"height: 13.50pt;\">\n<td style=\"height: 13.50pt;\" height=\"18\">Ind\u00fastrias adequadas<\/td>\n<td>Fabricantes de velas, grandes varejistas<\/td>\n<\/tr>\n<\/tbody>\n<\/table>\n<h2>Hist\u00f3ria de sucesso<\/h2>\n<p>Uma loja russa de artigos para o lar encomendou nosso recipiente para vela de 220 ml com base espessa, com revestimento cinza-fum\u00ea e etiqueta personalizada em serigrafia com estilo retr\u00f4. Isso se deveu principalmente \u00e0 excelente estabilidade do recipiente, seu maior diferencial, mencionado em 40% das avalia\u00e7\u00f5es positivas. A capacidade de 220 ml oferece at\u00e9 80 horas de queima, o que contribui para um alto \u00edndice de recompra. Essa loja ficou extremamente satisfeita e encomendou mais 800.000 unidades para sua campanha promocional em todo o pa\u00eds.<\/p>\n<h2>Personaliza\u00e7\u00e3o de recipientes para velas no atacado<\/h2>\n<ul>\n<li>Vidro opaco ou colorido: Pode ser fabricado em vidro opaco branco\/preto puro ou em cores transparentes, como \u00e2mbar e cinza fum\u00ea.<\/li>\n<li>Serigrafia com cobertura total: impress\u00e3o de padr\u00f5es ou desenhos em 360 graus, utilizando bordas retas.<\/li>\n<li>An\u00e9is antiderrapantes: An\u00e9is de silicone fundido ou borracha s\u00e3o adicionados \u00e0 parte inferior para proporcionar a m\u00e1xima funcionalidade antiderrapante.<\/li>\n<\/ul>","protected":false},"excerpt":{"rendered":"<p>Recipientes curtos e transparentes para velas, com vidro liso e base espessa. Fornecimento direto da f\u00e1brica para atacado de recipientes para velas, ideais para aromaterapia e decora\u00e7\u00e3o de mesa. Envio r\u00e1pido.<\/p>","protected":false},"featured_media":5416,"template":"","meta":{"postBodyCss":"","postBodyMargin":[],"postBodyPadding":[],"postBodyBackground":{"backgroundType":"classic","gradient":""}},"product_brand":[],"product_cat":[15,82,17],"product_tag":[97,96],"class_list":{"0":"post-5411","1":"product","2":"type-product","3":"status-publish","4":"has-post-thumbnail","6":"product_cat-glass-containers","7":"product_cat-candle-jars","8":"product_cat-glass-jars","9":"product_tag-rocks-glass","10":"product_tag-whiskey-tumblers","12":"first","13":"instock","14":"shipping-taxable","15":"product-type-simple"},"jetpack_sharing_enabled":true,"_links":{"self":[{"href":"https:\/\/minghanggroup.com\/pt\/wp-json\/wp\/v2\/product\/5411","targetHints":{"allow":["GET"]}}],"collection":[{"href":"https:\/\/minghanggroup.com\/pt\/wp-json\/wp\/v2\/product"}],"about":[{"href":"https:\/\/minghanggroup.com\/pt\/wp-json\/wp\/v2\/types\/product"}],"wp:featuredmedia":[{"embeddable":true,"href":"https:\/\/minghanggroup.com\/pt\/wp-json\/wp\/v2\/media\/5416"}],"wp:attachment":[{"href":"https:\/\/minghanggroup.com\/pt\/wp-json\/wp\/v2\/media?parent=5411"}],"wp:term":[{"taxonomy":"product_brand","embeddable":true,"href":"https:\/\/minghanggroup.com\/pt\/wp-json\/wp\/v2\/product_brand?post=5411"},{"taxonomy":"product_cat","embeddable":true,"href":"https:\/\/minghanggroup.com\/pt\/wp-json\/wp\/v2\/product_cat?post=5411"},{"taxonomy":"product_tag","embeddable":true,"href":"https:\/\/minghanggroup.com\/pt\/wp-json\/wp\/v2\/product_tag?post=5411"}],"curies":[{"name":"wp","href":"https:\/\/api.w.org\/{rel}","templated":true}]}}