{"id":5401,"date":"2026-01-29T11:02:19","date_gmt":"2026-01-29T03:02:19","guid":{"rendered":"https:\/\/minghanggroup.com\/?post_type=product&#038;p=5401"},"modified":"2026-03-02T13:55:41","modified_gmt":"2026-03-02T05:55:41","slug":"glass-large-candle-vessels-with-thick-base-wholesale","status":"publish","type":"product","link":"https:\/\/minghanggroup.com\/pt\/produto\/glass-large-candle-vessels-with-thick-base-wholesale\/","title":{"rendered":"Recipientes de vidro grandes para velas, de 200 ml a 620 ml, com base espessa, para venda por atacado."},"content":{"rendered":"<p>Esses grandes recipientes para velas t\u00eam um corpo cil\u00edndrico com design arredondado e fundo espesso para garantir estabilidade e durabilidade. Est\u00e3o dispon\u00edveis em seis tamanhos.<\/p>\n<h2>Caracter\u00edsticas do produto<\/h2>\n<ul>\n<li><strong>Design cil\u00edndrico refinado e suave:<\/strong> A curva interna \u00e9 suave e delicada, conferindo um certo toque de eleg\u00e2ncia e sofistica\u00e7\u00e3o \u00e0 forma cil\u00edndrica tradicional.<\/li>\n<li><strong>6 tamanhos \u00e0 sua escolha:<\/strong> A variedade de tamanhos permite encontrar a vela perfeita, seja ela pequena e elegante ou chamativa.<\/li>\n<li><strong>Base redonda robusta e est\u00e1vel:<\/strong> O design da base \u00e9 redondo e espesso para proporcionar grande estabilidade a velas de todos os tamanhos e evitar que tombem.<\/li>\n<\/ul>\n<h2 style=\"text-align: left;\">Especifica\u00e7\u00f5es principais<\/h2>\n<table class=\"aligncenter\" style=\"border-collapse: collapse; width: 659.27pt;\" border=\"0\" width=\"879\" cellspacing=\"0\" cellpadding=\"0\">\n<tbody>\n<tr style=\"height: 13.50pt;\">\n<td style=\"height: 13.50pt; width: 120.75pt;\" width=\"161\" height=\"18\">Especifica\u00e7\u00e3o<\/td>\n<td style=\"width: 538.50pt;\" width=\"718\">Detalhes<\/td>\n<\/tr>\n<tr style=\"height: 13.50pt;\">\n<td style=\"height: 13.50pt;\" height=\"18\">Capacidade<\/td>\n<td>200ml \/ 245ml \/ 295ml \/ 390ml \/ 500ml \/ 620ml<\/td>\n<\/tr>\n<tr style=\"height: 13.50pt;\">\n<td style=\"height: 13.50pt;\" height=\"18\">Dimens\u00f5es<\/td>\n<td>71\u00d747\u00d782mm \/ 75\u00d775\u00d785mm \/ 80\u00d775\u00d790mm \/ 88\u00d783\u00d7100mm \/ 100\u00d795\u00d7100mm \/ 100\u00d792\u00d7125mm<\/td>\n<\/tr>\n<tr style=\"height: 13.50pt;\">\n<td style=\"height: 13.50pt;\" height=\"18\">Material<\/td>\n<td>Vidro transparente<\/td>\n<\/tr>\n<tr style=\"height: 13.50pt;\">\n<td style=\"height: 13.50pt;\" height=\"18\">Formato de jarro<\/td>\n<td>Cilindro reto<\/td>\n<\/tr>\n<tr style=\"height: 13.50pt;\">\n<td style=\"height: 13.50pt;\" height=\"18\">Escopo de personaliza\u00e7\u00e3o<\/td>\n<td>Cor, acabamento, tamanho, formato<\/td>\n<\/tr>\n<tr style=\"height: 13.50pt;\">\n<td style=\"height: 13.50pt;\" height=\"18\">Artesanato<\/td>\n<td>Moldagem de vidro de precis\u00e3o<\/td>\n<\/tr>\n<tr style=\"height: 13.50pt;\">\n<td style=\"height: 13.50pt;\" height=\"18\">Finalidade do produto<\/td>\n<td>Potes de vidro para velas, potes para velas perfumadas, venda por atacado.<\/td>\n<\/tr>\n<tr style=\"height: 13.50pt;\">\n<td style=\"height: 13.50pt;\" height=\"18\">Ind\u00fastrias adequadas<\/td>\n<td>Fabricantes de velas, fornecedores de decora\u00e7\u00e3o para casa<\/td>\n<\/tr>\n<\/tbody>\n<\/table>\n<h2>Hist\u00f3ria de sucesso<\/h2>\n<p>Um importante fabricante de velas do Centro-Oeste americano encomendou nossos potes de vidro grandes com um acabamento fosco especial. A apar\u00eancia uniforme proporcionou uma imagem positiva e coesa nas prateleiras, o que resultou em um crescimento de vendas de 35% no primeiro trimestre. O pote de vidro com fundo refor\u00e7ado minimizou em 60% as perdas durante o transporte. O fabricante ficou extremamente satisfeito e fez um novo pedido de 1,2 milh\u00e3o de potes de vidro, que foi formalizado como um contrato de fornecimento de dois anos com uma grande rede varejista do interior.<\/p>\n<h2>Potes de vidro para velas no atacado - Personaliza\u00e7\u00e3o dispon\u00edvel<\/h2>\n<ul>\n<li>Gradiente: Os frascos menores t\u00eam uma cor clara e, quanto maior o frasco, mais escura a cor utilizada.<\/li>\n<li>Etiquetas de capacidade impressas em serigrafia: A capacidade ser\u00e1 impressa nas etiquetas de cada frasco em uma fonte elegante para que os clientes possam ler e identificar facilmente a sua capacidade.<\/li>\n<li>Fosco e brilhante: os potes podem ter acabamento fosco por fora e brilhante por dentro, ou brilhante por dentro.<\/li>\n<li>Anel met\u00e1lico na base: Trata-se simplesmente de um enfeite feito com a fixa\u00e7\u00e3o de um anel met\u00e1lico na base do frasco.<\/li>\n<\/ul>","protected":false},"excerpt":{"rendered":"<p>Potes de vidro retos e resistentes com base grossa para fabrica\u00e7\u00e3o de velas. Servi\u00e7o OEM dispon\u00edvel para grandes quantidades de recipientes para velas e potes de vidro para velas no atacado.<\/p>","protected":false},"featured_media":5408,"template":"","meta":{"postBodyCss":"","postBodyMargin":[],"postBodyPadding":[],"postBodyBackground":{"backgroundType":"classic","gradient":""}},"product_brand":[],"product_cat":[15,82,17],"product_tag":[96],"class_list":{"0":"post-5401","1":"product","2":"type-product","3":"status-publish","4":"has-post-thumbnail","6":"product_cat-glass-containers","7":"product_cat-candle-jars","8":"product_cat-glass-jars","9":"product_tag-whiskey-tumblers","11":"first","12":"instock","13":"shipping-taxable","14":"product-type-simple"},"jetpack_sharing_enabled":true,"_links":{"self":[{"href":"https:\/\/minghanggroup.com\/pt\/wp-json\/wp\/v2\/product\/5401","targetHints":{"allow":["GET"]}}],"collection":[{"href":"https:\/\/minghanggroup.com\/pt\/wp-json\/wp\/v2\/product"}],"about":[{"href":"https:\/\/minghanggroup.com\/pt\/wp-json\/wp\/v2\/types\/product"}],"wp:featuredmedia":[{"embeddable":true,"href":"https:\/\/minghanggroup.com\/pt\/wp-json\/wp\/v2\/media\/5408"}],"wp:attachment":[{"href":"https:\/\/minghanggroup.com\/pt\/wp-json\/wp\/v2\/media?parent=5401"}],"wp:term":[{"taxonomy":"product_brand","embeddable":true,"href":"https:\/\/minghanggroup.com\/pt\/wp-json\/wp\/v2\/product_brand?post=5401"},{"taxonomy":"product_cat","embeddable":true,"href":"https:\/\/minghanggroup.com\/pt\/wp-json\/wp\/v2\/product_cat?post=5401"},{"taxonomy":"product_tag","embeddable":true,"href":"https:\/\/minghanggroup.com\/pt\/wp-json\/wp\/v2\/product_tag?post=5401"}],"curies":[{"name":"wp","href":"https:\/\/api.w.org\/{rel}","templated":true}]}}