{"id":5392,"date":"2026-01-29T16:14:27","date_gmt":"2026-01-29T08:14:27","guid":{"rendered":"https:\/\/minghanggroup.com\/?post_type=product&#038;p=5392"},"modified":"2026-03-02T13:57:59","modified_gmt":"2026-03-02T05:57:59","slug":"clear-glass-candle-vessels-with-lids-for-packaging-bulk","status":"publish","type":"product","link":"https:\/\/minghanggroup.com\/pt\/produto\/clear-glass-candle-vessels-with-lids-for-packaging-bulk\/","title":{"rendered":"Recipientes de vidro transparente para velas, com tampas, de 140 ml a 255 ml, para embalagens a granel."},"content":{"rendered":"<p>Voc\u00ea precisa de recipientes de vidro para velas com tampas que protejam seu produto e transformem a experi\u00eancia de desembalar em um presente. Por isso, criamos esta linha completa com 4 tamanhos diferentes \u2014 cada recipiente para vela com op\u00e7\u00e3o de tampa (pl\u00e1stico, metal ou madeira) foi projetado para oferecer estabilidade, estilo e um visual impactante nas prateleiras. Como seu fabricante direto de embalagens de vidro, simplificamos o sucesso das suas vendas de velas no atacado.<\/p>\n<h2>Caracter\u00edsticas do produto<\/h2>\n<ul>\n<li><strong>Clareza cristalina:<\/strong> Exiba sua vela perfumada com a transpar\u00eancia do vidro premium. Combinando uma borda lisa com uma base espessa, o resultado \u00e9 um despejo seguro e uma apresenta\u00e7\u00e3o elegante.<\/li>\n<li><strong>Flexibilidade da tampa:<\/strong> Voc\u00ea pode optar por pl\u00e1stico se quiser a op\u00e7\u00e3o mais econ\u00f4mica, metal escovado para recipientes de vela luxuosos com um visual moderno, ou madeira reciclada se desejar transmitir um car\u00e1ter r\u00fastico. Seus potes de vela com tampas est\u00e3o se tornando a marca registrada da sua empresa.<\/li>\n<li><strong>A granel, pronto para uso. Estabilidade:<\/strong> A base refor\u00e7ada impede que o produto tombe. Ideal para o envio de velas a granel e tamb\u00e9m para uso confort\u00e1vel ao lado da cama. Seguran\u00e7a nunca foi t\u00e3o atraente.<\/li>\n<\/ul>\n<h2>Especifica\u00e7\u00f5es principais<\/h2>\n<table style=\"border-collapse: collapse; width: 80%; margin-left: auto; margin-right: auto;\" border=\"0\" width=\"288\" cellspacing=\"0\" cellpadding=\"0\">\n<tbody>\n<tr style=\"height: 13.50pt;\">\n<td style=\"height: 13.5pt; width: 54pt; text-align: center;\" width=\"72\" height=\"18\">Capacidade (ml)<\/td>\n<td style=\"width: 54pt; text-align: center;\" width=\"72\">Dimens\u00f5es (mm)<\/td>\n<td style=\"width: 54pt; text-align: center;\" width=\"72\">Op\u00e7\u00f5es de tampa<\/td>\n<td style=\"width: 54pt; text-align: center;\" width=\"72\">Cor<\/td>\n<\/tr>\n<tr style=\"height: 13.50pt;\">\n<td style=\"height: 13.5pt; text-align: center;\" align=\"right\" height=\"18\">140<\/td>\n<td style=\"text-align: center;\">61 \u00d7 57 \u00d7 74<\/td>\n<td class=\"et2\" style=\"text-align: center;\" rowspan=\"4\">Pl\u00e1stico \/ Metal \/ Madeira<\/td>\n<td class=\"et2\" style=\"text-align: center;\" rowspan=\"4\">Limpar \/ Personalizar<\/td>\n<\/tr>\n<tr style=\"height: 13.50pt;\">\n<td style=\"height: 13.5pt; text-align: center;\" align=\"right\" height=\"18\">210<\/td>\n<td style=\"text-align: center;\">70 \u00d7 65 \u00d7 80<\/td>\n<\/tr>\n<tr style=\"height: 13.50pt;\">\n<td style=\"height: 13.5pt; text-align: center;\" align=\"right\" height=\"18\">220<\/td>\n<td style=\"text-align: center;\">73 \u00d7 67 \u00d7 80<\/td>\n<\/tr>\n<tr style=\"height: 13.50pt;\">\n<td style=\"height: 13.5pt; text-align: center;\" align=\"right\" height=\"18\">255<\/td>\n<td style=\"text-align: center;\">79 \u00d7 73 \u00d7 93<\/td>\n<\/tr>\n<\/tbody>\n<\/table>\n<h2>Caso de sucesso<\/h2>\n<p>Uma marca boutique de fragr\u00e2ncias para casa precisava de um recipiente para velas que n\u00e3o s\u00f3 refor\u00e7asse sua imagem minimalista, mas tamb\u00e9m permitisse que a linha de aromas exclusiva se destacasse claramente nas prateleiras das lojas. Para o lan\u00e7amento do novo produto, a escolha recaiu sobre recipientes de vidro transparente, que a empresa personalizou com um elegante relevo do logotipo na parte inferior, conferindo um acabamento fosco suave e decorando-os com delicados padr\u00f5es de linhas em serigrafia, inspirados em elementos bot\u00e2nicos.<\/p>\n<p>Apenas dois meses ap\u00f3s o lan\u00e7amento, a empresa informou que os pedidos feitos por meio de varejistas aumentaram 35% e que houve um aumento vis\u00edvel no n\u00famero de clientes que identificavam a embalagem, o que, no final, levou a marca a tornar este copo de vidro personalizado para velas um item padr\u00e3o de sua cole\u00e7\u00e3o principal e a continuar fazendo pedidos adicionais para diferentes esta\u00e7\u00f5es do ano.<\/p>\n<h2>Dicas de personaliza\u00e7\u00e3o<\/h2>\n<ol>\n<li><strong>Logotipos em relevo ou baixo-relevo:<\/strong> Adicione um logotipo em relevo ou rebaixado diretamente no vidro para criar uma assinatura de marca permanente que seus clientes possam ver mesmo depois que a vela acabar.<\/li>\n<li><strong>Cores e tonalidades de vidro personalizadas:<\/strong> Opte por tons de cinza esfuma\u00e7ado, \u00e2mbar, verde-oliva ou at\u00e9 mesmo misturas de cores personalizadas que podem ser usadas para cole\u00e7\u00f5es sazonais ou hist\u00f3rias olfativas espec\u00edficas.<\/li>\n<li><strong>Seda, padr\u00f5es estampados em serigrafia:<\/strong> Use a solu\u00e7\u00e3o mais limpa, sem r\u00f3tulos, para um design com visual moderno, adicionando textos minimalistas, linhas geom\u00e9tricas ou motivos bot\u00e2nicos.<\/li>\n<\/ol>","protected":false},"excerpt":{"rendered":"<p>Recipientes de vidro transparente premium para velas, com tampas, para marcas modernas. Estes potes de vidro para velas com tampas oferecem personaliza\u00e7\u00e3o em grande quantidade e amostra gr\u00e1tis.<\/p>","protected":false},"featured_media":5399,"template":"","meta":{"postBodyCss":"","postBodyMargin":[],"postBodyPadding":[],"postBodyBackground":{"backgroundType":"classic","gradient":""}},"product_brand":[],"product_cat":[15,82,17],"product_tag":[97,96],"class_list":{"0":"post-5392","1":"product","2":"type-product","3":"status-publish","4":"has-post-thumbnail","6":"product_cat-glass-containers","7":"product_cat-candle-jars","8":"product_cat-glass-jars","9":"product_tag-rocks-glass","10":"product_tag-whiskey-tumblers","12":"first","13":"instock","14":"shipping-taxable","15":"product-type-simple"},"jetpack_sharing_enabled":true,"_links":{"self":[{"href":"https:\/\/minghanggroup.com\/pt\/wp-json\/wp\/v2\/product\/5392","targetHints":{"allow":["GET"]}}],"collection":[{"href":"https:\/\/minghanggroup.com\/pt\/wp-json\/wp\/v2\/product"}],"about":[{"href":"https:\/\/minghanggroup.com\/pt\/wp-json\/wp\/v2\/types\/product"}],"wp:featuredmedia":[{"embeddable":true,"href":"https:\/\/minghanggroup.com\/pt\/wp-json\/wp\/v2\/media\/5399"}],"wp:attachment":[{"href":"https:\/\/minghanggroup.com\/pt\/wp-json\/wp\/v2\/media?parent=5392"}],"wp:term":[{"taxonomy":"product_brand","embeddable":true,"href":"https:\/\/minghanggroup.com\/pt\/wp-json\/wp\/v2\/product_brand?post=5392"},{"taxonomy":"product_cat","embeddable":true,"href":"https:\/\/minghanggroup.com\/pt\/wp-json\/wp\/v2\/product_cat?post=5392"},{"taxonomy":"product_tag","embeddable":true,"href":"https:\/\/minghanggroup.com\/pt\/wp-json\/wp\/v2\/product_tag?post=5392"}],"curies":[{"name":"wp","href":"https:\/\/api.w.org\/{rel}","templated":true}]}}