{"id":5390,"date":"2026-01-29T09:52:19","date_gmt":"2026-01-29T01:52:19","guid":{"rendered":"https:\/\/minghanggroup.com\/?post_type=product&#038;p=5390"},"modified":"2026-04-27T16:54:48","modified_gmt":"2026-04-27T08:54:48","slug":"tulip-shaped-colored-glass-candle-holders-bulk","status":"publish","type":"product","link":"https:\/\/minghanggroup.com\/pt\/produto\/tulip-shaped-colored-glass-candle-holders-bulk\/","title":{"rendered":"Casti\u00e7ais de vidro colorido em formato de tulipa, 110ml (a granel)"},"content":{"rendered":"<p>Estes casti\u00e7ais de vidro colorido t\u00eam uma linda semelhan\u00e7a com um bot\u00e3o de tulipa e s\u00e3o compostos de vidro texturizado, estando dispon\u00edveis nos acabamentos encantadores de branco fosco, rosa degrad\u00ea e dourado brilhante.<\/p>\n<h2>Caracter\u00edsticas do produto<\/h2>\n<ul>\n<li style=\"text-align: left;\"><strong>Formato do bot\u00e3o de tulipa:<\/strong> As formas das p\u00e9talas biomim\u00e9ticas s\u00e3o tridimensionais, suaves e \u00fanicas, o que as torna extremamente vis\u00edveis na prateleira.<\/li>\n<li style=\"text-align: left;\"><strong>Diversas op\u00e7\u00f5es de cores:<\/strong> Est\u00e1 dispon\u00edvel em branco fosco, rosa degrad\u00ea e dourado transparente, e combina com a est\u00e9tica de qualquer marca ou tema espec\u00edfico da esta\u00e7\u00e3o.<\/li>\n<li style=\"text-align: left;\"><strong>Desenho ornamental detalhado:<\/strong> O formato das flores na escultura a torna um belo elemento ornamental, apesar da aus\u00eancia de velas.<\/li>\n<\/ul>\n<h2 style=\"text-align: left;\">Especifica\u00e7\u00f5es principais<\/h2>\n<table class=\"aligncenter\" style=\"border-collapse: collapse; width: 471.02pt;\" border=\"0\" width=\"628\" cellspacing=\"0\" cellpadding=\"0\">\n<tbody>\n<tr style=\"height: 13.50pt;\">\n<td style=\"height: 13.50pt; width: 120.75pt;\" width=\"161\" height=\"18\">Especifica\u00e7\u00e3o<\/td>\n<td style=\"width: 350.25pt;\" width=\"467\">Detalhes<\/td>\n<\/tr>\n<tr style=\"height: 13.50pt;\">\n<td style=\"height: 13.50pt;\" height=\"18\">Capacidade<\/td>\n<td>110ml<\/td>\n<\/tr>\n<tr style=\"height: 13.50pt;\">\n<td style=\"height: 13.50pt;\" height=\"18\">Dimens\u00f5es<\/td>\n<td>67\u00d755\u00d772mm<\/td>\n<\/tr>\n<tr style=\"height: 13.50pt;\">\n<td style=\"height: 13.50pt;\" height=\"18\">Material<\/td>\n<td>Vidro<\/td>\n<\/tr>\n<tr style=\"height: 13.50pt;\">\n<td style=\"height: 13.50pt;\" height=\"18\">Formato de jarro<\/td>\n<td>Bot\u00e3o de tulipa com lados curvos<\/td>\n<\/tr>\n<tr style=\"height: 13.50pt;\">\n<td style=\"height: 13.50pt;\" height=\"18\">Escopo de personaliza\u00e7\u00e3o<\/td>\n<td>Cor, Acabamento (Brilhante\/Fosco), Formato, Tamanho<\/td>\n<\/tr>\n<tr style=\"height: 13.50pt;\">\n<td style=\"height: 13.50pt;\" height=\"18\">Artesanato<\/td>\n<td>Moldagem de vidro soprado ou prensado para formas org\u00e2nicas e curvas.<\/td>\n<\/tr>\n<tr style=\"height: 13.50pt;\">\n<td style=\"height: 13.50pt;\" height=\"18\">Finalidade do produto<\/td>\n<td>Recipiente decorativo para velas, casti\u00e7ais de vidro colorido<\/td>\n<\/tr>\n<tr style=\"height: 13.50pt;\">\n<td style=\"height: 13.50pt;\" height=\"18\">Ind\u00fastrias adequadas<\/td>\n<td>Marcas de velas artesanais, floristas, organizadores de casamentos\/eventos<\/td>\n<\/tr>\n<\/tbody>\n<\/table>\n<h2>Caso de sucesso: Encomenda personalizada de uma marca n\u00f3rdica de decora\u00e7\u00e3o para casa.<\/h2>\n<p>Uma marca n\u00f3rdica de decora\u00e7\u00e3o para casa escolheu nossos potes de vela brancos, que foram personalizados com um acabamento branco leitoso fosco e cord\u00e3o de linho feito \u00e0 m\u00e3o. O design exclusivo tornou suas velas perfeitas para o varejo, resultando em um aumento de 40% nas vendas em loja. O acabamento fosco suave combinou perfeitamente com sua filosofia est\u00e9tica, o que resultou em um aumento de 250% no tr\u00e1fego do Pinterest. Com base nesse sucesso, eles fizeram um pedido adicional de 750.000 casti\u00e7ais de vidro coloridos para sua nova linha de produtos, que inclui velas com aroma de linho.<\/p>\n<h2>Casti\u00e7ais de vidro coloridos ajust\u00e1veis<\/h2>\n<ul>\n<li>Desenvolvimento de cores exclusivas: crie cores \u00fanicas para sua marca, como verde s\u00e1lvia ou roxo lavanda.<\/li>\n<li>Acabamento brilhante ou perolado: O produto oferece duas op\u00e7\u00f5es: um acabamento de alto brilho ou um revestimento perolado, que proporciona uma apar\u00eancia encantadora devido \u00e0s mudan\u00e7as de cor sob diferentes condi\u00e7\u00f5es de luz.<\/li>\n<li>Varia\u00e7\u00e3o de Formas: A s\u00e9rie de desenhos florais deve incluir duas novas formas: uma forma alta e esguia chamada &#034;l\u00edrio&#034; e uma forma baixa e larga chamada &#034;pe\u00f4nia&#034;.<\/li>\n<li>Relevo: Os pequenos relevos (gotas de orvalho ou formas) na parte inferior das p\u00e9talas foram feitos com uma ferramenta de vinco.<\/li>\n<\/ul>","protected":false},"excerpt":{"rendered":"<p>Casti\u00e7ais de vidro colorido em formato de tulipa com acabamento fosco suave e textura floral. Fornecimento direto da f\u00e1brica de elegantes potes de vela brancos para decora\u00e7\u00e3o e marcas de velas.<\/p>","protected":false},"featured_media":5394,"template":"","meta":{"postBodyCss":"","postBodyMargin":[],"postBodyPadding":[],"postBodyBackground":{"backgroundType":"classic","gradient":""}},"product_brand":[],"product_cat":[82,15,17],"product_tag":[],"class_list":{"0":"post-5390","1":"product","2":"type-product","3":"status-publish","4":"has-post-thumbnail","6":"product_cat-candle-jars","7":"product_cat-glass-containers","8":"product_cat-glass-jars","10":"first","11":"instock","12":"shipping-taxable","13":"product-type-simple"},"jetpack_sharing_enabled":true,"_links":{"self":[{"href":"https:\/\/minghanggroup.com\/pt\/wp-json\/wp\/v2\/product\/5390","targetHints":{"allow":["GET"]}}],"collection":[{"href":"https:\/\/minghanggroup.com\/pt\/wp-json\/wp\/v2\/product"}],"about":[{"href":"https:\/\/minghanggroup.com\/pt\/wp-json\/wp\/v2\/types\/product"}],"wp:featuredmedia":[{"embeddable":true,"href":"https:\/\/minghanggroup.com\/pt\/wp-json\/wp\/v2\/media\/5394"}],"wp:attachment":[{"href":"https:\/\/minghanggroup.com\/pt\/wp-json\/wp\/v2\/media?parent=5390"}],"wp:term":[{"taxonomy":"product_brand","embeddable":true,"href":"https:\/\/minghanggroup.com\/pt\/wp-json\/wp\/v2\/product_brand?post=5390"},{"taxonomy":"product_cat","embeddable":true,"href":"https:\/\/minghanggroup.com\/pt\/wp-json\/wp\/v2\/product_cat?post=5390"},{"taxonomy":"product_tag","embeddable":true,"href":"https:\/\/minghanggroup.com\/pt\/wp-json\/wp\/v2\/product_tag?post=5390"}],"curies":[{"name":"wp","href":"https:\/\/api.w.org\/{rel}","templated":true}]}}