{"id":5385,"date":"2026-01-28T15:35:01","date_gmt":"2026-01-28T07:35:01","guid":{"rendered":"https:\/\/minghanggroup.com\/?post_type=product&#038;p=5385"},"modified":"2026-01-29T09:51:46","modified_gmt":"2026-01-29T01:51:46","slug":"small-clear-glass-tealight-candle-holders-bulk","status":"publish","type":"product","link":"https:\/\/minghanggroup.com\/pt\/produto\/small-clear-glass-tealight-candle-holders-bulk\/","title":{"rendered":"Conjunto de 25ml de suportes pequenos de vidro transparente para velas tealight (pacote com 2 unidades)"},"content":{"rendered":"<p>Estes s\u00e3o pequenos casti\u00e7ais cil\u00edndricos de vidro transparente com boca larga, ideais para velas tealight. S\u00e3o de vidro liso, em formato de tigela, largos e rasos, com c\u00edrculos conc\u00eantricos e pontos na base, que contribuem para a ader\u00eancia e conferem um toque de requinte.<\/p>\n<h2>Caracter\u00edsticas do produto<\/h2>\n<ul>\n<li><strong>Formato cil\u00edndrico com boca larga:<\/strong> A boca larga permite inserir e remover velas de forma r\u00e1pida e f\u00e1cil, mantendo a sua mesa limpa.<\/li>\n<li><strong>Base texturizada antiderrapante:<\/strong> A parte inferior possui c\u00edrculos conc\u00eantricos e pontos que a tornam mais est\u00e1vel e proporcionam maior ader\u00eancia.<\/li>\n<li><strong>Tamanho pequeno:<\/strong> Seu tamanho reduzido permite que sejam encaixados rente a tampos de mesa ou prateleiras, formando um item decorativo atraente.<\/li>\n<\/ul>\n<h2 style=\"text-align: left;\">Especifica\u00e7\u00f5es principais<\/h2>\n<table class=\"aligncenter\" style=\"border-collapse: collapse; width: 441.02pt;\" border=\"0\" width=\"588\" cellspacing=\"0\" cellpadding=\"0\">\n<tbody>\n<tr style=\"height: 13.50pt;\">\n<td style=\"height: 13.50pt; width: 120.75pt;\" width=\"161\" height=\"18\">Especifica\u00e7\u00e3o<\/td>\n<td style=\"width: 320.25pt;\" width=\"427\">Detalhes<\/td>\n<\/tr>\n<tr style=\"height: 13.50pt;\">\n<td style=\"height: 13.50pt;\" height=\"18\">Capacidade<\/td>\n<td>25ml<\/td>\n<\/tr>\n<tr style=\"height: 13.50pt;\">\n<td style=\"height: 13.50pt;\" height=\"18\">Dimens\u00f5es<\/td>\n<td>46\u00d744\u00d726mm<\/td>\n<\/tr>\n<tr style=\"height: 13.50pt;\">\n<td style=\"height: 13.50pt;\" height=\"18\">Material<\/td>\n<td>Vidro transparente<\/td>\n<\/tr>\n<tr style=\"height: 13.50pt;\">\n<td style=\"height: 13.50pt;\" height=\"18\">Formato do suporte<\/td>\n<td>Cilindro largo e raso com base texturizada<\/td>\n<\/tr>\n<tr style=\"height: 13.50pt;\">\n<td style=\"height: 13.50pt;\" height=\"18\">Escopo de personaliza\u00e7\u00e3o<\/td>\n<td>Tamanho, textura da base, padr\u00e3o, cor, tampas<\/td>\n<\/tr>\n<tr style=\"height: 13.50pt;\">\n<td style=\"height: 13.50pt;\" height=\"18\">Artesanato<\/td>\n<td>Moldagem de vidro prensado<\/td>\n<\/tr>\n<tr style=\"height: 13.50pt;\">\n<td style=\"height: 13.50pt;\" height=\"18\">Finalidade do produto<\/td>\n<td>Casti\u00e7ais para velas de ch\u00e1 (venda a granel), pratos decorativos para velas.<\/td>\n<\/tr>\n<tr style=\"height: 13.50pt;\">\n<td style=\"height: 13.50pt;\" height=\"18\">Ind\u00fastrias adequadas<\/td>\n<td>Organizadores de eventos\/casamentos, fabricantes de velas<\/td>\n<\/tr>\n<\/tbody>\n<\/table>\n<h2>Caso de Sucesso: Colabora\u00e7\u00e3o entre Marcas de Decora\u00e7\u00e3o para Casa da Am\u00e9rica do Norte<\/h2>\n<p>Nossos casti\u00e7ais de vidro com boca larga para velas tealight foram personalizados, na cor cinza fum\u00ea, e encomendados por uma empresa canadense de decora\u00e7\u00e3o. O design pr\u00e1tico com boca larga aumentou as vendas do cliente em 47%. A durabilidade dos casti\u00e7ais gerou uma economia de 40% nos custos de reposi\u00e7\u00e3o. A empresa ficou satisfeita com os casti\u00e7ais e fez um novo pedido de 500.000 unidades para abastecer seu estoque em todo o pa\u00eds.<\/p>\n<h2>Op\u00e7\u00f5es de suportes para velas tealight em grandes quantidades<\/h2>\n<ul>\n<li>Vitrais: Est\u00e3o dispon\u00edveis nas cores cinza fum\u00ea padr\u00e3o, \u00e2mbar ou em cores sazonais como vermelho e verde.<\/li>\n<li>Textura de base personalizada: Alterne o desenho de c\u00edrculos conc\u00eantricos para desenhos florais ou geom\u00e9tricos.<\/li>\n<li>Grava\u00e7\u00e3o a laser: Grave um pequeno logotipo, monograma ou borda decorativa na parte inferior.<\/li>\n<li>Tamanho personalizado: As altera\u00e7\u00f5es m\u00ednimas necess\u00e1rias s\u00e3o o di\u00e2metro ou a altura para adequar o tamanho a um expositor ou estilo espec\u00edfico de vela.<\/li>\n<\/ul>","protected":false},"excerpt":{"rendered":"<p>Casti\u00e7ais de vidro transparente para velas pequenas com base texturizada, ideais para decora\u00e7\u00e3o de mesas. Fabrica\u00e7\u00e3o profissional que oferece casti\u00e7ais para velas pequenas em grandes quantidades, com qualidade garantida.<\/p>","protected":false},"featured_media":5388,"template":"","meta":{"postBodyCss":"","postBodyMargin":[],"postBodyPadding":[],"postBodyBackground":{"backgroundType":"classic","gradient":""}},"product_brand":[],"product_cat":[15,82,17],"product_tag":[],"class_list":{"0":"post-5385","1":"product","2":"type-product","3":"status-publish","4":"has-post-thumbnail","6":"product_cat-glass-containers","7":"product_cat-candle-jars","8":"product_cat-glass-jars","10":"first","11":"instock","12":"shipping-taxable","13":"product-type-simple"},"jetpack_sharing_enabled":true,"_links":{"self":[{"href":"https:\/\/minghanggroup.com\/pt\/wp-json\/wp\/v2\/product\/5385","targetHints":{"allow":["GET"]}}],"collection":[{"href":"https:\/\/minghanggroup.com\/pt\/wp-json\/wp\/v2\/product"}],"about":[{"href":"https:\/\/minghanggroup.com\/pt\/wp-json\/wp\/v2\/types\/product"}],"wp:featuredmedia":[{"embeddable":true,"href":"https:\/\/minghanggroup.com\/pt\/wp-json\/wp\/v2\/media\/5388"}],"wp:attachment":[{"href":"https:\/\/minghanggroup.com\/pt\/wp-json\/wp\/v2\/media?parent=5385"}],"wp:term":[{"taxonomy":"product_brand","embeddable":true,"href":"https:\/\/minghanggroup.com\/pt\/wp-json\/wp\/v2\/product_brand?post=5385"},{"taxonomy":"product_cat","embeddable":true,"href":"https:\/\/minghanggroup.com\/pt\/wp-json\/wp\/v2\/product_cat?post=5385"},{"taxonomy":"product_tag","embeddable":true,"href":"https:\/\/minghanggroup.com\/pt\/wp-json\/wp\/v2\/product_tag?post=5385"}],"curies":[{"name":"wp","href":"https:\/\/api.w.org\/{rel}","templated":true}]}}