{"id":5380,"date":"2026-01-28T16:28:53","date_gmt":"2026-01-28T08:28:53","guid":{"rendered":"https:\/\/minghanggroup.com\/?post_type=product&#038;p=5380"},"modified":"2026-03-02T13:58:19","modified_gmt":"2026-03-02T05:58:19","slug":"glass-candle-vessels-with-embossed-patterns-bulk","status":"publish","type":"product","link":"https:\/\/minghanggroup.com\/pt\/produto\/glass-candle-vessels-with-embossed-patterns-bulk\/","title":{"rendered":"Recipientes de vidro de 220ml para velas com padr\u00f5es em relevo, ideais para embalagens a granel."},"content":{"rendered":"<p>Voc\u00ea precisa de recipientes de vidro para velas que transmitam personalidade, n\u00e3o que sejam gen\u00e9ricos. Por isso, criamos esta cole\u00e7\u00e3o de 220 ml com cinco estampas encantadoras (dente-de-le\u00e3o, folha, bolinhas, estrela e linhas verticais) em um formato cil\u00edndrico perfeito. Como seu fabricante direto de embalagens de vidro, facilitamos a compra de recipientes para velas em grandes quantidades, para que sua linha de velas no atacado brilhe com personalidade e lucre.<\/p>\n<p>Caracter\u00edsticas do produto<\/p>\n<p>Cinco padr\u00f5es: combine a delicadeza dos dentes-de-le\u00e3o com a intensidade do brilho das estrelas; cada recipiente de vela cria um jogo de sombras \u00fanico. Perfeito para narrar a jornada da sua marca.<\/p>\n<p>Magia da Luz, da Textura e da Transpar\u00eancia: O robusto cristal espalha a luz de velas de forma encantadora atrav\u00e9s de suas texturas em relevo. Um brilho suave para cantinhos aconchegantes ou uma ilumina\u00e7\u00e3o ambiente deslumbrante para qualquer espa\u00e7o de venda.<\/p>\n<p>Luxo e estabilidade de alta qualidade: A base plana foi projetada para evitar que a garrafa tombe. A borda lisa permite um despejo limpo e \u00e9 compat\u00edvel com tampas de madeira ou metal.<\/p>\n<p>Especifica\u00e7\u00f5es principais<\/p>\n<table style=\"border-collapse: collapse; width: 80%; margin-left: auto; margin-right: auto;\" border=\"0\" width=\"144\" cellspacing=\"0\" cellpadding=\"0\">\n<tbody>\n<tr style=\"height: 13.50pt;\">\n<td style=\"height: 13.5pt; width: 54pt; text-align: center;\" width=\"72\" height=\"18\">Recurso<\/td>\n<td style=\"width: 54pt; text-align: center;\" width=\"72\">Especifica\u00e7\u00e3o<\/td>\n<\/tr>\n<tr style=\"height: 13.50pt;\">\n<td style=\"height: 13.5pt; text-align: center;\" height=\"18\">Capacidade<\/td>\n<td style=\"text-align: center;\">220 ml<\/td>\n<\/tr>\n<tr style=\"height: 13.50pt;\">\n<td style=\"height: 13.5pt; text-align: center;\" height=\"18\">Dimens\u00f5es<\/td>\n<td style=\"text-align: center;\">72 \u00d7 72 \u00d7 80 mm<\/td>\n<\/tr>\n<tr style=\"height: 13.50pt;\">\n<td style=\"height: 13.5pt; text-align: center;\" height=\"18\">Forma<\/td>\n<td style=\"text-align: center;\">Cil\u00edndrico<\/td>\n<\/tr>\n<tr style=\"height: 13.50pt;\">\n<td style=\"height: 13.5pt; text-align: center;\" height=\"18\">Padr\u00f5es<\/td>\n<td style=\"text-align: center;\">Dente-de-le\u00e3o, Folha, Pontos, Estrela, Linhas Verticais<\/td>\n<\/tr>\n<tr style=\"height: 13.50pt;\">\n<td style=\"height: 13.5pt; text-align: center;\" height=\"18\">Material<\/td>\n<td style=\"text-align: center;\">Vidro de cristal<\/td>\n<\/tr>\n<tr style=\"height: 13.50pt;\">\n<td style=\"height: 13.5pt; text-align: center;\" height=\"18\">Cor<\/td>\n<td style=\"text-align: center;\">Transparente ou personalizado<\/td>\n<\/tr>\n<\/tbody>\n<\/table>\n<h2>Caso de sucesso<\/h2>\n<p>Uma marca de fragr\u00e2ncias para o lar, voltada para o mercado varejista de m\u00e9dio a alto padr\u00e3o, escolheu nossos recipientes de vidro texturizado para velas para sua nova cole\u00e7\u00e3o sazonal e os personalizou com um acabamento fosco, um frasco em um tom suave de cinza esfuma\u00e7ado e o logotipo da marca sutilmente gravado na superf\u00edcie do vidro.<\/p>\n<p>Ap\u00f3s o lan\u00e7amento do produto, a marca registrou um aumento de 35% nas compras repetidas e um aumento de 28% no valor m\u00e9dio dos pedidos. Al\u00e9m disso, continuaram fazendo pedidos em grande quantidade nos tr\u00eas ciclos de produ\u00e7\u00e3o seguintes.<\/p>\n<h2>Dicas de personaliza\u00e7\u00e3o inteligentes<\/h2>\n<ol>\n<li><strong>Logotipo em relevo permanente:<\/strong> O logotipo pode ser gravado em relevo ou em baixo-relevo no corpo de vidro para criar uma impress\u00e3o de marca duradoura e luxuosa que permanecer\u00e1 vis\u00edvel mesmo ap\u00f3s a vela ter sido queimada.<\/li>\n<li><strong>Op\u00e7\u00f5es de cores de vidro personalizadas:<\/strong> \u00c9 poss\u00edvel selecionar op\u00e7\u00f5es de cores de vidro personalizadas, como cinza fum\u00ea, \u00e2mbar, verde oliva ou at\u00e9 mesmo tons degrad\u00ea, para combinar com cole\u00e7\u00f5es sazonais ou com a est\u00e9tica da marca.<\/li>\n<li><strong>Acabamentos de superf\u00edcie premium:<\/strong> Acabamentos foscos, semi-foscos, foscos ou gravados com \u00e1cido s\u00e3o excelentes op\u00e7\u00f5es para proporcionar uma difus\u00e3o de luz mais suave e sofisticada, al\u00e9m de uma sensa\u00e7\u00e3o t\u00e1til agrad\u00e1vel.<\/li>\n<li><strong>Serigrafia decorativa:<\/strong> A serigrafia, a impress\u00e3o de gr\u00e1ficos ou textos m\u00ednimos (como motivos bot\u00e2nicos ou linhas geom\u00e9tricas) podem ser empregadas para comunicar visualmente a hist\u00f3ria sem o uso de r\u00f3tulos.<\/li>\n<\/ol>","protected":false},"excerpt":{"rendered":"<p>Recipientes de vidro para velas com padr\u00f5es em relevo e formas simples. Fornecimento direto da f\u00e1brica em grandes quantidades, com op\u00e7\u00f5es flex\u00edveis de personaliza\u00e7\u00e3o.<\/p>","protected":false},"featured_media":5384,"template":"","meta":{"postBodyCss":"","postBodyMargin":[],"postBodyPadding":[],"postBodyBackground":{"backgroundType":"classic","gradient":""}},"product_brand":[],"product_cat":[15,82,17],"product_tag":[97,96],"class_list":{"0":"post-5380","1":"product","2":"type-product","3":"status-publish","4":"has-post-thumbnail","6":"product_cat-glass-containers","7":"product_cat-candle-jars","8":"product_cat-glass-jars","9":"product_tag-rocks-glass","10":"product_tag-whiskey-tumblers","12":"first","13":"instock","14":"shipping-taxable","15":"product-type-simple"},"jetpack_sharing_enabled":true,"_links":{"self":[{"href":"https:\/\/minghanggroup.com\/pt\/wp-json\/wp\/v2\/product\/5380","targetHints":{"allow":["GET"]}}],"collection":[{"href":"https:\/\/minghanggroup.com\/pt\/wp-json\/wp\/v2\/product"}],"about":[{"href":"https:\/\/minghanggroup.com\/pt\/wp-json\/wp\/v2\/types\/product"}],"wp:featuredmedia":[{"embeddable":true,"href":"https:\/\/minghanggroup.com\/pt\/wp-json\/wp\/v2\/media\/5384"}],"wp:attachment":[{"href":"https:\/\/minghanggroup.com\/pt\/wp-json\/wp\/v2\/media?parent=5380"}],"wp:term":[{"taxonomy":"product_brand","embeddable":true,"href":"https:\/\/minghanggroup.com\/pt\/wp-json\/wp\/v2\/product_brand?post=5380"},{"taxonomy":"product_cat","embeddable":true,"href":"https:\/\/minghanggroup.com\/pt\/wp-json\/wp\/v2\/product_cat?post=5380"},{"taxonomy":"product_tag","embeddable":true,"href":"https:\/\/minghanggroup.com\/pt\/wp-json\/wp\/v2\/product_tag?post=5380"}],"curies":[{"name":"wp","href":"https:\/\/api.w.org\/{rel}","templated":true}]}}