{"id":5370,"date":"2026-01-28T13:30:21","date_gmt":"2026-01-28T05:30:21","guid":{"rendered":"https:\/\/minghanggroup.com\/?post_type=product&#038;p=5370"},"modified":"2026-01-28T16:40:29","modified_gmt":"2026-01-28T08:40:29","slug":"lantern-style-unique-candle-vessels-wholesale","status":"publish","type":"product","link":"https:\/\/minghanggroup.com\/pt\/produto\/lantern-style-unique-candle-vessels-wholesale\/","title":{"rendered":"Lanternas Exclusivas para Velas - Venda por Atacado"},"content":{"rendered":"<p>Esses casti\u00e7ais exclusivos t\u00eam o formato de lantanas, com bases e tampas caneladas e um centro em formato de ab\u00f3bora com um sulco. Sua especialidade \u00e9 a possibilidade de serem instalados tanto na parte superior quanto na inferior, combinando funcionalidade e beleza.<\/p>\n<h2>Caracter\u00edsticas do produto<\/h2>\n<ul>\n<li><strong>Design invertido:<\/strong> O design de dupla face \u00e9 inovador, oferecendo uma \u00e1rea flex\u00edvel e vers\u00e1til para colocar e exibir velas.<\/li>\n<li><strong>Textura espl\u00eandida em m\u00faltiplas camadas: <\/strong>As texturas verticais, as texturas em forma de ab\u00f3bora e as nervuras finas se combinam para produzir uma cena e uma sensa\u00e7\u00e3o maravilhosas.<\/li>\n<li><strong>Formato de lanterna:<\/strong> O formato de lanterna \u00e9 uma mistura entre o estilo retr\u00f4 chin\u00eas tradicional e o design moderno de velas, sendo ao mesmo tempo uma pe\u00e7a de decora\u00e7\u00e3o de mesa bastante reconhec\u00edvel.<\/li>\n<\/ul>\n<h2 style=\"text-align: left;\">Especifica\u00e7\u00f5es principais<\/h2>\n<table class=\"aligncenter\" style=\"border-collapse: collapse; width: 402.02pt;\" border=\"0\" width=\"536\" cellspacing=\"0\" cellpadding=\"0\">\n<tbody>\n<tr style=\"height: 13.50pt;\">\n<td style=\"height: 13.50pt; width: 117.75pt;\" width=\"157\" height=\"18\">Especifica\u00e7\u00e3o<\/td>\n<td style=\"width: 284.25pt;\" width=\"379\">Detalhes<\/td>\n<\/tr>\n<tr style=\"height: 13.50pt;\">\n<td style=\"height: 13.50pt;\" height=\"18\">Dimens\u00f5es<\/td>\n<td>79\u00d752\u00d740\u00d760mm<\/td>\n<\/tr>\n<tr style=\"height: 13.50pt;\">\n<td style=\"height: 13.50pt;\" height=\"18\">Material<\/td>\n<td>Vidro transparente texturizado<\/td>\n<\/tr>\n<tr style=\"height: 13.50pt;\">\n<td style=\"height: 13.50pt;\" height=\"18\">Formato do Vaso<\/td>\n<td>Lanterna revers\u00edvel com se\u00e7\u00f5es de m\u00faltiplas texturas<\/td>\n<\/tr>\n<tr style=\"height: 13.50pt;\">\n<td style=\"height: 13.50pt;\" height=\"18\">Escopo de personaliza\u00e7\u00e3o<\/td>\n<td>Cor, detalhes de textura, tamanho, forma<\/td>\n<\/tr>\n<tr style=\"height: 13.50pt;\">\n<td style=\"height: 13.50pt;\" height=\"18\">Artesanato<\/td>\n<td>Moldagem avan\u00e7ada de vidro prensado para aplica\u00e7\u00f5es complexas<\/td>\n<\/tr>\n<tr style=\"height: 13.50pt;\">\n<td style=\"height: 13.50pt;\" height=\"18\">Finalidade do produto<\/td>\n<td>Casti\u00e7ais e recipientes para velas por atacado<\/td>\n<\/tr>\n<tr style=\"height: 13.50pt;\">\n<td style=\"height: 13.50pt;\" height=\"18\">Ind\u00fastrias adequadas<\/td>\n<td>Marcas de velas de luxo, organizadores de casamentos\/eventos<\/td>\n<\/tr>\n<\/tbody>\n<\/table>\n<h2>Hist\u00f3ria de sucesso<\/h2>\n<p>Um dos hot\u00e9is boutique de luxo dos Estados Unidos escolheu nossos casti\u00e7ais em formato de lanterna de dupla face, agora na cor \u00e2mbar. Esse design diferenciado foi um diferencial na experi\u00eancia dos h\u00f3spedes, mencionado em 80% das avalia\u00e7\u00f5es positivas online. Houve um aumento de 42% nas compras repetidas. O hotel ficou encantado com os casti\u00e7ais e, por isso, encomendou mais 200.000 unidades para decorar novos quartos e renovar as su\u00edtes j\u00e1 existentes.<\/p>\n<h2>Recipientes para velas no atacado, personaliz\u00e1veis<\/h2>\n<ul>\n<li>Tons de vidro exclusivos: Crie tons de vidro exclusivos, como tons escuros para joias ou rosa suave.<\/li>\n<li>Revestimento met\u00e1lico: Possui um revestimento em ouro, prata ou ouro rosa com textura nas bordas ou nervuras.<\/li>\n<li>Dimensionamento personalizado: redimensione todo o design proporcionalmente para produzir diversos efeitos visuais.<\/li>\n<li>Revestimento interno: O vidro interior fosco ou revestido apresenta um efeito \u00fanico quando exposto \u00e0 luz.<\/li>\n<\/ul>","protected":false},"excerpt":{"rendered":"<p>Lanternas exclusivas para velas, feitas de vidro transparente com detalhes canelados. O design de dupla extremidade \u00e9 ideal para velas e decora\u00e7\u00e3o. Fornecimento direto da f\u00e1brica. Amostras gr\u00e1tis.<\/p>","protected":false},"featured_media":5376,"template":"","meta":{"postBodyCss":"","postBodyMargin":[],"postBodyPadding":[],"postBodyBackground":{"backgroundType":"classic","gradient":""}},"product_brand":[],"product_cat":[15,82,17],"product_tag":[],"class_list":{"0":"post-5370","1":"product","2":"type-product","3":"status-publish","4":"has-post-thumbnail","6":"product_cat-glass-containers","7":"product_cat-candle-jars","8":"product_cat-glass-jars","10":"first","11":"instock","12":"shipping-taxable","13":"product-type-simple"},"jetpack_sharing_enabled":true,"_links":{"self":[{"href":"https:\/\/minghanggroup.com\/pt\/wp-json\/wp\/v2\/product\/5370","targetHints":{"allow":["GET"]}}],"collection":[{"href":"https:\/\/minghanggroup.com\/pt\/wp-json\/wp\/v2\/product"}],"about":[{"href":"https:\/\/minghanggroup.com\/pt\/wp-json\/wp\/v2\/types\/product"}],"wp:featuredmedia":[{"embeddable":true,"href":"https:\/\/minghanggroup.com\/pt\/wp-json\/wp\/v2\/media\/5376"}],"wp:attachment":[{"href":"https:\/\/minghanggroup.com\/pt\/wp-json\/wp\/v2\/media?parent=5370"}],"wp:term":[{"taxonomy":"product_brand","embeddable":true,"href":"https:\/\/minghanggroup.com\/pt\/wp-json\/wp\/v2\/product_brand?post=5370"},{"taxonomy":"product_cat","embeddable":true,"href":"https:\/\/minghanggroup.com\/pt\/wp-json\/wp\/v2\/product_cat?post=5370"},{"taxonomy":"product_tag","embeddable":true,"href":"https:\/\/minghanggroup.com\/pt\/wp-json\/wp\/v2\/product_tag?post=5370"}],"curies":[{"name":"wp","href":"https:\/\/api.w.org\/{rel}","templated":true}]}}