{"id":5356,"date":"2026-01-28T11:50:17","date_gmt":"2026-01-28T03:50:17","guid":{"rendered":"https:\/\/minghanggroup.com\/?post_type=product&#038;p=5356"},"modified":"2026-01-28T11:50:20","modified_gmt":"2026-01-28T03:50:20","slug":"clear-glass-tealight-holders-for-packaging-wholesale","status":"publish","type":"product","link":"https:\/\/minghanggroup.com\/pt\/produto\/clear-glass-tealight-holders-for-packaging-wholesale\/","title":{"rendered":"Suportes de vidro transparente para velas de ch\u00e1, de 140 ml a 930 ml, para embalagem no atacado."},"content":{"rendered":"<p>Voc\u00ea precisa de porta-velas de vidro que transmitam robustez sem parecerem antiquados. Por isso, criamos esta cole\u00e7\u00e3o de recipientes de cristal para oferecer o equil\u00edbrio perfeito entre simplicidade moderna e estabilidade atemporal. Seja voc\u00ea uma startup ou um fabricante experiente, nossos potes de vidro para velas no atacado elevam instantaneamente o n\u00edvel da sua marca. N\u00e3o somos apenas mais um fornecedor; somos seu parceiro na cria\u00e7\u00e3o de recipientes de luxo para velas que seus clientes realmente desejam exibir.<\/p>\n<h2>Caracter\u00edsticas do produto<\/h2>\n<ul>\n<li><strong>Estabilidade integrada:<\/strong> Bases espessas e paredes lisas impedem que o recipiente se mova. Sem risco de tombar, sem complica\u00e7\u00f5es \u2014 apenas uma apar\u00eancia limpa e robusta que transmite uma sensa\u00e7\u00e3o de qualidade superior ao toque.<\/li>\n<li><strong>Apelo cristalino:<\/strong> Experimente o brilho excepcional da sua vela. O vidro de alta transpar\u00eancia permite que a luz penetre na cera de cada cor vibrante e no pavio perfeitamente centralizado, tornando seu produto irresist\u00edvel em qualquer prateleira.<\/li>\n<li><strong>O formato \u201cCachinhos Dourados\u201d:<\/strong> O formato cil\u00edndrico \u00e9 atemporal. Combina perfeitamente com linhas de envase automatizadas padr\u00e3o e tamb\u00e9m tem um visual elegante em qualquer ambiente de loja, desde boutiques at\u00e9 grandes redes varejistas.<\/li>\n<\/ul>\n<h2>Especifica\u00e7\u00f5es principais<\/h2>\n<table style=\"border-collapse: collapse; width: 80%; margin-left: auto; margin-right: auto;\" border=\"0\" width=\"431\" cellspacing=\"0\" cellpadding=\"0\">\n<tbody>\n<tr style=\"height: 13.50pt;\">\n<td style=\"height: 13.5pt; width: 107.25pt; text-align: center;\" width=\"143\" height=\"18\">Capacidade (ml)<\/td>\n<td style=\"width: 54pt; text-align: center;\" align=\"right\" width=\"72\">140<\/td>\n<td style=\"width: 54pt; text-align: center;\" align=\"right\" width=\"72\">530<\/td>\n<td style=\"width: 54pt; text-align: center;\" align=\"right\" width=\"72\">730<\/td>\n<td style=\"width: 54pt; text-align: center;\" align=\"right\" width=\"72\">930<\/td>\n<\/tr>\n<tr style=\"height: 13.50pt;\">\n<td style=\"height: 13.5pt; text-align: center;\" height=\"18\">Dimens\u00f5es (mm)<\/td>\n<td style=\"text-align: center;\">75 \u00d7 70 \u00d7 50<\/td>\n<td style=\"text-align: center;\">110 \u00d7 103 \u00d7 80<\/td>\n<td style=\"text-align: center;\">130 \u00d7 123 \u00d7 80<\/td>\n<td style=\"text-align: center;\">150 \u00d7 143 \u00d7 80<\/td>\n<\/tr>\n<tr style=\"height: 13.50pt;\">\n<td style=\"height: 13.5pt; text-align: center;\" height=\"18\">Material<\/td>\n<td class=\"et2\" style=\"text-align: center;\" colspan=\"4\">Vidro de cristal<\/td>\n<\/tr>\n<tr style=\"height: 13.50pt;\">\n<td style=\"height: 13.5pt; text-align: center;\" height=\"18\">Op\u00e7\u00f5es de tampa<\/td>\n<td class=\"et2\" style=\"text-align: center;\" colspan=\"4\">De madeira ou metal<\/td>\n<\/tr>\n<\/tbody>\n<\/table>\n<h2>Caso de sucesso<\/h2>\n<p>Uma marca norte-americana de velas de aromaterapia escolheu nossos potes de vidro como a principal solu\u00e7\u00e3o de embalagem para sua linha de velas de uso di\u00e1rio, a mais vendida. O cliente fez diversas altera\u00e7\u00f5es nos potes: trocou o vidro para uma cor \u00e2mbar para atenuar o efeito da luz solar direta; adicionou padr\u00f5es florais em relevo ao design simples e reto para aumentar a qualidade t\u00e1til; e utilizou um m\u00e9todo de serigrafia resistente a altas temperaturas para imprimir o logotipo da marca no fundo do pote.<\/p>\n<p>Em tr\u00eas meses ap\u00f3s o lan\u00e7amento, as vendas desta s\u00e9rie aumentaram cerca de 42%, acompanhadas por um aumento significativo nas avalia\u00e7\u00f5es das embalagens. Gra\u00e7as \u00e0 qualidade est\u00e1vel e \u00e0 vantagem do envio direto da f\u00e1brica, o cliente fez tr\u00eas novos pedidos em seis meses e nos nomeou como seu principal fornecedor atacadista de potes de vidro para velas a longo prazo.<\/p>\n<h2>Dicas de personaliza\u00e7\u00e3o<\/h2>\n<ol>\n<li><strong>Tratamentos personalizados para superf\u00edcies de vidro:<\/strong> Aqui oferecemos op\u00e7\u00f5es de vidro ultratransparente, com um toque de acabamento fosco suave ou jateamento fino na superf\u00edcie interna. Isso mant\u00e9m a superf\u00edcie externa transparente, suavizando visualmente o efeito da vela no interior, criando assim a apar\u00eancia de camadas antes e depois da queima.<\/li>\n<li><strong>T\u00e9cnicas de Identifica\u00e7\u00e3o de Marca:<\/strong> Temos capacidade para serigrafia de alta temperatura, logotipos foscos localizados ou logotipos de marca em relevo de alta qualidade, evitando assim que os r\u00f3tulos se desprendam e tornando-os perfeitos para produtos concebidos para recompra constante.<\/li>\n<li><strong>Sistemas de acess\u00f3rios personalizados:<\/strong> Al\u00e9m disso, podemos personalizar tampas de vidro, madeira ou metal, bem como bandejas internas, embalagens resistentes a impactos ou caixas de presente, que, em conjunto, constituem a sua solu\u00e7\u00e3o de vendas.<\/li>\n<\/ol>","protected":false},"excerpt":{"rendered":"<p>Suportes de vidro premium para velas tealight com bases grossas e acabamento transparente. Potes de vidro para velas direto da f\u00e1brica, venda por atacado, suporte para encomendas em grande quantidade e envio r\u00e1pido.<\/p>","protected":false},"featured_media":5360,"template":"","meta":{"postBodyCss":"","postBodyMargin":[],"postBodyPadding":[],"postBodyBackground":{"backgroundType":"classic","gradient":""}},"product_brand":[],"product_cat":[15,82,17],"product_tag":[],"class_list":{"0":"post-5356","1":"product","2":"type-product","3":"status-publish","4":"has-post-thumbnail","6":"product_cat-glass-containers","7":"product_cat-candle-jars","8":"product_cat-glass-jars","10":"first","11":"instock","12":"shipping-taxable","13":"product-type-simple"},"jetpack_sharing_enabled":true,"_links":{"self":[{"href":"https:\/\/minghanggroup.com\/pt\/wp-json\/wp\/v2\/product\/5356","targetHints":{"allow":["GET"]}}],"collection":[{"href":"https:\/\/minghanggroup.com\/pt\/wp-json\/wp\/v2\/product"}],"about":[{"href":"https:\/\/minghanggroup.com\/pt\/wp-json\/wp\/v2\/types\/product"}],"wp:featuredmedia":[{"embeddable":true,"href":"https:\/\/minghanggroup.com\/pt\/wp-json\/wp\/v2\/media\/5360"}],"wp:attachment":[{"href":"https:\/\/minghanggroup.com\/pt\/wp-json\/wp\/v2\/media?parent=5356"}],"wp:term":[{"taxonomy":"product_brand","embeddable":true,"href":"https:\/\/minghanggroup.com\/pt\/wp-json\/wp\/v2\/product_brand?post=5356"},{"taxonomy":"product_cat","embeddable":true,"href":"https:\/\/minghanggroup.com\/pt\/wp-json\/wp\/v2\/product_cat?post=5356"},{"taxonomy":"product_tag","embeddable":true,"href":"https:\/\/minghanggroup.com\/pt\/wp-json\/wp\/v2\/product_tag?post=5356"}],"curies":[{"name":"wp","href":"https:\/\/api.w.org\/{rel}","templated":true}]}}